{"id":12904,"date":"2021-05-18T13:51:48","date_gmt":"2021-05-18T13:51:48","guid":{"rendered":"https:\/\/www.bernhardt.fr\/?post_type=product&#038;p=12904"},"modified":"2023-03-17T16:52:40","modified_gmt":"2023-03-17T16:52:40","slug":"bolsas-flexibles-especificas","status":"publish","type":"product","link":"https:\/\/www.bernhardt.fr\/es\/produit\/bolsas-flexibles-especificas\/","title":{"rendered":"BOLSAS FLEXIBLES ESPECIFICAS"},"content":{"rendered":"<p>Gracias a nuestro departamento I+D y nuestra herramienta de producci\u00f3n vers\u00e1til, proponemos bolsas flexibles espec\u00edficas adaptadas a su proyecto. Trabajamos tanto en las formas como en los filmes y los sistemas de conexi\u00f3n utilizados.<\/p>\n<p style=\"color: #1c5c74;\"><strong>BERNHARDT le asesora para la elecci\u00f3n de los materiales y del tipo de barrera adaptados a su envase.<\/strong><\/p>\n","protected":false},"excerpt":{"rendered":"<p>Trabajamos con nuestros clientes desde el inicio de sus proyectos. As\u00ed podemos proponerles soluciones de bolsas flexibles espec\u00edficas, innovadoras e industrializadas. Nuestra herramienta de producci\u00f3n ha sido desarrollada de forma interna, lo que proporciona una gran flexibilidad y nos permite integrar herramientas dedicadas y fabricadas a la medida. Nuestras bolsas pueden utilizarse de forma independiente, o ser integradas a unos sistemas de distribuci\u00f3n del producto.<\/p>\n<h2>Ejemplos de realizaciones<\/h2>\n<ul>\n<li>Bolsas integradas a una mochila y vaciadas gracias a una pistola dosificadora (reemplazando a los compresores).<\/li>\n<li>Integraci\u00f3n de huecos para colgar la bolsa y de asas para su manejo.<\/li>\n<li>Definici\u00f3n de una nueva estructura de filmes para la resistencia a las pruebas de ca\u00edda a 1,80m de altura.<\/li>\n<li>Modificaci\u00f3n del modo de fabricaci\u00f3n de las bolsas para polvos para aumentar la resistencia mec\u00e1nica y llegar a una certificaci\u00f3n UN.<\/li>\n<li>Sistema patentado de extracci\u00f3n de l\u00edquidos de un envase flexible en el interior de un contenedor presurizado.<\/li>\n<\/ul>\n<p><strong>Volumen : de 0,5 a 10 Litros<\/strong><\/p>\n","protected":false},"featured_media":9625,"template":"","meta":{"_acf_changed":false,"_et_pb_use_builder":"","_et_pb_old_content":"","_et_gb_content_width":""},"product_brand":[],"product_cat":[359,360],"product_tag":[],"class_list":{"0":"post-12904","1":"product","2":"type-product","3":"status-publish","4":"has-post-thumbnail","6":"product_cat-envases","7":"product_cat-productos-liquidos-y-espesos","8":"pa_quantite-min-10000-es","9":"pa_volume-liquide-de-5-a-10-litros","10":"pa_volume-liquide-envases-especiales","12":"first","13":"instock","14":"shipping-taxable","15":"purchasable","16":"product-type-simple"},"acf":[],"yoast_head":"<!-- This site is optimized with the Yoast SEO plugin v27.5 - https:\/\/yoast.com\/product\/yoast-seo-wordpress\/ -->\n<title>BOLSAS FLEXIBLES ESPECIFICAS - BERNHARDT Packaging &amp; Process<\/title>\n<meta name=\"description\" content=\"Bolsas flexibles espec\u00edficas: proponemos bolsas innovadoras adaptadas a su proyecto y su pliego de condiciones (formas, filmes y conecticas).\" \/>\n<meta name=\"robots\" content=\"index, follow, max-snippet:-1, max-image-preview:large, max-video-preview:-1\" \/>\n<link rel=\"canonical\" href=\"https:\/\/www.bernhardt.fr\/es\/produit\/bolsas-flexibles-especificas\/\" \/>\n<meta property=\"og:locale\" content=\"es_ES\" \/>\n<meta property=\"og:type\" content=\"article\" \/>\n<meta property=\"og:title\" content=\"BOLSAS FLEXIBLES ESPECIFICAS - BERNHARDT Packaging &amp; Process\" \/>\n<meta property=\"og:description\" content=\"Bolsas flexibles espec\u00edficas: proponemos bolsas innovadoras adaptadas a su proyecto y su pliego de condiciones (formas, filmes y conecticas).\" \/>\n<meta property=\"og:url\" content=\"https:\/\/www.bernhardt.fr\/es\/produit\/bolsas-flexibles-especificas\/\" \/>\n<meta property=\"og:site_name\" content=\"BERNHARDT Packaging &amp; Process\" \/>\n<meta property=\"article:modified_time\" content=\"2023-03-17T16:52:40+00:00\" \/>\n<meta property=\"og:image\" content=\"https:\/\/www.bernhardt.fr\/wp-content\/uploads\/poches_souples_specifiques_1200x1200.jpg\" \/>\n\t<meta property=\"og:image:width\" content=\"1200\" \/>\n\t<meta property=\"og:image:height\" content=\"1200\" \/>\n\t<meta property=\"og:image:type\" content=\"image\/jpeg\" \/>\n<meta name=\"twitter:card\" content=\"summary_large_image\" \/>\n<meta name=\"twitter:site\" content=\"@BERNHARDTPack\" \/>\n<meta name=\"twitter:label1\" content=\"Tiempo de lectura\" \/>\n\t<meta name=\"twitter:data1\" content=\"1 minuto\" \/>\n<script type=\"application\/ld+json\" class=\"yoast-schema-graph\">{\"@context\":\"https:\\\/\\\/schema.org\",\"@graph\":[{\"@type\":\"WebPage\",\"@id\":\"https:\\\/\\\/www.bernhardt.fr\\\/es\\\/produit\\\/bolsas-flexibles-especificas\\\/\",\"url\":\"https:\\\/\\\/www.bernhardt.fr\\\/es\\\/produit\\\/bolsas-flexibles-especificas\\\/\",\"name\":\"BOLSAS FLEXIBLES ESPECIFICAS - BERNHARDT Packaging &amp; Process\",\"isPartOf\":{\"@id\":\"https:\\\/\\\/www.bernhardt.fr\\\/#website\"},\"primaryImageOfPage\":{\"@id\":\"https:\\\/\\\/www.bernhardt.fr\\\/es\\\/produit\\\/bolsas-flexibles-especificas\\\/#primaryimage\"},\"image\":{\"@id\":\"https:\\\/\\\/www.bernhardt.fr\\\/es\\\/produit\\\/bolsas-flexibles-especificas\\\/#primaryimage\"},\"thumbnailUrl\":\"https:\\\/\\\/www.bernhardt.fr\\\/wp-content\\\/uploads\\\/poches_souples_specifiques_1200x1200.jpg\",\"datePublished\":\"2021-05-18T13:51:48+00:00\",\"dateModified\":\"2023-03-17T16:52:40+00:00\",\"description\":\"Bolsas flexibles espec\u00edficas: proponemos bolsas innovadoras adaptadas a su proyecto y su pliego de condiciones (formas, filmes y conecticas).\",\"breadcrumb\":{\"@id\":\"https:\\\/\\\/www.bernhardt.fr\\\/es\\\/produit\\\/bolsas-flexibles-especificas\\\/#breadcrumb\"},\"inLanguage\":\"es\",\"potentialAction\":[{\"@type\":\"ReadAction\",\"target\":[\"https:\\\/\\\/www.bernhardt.fr\\\/es\\\/produit\\\/bolsas-flexibles-especificas\\\/\"]}]},{\"@type\":\"ImageObject\",\"inLanguage\":\"es\",\"@id\":\"https:\\\/\\\/www.bernhardt.fr\\\/es\\\/produit\\\/bolsas-flexibles-especificas\\\/#primaryimage\",\"url\":\"https:\\\/\\\/www.bernhardt.fr\\\/wp-content\\\/uploads\\\/poches_souples_specifiques_1200x1200.jpg\",\"contentUrl\":\"https:\\\/\\\/www.bernhardt.fr\\\/wp-content\\\/uploads\\\/poches_souples_specifiques_1200x1200.jpg\",\"width\":1200,\"height\":1200,\"caption\":\"BERNHARDT - Poches Souples Sp\u00e9cifiques\"},{\"@type\":\"BreadcrumbList\",\"@id\":\"https:\\\/\\\/www.bernhardt.fr\\\/es\\\/produit\\\/bolsas-flexibles-especificas\\\/#breadcrumb\",\"itemListElement\":[{\"@type\":\"ListItem\",\"position\":1,\"name\":\"Accueil\",\"item\":\"https:\\\/\\\/www.bernhardt.fr\\\/\"},{\"@type\":\"ListItem\",\"position\":2,\"name\":\"Produits\",\"item\":\"https:\\\/\\\/www.bernhardt.fr\\\/shop\\\/\"},{\"@type\":\"ListItem\",\"position\":3,\"name\":\"BOLSAS FLEXIBLES ESPECIFICAS\"}]},{\"@type\":\"WebSite\",\"@id\":\"https:\\\/\\\/www.bernhardt.fr\\\/#website\",\"url\":\"https:\\\/\\\/www.bernhardt.fr\\\/\",\"name\":\"BERNHARDT Packaging &amp; Process\",\"description\":\"fabricant fran\u00e7ais d\u2019emballages souples et de machines de conditionnement\",\"potentialAction\":[{\"@type\":\"SearchAction\",\"target\":{\"@type\":\"EntryPoint\",\"urlTemplate\":\"https:\\\/\\\/www.bernhardt.fr\\\/?s={search_term_string}\"},\"query-input\":{\"@type\":\"PropertyValueSpecification\",\"valueRequired\":true,\"valueName\":\"search_term_string\"}}],\"inLanguage\":\"es\"}]}<\/script>\n<!-- \/ Yoast SEO plugin. -->","yoast_head_json":{"title":"BOLSAS FLEXIBLES ESPECIFICAS - BERNHARDT Packaging &amp; Process","description":"Bolsas flexibles espec\u00edficas: proponemos bolsas innovadoras adaptadas a su proyecto y su pliego de condiciones (formas, filmes y conecticas).","robots":{"index":"index","follow":"follow","max-snippet":"max-snippet:-1","max-image-preview":"max-image-preview:large","max-video-preview":"max-video-preview:-1"},"canonical":"https:\/\/www.bernhardt.fr\/es\/produit\/bolsas-flexibles-especificas\/","og_locale":"es_ES","og_type":"article","og_title":"BOLSAS FLEXIBLES ESPECIFICAS - BERNHARDT Packaging &amp; Process","og_description":"Bolsas flexibles espec\u00edficas: proponemos bolsas innovadoras adaptadas a su proyecto y su pliego de condiciones (formas, filmes y conecticas).","og_url":"https:\/\/www.bernhardt.fr\/es\/produit\/bolsas-flexibles-especificas\/","og_site_name":"BERNHARDT Packaging &amp; Process","article_modified_time":"2023-03-17T16:52:40+00:00","og_image":[{"width":1200,"height":1200,"url":"https:\/\/www.bernhardt.fr\/wp-content\/uploads\/poches_souples_specifiques_1200x1200.jpg","type":"image\/jpeg"}],"twitter_card":"summary_large_image","twitter_site":"@BERNHARDTPack","twitter_misc":{"Tiempo de lectura":"1 minuto"},"schema":{"@context":"https:\/\/schema.org","@graph":[{"@type":"WebPage","@id":"https:\/\/www.bernhardt.fr\/es\/produit\/bolsas-flexibles-especificas\/","url":"https:\/\/www.bernhardt.fr\/es\/produit\/bolsas-flexibles-especificas\/","name":"BOLSAS FLEXIBLES ESPECIFICAS - BERNHARDT Packaging &amp; Process","isPartOf":{"@id":"https:\/\/www.bernhardt.fr\/#website"},"primaryImageOfPage":{"@id":"https:\/\/www.bernhardt.fr\/es\/produit\/bolsas-flexibles-especificas\/#primaryimage"},"image":{"@id":"https:\/\/www.bernhardt.fr\/es\/produit\/bolsas-flexibles-especificas\/#primaryimage"},"thumbnailUrl":"https:\/\/www.bernhardt.fr\/wp-content\/uploads\/poches_souples_specifiques_1200x1200.jpg","datePublished":"2021-05-18T13:51:48+00:00","dateModified":"2023-03-17T16:52:40+00:00","description":"Bolsas flexibles espec\u00edficas: proponemos bolsas innovadoras adaptadas a su proyecto y su pliego de condiciones (formas, filmes y conecticas).","breadcrumb":{"@id":"https:\/\/www.bernhardt.fr\/es\/produit\/bolsas-flexibles-especificas\/#breadcrumb"},"inLanguage":"es","potentialAction":[{"@type":"ReadAction","target":["https:\/\/www.bernhardt.fr\/es\/produit\/bolsas-flexibles-especificas\/"]}]},{"@type":"ImageObject","inLanguage":"es","@id":"https:\/\/www.bernhardt.fr\/es\/produit\/bolsas-flexibles-especificas\/#primaryimage","url":"https:\/\/www.bernhardt.fr\/wp-content\/uploads\/poches_souples_specifiques_1200x1200.jpg","contentUrl":"https:\/\/www.bernhardt.fr\/wp-content\/uploads\/poches_souples_specifiques_1200x1200.jpg","width":1200,"height":1200,"caption":"BERNHARDT - Poches Souples Sp\u00e9cifiques"},{"@type":"BreadcrumbList","@id":"https:\/\/www.bernhardt.fr\/es\/produit\/bolsas-flexibles-especificas\/#breadcrumb","itemListElement":[{"@type":"ListItem","position":1,"name":"Accueil","item":"https:\/\/www.bernhardt.fr\/"},{"@type":"ListItem","position":2,"name":"Produits","item":"https:\/\/www.bernhardt.fr\/shop\/"},{"@type":"ListItem","position":3,"name":"BOLSAS FLEXIBLES ESPECIFICAS"}]},{"@type":"WebSite","@id":"https:\/\/www.bernhardt.fr\/#website","url":"https:\/\/www.bernhardt.fr\/","name":"BERNHARDT Packaging &amp; Process","description":"fabricant fran\u00e7ais d\u2019emballages souples et de machines de conditionnement","potentialAction":[{"@type":"SearchAction","target":{"@type":"EntryPoint","urlTemplate":"https:\/\/www.bernhardt.fr\/?s={search_term_string}"},"query-input":{"@type":"PropertyValueSpecification","valueRequired":true,"valueName":"search_term_string"}}],"inLanguage":"es"}]}},"_links":{"self":[{"href":"https:\/\/www.bernhardt.fr\/es\/wp-json\/wp\/v2\/product\/12904","targetHints":{"allow":["GET"]}}],"collection":[{"href":"https:\/\/www.bernhardt.fr\/es\/wp-json\/wp\/v2\/product"}],"about":[{"href":"https:\/\/www.bernhardt.fr\/es\/wp-json\/wp\/v2\/types\/product"}],"wp:featuredmedia":[{"embeddable":true,"href":"https:\/\/www.bernhardt.fr\/es\/wp-json\/wp\/v2\/media\/9625"}],"wp:attachment":[{"href":"https:\/\/www.bernhardt.fr\/es\/wp-json\/wp\/v2\/media?parent=12904"}],"wp:term":[{"taxonomy":"product_brand","embeddable":true,"href":"https:\/\/www.bernhardt.fr\/es\/wp-json\/wp\/v2\/product_brand?post=12904"},{"taxonomy":"product_cat","embeddable":true,"href":"https:\/\/www.bernhardt.fr\/es\/wp-json\/wp\/v2\/product_cat?post=12904"},{"taxonomy":"product_tag","embeddable":true,"href":"https:\/\/www.bernhardt.fr\/es\/wp-json\/wp\/v2\/product_tag?post=12904"}],"curies":[{"name":"wp","href":"https:\/\/api.w.org\/{rel}","templated":true}]}}