{"id":12872,"date":"2021-05-11T12:24:13","date_gmt":"2021-05-11T12:24:13","guid":{"rendered":"https:\/\/www.bernhardt.fr\/?post_type=product&#038;p=12872"},"modified":"2023-03-17T16:53:08","modified_gmt":"2023-03-17T16:53:08","slug":"bolsas-planas","status":"publish","type":"product","link":"https:\/\/www.bernhardt.fr\/es\/produit\/bolsas-planas\/","title":{"rendered":"BOLSAS PLANAS"},"content":{"rendered":"<p>Las bolsas planas de BERNHARDT ofrecen una protecci\u00f3n y una conservaci\u00f3n de larga duraci\u00f3n a sus productos sensibles. Por eso, las proponemos en filmes con 3 o 4 capas con barrera de aluminio.<br \/>\nAdem\u00e1s, los filmes de 4 capas contienen una capa de poliamida. As\u00ed, podemos asegurar una resistencia a la puesta en vac\u00edo.<\/p>\n<p style=\"color: #1c5c74;\"><strong>BERNHARDT le asesora para la elecci\u00f3n de los materiales y el tipo de barreras adaptadas a su envase.<\/strong><\/p>\n","protected":false},"excerpt":{"rendered":"<p>Nuestras bolsas planas (3 sellados) aseguran la conservaci\u00f3n de sus productos. Es un valor seguro, es el producto estrella del condicionamiento en bolsa plana, tanto para los consumidores como los industriales.<br \/>\nBERNHARDT propone una amplia de filmes de alta barrera para una protecci\u00f3n \u00f3ptima contra el ox\u00edgeno, la humedad y los rayos UV. La integridad de nuestros filmes est\u00e1 certificada para el contacto alimentario. Por otra parte, disponemos de film certificado por la farmacopea.<\/p>\n<h2>Ventajas<\/h2>\n<ul>\n<li>Formatos a la medida, desde peque\u00f1as bolsas 130mm por 200mm hasta grandes formatos, 1000 mm por 1400mm.<\/li>\n<li>Sellado sencillo<\/li>\n<li>Posibilidad de personalizar la bolsa: esquinas redondeadas, muesca abre f\u00e1cil, zipper.<\/li>\n<li>Formaci\u00f3n r\u00e1pida para ajustarse a una caja, gracias a la m\u00e1quina formadora fabricada por BERNHARDT.<\/li>\n<\/ul>\n<p><strong>Volumen: de 500mL a 200L<\/strong><\/p>\n","protected":false},"featured_media":9803,"template":"","meta":{"_acf_changed":false,"_et_pb_use_builder":"","_et_pb_old_content":"","_et_gb_content_width":""},"product_brand":[],"product_cat":[359,361],"product_tag":[],"class_list":{"0":"post-12872","1":"product","2":"type-product","3":"status-publish","4":"has-post-thumbnail","6":"product_cat-envases","7":"product_cat-productos-secos-y-solidos","8":"pa_quantite-min-10000-es","9":"pa_volume-solide-100-ml-a-200-litros","11":"first","12":"instock","13":"shipping-taxable","14":"purchasable","15":"product-type-simple"},"acf":[],"yoast_head":"<!-- This site is optimized with the Yoast SEO plugin v27.5 - https:\/\/yoast.com\/product\/yoast-seo-wordpress\/ -->\n<title>BOLSAS PLANAS - BERNHARDT Packaging &amp; Process<\/title>\n<meta name=\"description\" content=\"Bolsas planas: film alta barrera para una protecci\u00f3n \u00f3ptima contra el ox\u00edgeno, la humedad y los rayos UV. Certificado contacto alimentario.\" \/>\n<meta name=\"robots\" content=\"index, follow, max-snippet:-1, max-image-preview:large, max-video-preview:-1\" \/>\n<link rel=\"canonical\" href=\"https:\/\/www.bernhardt.fr\/es\/produit\/bolsas-planas\/\" \/>\n<meta property=\"og:locale\" content=\"es_ES\" \/>\n<meta property=\"og:type\" content=\"article\" \/>\n<meta property=\"og:title\" content=\"BOLSAS PLANAS - BERNHARDT Packaging &amp; Process\" \/>\n<meta property=\"og:description\" content=\"Bolsas planas: film alta barrera para una protecci\u00f3n \u00f3ptima contra el ox\u00edgeno, la humedad y los rayos UV. Certificado contacto alimentario.\" \/>\n<meta property=\"og:url\" content=\"https:\/\/www.bernhardt.fr\/es\/produit\/bolsas-planas\/\" \/>\n<meta property=\"og:site_name\" content=\"BERNHARDT Packaging &amp; Process\" \/>\n<meta property=\"article:modified_time\" content=\"2023-03-17T16:53:08+00:00\" \/>\n<meta property=\"og:image\" content=\"https:\/\/www.bernhardt.fr\/wp-content\/uploads\/sacs_plats_3S_1200x1200_02.jpg\" \/>\n\t<meta property=\"og:image:width\" content=\"1200\" \/>\n\t<meta property=\"og:image:height\" content=\"1200\" \/>\n\t<meta property=\"og:image:type\" content=\"image\/jpeg\" \/>\n<meta name=\"twitter:card\" content=\"summary_large_image\" \/>\n<meta name=\"twitter:site\" content=\"@BERNHARDTPack\" \/>\n<meta name=\"twitter:label1\" content=\"Tiempo de lectura\" \/>\n\t<meta name=\"twitter:data1\" content=\"1 minuto\" \/>\n<script type=\"application\/ld+json\" class=\"yoast-schema-graph\">{\"@context\":\"https:\\\/\\\/schema.org\",\"@graph\":[{\"@type\":\"WebPage\",\"@id\":\"https:\\\/\\\/www.bernhardt.fr\\\/es\\\/produit\\\/bolsas-planas\\\/\",\"url\":\"https:\\\/\\\/www.bernhardt.fr\\\/es\\\/produit\\\/bolsas-planas\\\/\",\"name\":\"BOLSAS PLANAS - BERNHARDT Packaging &amp; Process\",\"isPartOf\":{\"@id\":\"https:\\\/\\\/www.bernhardt.fr\\\/#website\"},\"primaryImageOfPage\":{\"@id\":\"https:\\\/\\\/www.bernhardt.fr\\\/es\\\/produit\\\/bolsas-planas\\\/#primaryimage\"},\"image\":{\"@id\":\"https:\\\/\\\/www.bernhardt.fr\\\/es\\\/produit\\\/bolsas-planas\\\/#primaryimage\"},\"thumbnailUrl\":\"https:\\\/\\\/www.bernhardt.fr\\\/wp-content\\\/uploads\\\/sacs_plats_3S_1200x1200_02.jpg\",\"datePublished\":\"2021-05-11T12:24:13+00:00\",\"dateModified\":\"2023-03-17T16:53:08+00:00\",\"description\":\"Bolsas planas: film alta barrera para una protecci\u00f3n \u00f3ptima contra el ox\u00edgeno, la humedad y los rayos UV. Certificado contacto alimentario.\",\"breadcrumb\":{\"@id\":\"https:\\\/\\\/www.bernhardt.fr\\\/es\\\/produit\\\/bolsas-planas\\\/#breadcrumb\"},\"inLanguage\":\"es\",\"potentialAction\":[{\"@type\":\"ReadAction\",\"target\":[\"https:\\\/\\\/www.bernhardt.fr\\\/es\\\/produit\\\/bolsas-planas\\\/\"]}]},{\"@type\":\"ImageObject\",\"inLanguage\":\"es\",\"@id\":\"https:\\\/\\\/www.bernhardt.fr\\\/es\\\/produit\\\/bolsas-planas\\\/#primaryimage\",\"url\":\"https:\\\/\\\/www.bernhardt.fr\\\/wp-content\\\/uploads\\\/sacs_plats_3S_1200x1200_02.jpg\",\"contentUrl\":\"https:\\\/\\\/www.bernhardt.fr\\\/wp-content\\\/uploads\\\/sacs_plats_3S_1200x1200_02.jpg\",\"width\":1200,\"height\":1200,\"caption\":\"BERNHARDT - Sacs et Sachets Plats6\"},{\"@type\":\"BreadcrumbList\",\"@id\":\"https:\\\/\\\/www.bernhardt.fr\\\/es\\\/produit\\\/bolsas-planas\\\/#breadcrumb\",\"itemListElement\":[{\"@type\":\"ListItem\",\"position\":1,\"name\":\"Accueil\",\"item\":\"https:\\\/\\\/www.bernhardt.fr\\\/\"},{\"@type\":\"ListItem\",\"position\":2,\"name\":\"Produits\",\"item\":\"https:\\\/\\\/www.bernhardt.fr\\\/shop\\\/\"},{\"@type\":\"ListItem\",\"position\":3,\"name\":\"BOLSAS PLANAS\"}]},{\"@type\":\"WebSite\",\"@id\":\"https:\\\/\\\/www.bernhardt.fr\\\/#website\",\"url\":\"https:\\\/\\\/www.bernhardt.fr\\\/\",\"name\":\"BERNHARDT Packaging &amp; Process\",\"description\":\"fabricant fran\u00e7ais d\u2019emballages souples et de machines de conditionnement\",\"potentialAction\":[{\"@type\":\"SearchAction\",\"target\":{\"@type\":\"EntryPoint\",\"urlTemplate\":\"https:\\\/\\\/www.bernhardt.fr\\\/?s={search_term_string}\"},\"query-input\":{\"@type\":\"PropertyValueSpecification\",\"valueRequired\":true,\"valueName\":\"search_term_string\"}}],\"inLanguage\":\"es\"}]}<\/script>\n<!-- \/ Yoast SEO plugin. -->","yoast_head_json":{"title":"BOLSAS PLANAS - BERNHARDT Packaging &amp; Process","description":"Bolsas planas: film alta barrera para una protecci\u00f3n \u00f3ptima contra el ox\u00edgeno, la humedad y los rayos UV. Certificado contacto alimentario.","robots":{"index":"index","follow":"follow","max-snippet":"max-snippet:-1","max-image-preview":"max-image-preview:large","max-video-preview":"max-video-preview:-1"},"canonical":"https:\/\/www.bernhardt.fr\/es\/produit\/bolsas-planas\/","og_locale":"es_ES","og_type":"article","og_title":"BOLSAS PLANAS - BERNHARDT Packaging &amp; Process","og_description":"Bolsas planas: film alta barrera para una protecci\u00f3n \u00f3ptima contra el ox\u00edgeno, la humedad y los rayos UV. Certificado contacto alimentario.","og_url":"https:\/\/www.bernhardt.fr\/es\/produit\/bolsas-planas\/","og_site_name":"BERNHARDT Packaging &amp; Process","article_modified_time":"2023-03-17T16:53:08+00:00","og_image":[{"width":1200,"height":1200,"url":"https:\/\/www.bernhardt.fr\/wp-content\/uploads\/sacs_plats_3S_1200x1200_02.jpg","type":"image\/jpeg"}],"twitter_card":"summary_large_image","twitter_site":"@BERNHARDTPack","twitter_misc":{"Tiempo de lectura":"1 minuto"},"schema":{"@context":"https:\/\/schema.org","@graph":[{"@type":"WebPage","@id":"https:\/\/www.bernhardt.fr\/es\/produit\/bolsas-planas\/","url":"https:\/\/www.bernhardt.fr\/es\/produit\/bolsas-planas\/","name":"BOLSAS PLANAS - BERNHARDT Packaging &amp; Process","isPartOf":{"@id":"https:\/\/www.bernhardt.fr\/#website"},"primaryImageOfPage":{"@id":"https:\/\/www.bernhardt.fr\/es\/produit\/bolsas-planas\/#primaryimage"},"image":{"@id":"https:\/\/www.bernhardt.fr\/es\/produit\/bolsas-planas\/#primaryimage"},"thumbnailUrl":"https:\/\/www.bernhardt.fr\/wp-content\/uploads\/sacs_plats_3S_1200x1200_02.jpg","datePublished":"2021-05-11T12:24:13+00:00","dateModified":"2023-03-17T16:53:08+00:00","description":"Bolsas planas: film alta barrera para una protecci\u00f3n \u00f3ptima contra el ox\u00edgeno, la humedad y los rayos UV. Certificado contacto alimentario.","breadcrumb":{"@id":"https:\/\/www.bernhardt.fr\/es\/produit\/bolsas-planas\/#breadcrumb"},"inLanguage":"es","potentialAction":[{"@type":"ReadAction","target":["https:\/\/www.bernhardt.fr\/es\/produit\/bolsas-planas\/"]}]},{"@type":"ImageObject","inLanguage":"es","@id":"https:\/\/www.bernhardt.fr\/es\/produit\/bolsas-planas\/#primaryimage","url":"https:\/\/www.bernhardt.fr\/wp-content\/uploads\/sacs_plats_3S_1200x1200_02.jpg","contentUrl":"https:\/\/www.bernhardt.fr\/wp-content\/uploads\/sacs_plats_3S_1200x1200_02.jpg","width":1200,"height":1200,"caption":"BERNHARDT - Sacs et Sachets Plats6"},{"@type":"BreadcrumbList","@id":"https:\/\/www.bernhardt.fr\/es\/produit\/bolsas-planas\/#breadcrumb","itemListElement":[{"@type":"ListItem","position":1,"name":"Accueil","item":"https:\/\/www.bernhardt.fr\/"},{"@type":"ListItem","position":2,"name":"Produits","item":"https:\/\/www.bernhardt.fr\/shop\/"},{"@type":"ListItem","position":3,"name":"BOLSAS PLANAS"}]},{"@type":"WebSite","@id":"https:\/\/www.bernhardt.fr\/#website","url":"https:\/\/www.bernhardt.fr\/","name":"BERNHARDT Packaging &amp; Process","description":"fabricant fran\u00e7ais d\u2019emballages souples et de machines de conditionnement","potentialAction":[{"@type":"SearchAction","target":{"@type":"EntryPoint","urlTemplate":"https:\/\/www.bernhardt.fr\/?s={search_term_string}"},"query-input":{"@type":"PropertyValueSpecification","valueRequired":true,"valueName":"search_term_string"}}],"inLanguage":"es"}]}},"_links":{"self":[{"href":"https:\/\/www.bernhardt.fr\/es\/wp-json\/wp\/v2\/product\/12872","targetHints":{"allow":["GET"]}}],"collection":[{"href":"https:\/\/www.bernhardt.fr\/es\/wp-json\/wp\/v2\/product"}],"about":[{"href":"https:\/\/www.bernhardt.fr\/es\/wp-json\/wp\/v2\/types\/product"}],"wp:featuredmedia":[{"embeddable":true,"href":"https:\/\/www.bernhardt.fr\/es\/wp-json\/wp\/v2\/media\/9803"}],"wp:attachment":[{"href":"https:\/\/www.bernhardt.fr\/es\/wp-json\/wp\/v2\/media?parent=12872"}],"wp:term":[{"taxonomy":"product_brand","embeddable":true,"href":"https:\/\/www.bernhardt.fr\/es\/wp-json\/wp\/v2\/product_brand?post=12872"},{"taxonomy":"product_cat","embeddable":true,"href":"https:\/\/www.bernhardt.fr\/es\/wp-json\/wp\/v2\/product_cat?post=12872"},{"taxonomy":"product_tag","embeddable":true,"href":"https:\/\/www.bernhardt.fr\/es\/wp-json\/wp\/v2\/product_tag?post=12872"}],"curies":[{"name":"wp","href":"https:\/\/api.w.org\/{rel}","templated":true}]}}