{"id":12869,"date":"2021-05-11T09:37:42","date_gmt":"2021-05-11T09:37:42","guid":{"rendered":"https:\/\/www.bernhardt.fr\/?post_type=product&#038;p=12869"},"modified":"2023-03-17T16:53:03","modified_gmt":"2023-03-17T16:53:03","slug":"selladora-manual","status":"publish","type":"product","link":"https:\/\/www.bernhardt.fr\/es\/produit\/selladora-manual\/","title":{"rendered":"SELLADORA MANUAL"},"content":{"rendered":"<p>Sellado con doble impulsi\u00f3n para bolsas de polietileno u otras materias gruesas. La selladora manual es adaptada para las bolsas de mediana a grande tama\u00f1o. Conviene tambi\u00e9n para una cadencia d\u00e9bil.<\/p>\n","protected":false},"excerpt":{"rendered":"<p>Para el sellado de bolsas de polietileno o de film multicapa. M\u00e1quina adaptada para el sellado de bolsas industriales de mediano y grande tama\u00f1o.<\/p>\n<h2>Ventajas<\/h2>\n<ul>\n<li>Cierre\/apertura manual de las barras de sellado<\/li>\n<li>Ajuste de los par\u00e1metros de sellado en la pantalla\/teclado<\/li>\n<li>Selecci\u00f3n autom\u00e1tica del tiempo de sellado en funci\u00f3n del tiempo transcurrido entre dos soldaduras consecutivas<\/li>\n<li>Dise\u00f1o higi\u00e9nico<\/li>\n<li>Fabricaci\u00f3n en acero inoxidable<\/li>\n<li>Utilizaci\u00f3n f\u00e1cil<\/li>\n<li>Registro de diferentes programas de soldaduras<\/li>\n<\/ul>\n","protected":false},"featured_media":13648,"template":"","meta":{"_acf_changed":false,"_et_pb_use_builder":"on","_et_pb_old_content":"","_et_gb_content_width":""},"product_brand":[],"product_cat":[362,365],"product_tag":[],"class_list":{"0":"post-12869","1":"product","2":"type-product","3":"status-publish","4":"has-post-thumbnail","6":"product_cat-maquinas","7":"product_cat-selladoras","8":"pa_type-de-soudeuse-selladoras-manuales","9":"pa_type-de-soudeuse-selladoras-bolsas-y-cajas-bolsas","11":"first","12":"instock","13":"shipping-taxable","14":"purchasable","15":"product-type-simple"},"acf":[],"yoast_head":"<!-- This site is optimized with the Yoast SEO plugin v27.5 - https:\/\/yoast.com\/product\/yoast-seo-wordpress\/ -->\n<title>SELLADORA MANUAL - BERNHARDT Packaging &amp; Process<\/title>\n<meta name=\"description\" content=\"Soldadora manual: para el sellado de bolsas de polietileno o de filmes multicapas. Para las bolsas industriales de mediano y grande tama\u00f1o.\" \/>\n<meta name=\"robots\" content=\"index, follow, max-snippet:-1, max-image-preview:large, max-video-preview:-1\" \/>\n<link rel=\"canonical\" href=\"https:\/\/www.bernhardt.fr\/es\/produit\/selladora-manual\/\" \/>\n<meta property=\"og:locale\" content=\"es_ES\" \/>\n<meta property=\"og:type\" content=\"article\" \/>\n<meta property=\"og:title\" content=\"SELLADORA MANUAL - BERNHARDT Packaging &amp; Process\" \/>\n<meta property=\"og:description\" content=\"Soldadora manual: para el sellado de bolsas de polietileno o de filmes multicapas. Para las bolsas industriales de mediano y grande tama\u00f1o.\" \/>\n<meta property=\"og:url\" content=\"https:\/\/www.bernhardt.fr\/es\/produit\/selladora-manual\/\" \/>\n<meta property=\"og:site_name\" content=\"BERNHARDT Packaging &amp; Process\" \/>\n<meta property=\"article:modified_time\" content=\"2023-03-17T16:53:03+00:00\" \/>\n<meta property=\"og:image\" content=\"https:\/\/www.bernhardt.fr\/wp-content\/uploads\/New-MSB11M-768x1024.png\" \/>\n\t<meta property=\"og:image:width\" content=\"768\" \/>\n\t<meta property=\"og:image:height\" content=\"1024\" \/>\n\t<meta property=\"og:image:type\" content=\"image\/png\" \/>\n<meta name=\"twitter:card\" content=\"summary_large_image\" \/>\n<meta name=\"twitter:site\" content=\"@BERNHARDTPack\" \/>\n<meta name=\"twitter:label1\" content=\"Tiempo de lectura\" \/>\n\t<meta name=\"twitter:data1\" content=\"1 minuto\" \/>\n<script type=\"application\/ld+json\" class=\"yoast-schema-graph\">{\"@context\":\"https:\\\/\\\/schema.org\",\"@graph\":[{\"@type\":\"WebPage\",\"@id\":\"https:\\\/\\\/www.bernhardt.fr\\\/es\\\/produit\\\/selladora-manual\\\/\",\"url\":\"https:\\\/\\\/www.bernhardt.fr\\\/es\\\/produit\\\/selladora-manual\\\/\",\"name\":\"SELLADORA MANUAL - BERNHARDT Packaging &amp; Process\",\"isPartOf\":{\"@id\":\"https:\\\/\\\/www.bernhardt.fr\\\/#website\"},\"primaryImageOfPage\":{\"@id\":\"https:\\\/\\\/www.bernhardt.fr\\\/es\\\/produit\\\/selladora-manual\\\/#primaryimage\"},\"image\":{\"@id\":\"https:\\\/\\\/www.bernhardt.fr\\\/es\\\/produit\\\/selladora-manual\\\/#primaryimage\"},\"thumbnailUrl\":\"https:\\\/\\\/www.bernhardt.fr\\\/wp-content\\\/uploads\\\/New-MSB11M.png\",\"datePublished\":\"2021-05-11T09:37:42+00:00\",\"dateModified\":\"2023-03-17T16:53:03+00:00\",\"description\":\"Soldadora manual: para el sellado de bolsas de polietileno o de filmes multicapas. Para las bolsas industriales de mediano y grande tama\u00f1o.\",\"breadcrumb\":{\"@id\":\"https:\\\/\\\/www.bernhardt.fr\\\/es\\\/produit\\\/selladora-manual\\\/#breadcrumb\"},\"inLanguage\":\"es\",\"potentialAction\":[{\"@type\":\"ReadAction\",\"target\":[\"https:\\\/\\\/www.bernhardt.fr\\\/es\\\/produit\\\/selladora-manual\\\/\"]}]},{\"@type\":\"ImageObject\",\"inLanguage\":\"es\",\"@id\":\"https:\\\/\\\/www.bernhardt.fr\\\/es\\\/produit\\\/selladora-manual\\\/#primaryimage\",\"url\":\"https:\\\/\\\/www.bernhardt.fr\\\/wp-content\\\/uploads\\\/New-MSB11M.png\",\"contentUrl\":\"https:\\\/\\\/www.bernhardt.fr\\\/wp-content\\\/uploads\\\/New-MSB11M.png\",\"width\":2880,\"height\":3840},{\"@type\":\"BreadcrumbList\",\"@id\":\"https:\\\/\\\/www.bernhardt.fr\\\/es\\\/produit\\\/selladora-manual\\\/#breadcrumb\",\"itemListElement\":[{\"@type\":\"ListItem\",\"position\":1,\"name\":\"Accueil\",\"item\":\"https:\\\/\\\/www.bernhardt.fr\\\/\"},{\"@type\":\"ListItem\",\"position\":2,\"name\":\"Produits\",\"item\":\"https:\\\/\\\/www.bernhardt.fr\\\/shop\\\/\"},{\"@type\":\"ListItem\",\"position\":3,\"name\":\"SELLADORA MANUAL\"}]},{\"@type\":\"WebSite\",\"@id\":\"https:\\\/\\\/www.bernhardt.fr\\\/#website\",\"url\":\"https:\\\/\\\/www.bernhardt.fr\\\/\",\"name\":\"BERNHARDT Packaging &amp; Process\",\"description\":\"fabricant fran\u00e7ais d\u2019emballages souples et de machines de conditionnement\",\"potentialAction\":[{\"@type\":\"SearchAction\",\"target\":{\"@type\":\"EntryPoint\",\"urlTemplate\":\"https:\\\/\\\/www.bernhardt.fr\\\/?s={search_term_string}\"},\"query-input\":{\"@type\":\"PropertyValueSpecification\",\"valueRequired\":true,\"valueName\":\"search_term_string\"}}],\"inLanguage\":\"es\"}]}<\/script>\n<!-- \/ Yoast SEO plugin. -->","yoast_head_json":{"title":"SELLADORA MANUAL - BERNHARDT Packaging &amp; Process","description":"Soldadora manual: para el sellado de bolsas de polietileno o de filmes multicapas. Para las bolsas industriales de mediano y grande tama\u00f1o.","robots":{"index":"index","follow":"follow","max-snippet":"max-snippet:-1","max-image-preview":"max-image-preview:large","max-video-preview":"max-video-preview:-1"},"canonical":"https:\/\/www.bernhardt.fr\/es\/produit\/selladora-manual\/","og_locale":"es_ES","og_type":"article","og_title":"SELLADORA MANUAL - BERNHARDT Packaging &amp; Process","og_description":"Soldadora manual: para el sellado de bolsas de polietileno o de filmes multicapas. Para las bolsas industriales de mediano y grande tama\u00f1o.","og_url":"https:\/\/www.bernhardt.fr\/es\/produit\/selladora-manual\/","og_site_name":"BERNHARDT Packaging &amp; Process","article_modified_time":"2023-03-17T16:53:03+00:00","og_image":[{"width":768,"height":1024,"url":"https:\/\/www.bernhardt.fr\/wp-content\/uploads\/New-MSB11M-768x1024.png","type":"image\/png"}],"twitter_card":"summary_large_image","twitter_site":"@BERNHARDTPack","twitter_misc":{"Tiempo de lectura":"1 minuto"},"schema":{"@context":"https:\/\/schema.org","@graph":[{"@type":"WebPage","@id":"https:\/\/www.bernhardt.fr\/es\/produit\/selladora-manual\/","url":"https:\/\/www.bernhardt.fr\/es\/produit\/selladora-manual\/","name":"SELLADORA MANUAL - BERNHARDT Packaging &amp; Process","isPartOf":{"@id":"https:\/\/www.bernhardt.fr\/#website"},"primaryImageOfPage":{"@id":"https:\/\/www.bernhardt.fr\/es\/produit\/selladora-manual\/#primaryimage"},"image":{"@id":"https:\/\/www.bernhardt.fr\/es\/produit\/selladora-manual\/#primaryimage"},"thumbnailUrl":"https:\/\/www.bernhardt.fr\/wp-content\/uploads\/New-MSB11M.png","datePublished":"2021-05-11T09:37:42+00:00","dateModified":"2023-03-17T16:53:03+00:00","description":"Soldadora manual: para el sellado de bolsas de polietileno o de filmes multicapas. Para las bolsas industriales de mediano y grande tama\u00f1o.","breadcrumb":{"@id":"https:\/\/www.bernhardt.fr\/es\/produit\/selladora-manual\/#breadcrumb"},"inLanguage":"es","potentialAction":[{"@type":"ReadAction","target":["https:\/\/www.bernhardt.fr\/es\/produit\/selladora-manual\/"]}]},{"@type":"ImageObject","inLanguage":"es","@id":"https:\/\/www.bernhardt.fr\/es\/produit\/selladora-manual\/#primaryimage","url":"https:\/\/www.bernhardt.fr\/wp-content\/uploads\/New-MSB11M.png","contentUrl":"https:\/\/www.bernhardt.fr\/wp-content\/uploads\/New-MSB11M.png","width":2880,"height":3840},{"@type":"BreadcrumbList","@id":"https:\/\/www.bernhardt.fr\/es\/produit\/selladora-manual\/#breadcrumb","itemListElement":[{"@type":"ListItem","position":1,"name":"Accueil","item":"https:\/\/www.bernhardt.fr\/"},{"@type":"ListItem","position":2,"name":"Produits","item":"https:\/\/www.bernhardt.fr\/shop\/"},{"@type":"ListItem","position":3,"name":"SELLADORA MANUAL"}]},{"@type":"WebSite","@id":"https:\/\/www.bernhardt.fr\/#website","url":"https:\/\/www.bernhardt.fr\/","name":"BERNHARDT Packaging &amp; Process","description":"fabricant fran\u00e7ais d\u2019emballages souples et de machines de conditionnement","potentialAction":[{"@type":"SearchAction","target":{"@type":"EntryPoint","urlTemplate":"https:\/\/www.bernhardt.fr\/?s={search_term_string}"},"query-input":{"@type":"PropertyValueSpecification","valueRequired":true,"valueName":"search_term_string"}}],"inLanguage":"es"}]}},"_links":{"self":[{"href":"https:\/\/www.bernhardt.fr\/es\/wp-json\/wp\/v2\/product\/12869","targetHints":{"allow":["GET"]}}],"collection":[{"href":"https:\/\/www.bernhardt.fr\/es\/wp-json\/wp\/v2\/product"}],"about":[{"href":"https:\/\/www.bernhardt.fr\/es\/wp-json\/wp\/v2\/types\/product"}],"wp:featuredmedia":[{"embeddable":true,"href":"https:\/\/www.bernhardt.fr\/es\/wp-json\/wp\/v2\/media\/13648"}],"wp:attachment":[{"href":"https:\/\/www.bernhardt.fr\/es\/wp-json\/wp\/v2\/media?parent=12869"}],"wp:term":[{"taxonomy":"product_brand","embeddable":true,"href":"https:\/\/www.bernhardt.fr\/es\/wp-json\/wp\/v2\/product_brand?post=12869"},{"taxonomy":"product_cat","embeddable":true,"href":"https:\/\/www.bernhardt.fr\/es\/wp-json\/wp\/v2\/product_cat?post=12869"},{"taxonomy":"product_tag","embeddable":true,"href":"https:\/\/www.bernhardt.fr\/es\/wp-json\/wp\/v2\/product_tag?post=12869"}],"curies":[{"name":"wp","href":"https:\/\/api.w.org\/{rel}","templated":true}]}}