{"id":12757,"date":"2021-05-06T09:36:52","date_gmt":"2021-05-06T09:36:52","guid":{"rendered":"https:\/\/www.bernhardt.fr\/?post_type=product&#038;p=12757"},"modified":"2023-03-17T16:53:16","modified_gmt":"2023-03-17T16:53:16","slug":"selladora-bulk","status":"publish","type":"product","link":"https:\/\/www.bernhardt.fr\/es\/produit\/selladora-bulk\/","title":{"rendered":"SELLADORA BULK"},"content":{"rendered":"","protected":false},"excerpt":{"rendered":"<p>Para el sellado de bolsas de materiales termo sellables utilizados como forros para barril, octabin y big-bag.<\/p>\n<h2>VENTAJAS<\/h2>\n<ul>\n<li>Estructura adaptada para la introducci\u00f3n de pal\u00e9s<\/li>\n<li>Ajuste de la altura de manera manual o el\u00e9ctrica (gato)<\/li>\n<li>Ajuste de los par\u00e1metros de sellado en la pantalla\/ t\u00e1ctil o anal\u00f3gica<\/li>\n<li>Adaptaci\u00f3n de la selladora seg\u00fan su aplicaci\u00f3n: selladora manual, selladora neum\u00e1tica, selladora con puesta en vac\u00edo e inyecci\u00f3n<\/li>\n<li>Dise\u00f1o higi\u00e9nico y ergon\u00f3mico<\/li>\n<li>Fabricaci\u00f3n en acero inoxidable<\/li>\n<li>Utilizaci\u00f3n f\u00e1cil<\/li>\n<\/ul>\n","protected":false},"featured_media":15743,"template":"","meta":{"_acf_changed":false,"_et_pb_use_builder":"","_et_pb_old_content":"","_et_gb_content_width":""},"product_brand":[],"product_cat":[362,365],"product_tag":[],"class_list":{"0":"post-12757","1":"product","2":"type-product","3":"status-publish","4":"has-post-thumbnail","6":"product_cat-maquinas","7":"product_cat-selladoras","8":"pa_type-de-soudeuse-selladora-bulk","9":"pa_type-de-soudeuse-selladoras-bolsas-y-cajas-bolsas","11":"first","12":"instock","13":"shipping-taxable","14":"purchasable","15":"product-type-simple"},"acf":[],"yoast_head":"<!-- This site is optimized with the Yoast SEO plugin v27.2 - https:\/\/yoast.com\/product\/yoast-seo-wordpress\/ -->\n<title>SELLADORA BULK - BERNHARDT Packaging &amp; Process<\/title>\n<meta name=\"description\" content=\"Selladora Bulk: uso para el sellado de bolsas con materiales termosellables, como forros de barriles, octabines y big-bags.\" \/>\n<meta name=\"robots\" content=\"index, follow, max-snippet:-1, max-image-preview:large, max-video-preview:-1\" \/>\n<link rel=\"canonical\" href=\"https:\/\/www.bernhardt.fr\/es\/produit\/selladora-bulk\/\" \/>\n<meta property=\"og:locale\" content=\"es_ES\" \/>\n<meta property=\"og:type\" content=\"article\" \/>\n<meta property=\"og:title\" content=\"SELLADORA BULK - BERNHARDT Packaging &amp; Process\" \/>\n<meta property=\"og:description\" content=\"Selladora Bulk: uso para el sellado de bolsas con materiales termosellables, como forros de barriles, octabines y big-bags.\" \/>\n<meta property=\"og:url\" content=\"https:\/\/www.bernhardt.fr\/es\/produit\/selladora-bulk\/\" \/>\n<meta property=\"og:site_name\" content=\"BERNHARDT Packaging &amp; Process\" \/>\n<meta property=\"article:modified_time\" content=\"2023-03-17T16:53:16+00:00\" \/>\n<meta property=\"og:image\" content=\"https:\/\/www.bernhardt.fr\/wp-content\/uploads\/selladora-granel-foto-1-1024x1024-1.png\" \/>\n\t<meta property=\"og:image:width\" content=\"1024\" \/>\n\t<meta property=\"og:image:height\" content=\"1024\" \/>\n\t<meta property=\"og:image:type\" content=\"image\/png\" \/>\n<meta name=\"twitter:card\" content=\"summary_large_image\" \/>\n<meta name=\"twitter:site\" content=\"@BERNHARDTPack\" \/>\n<script type=\"application\/ld+json\" class=\"yoast-schema-graph\">{\"@context\":\"https:\/\/schema.org\",\"@graph\":[{\"@type\":\"WebPage\",\"@id\":\"https:\/\/www.bernhardt.fr\/es\/produit\/selladora-bulk\/\",\"url\":\"https:\/\/www.bernhardt.fr\/es\/produit\/selladora-bulk\/\",\"name\":\"SELLADORA BULK - BERNHARDT Packaging &amp; Process\",\"isPartOf\":{\"@id\":\"https:\/\/www.bernhardt.fr\/#website\"},\"primaryImageOfPage\":{\"@id\":\"https:\/\/www.bernhardt.fr\/es\/produit\/selladora-bulk\/#primaryimage\"},\"image\":{\"@id\":\"https:\/\/www.bernhardt.fr\/es\/produit\/selladora-bulk\/#primaryimage\"},\"thumbnailUrl\":\"https:\/\/www.bernhardt.fr\/wp-content\/uploads\/selladora-granel-foto-1-1024x1024-1.png\",\"datePublished\":\"2021-05-06T09:36:52+00:00\",\"dateModified\":\"2023-03-17T16:53:16+00:00\",\"description\":\"Selladora Bulk: uso para el sellado de bolsas con materiales termosellables, como forros de barriles, octabines y big-bags.\",\"breadcrumb\":{\"@id\":\"https:\/\/www.bernhardt.fr\/es\/produit\/selladora-bulk\/#breadcrumb\"},\"inLanguage\":\"es\",\"potentialAction\":[{\"@type\":\"ReadAction\",\"target\":[\"https:\/\/www.bernhardt.fr\/es\/produit\/selladora-bulk\/\"]}]},{\"@type\":\"ImageObject\",\"inLanguage\":\"es\",\"@id\":\"https:\/\/www.bernhardt.fr\/es\/produit\/selladora-bulk\/#primaryimage\",\"url\":\"https:\/\/www.bernhardt.fr\/wp-content\/uploads\/selladora-granel-foto-1-1024x1024-1.png\",\"contentUrl\":\"https:\/\/www.bernhardt.fr\/wp-content\/uploads\/selladora-granel-foto-1-1024x1024-1.png\",\"width\":1024,\"height\":1024},{\"@type\":\"BreadcrumbList\",\"@id\":\"https:\/\/www.bernhardt.fr\/es\/produit\/selladora-bulk\/#breadcrumb\",\"itemListElement\":[{\"@type\":\"ListItem\",\"position\":1,\"name\":\"Accueil\",\"item\":\"https:\/\/www.bernhardt.fr\/\"},{\"@type\":\"ListItem\",\"position\":2,\"name\":\"Produits\",\"item\":\"https:\/\/www.bernhardt.fr\/shop\/\"},{\"@type\":\"ListItem\",\"position\":3,\"name\":\"SELLADORA BULK\"}]},{\"@type\":\"WebSite\",\"@id\":\"https:\/\/www.bernhardt.fr\/#website\",\"url\":\"https:\/\/www.bernhardt.fr\/\",\"name\":\"BERNHARDT Packaging &amp; Process\",\"description\":\"fabricant fran\u00e7ais d\u2019emballages souples et de machines de conditionnement\",\"potentialAction\":[{\"@type\":\"SearchAction\",\"target\":{\"@type\":\"EntryPoint\",\"urlTemplate\":\"https:\/\/www.bernhardt.fr\/?s={search_term_string}\"},\"query-input\":{\"@type\":\"PropertyValueSpecification\",\"valueRequired\":true,\"valueName\":\"search_term_string\"}}],\"inLanguage\":\"es\"}]}<\/script>\n<!-- \/ Yoast SEO plugin. -->","yoast_head_json":{"title":"SELLADORA BULK - BERNHARDT Packaging &amp; Process","description":"Selladora Bulk: uso para el sellado de bolsas con materiales termosellables, como forros de barriles, octabines y big-bags.","robots":{"index":"index","follow":"follow","max-snippet":"max-snippet:-1","max-image-preview":"max-image-preview:large","max-video-preview":"max-video-preview:-1"},"canonical":"https:\/\/www.bernhardt.fr\/es\/produit\/selladora-bulk\/","og_locale":"es_ES","og_type":"article","og_title":"SELLADORA BULK - BERNHARDT Packaging &amp; Process","og_description":"Selladora Bulk: uso para el sellado de bolsas con materiales termosellables, como forros de barriles, octabines y big-bags.","og_url":"https:\/\/www.bernhardt.fr\/es\/produit\/selladora-bulk\/","og_site_name":"BERNHARDT Packaging &amp; Process","article_modified_time":"2023-03-17T16:53:16+00:00","og_image":[{"width":1024,"height":1024,"url":"https:\/\/www.bernhardt.fr\/wp-content\/uploads\/selladora-granel-foto-1-1024x1024-1.png","type":"image\/png"}],"twitter_card":"summary_large_image","twitter_site":"@BERNHARDTPack","schema":{"@context":"https:\/\/schema.org","@graph":[{"@type":"WebPage","@id":"https:\/\/www.bernhardt.fr\/es\/produit\/selladora-bulk\/","url":"https:\/\/www.bernhardt.fr\/es\/produit\/selladora-bulk\/","name":"SELLADORA BULK - BERNHARDT Packaging &amp; Process","isPartOf":{"@id":"https:\/\/www.bernhardt.fr\/#website"},"primaryImageOfPage":{"@id":"https:\/\/www.bernhardt.fr\/es\/produit\/selladora-bulk\/#primaryimage"},"image":{"@id":"https:\/\/www.bernhardt.fr\/es\/produit\/selladora-bulk\/#primaryimage"},"thumbnailUrl":"https:\/\/www.bernhardt.fr\/wp-content\/uploads\/selladora-granel-foto-1-1024x1024-1.png","datePublished":"2021-05-06T09:36:52+00:00","dateModified":"2023-03-17T16:53:16+00:00","description":"Selladora Bulk: uso para el sellado de bolsas con materiales termosellables, como forros de barriles, octabines y big-bags.","breadcrumb":{"@id":"https:\/\/www.bernhardt.fr\/es\/produit\/selladora-bulk\/#breadcrumb"},"inLanguage":"es","potentialAction":[{"@type":"ReadAction","target":["https:\/\/www.bernhardt.fr\/es\/produit\/selladora-bulk\/"]}]},{"@type":"ImageObject","inLanguage":"es","@id":"https:\/\/www.bernhardt.fr\/es\/produit\/selladora-bulk\/#primaryimage","url":"https:\/\/www.bernhardt.fr\/wp-content\/uploads\/selladora-granel-foto-1-1024x1024-1.png","contentUrl":"https:\/\/www.bernhardt.fr\/wp-content\/uploads\/selladora-granel-foto-1-1024x1024-1.png","width":1024,"height":1024},{"@type":"BreadcrumbList","@id":"https:\/\/www.bernhardt.fr\/es\/produit\/selladora-bulk\/#breadcrumb","itemListElement":[{"@type":"ListItem","position":1,"name":"Accueil","item":"https:\/\/www.bernhardt.fr\/"},{"@type":"ListItem","position":2,"name":"Produits","item":"https:\/\/www.bernhardt.fr\/shop\/"},{"@type":"ListItem","position":3,"name":"SELLADORA BULK"}]},{"@type":"WebSite","@id":"https:\/\/www.bernhardt.fr\/#website","url":"https:\/\/www.bernhardt.fr\/","name":"BERNHARDT Packaging &amp; Process","description":"fabricant fran\u00e7ais d\u2019emballages souples et de machines de conditionnement","potentialAction":[{"@type":"SearchAction","target":{"@type":"EntryPoint","urlTemplate":"https:\/\/www.bernhardt.fr\/?s={search_term_string}"},"query-input":{"@type":"PropertyValueSpecification","valueRequired":true,"valueName":"search_term_string"}}],"inLanguage":"es"}]}},"_links":{"self":[{"href":"https:\/\/www.bernhardt.fr\/es\/wp-json\/wp\/v2\/product\/12757","targetHints":{"allow":["GET"]}}],"collection":[{"href":"https:\/\/www.bernhardt.fr\/es\/wp-json\/wp\/v2\/product"}],"about":[{"href":"https:\/\/www.bernhardt.fr\/es\/wp-json\/wp\/v2\/types\/product"}],"wp:featuredmedia":[{"embeddable":true,"href":"https:\/\/www.bernhardt.fr\/es\/wp-json\/wp\/v2\/media\/15743"}],"wp:attachment":[{"href":"https:\/\/www.bernhardt.fr\/es\/wp-json\/wp\/v2\/media?parent=12757"}],"wp:term":[{"taxonomy":"product_brand","embeddable":true,"href":"https:\/\/www.bernhardt.fr\/es\/wp-json\/wp\/v2\/product_brand?post=12757"},{"taxonomy":"product_cat","embeddable":true,"href":"https:\/\/www.bernhardt.fr\/es\/wp-json\/wp\/v2\/product_cat?post=12757"},{"taxonomy":"product_tag","embeddable":true,"href":"https:\/\/www.bernhardt.fr\/es\/wp-json\/wp\/v2\/product_tag?post=12757"}],"curies":[{"name":"wp","href":"https:\/\/api.w.org\/{rel}","templated":true}]}}