{"id":10653,"date":"2021-04-23T13:19:38","date_gmt":"2021-04-23T13:19:38","guid":{"rendered":"https:\/\/www.bernhardt.fr\/?post_type=product&#038;p=10653"},"modified":"2023-03-17T16:53:18","modified_gmt":"2023-03-17T16:53:18","slug":"selladora-con-puesta-en-vacio","status":"publish","type":"product","link":"https:\/\/www.bernhardt.fr\/es\/produit\/selladora-con-puesta-en-vacio\/","title":{"rendered":"SELLADORA CON PUESTA EN VACIO"},"content":{"rendered":"<p>Selladora para bolsas de polietileno u otro material grueso. La selladora con puesta en vac\u00edo es adaptada para poner en vac\u00edo bolsas de tama\u00f1o mediano o grande. Conviene tambi\u00e9n para una utilizaci\u00f3n con una cadencia d\u00e9bil.<\/p>\n","protected":false},"excerpt":{"rendered":"<p>Para la puesta en vac\u00edo de bolsas con film barrera. M\u00e1quina adaptada para el sellado de bolsas industriales de tama\u00f1o mediano y grande.<\/p>\n<h2>Ventajas<\/h2>\n<ul>\n<li>Cierre y apertura manual de las barras de sellado<\/li>\n<li>Ajuste de los par\u00e1metros de sellado y de puesta en vac\u00edo en la pantalla\/teclado<\/li>\n<li>Selecci\u00f3n autom\u00e1tica del tiempo de sellado en funci\u00f3n del tiempo que transcurre entre dos sellados consecutivos<\/li>\n<li>Dise\u00f1o higi\u00e9nico<\/li>\n<li>Fabricaci\u00f3n en acero inoxidable 304<\/li>\n<li>Utilizaci\u00f3n f\u00e1cil<\/li>\n<\/ul>\n","protected":false},"featured_media":9801,"template":"","meta":{"_acf_changed":false,"_et_pb_use_builder":"off","_et_pb_old_content":"Soudeuse pour sacs en poly\u00e9thyl\u00e8ne ou complexes \u00e9pais. La soudeuse \u00e0 vide est adapt\u00e9e pour la mise sous vide des sachets de moyenne \u00e0 grande taille. Elle convient \u00e9galement pour une utilisation \u00e0 faible cadence.","_et_gb_content_width":""},"product_brand":[],"product_cat":[362,365,386],"product_tag":[],"class_list":{"0":"post-10653","1":"product","2":"type-product","3":"status-publish","4":"has-post-thumbnail","6":"product_cat-maquinas","7":"product_cat-selladoras","8":"product_cat-puesta-en-vacio-e-inyeccion","9":"pa_type-de-mise-sous-vide-bolsas-y-cajas-bolsas","10":"pa_type-de-soudeuse-selladoras-bolsas-y-cajas-bolsas","12":"first","13":"instock","14":"shipping-taxable","15":"purchasable","16":"product-type-simple"},"acf":[],"yoast_head":"<!-- This site is optimized with the Yoast SEO plugin v27.4 - https:\/\/yoast.com\/product\/yoast-seo-wordpress\/ -->\n<title>SELLADORA CON PUESTA EN VACIO - BERNHARDT Packaging &amp; Process<\/title>\n<meta name=\"description\" content=\"Selladora con puesta en vac\u00edo: para el envasado de bolsas y filmes con altas barreras y para el sellado de bolsas de mediano y grande tama\u00f1o.\" \/>\n<meta name=\"robots\" content=\"index, follow, max-snippet:-1, max-image-preview:large, max-video-preview:-1\" \/>\n<link rel=\"canonical\" href=\"https:\/\/www.bernhardt.fr\/es\/produit\/selladora-con-puesta-en-vacio\/\" \/>\n<meta property=\"og:locale\" content=\"es_ES\" \/>\n<meta property=\"og:type\" content=\"article\" \/>\n<meta property=\"og:title\" content=\"SELLADORA CON PUESTA EN VACIO - BERNHARDT Packaging &amp; Process\" \/>\n<meta property=\"og:description\" content=\"Selladora con puesta en vac\u00edo: para el envasado de bolsas y filmes con altas barreras y para el sellado de bolsas de mediano y grande tama\u00f1o.\" \/>\n<meta property=\"og:url\" content=\"https:\/\/www.bernhardt.fr\/es\/produit\/selladora-con-puesta-en-vacio\/\" \/>\n<meta property=\"og:site_name\" content=\"BERNHARDT Packaging &amp; Process\" \/>\n<meta property=\"article:modified_time\" content=\"2023-03-17T16:53:18+00:00\" \/>\n<meta property=\"og:image\" content=\"https:\/\/www.bernhardt.fr\/wp-content\/uploads\/MSB-MV-2.png\" \/>\n\t<meta property=\"og:image:width\" content=\"1200\" \/>\n\t<meta property=\"og:image:height\" content=\"1200\" \/>\n\t<meta property=\"og:image:type\" content=\"image\/png\" \/>\n<meta name=\"twitter:card\" content=\"summary_large_image\" \/>\n<meta name=\"twitter:site\" content=\"@BERNHARDTPack\" \/>\n<meta name=\"twitter:label1\" content=\"Tiempo de lectura\" \/>\n\t<meta name=\"twitter:data1\" content=\"1 minuto\" \/>\n<script type=\"application\/ld+json\" class=\"yoast-schema-graph\">{\"@context\":\"https:\\\/\\\/schema.org\",\"@graph\":[{\"@type\":\"WebPage\",\"@id\":\"https:\\\/\\\/www.bernhardt.fr\\\/es\\\/produit\\\/selladora-con-puesta-en-vacio\\\/\",\"url\":\"https:\\\/\\\/www.bernhardt.fr\\\/es\\\/produit\\\/selladora-con-puesta-en-vacio\\\/\",\"name\":\"SELLADORA CON PUESTA EN VACIO - BERNHARDT Packaging &amp; Process\",\"isPartOf\":{\"@id\":\"https:\\\/\\\/www.bernhardt.fr\\\/#website\"},\"primaryImageOfPage\":{\"@id\":\"https:\\\/\\\/www.bernhardt.fr\\\/es\\\/produit\\\/selladora-con-puesta-en-vacio\\\/#primaryimage\"},\"image\":{\"@id\":\"https:\\\/\\\/www.bernhardt.fr\\\/es\\\/produit\\\/selladora-con-puesta-en-vacio\\\/#primaryimage\"},\"thumbnailUrl\":\"https:\\\/\\\/www.bernhardt.fr\\\/wp-content\\\/uploads\\\/MSB-MV-2.png\",\"datePublished\":\"2021-04-23T13:19:38+00:00\",\"dateModified\":\"2023-03-17T16:53:18+00:00\",\"description\":\"Selladora con puesta en vac\u00edo: para el envasado de bolsas y filmes con altas barreras y para el sellado de bolsas de mediano y grande tama\u00f1o.\",\"breadcrumb\":{\"@id\":\"https:\\\/\\\/www.bernhardt.fr\\\/es\\\/produit\\\/selladora-con-puesta-en-vacio\\\/#breadcrumb\"},\"inLanguage\":\"es\",\"potentialAction\":[{\"@type\":\"ReadAction\",\"target\":[\"https:\\\/\\\/www.bernhardt.fr\\\/es\\\/produit\\\/selladora-con-puesta-en-vacio\\\/\"]}]},{\"@type\":\"ImageObject\",\"inLanguage\":\"es\",\"@id\":\"https:\\\/\\\/www.bernhardt.fr\\\/es\\\/produit\\\/selladora-con-puesta-en-vacio\\\/#primaryimage\",\"url\":\"https:\\\/\\\/www.bernhardt.fr\\\/wp-content\\\/uploads\\\/MSB-MV-2.png\",\"contentUrl\":\"https:\\\/\\\/www.bernhardt.fr\\\/wp-content\\\/uploads\\\/MSB-MV-2.png\",\"width\":1200,\"height\":1200,\"caption\":\"BERNHARDT - Soudeuse \u00e0 Vide5\"},{\"@type\":\"BreadcrumbList\",\"@id\":\"https:\\\/\\\/www.bernhardt.fr\\\/es\\\/produit\\\/selladora-con-puesta-en-vacio\\\/#breadcrumb\",\"itemListElement\":[{\"@type\":\"ListItem\",\"position\":1,\"name\":\"Accueil\",\"item\":\"https:\\\/\\\/www.bernhardt.fr\\\/\"},{\"@type\":\"ListItem\",\"position\":2,\"name\":\"Produits\",\"item\":\"https:\\\/\\\/www.bernhardt.fr\\\/shop\\\/\"},{\"@type\":\"ListItem\",\"position\":3,\"name\":\"SELLADORA CON PUESTA EN VACIO\"}]},{\"@type\":\"WebSite\",\"@id\":\"https:\\\/\\\/www.bernhardt.fr\\\/#website\",\"url\":\"https:\\\/\\\/www.bernhardt.fr\\\/\",\"name\":\"BERNHARDT Packaging &amp; Process\",\"description\":\"fabricant fran\u00e7ais d\u2019emballages souples et de machines de conditionnement\",\"potentialAction\":[{\"@type\":\"SearchAction\",\"target\":{\"@type\":\"EntryPoint\",\"urlTemplate\":\"https:\\\/\\\/www.bernhardt.fr\\\/?s={search_term_string}\"},\"query-input\":{\"@type\":\"PropertyValueSpecification\",\"valueRequired\":true,\"valueName\":\"search_term_string\"}}],\"inLanguage\":\"es\"}]}<\/script>\n<!-- \/ Yoast SEO plugin. -->","yoast_head_json":{"title":"SELLADORA CON PUESTA EN VACIO - BERNHARDT Packaging &amp; Process","description":"Selladora con puesta en vac\u00edo: para el envasado de bolsas y filmes con altas barreras y para el sellado de bolsas de mediano y grande tama\u00f1o.","robots":{"index":"index","follow":"follow","max-snippet":"max-snippet:-1","max-image-preview":"max-image-preview:large","max-video-preview":"max-video-preview:-1"},"canonical":"https:\/\/www.bernhardt.fr\/es\/produit\/selladora-con-puesta-en-vacio\/","og_locale":"es_ES","og_type":"article","og_title":"SELLADORA CON PUESTA EN VACIO - BERNHARDT Packaging &amp; Process","og_description":"Selladora con puesta en vac\u00edo: para el envasado de bolsas y filmes con altas barreras y para el sellado de bolsas de mediano y grande tama\u00f1o.","og_url":"https:\/\/www.bernhardt.fr\/es\/produit\/selladora-con-puesta-en-vacio\/","og_site_name":"BERNHARDT Packaging &amp; Process","article_modified_time":"2023-03-17T16:53:18+00:00","og_image":[{"width":1200,"height":1200,"url":"https:\/\/www.bernhardt.fr\/wp-content\/uploads\/MSB-MV-2.png","type":"image\/png"}],"twitter_card":"summary_large_image","twitter_site":"@BERNHARDTPack","twitter_misc":{"Tiempo de lectura":"1 minuto"},"schema":{"@context":"https:\/\/schema.org","@graph":[{"@type":"WebPage","@id":"https:\/\/www.bernhardt.fr\/es\/produit\/selladora-con-puesta-en-vacio\/","url":"https:\/\/www.bernhardt.fr\/es\/produit\/selladora-con-puesta-en-vacio\/","name":"SELLADORA CON PUESTA EN VACIO - BERNHARDT Packaging &amp; Process","isPartOf":{"@id":"https:\/\/www.bernhardt.fr\/#website"},"primaryImageOfPage":{"@id":"https:\/\/www.bernhardt.fr\/es\/produit\/selladora-con-puesta-en-vacio\/#primaryimage"},"image":{"@id":"https:\/\/www.bernhardt.fr\/es\/produit\/selladora-con-puesta-en-vacio\/#primaryimage"},"thumbnailUrl":"https:\/\/www.bernhardt.fr\/wp-content\/uploads\/MSB-MV-2.png","datePublished":"2021-04-23T13:19:38+00:00","dateModified":"2023-03-17T16:53:18+00:00","description":"Selladora con puesta en vac\u00edo: para el envasado de bolsas y filmes con altas barreras y para el sellado de bolsas de mediano y grande tama\u00f1o.","breadcrumb":{"@id":"https:\/\/www.bernhardt.fr\/es\/produit\/selladora-con-puesta-en-vacio\/#breadcrumb"},"inLanguage":"es","potentialAction":[{"@type":"ReadAction","target":["https:\/\/www.bernhardt.fr\/es\/produit\/selladora-con-puesta-en-vacio\/"]}]},{"@type":"ImageObject","inLanguage":"es","@id":"https:\/\/www.bernhardt.fr\/es\/produit\/selladora-con-puesta-en-vacio\/#primaryimage","url":"https:\/\/www.bernhardt.fr\/wp-content\/uploads\/MSB-MV-2.png","contentUrl":"https:\/\/www.bernhardt.fr\/wp-content\/uploads\/MSB-MV-2.png","width":1200,"height":1200,"caption":"BERNHARDT - Soudeuse \u00e0 Vide5"},{"@type":"BreadcrumbList","@id":"https:\/\/www.bernhardt.fr\/es\/produit\/selladora-con-puesta-en-vacio\/#breadcrumb","itemListElement":[{"@type":"ListItem","position":1,"name":"Accueil","item":"https:\/\/www.bernhardt.fr\/"},{"@type":"ListItem","position":2,"name":"Produits","item":"https:\/\/www.bernhardt.fr\/shop\/"},{"@type":"ListItem","position":3,"name":"SELLADORA CON PUESTA EN VACIO"}]},{"@type":"WebSite","@id":"https:\/\/www.bernhardt.fr\/#website","url":"https:\/\/www.bernhardt.fr\/","name":"BERNHARDT Packaging &amp; Process","description":"fabricant fran\u00e7ais d\u2019emballages souples et de machines de conditionnement","potentialAction":[{"@type":"SearchAction","target":{"@type":"EntryPoint","urlTemplate":"https:\/\/www.bernhardt.fr\/?s={search_term_string}"},"query-input":{"@type":"PropertyValueSpecification","valueRequired":true,"valueName":"search_term_string"}}],"inLanguage":"es"}]}},"_links":{"self":[{"href":"https:\/\/www.bernhardt.fr\/es\/wp-json\/wp\/v2\/product\/10653","targetHints":{"allow":["GET"]}}],"collection":[{"href":"https:\/\/www.bernhardt.fr\/es\/wp-json\/wp\/v2\/product"}],"about":[{"href":"https:\/\/www.bernhardt.fr\/es\/wp-json\/wp\/v2\/types\/product"}],"wp:featuredmedia":[{"embeddable":true,"href":"https:\/\/www.bernhardt.fr\/es\/wp-json\/wp\/v2\/media\/9801"}],"wp:attachment":[{"href":"https:\/\/www.bernhardt.fr\/es\/wp-json\/wp\/v2\/media?parent=10653"}],"wp:term":[{"taxonomy":"product_brand","embeddable":true,"href":"https:\/\/www.bernhardt.fr\/es\/wp-json\/wp\/v2\/product_brand?post=10653"},{"taxonomy":"product_cat","embeddable":true,"href":"https:\/\/www.bernhardt.fr\/es\/wp-json\/wp\/v2\/product_cat?post=10653"},{"taxonomy":"product_tag","embeddable":true,"href":"https:\/\/www.bernhardt.fr\/es\/wp-json\/wp\/v2\/product_tag?post=10653"}],"curies":[{"name":"wp","href":"https:\/\/api.w.org\/{rel}","templated":true}]}}