{"id":12745,"date":"2021-05-03T09:33:17","date_gmt":"2021-05-03T09:33:17","guid":{"rendered":"https:\/\/www.bernhardt.fr\/?page_id=12745"},"modified":"2021-07-19T14:10:28","modified_gmt":"2021-07-19T14:10:28","slug":"valores-compromisos","status":"publish","type":"page","link":"https:\/\/www.bernhardt.fr\/es\/valores-compromisos\/","title":{"rendered":"Nuestros valores y compromisos"},"content":{"rendered":"<p>[et_pb_section fb_built=\u00bb1&#8243; _builder_version=\u00bb3.22.3&#8243; use_background_color_gradient=\u00bbon\u00bb background_color_gradient_start=\u00bb#edf1f0&#8243; background_color_gradient_end=\u00bb#ffffff\u00bb custom_padding=\u00bb30px|0px|0px|0px\u00bb][et_pb_row module_class=\u00bb et_pb_row_fullwidth\u00bb _builder_version=\u00bb3.25&#8243; background_size=\u00bbinitial\u00bb background_position=\u00bbtop_left\u00bb background_repeat=\u00bbrepeat\u00bb width=\u00bb90%\u00bb width_tablet=\u00bb80%\u00bb width_phone=\u00bb\u00bb width_last_edited=\u00bbon|desktop\u00bb max_width_tablet=\u00bb80%\u00bb max_width_phone=\u00bb\u00bb max_width_last_edited=\u00bbon|desktop\u00bb module_alignment=\u00bbcenter\u00bb make_fullwidth=\u00bbon\u00bb][et_pb_column type=\u00bb4_4&#8243; _builder_version=\u00bb3.25&#8243; custom_padding=\u00bb|||\u00bb custom_padding__hover=\u00bb|||\u00bb][et_pb_text _builder_version=\u00bb4.9.2&#8243; header_text_color=\u00bb#1c5c74&#8243;]<\/p>\n<h1 style=\"text-align: center\">Nuestros valores y compromisos<\/h1>\n<p>[\/et_pb_text][et_pb_divider color=\u00bb#edf1f0&#8243; _builder_version=\u00bb3.24&#8243; height=\u00bb0px\u00bb custom_margin=\u00bb||25px|\u00bb][\/et_pb_divider][\/et_pb_column][\/et_pb_row][\/et_pb_section][et_pb_section fb_built=\u00bb1&#8243; _builder_version=\u00bb3.24&#8243; module_alignment=\u00bbcenter\u00bb][et_pb_row _builder_version=\u00bb3.25&#8243; width=\u00bb90%\u00bb module_alignment=\u00bbcenter\u00bb][et_pb_column type=\u00bb4_4&#8243; _builder_version=\u00bb3.25&#8243; custom_padding=\u00bb|||\u00bb custom_padding__hover=\u00bb|||\u00bb][et_pb_blurb title=\u00bbEl \u00e9xito se hace posible con la colaboraci\u00f3n. El \u00e9xito tiene sentido \u00fanicamente en la colaboraci\u00f3n.\u00bb use_icon=\u00bbon\u00bb font_icon=\u00bb%%90%%\u00bb icon_color=\u00bb#31bcce\u00bb icon_placement=\u00bbleft\u00bb content_max_width=\u00bb65%\u00bb content_max_width_tablet=\u00bb75%\u00bb content_max_width_phone=\u00bb90%\u00bb content_max_width_last_edited=\u00bbon|phone\u00bb _builder_version=\u00bb4.9.2&#8243; header_font=\u00bb||on||||||\u00bb header_text_color=\u00bb#31bcce\u00bb header_font_size=\u00bb30px\u00bb header_line_height=\u00bb1.2em\u00bb][\/et_pb_blurb][et_pb_text _builder_version=\u00bb4.9.2&#8243; header_font=\u00bb||||||||\u00bb header_2_font=\u00bb||on||||||\u00bb header_2_text_align=\u00bbcenter\u00bb header_2_text_color=\u00bb#31bcce\u00bb header_2_line_height=\u00bb1.3em\u00bb]<\/p>\n<p style=\"text-align: justify\">BERNHARDT es una empresa familiar creada en 1956. Desde hace m\u00e1s de 60 a\u00f1os, nos comprometemos con nuestros empleados, nuestros clientes y con nuestros accionarios a seguir un procedimiento responsable. Nuestro desarrollo se caracteriza, entonces, por la proposici\u00f3n de soluciones innovadoras, asegurando la protecci\u00f3n de los productos condicionados en nuestros envases. De la misma forma, garantizamos la calidad y la eficacia de nuestras m\u00e1quinas y l\u00edneas de condicionamiento. Nuestro objetivo es seguir evolucionando en este camino, favoreciendo la excelencia de nuestros colaboradores, respetando la confianza de nuestros clientes y reduciendo nuestro impacto en el medio ambiente.<\/p>\n<p style=\"text-align: justify\">[\/et_pb_text][\/et_pb_column][\/et_pb_row][\/et_pb_section][et_pb_section fb_built=\u00bb1&#8243; specialty=\u00bbon\u00bb _builder_version=\u00bb3.24&#8243; module_alignment=\u00bbcenter\u00bb inner_width=\u00bb90%\u00bb inner_module_alignment=\u00bbcenter\u00bb custom_padding=\u00bb||30px|||\u00bb][et_pb_column type=\u00bb1_2&#8243; _builder_version=\u00bb3.25&#8243; custom_padding=\u00bb|||\u00bb custom_padding__hover=\u00bb|||\u00bb][et_pb_text _builder_version=\u00bb4.9.2&#8243; header_font=\u00bb||||||||\u00bb header_text_color=\u00bb#31bcce\u00bb header_2_font=\u00bb||||||||\u00bb header_2_text_color=\u00bb#1c5c74&#8243; header_2_font_size=\u00bb24px\u00bb header_2_line_height=\u00bb1.3em\u00bb header_3_font=\u00bb|||on|||||\u00bb header_3_text_color=\u00bb#31bcce\u00bb header_3_line_height=\u00bb1.3em\u00bb custom_margin=\u00bb|||4%\u00bb]<\/p>\n<h2>A diario, ponemos en el centro de nuestra acci\u00f3n los valores y compromisos siguientes:<\/h2>\n<p>&nbsp;<\/p>\n<h3><strong>Respeto y responsabilidad :<\/strong><\/h3>\n<p style=\"text-align: justify\">BERNHARDT lleva una visi\u00f3n hacia el futuro, orientada hacia un desarrollo permanente, duradero y responsable. Todo esto, respetando a nuestros empleados y nuestro medio ambiente.<\/p>\n<h3><strong>La satisfacci\u00f3n de nuestros clientes:<\/strong><\/h3>\n<p style=\"text-align: justify\">Un cliente satisfecho es un cliente con el cual construimos una relaci\u00f3n duradera, basada en una confianza mutua. Compartimos con nuestros clientes las competencias basadas en nuestros 60 a\u00f1os de experiencia. Por supuesto, tambi\u00e9n nos adaptamos a sus problem\u00e1ticas tray\u00e9ndoles lo antes posible soluciones innovadoras.<\/p>\n<h3><strong>Emprendimiento:<\/strong><\/h3>\n<p style=\"text-align: justify\">Sin\u00f3nimo de autonom\u00eda, de desaf\u00edos, de aventura, el esp\u00edritu de emprendimiento ocupa un lugar muy importante en BERNHARDT. Es un elemento clave de nuestra organizaci\u00f3n que se construye ante todo sobre la confianza en el individuo y en los talentos de cada uno.<\/p>\n<p>[\/et_pb_text][\/et_pb_column][et_pb_column type=\u00bb1_2&#8243; specialty_columns=\u00bb2&#8243; _builder_version=\u00bb3.25&#8243; custom_padding=\u00bb|||\u00bb custom_padding__hover=\u00bb|||\u00bb][et_pb_row_inner _builder_version=\u00bb3.25&#8243; custom_padding=\u00bb||15px|||\u00bb][et_pb_column_inner saved_specialty_column_type=\u00bb1_2&#8243; _builder_version=\u00bb3.25&#8243; custom_padding=\u00bb|||\u00bb custom_padding__hover=\u00bb|||\u00bb][et_pb_image src=\u00bbhttps:\/\/www.bernhardt.fr\/wp-content\/uploads\/Partage-BERNHARDT.jpg\u00bb align_tablet=\u00bbcenter\u00bb align_phone=\u00bb\u00bb align_last_edited=\u00bbon|desktop\u00bb _builder_version=\u00bb4.9.2&#8243; width_tablet=\u00bb\u00bb width_phone=\u00bb\u00bb width_last_edited=\u00bbon|desktop\u00bb max_width_tablet=\u00bb100%\u00bb max_width_phone=\u00bb\u00bb max_width_last_edited=\u00bbon|desktop\u00bb module_alignment=\u00bbcenter\u00bb custom_margin=\u00bb|5%||5%\u00bb][\/et_pb_image][\/et_pb_column_inner][\/et_pb_row_inner][et_pb_row_inner column_structure=\u00bb1_2,1_2&#8243; _builder_version=\u00bb3.25&#8243; custom_padding=\u00bb12px||16px|||\u00bb][et_pb_column_inner type=\u00bb1_2&#8243; saved_specialty_column_type=\u00bb1_2&#8243; _builder_version=\u00bb3.25&#8243; custom_padding=\u00bb|||\u00bb custom_padding__hover=\u00bb|||\u00bb][et_pb_image src=\u00bbhttps:\/\/www.bernhardt.fr\/wp-content\/uploads\/Logo-AFAQ_diaporama.png\u00bb align_tablet=\u00bbcenter\u00bb align_phone=\u00bb\u00bb align_last_edited=\u00bbon|desktop\u00bb _builder_version=\u00bb3.23&#8243; width=\u00bb99.8%\u00bb min_height=\u00bb247px\u00bb custom_padding=\u00bb||12px|0px||\u00bb][\/et_pb_image][\/et_pb_column_inner][et_pb_column_inner type=\u00bb1_2&#8243; saved_specialty_column_type=\u00bb1_2&#8243; _builder_version=\u00bb3.25&#8243; custom_padding=\u00bb|||\u00bb custom_padding__hover=\u00bb|||\u00bb][et_pb_image src=\u00bbhttps:\/\/www.bernhardt.fr\/wp-content\/uploads\/Afaq_14001-v2-1.png\u00bb align_tablet=\u00bbcenter\u00bb align_phone=\u00bb\u00bb align_last_edited=\u00bbon|desktop\u00bb _builder_version=\u00bb3.24&#8243; width=\u00bb84.4%\u00bb max_width=\u00bb100%\u00bb min_height=\u00bb240px\u00bb height=\u00bb100px\u00bb max_height=\u00bb604px\u00bb custom_margin=\u00bb1px||7px|||\u00bb custom_padding=\u00bb0px||5px|0px||\u00bb][\/et_pb_image][\/et_pb_column_inner][\/et_pb_row_inner][\/et_pb_column][\/et_pb_section]<\/p>\n","protected":false},"excerpt":{"rendered":"<p>Nuestros valores y compromisosBERNHARDT es una empresa familiar creada en 1956. Desde hace m\u00e1s de 60 a\u00f1os, nos comprometemos con nuestros empleados, nuestros clientes y con nuestros accionarios a seguir un procedimiento responsable. Nuestro desarrollo se caracteriza, entonces, por la proposici\u00f3n de soluciones innovadoras, asegurando la protecci\u00f3n de los productos condicionados en nuestros envases. De [&hellip;]<\/p>\n","protected":false},"author":11,"featured_media":0,"parent":0,"menu_order":3,"comment_status":"closed","ping_status":"closed","template":"","meta":{"_acf_changed":false,"_et_pb_use_builder":"on","_et_pb_old_content":"[et_pb_section fb_built=\"1\" _builder_version=\"3.22.3\" use_background_color_gradient=\"on\" background_color_gradient_start=\"#edf1f0\" background_color_gradient_end=\"#ffffff\" custom_padding=\"30px|0px|0px|0px\"][et_pb_row module_class=\" et_pb_row_fullwidth\" _builder_version=\"3.25\" background_size=\"initial\" background_position=\"top_left\" background_repeat=\"repeat\" width=\"90%\" width_tablet=\"80%\" width_phone=\"\" width_last_edited=\"on|desktop\" max_width_tablet=\"80%\" max_width_phone=\"\" max_width_last_edited=\"on|desktop\" module_alignment=\"center\" make_fullwidth=\"on\"][et_pb_column type=\"4_4\" _builder_version=\"3.25\" custom_padding=\"|||\" custom_padding__hover=\"|||\"][et_pb_text _builder_version=\"3.27.4\" header_text_color=\"#1c5c74\"]<h1 style=\"text-align: center\">Nos valeurs et engagements<\/h1>[\/et_pb_text][et_pb_divider color=\"#edf1f0\" _builder_version=\"3.24\" height=\"0px\" custom_margin=\"||25px|\"][\/et_pb_divider][\/et_pb_column][\/et_pb_row][\/et_pb_section][et_pb_section fb_built=\"1\" _builder_version=\"3.24\" module_alignment=\"center\"][et_pb_row _builder_version=\"3.25\" width=\"90%\" module_alignment=\"center\"][et_pb_column type=\"4_4\" _builder_version=\"3.25\" custom_padding=\"|||\" custom_padding__hover=\"|||\"][et_pb_blurb title=\"La r\u00e9ussite n\u2019est possible que par le partage. La r\u00e9ussite n\u2019a de sens que dans le partage.\" use_icon=\"on\" font_icon=\"%%90%%\" icon_color=\"#31bcce\" icon_placement=\"left\" content_max_width=\"65%\" content_max_width_tablet=\"75%\" content_max_width_phone=\"90%\" content_max_width_last_edited=\"on|phone\" _builder_version=\"3.24\" header_font=\"||on||||||\" header_text_color=\"#31bcce\" header_font_size=\"30px\" header_line_height=\"1.2em\"][\/et_pb_blurb][et_pb_text _builder_version=\"3.27.4\" header_font=\"||||||||\" header_2_font=\"||on||||||\" header_2_text_align=\"center\" header_2_text_color=\"#31bcce\" header_2_line_height=\"1.3em\"]<p style=\"text-align: justify\">BERNHARDT est une soci\u00e9t\u00e9 familiale cr\u00e9\u00e9e en 1956. Depuis plus de 60 ans, nous nous engageons vis-\u00e0-vis de nos salari\u00e9s, de nos clients et de nos actionnaires \u00e0 suivre une d\u00e9marche responsable. Notre d\u00e9veloppement se caract\u00e9rise donc par la proposition de solutions innovantes, assurant la protection des produits conditionn\u00e9s dans nos emballages.\u00a0De m\u00eame, nous garantissons la qualit\u00e9 et l\u2019efficacit\u00e9 de nos machines et lignes de conditionnement. Notre objectif est donc de continuer dans cette voie, en favorisant l\u2019excellence de nos collaborateurs, en respectant la confiance de nos clients et en minimisant notre impact environnemental.<\/p>\r\n<p style=\"text-align: justify\"><\/p>[\/et_pb_text][\/et_pb_column][\/et_pb_row][\/et_pb_section][et_pb_section fb_built=\"1\" specialty=\"on\" _builder_version=\"3.24\" module_alignment=\"center\" inner_width=\"90%\" inner_module_alignment=\"center\" custom_padding=\"||30px|||\"][et_pb_column type=\"1_2\" _builder_version=\"3.25\" custom_padding=\"|||\" custom_padding__hover=\"|||\"][et_pb_text _builder_version=\"3.27.4\" header_font=\"||||||||\" header_text_color=\"#31bcce\" header_2_font=\"||||||||\" header_2_text_color=\"#1c5c74\" header_2_font_size=\"24px\" header_2_line_height=\"1.3em\" header_3_font=\"|||on|||||\" header_3_text_color=\"#31bcce\" header_3_line_height=\"1.3em\" custom_margin=\"|||4%\"]<h2>Au quotidien, nous mettons au c\u0153ur de notre action les valeurs et engagements suivantes :<\/h2>\r\n<p>\u00a0<\/p>\r\n<h3><strong>Respect et Responsabilit\u00e9 : <\/strong><\/h3>\r\n<p style=\"text-align: justify\">BERNHARDT est port\u00e9e par une vision \u00e0 long terme, ax\u00e9e sur un d\u00e9veloppement p\u00e9renne, durable et responsable. Tout cela dans le respect de nos salari\u00e9s et de notre environnement.<\/p>\r\n<h3><strong>Satisfaction clients : <\/strong><\/h3>\r\n<p style=\"text-align: justify\">Un client satisfait est un client avec lequel nous construisons une relation dans la dur\u00e9e, assise sur une confiance mutuelle. Nous partageons avec nos clients les comp\u00e9tences issues de nos soixante ans d\u2019exp\u00e9rience. Bien s\u00fbr, nous nous adaptons \u00e9galement \u00e0 leurs probl\u00e9matiques en leur apportant d\u00e8s que c\u2019est possible des solutions innovantes.<\/p>\r\n<h3><strong>Entrepreneuriat : <\/strong><\/h3>\r\n<p style=\"text-align: justify\">Synonyme d\u2019autonomie,de challenge, d\u2019aventure, l\u2019esprit d\u2019entreprendre occupe une place importante chez BERNHARDT. C\u2019est un \u00e9l\u00e9ment cl\u00e9 de notre organisation qui se construit avant tout sur la confiance dans l\u2019individu et dans les talents de chacun.<\/p>[\/et_pb_text][\/et_pb_column][et_pb_column type=\"1_2\" specialty_columns=\"2\" _builder_version=\"3.25\" custom_padding=\"|||\" custom_padding__hover=\"|||\"][et_pb_row_inner _builder_version=\"3.25\" custom_padding=\"||15px|||\"][et_pb_column_inner saved_specialty_column_type=\"1_2\" _builder_version=\"3.25\" custom_padding=\"|||\" custom_padding__hover=\"|||\"][et_pb_image src=\"https:\/\/www.bernhardt.fr\/wp-content\/uploads\/Partage-BERNHARDT.jpg\" align_tablet=\"center\" align_phone=\"\" align_last_edited=\"on|desktop\" _builder_version=\"3.24\" width_tablet=\"\" width_phone=\"\" width_last_edited=\"on|desktop\" max_width_tablet=\"100%\" max_width_phone=\"\" max_width_last_edited=\"on|desktop\" module_alignment=\"center\" custom_margin=\"|5%||5%\"][\/et_pb_image][\/et_pb_column_inner][\/et_pb_row_inner][et_pb_row_inner column_structure=\"1_2,1_2\" _builder_version=\"3.25\" custom_padding=\"12px||16px|||\"][et_pb_column_inner type=\"1_2\" saved_specialty_column_type=\"1_2\" _builder_version=\"3.25\" custom_padding=\"|||\" custom_padding__hover=\"|||\"][et_pb_image src=\"https:\/\/www.bernhardt.fr\/wp-content\/uploads\/Logo-AFAQ_diaporama.png\" align_tablet=\"center\" align_phone=\"\" align_last_edited=\"on|desktop\" _builder_version=\"3.23\" width=\"99.8%\" min_height=\"247px\" custom_padding=\"||12px|0px||\"][\/et_pb_image][\/et_pb_column_inner][et_pb_column_inner type=\"1_2\" saved_specialty_column_type=\"1_2\" _builder_version=\"3.25\" custom_padding=\"|||\" custom_padding__hover=\"|||\"][et_pb_image src=\"https:\/\/www.bernhardt.fr\/wp-content\/uploads\/Afaq_14001-v2-1.png\" align_tablet=\"center\" align_phone=\"\" align_last_edited=\"on|desktop\" _builder_version=\"3.24\" width=\"84.4%\" max_width=\"100%\" min_height=\"240px\" height=\"100px\" max_height=\"604px\" custom_margin=\"1px||7px|||\" custom_padding=\"0px||5px|0px||\"][\/et_pb_image][\/et_pb_column_inner][\/et_pb_row_inner][\/et_pb_column][\/et_pb_section]","_et_gb_content_width":"","footnotes":""},"class_list":["post-12745","page","type-page","status-publish","hentry"],"acf":[],"yoast_head":"<!-- This site is optimized with the Yoast SEO plugin v27.2 - https:\/\/yoast.com\/product\/yoast-seo-wordpress\/ -->\n<title>Nuestros valores y compromisos - BERNHARDT Packaging &amp; Process<\/title>\n<meta name=\"description\" content=\"Valores y compromisos : BERNHARDT es comprometida en un desarrollo Calidad Seguridad Medio ambiente para obtener una certificaci\u00f3n ISO 9001 y ISO 14001.\" \/>\n<meta name=\"robots\" content=\"index, follow, max-snippet:-1, max-image-preview:large, max-video-preview:-1\" \/>\n<link rel=\"canonical\" href=\"https:\/\/www.bernhardt.fr\/es\/valores-compromisos\/\" \/>\n<meta property=\"og:locale\" content=\"es_ES\" \/>\n<meta property=\"og:type\" content=\"article\" \/>\n<meta property=\"og:title\" content=\"Nuestros valores y compromisos - BERNHARDT Packaging &amp; Process\" \/>\n<meta property=\"og:description\" content=\"Valores y compromisos : BERNHARDT es comprometida en un desarrollo Calidad Seguridad Medio ambiente para obtener una certificaci\u00f3n ISO 9001 y ISO 14001.\" \/>\n<meta property=\"og:url\" content=\"https:\/\/www.bernhardt.fr\/es\/valores-compromisos\/\" \/>\n<meta property=\"og:site_name\" content=\"BERNHARDT Packaging &amp; Process\" \/>\n<meta property=\"article:modified_time\" content=\"2021-07-19T14:10:28+00:00\" \/>\n<meta name=\"twitter:card\" content=\"summary_large_image\" \/>\n<meta name=\"twitter:site\" content=\"@BERNHARDTPack\" \/>\n<meta name=\"twitter:label1\" content=\"Tiempo de lectura\" \/>\n\t<meta name=\"twitter:data1\" content=\"4 minutos\" \/>\n<script type=\"application\/ld+json\" class=\"yoast-schema-graph\">{\"@context\":\"https:\/\/schema.org\",\"@graph\":[{\"@type\":\"WebPage\",\"@id\":\"https:\/\/www.bernhardt.fr\/es\/valores-compromisos\/\",\"url\":\"https:\/\/www.bernhardt.fr\/es\/valores-compromisos\/\",\"name\":\"Nuestros valores y compromisos - BERNHARDT Packaging &amp; Process\",\"isPartOf\":{\"@id\":\"https:\/\/www.bernhardt.fr\/#website\"},\"datePublished\":\"2021-05-03T09:33:17+00:00\",\"dateModified\":\"2021-07-19T14:10:28+00:00\",\"description\":\"Valores y compromisos : BERNHARDT es comprometida en un desarrollo Calidad Seguridad Medio ambiente para obtener una certificaci\u00f3n ISO 9001 y ISO 14001.\",\"breadcrumb\":{\"@id\":\"https:\/\/www.bernhardt.fr\/es\/valores-compromisos\/#breadcrumb\"},\"inLanguage\":\"es\",\"potentialAction\":[{\"@type\":\"ReadAction\",\"target\":[\"https:\/\/www.bernhardt.fr\/es\/valores-compromisos\/\"]}]},{\"@type\":\"BreadcrumbList\",\"@id\":\"https:\/\/www.bernhardt.fr\/es\/valores-compromisos\/#breadcrumb\",\"itemListElement\":[{\"@type\":\"ListItem\",\"position\":1,\"name\":\"Accueil\",\"item\":\"https:\/\/www.bernhardt.fr\/\"},{\"@type\":\"ListItem\",\"position\":2,\"name\":\"Nuestros valores y compromisos\"}]},{\"@type\":\"WebSite\",\"@id\":\"https:\/\/www.bernhardt.fr\/#website\",\"url\":\"https:\/\/www.bernhardt.fr\/\",\"name\":\"BERNHARDT Packaging &amp; Process\",\"description\":\"fabricant fran\u00e7ais d\u2019emballages souples et de machines de conditionnement\",\"potentialAction\":[{\"@type\":\"SearchAction\",\"target\":{\"@type\":\"EntryPoint\",\"urlTemplate\":\"https:\/\/www.bernhardt.fr\/?s={search_term_string}\"},\"query-input\":{\"@type\":\"PropertyValueSpecification\",\"valueRequired\":true,\"valueName\":\"search_term_string\"}}],\"inLanguage\":\"es\"}]}<\/script>\n<!-- \/ Yoast SEO plugin. -->","yoast_head_json":{"title":"Nuestros valores y compromisos - BERNHARDT Packaging &amp; Process","description":"Valores y compromisos : BERNHARDT es comprometida en un desarrollo Calidad Seguridad Medio ambiente para obtener una certificaci\u00f3n ISO 9001 y ISO 14001.","robots":{"index":"index","follow":"follow","max-snippet":"max-snippet:-1","max-image-preview":"max-image-preview:large","max-video-preview":"max-video-preview:-1"},"canonical":"https:\/\/www.bernhardt.fr\/es\/valores-compromisos\/","og_locale":"es_ES","og_type":"article","og_title":"Nuestros valores y compromisos - BERNHARDT Packaging &amp; Process","og_description":"Valores y compromisos : BERNHARDT es comprometida en un desarrollo Calidad Seguridad Medio ambiente para obtener una certificaci\u00f3n ISO 9001 y ISO 14001.","og_url":"https:\/\/www.bernhardt.fr\/es\/valores-compromisos\/","og_site_name":"BERNHARDT Packaging &amp; Process","article_modified_time":"2021-07-19T14:10:28+00:00","twitter_card":"summary_large_image","twitter_site":"@BERNHARDTPack","twitter_misc":{"Tiempo de lectura":"4 minutos"},"schema":{"@context":"https:\/\/schema.org","@graph":[{"@type":"WebPage","@id":"https:\/\/www.bernhardt.fr\/es\/valores-compromisos\/","url":"https:\/\/www.bernhardt.fr\/es\/valores-compromisos\/","name":"Nuestros valores y compromisos - BERNHARDT Packaging &amp; Process","isPartOf":{"@id":"https:\/\/www.bernhardt.fr\/#website"},"datePublished":"2021-05-03T09:33:17+00:00","dateModified":"2021-07-19T14:10:28+00:00","description":"Valores y compromisos : BERNHARDT es comprometida en un desarrollo Calidad Seguridad Medio ambiente para obtener una certificaci\u00f3n ISO 9001 y ISO 14001.","breadcrumb":{"@id":"https:\/\/www.bernhardt.fr\/es\/valores-compromisos\/#breadcrumb"},"inLanguage":"es","potentialAction":[{"@type":"ReadAction","target":["https:\/\/www.bernhardt.fr\/es\/valores-compromisos\/"]}]},{"@type":"BreadcrumbList","@id":"https:\/\/www.bernhardt.fr\/es\/valores-compromisos\/#breadcrumb","itemListElement":[{"@type":"ListItem","position":1,"name":"Accueil","item":"https:\/\/www.bernhardt.fr\/"},{"@type":"ListItem","position":2,"name":"Nuestros valores y compromisos"}]},{"@type":"WebSite","@id":"https:\/\/www.bernhardt.fr\/#website","url":"https:\/\/www.bernhardt.fr\/","name":"BERNHARDT Packaging &amp; Process","description":"fabricant fran\u00e7ais d\u2019emballages souples et de machines de conditionnement","potentialAction":[{"@type":"SearchAction","target":{"@type":"EntryPoint","urlTemplate":"https:\/\/www.bernhardt.fr\/?s={search_term_string}"},"query-input":{"@type":"PropertyValueSpecification","valueRequired":true,"valueName":"search_term_string"}}],"inLanguage":"es"}]}},"_links":{"self":[{"href":"https:\/\/www.bernhardt.fr\/es\/wp-json\/wp\/v2\/pages\/12745","targetHints":{"allow":["GET"]}}],"collection":[{"href":"https:\/\/www.bernhardt.fr\/es\/wp-json\/wp\/v2\/pages"}],"about":[{"href":"https:\/\/www.bernhardt.fr\/es\/wp-json\/wp\/v2\/types\/page"}],"author":[{"embeddable":true,"href":"https:\/\/www.bernhardt.fr\/es\/wp-json\/wp\/v2\/users\/11"}],"replies":[{"embeddable":true,"href":"https:\/\/www.bernhardt.fr\/es\/wp-json\/wp\/v2\/comments?post=12745"}],"version-history":[{"count":9,"href":"https:\/\/www.bernhardt.fr\/es\/wp-json\/wp\/v2\/pages\/12745\/revisions"}],"predecessor-version":[{"id":15559,"href":"https:\/\/www.bernhardt.fr\/es\/wp-json\/wp\/v2\/pages\/12745\/revisions\/15559"}],"wp:attachment":[{"href":"https:\/\/www.bernhardt.fr\/es\/wp-json\/wp\/v2\/media?parent=12745"}],"curies":[{"name":"wp","href":"https:\/\/api.w.org\/{rel}","templated":true}]}}