{"id":10742,"date":"2021-04-29T10:11:01","date_gmt":"2021-04-29T10:11:01","guid":{"rendered":"https:\/\/www.bernhardt.fr\/?page_id=10742"},"modified":"2021-07-09T08:27:35","modified_gmt":"2021-07-09T08:27:35","slug":"contacto","status":"publish","type":"page","link":"https:\/\/www.bernhardt.fr\/es\/contacto\/","title":{"rendered":"CONTACTO"},"content":{"rendered":"<p>[et_pb_section fb_built=\u00bb1&#8243; _builder_version=\u00bb3.22.3&#8243; use_background_color_gradient=\u00bbon\u00bb background_color_gradient_start=\u00bb#edf1f0&#8243; background_color_gradient_end=\u00bb#ffffff\u00bb custom_padding=\u00bb30px|0px|0px|0px\u00bb][et_pb_row _builder_version=\u00bb3.25&#8243; background_size=\u00bbinitial\u00bb background_position=\u00bbtop_left\u00bb background_repeat=\u00bbrepeat\u00bb][et_pb_column type=\u00bb4_4&#8243; _builder_version=\u00bb3.25&#8243; custom_padding=\u00bb|||\u00bb custom_padding__hover=\u00bb|||\u00bb][et_pb_text _builder_version=\u00bb4.9.2&#8243; header_text_color=\u00bb#1c5c74&#8243;]<\/p>\n<h1 style=\"text-align: center\">\u00a1Cont\u00e1ctennos!<\/h1>\n<p>[\/et_pb_text][et_pb_divider show_divider=\u00bboff\u00bb _builder_version=\u00bb4.9.2&#8243; height=\u00bb0px\u00bb custom_margin=\u00bb||25px|\u00bb custom_padding=\u00bb|||\u00bb][\/et_pb_divider][\/et_pb_column][\/et_pb_row][\/et_pb_section][et_pb_section fb_built=\u00bb1&#8243; _builder_version=\u00bb3.22.3&#8243; custom_padding=\u00bb30px|0px|30px|0px\u00bb][et_pb_row column_structure=\u00bb2_3,1_3&#8243; _builder_version=\u00bb3.25&#8243; background_size=\u00bbinitial\u00bb background_position=\u00bbtop_left\u00bb background_repeat=\u00bbrepeat\u00bb custom_padding=\u00bb0px|0px|30px|0px\u00bb][et_pb_column type=\u00bb2_3&#8243; _builder_version=\u00bb3.25&#8243; custom_padding=\u00bb|||\u00bb custom_padding__hover=\u00bb|||\u00bb][et_pb_text _builder_version=\u00bb4.9.2&#8243; header_font=\u00bb|700||on|||||\u00bb header_text_color=\u00bb#31bcce\u00bb header_font_size=\u00bb24px\u00bb header_letter_spacing=\u00bb1px\u00bb header_line_height=\u00bb1.4em\u00bb]<\/p>\n<h1>\u00bfTiene un proyecto? \u00bfQuiere m\u00e1s informaciones sobre nuestra empresa?<\/h1>\n<p>\u00bfDesea recibir m\u00e1s documentaci\u00f3n sobre nuestros envases flexibles industriales y nuestras m\u00e1quinas de condicionamiento?[\/et_pb_text][et_pb_code _builder_version=\u00bb4.9.2&#8243; hover_enabled=\u00bb0&#8243; sticky_enabled=\u00bb0&#8243;]\n<div class=\"wpcf7 no-js\" id=\"wpcf7-f12780-o1\" lang=\"fr-FR\" dir=\"ltr\" data-wpcf7-id=\"12780\">\n<div class=\"screen-reader-response\"><p role=\"status\" aria-live=\"polite\" aria-atomic=\"true\"><\/p> <ul><\/ul><\/div>\n<form action=\"\/es\/wp-json\/wp\/v2\/pages\/10742#wpcf7-f12780-o1\" method=\"post\" class=\"wpcf7-form init\" aria-label=\"Formulaire de contact\" novalidate=\"novalidate\" data-status=\"init\">\n<fieldset class=\"hidden-fields-container\"><input type=\"hidden\" name=\"_wpcf7\" value=\"12780\" \/><input type=\"hidden\" name=\"_wpcf7_version\" value=\"6.1.5\" \/><input type=\"hidden\" name=\"_wpcf7_locale\" value=\"fr_FR\" \/><input type=\"hidden\" name=\"_wpcf7_unit_tag\" value=\"wpcf7-f12780-o1\" \/><input type=\"hidden\" name=\"_wpcf7_container_post\" value=\"0\" \/><input type=\"hidden\" name=\"_wpcf7_posted_data_hash\" value=\"\" \/><input type=\"hidden\" name=\"_wpcf7dtx_version\" value=\"5.0.5\" \/><input type=\"hidden\" name=\"_wpcf7_recaptcha_response\" value=\"\" \/>\n<\/fieldset>\n<div class=\"et_pb_contact et_pb_contact_form_0 et_pb_contact_form et_pb_contact_form_container et_pb_module\">\n\t<h2 class=\"et_pb_contact_main_title\">Rellene este formulario, le contestaremos pronto.\n\t<\/h2>\n\t<p class=\"et_pb_contact_field et_pb_contact_field_0 et_pb_contact_field_half\"><span class=\"wpcf7-form-control-wrap\" data-name=\"nom\"><input size=\"40\" maxlength=\"400\" class=\"wpcf7-form-control wpcf7-text wpcf7-validates-as-required input f-name\" aria-required=\"true\" aria-invalid=\"false\" placeholder=\"Nombre y Apellido*\" value=\"\" type=\"text\" name=\"nom\" \/><\/span>\n\t<\/p>\n\t<p class=\"et_pb_contact_field et_pb_contact_field_0 et_pb_contact_field_half\"><span class=\"wpcf7-form-control-wrap\" data-name=\"entreprise\"><input size=\"40\" maxlength=\"400\" class=\"wpcf7-form-control wpcf7-text wpcf7-validates-as-required input f-entreprise\" aria-required=\"true\" aria-invalid=\"false\" placeholder=\"Empresa*\" value=\"\" type=\"text\" name=\"entreprise\" \/><\/span>\n\t<\/p>\n\t<p class=\"et_pb_contact_field et_pb_contact_field_0 et_pb_contact_field_half et_pb_contact_field_last\"\"><span class=\"wpcf7-form-control-wrap\" data-name=\"email\"><input size=\"40\" maxlength=\"400\" class=\"wpcf7-form-control wpcf7-email wpcf7-validates-as-required wpcf7-text wpcf7-validates-as-email input f-email\" aria-required=\"true\" aria-invalid=\"false\" placeholder=\"Correo electr\u00f3nico*\" value=\"\" type=\"email\" name=\"email\" \/><\/span>\n\t<\/p>\n\t<p class=\"et_pb_contact_field et_pb_contact_field_4 et_pb_contact_field_last\"><span class=\"wpcf7-form-control-wrap\" data-name=\"Message\"><textarea cols=\"40\" rows=\"10\" maxlength=\"2000\" class=\"wpcf7-form-control wpcf7-textarea wpcf7-validates-as-required input f-message\" aria-required=\"true\" aria-invalid=\"false\" placeholder=\"Mensaje*\" name=\"Message\"><\/textarea><\/span>\n\t<\/p>\n\t<div class=\"et_contact_bottom_container\">\n\t\t<p><input class=\"wpcf7-form-control wpcf7-submit has-spinner et_pb_contact_submit et_pb_button\" type=\"submit\" value=\"ENVIAR\" \/>\n\t\t<\/p>\n\t<\/div>\n<\/div><p style=\"display: none !important;\" class=\"akismet-fields-container\" data-prefix=\"_wpcf7_ak_\"><label>&#916;<textarea name=\"_wpcf7_ak_hp_textarea\" cols=\"45\" rows=\"8\" maxlength=\"100\"><\/textarea><\/label><input type=\"hidden\" id=\"ak_js_1\" name=\"_wpcf7_ak_js\" value=\"246\"\/><script>document.getElementById( \"ak_js_1\" ).setAttribute( \"value\", ( new Date() ).getTime() );<\/script><\/p><input type='hidden' class='wpcf7-pum' value='{\"closepopup\":false,\"closedelay\":0,\"openpopup\":false,\"openpopup_id\":0}' \/><div class=\"wpcf7-response-output\" aria-hidden=\"true\"><\/div>\n<\/form>\n<\/div>\n[\/et_pb_code][\/et_pb_column][et_pb_column type=\u00bb1_3&#8243; _builder_version=\u00bb3.25&#8243; custom_padding=\u00bb|||\u00bb custom_padding__hover=\u00bb|||\u00bb][et_pb_image src=\u00bbhttps:\/\/www.bernhardt.fr\/wp-content\/uploads\/2018\/04\/logo_bernhardt.png\u00bb align_tablet=\u00bbcenter\u00bb align_phone=\u00bb\u00bb align_last_edited=\u00bbon|desktop\u00bb _builder_version=\u00bb4.9.2&#8243;][\/et_pb_image][et_pb_text admin_label=\u00bbText\u00bb _builder_version=\u00bb4.9.2&#8243; text_font=\u00bb||||||||\u00bb text_line_height=\u00bb1.3em\u00bb link_text_align=\u00bbleft\u00bb link_text_color=\u00bb#4c6467&#8243; header_font=\u00bb||||||||\u00bb header_2_font=\u00bb||||||||\u00bb header_2_text_color=\u00bb#31bcce\u00bb header_2_font_size=\u00bb21px\u00bb header_3_font=\u00bb||||||||\u00bb header_3_text_color=\u00bb#1c5c74&#8243; header_3_font_size=\u00bb18px\u00bb header_4_text_color=\u00bb#4c6467&#8243; header_4_line_height=\u00bb0.8em\u00bb background_size=\u00bbinitial\u00bb background_position=\u00bbtop_left\u00bb background_repeat=\u00bbrepeat\u00bb max_width=\u00bb84%\u00bb module_alignment=\u00bbright\u00bb]<\/p>\n<h4>18 Z.I. de la Tr\u00e9sorerie<\/h4>\n<h4>62126 Wimille FRANCE<\/h4>\n<p>&nbsp;<\/p>\n<h2>Recepci\u00f3n<\/h2>\n<h3><strong>+33 (0)3 21 10 15 00 <\/strong><\/h3>\n<p>&nbsp;<\/p>\n<h2>SERVICIO COMERCIAL<\/h2>\n<h3><strong>+33 (0)3 21 10 15 08<\/strong><\/h3>\n<p><a href=\"mailto:bdt@bernhardt.fr\">bdt@bernhardt.fr<\/a><\/p>\n<p>&nbsp;<\/p>\n<h2>SERVICIO POSTVENTA<\/h2>\n<h3><strong>+33 (0)3 21 10 15 05<\/strong><\/h3>\n<p>[\/et_pb_text][et_pb_divider color=\u00bb#edf1f0&#8243; _builder_version=\u00bb3.19.12&#8243; max_width=\u00bb70%\u00bb module_alignment=\u00bbcenter\u00bb][\/et_pb_divider][et_pb_text admin_label=\u00bbText\u00bb _builder_version=\u00bb4.9.2&#8243; text_font=\u00bb||||||||\u00bb text_line_height=\u00bb1.3em\u00bb link_text_align=\u00bbleft\u00bb link_text_color=\u00bb#4c6467&#8243; header_2_text_color=\u00bb#31bcce\u00bb header_2_font_size=\u00bb21px\u00bb header_3_text_color=\u00bb#1c5c74&#8243; header_3_font_size=\u00bb18px\u00bb header_4_text_color=\u00bb#4c6467&#8243; header_4_line_height=\u00bb0.8em\u00bb background_size=\u00bbinitial\u00bb background_position=\u00bbtop_left\u00bb background_repeat=\u00bbrepeat\u00bb max_width=\u00bb84%\u00bb module_alignment=\u00bbright\u00bb]<\/p>\n<h2>Horario<\/h2>\n<p>Del lunes a jueves 8:00 \u2013 12:00 \/ 14:00 \u2013 18:00,<br \/>\nViernes 8:00 \u2013 15:00[\/et_pb_text][\/et_pb_column][\/et_pb_row][\/et_pb_section][et_pb_section fb_built=\u00bb1&#8243; _builder_version=\u00bb3.22.3&#8243; background_color=\u00bb#edf1f0&#8243; custom_padding=\u00bb28px|0px|26px|0px\u00bb][et_pb_row _builder_version=\u00bb3.25&#8243; background_color=\u00bb#edf1f0&#8243;][et_pb_column type=\u00bb4_4&#8243; _builder_version=\u00bb3.25&#8243; background_color=\u00bb#edf1f0&#8243; custom_padding=\u00bb|||\u00bb custom_padding__hover=\u00bb|||\u00bb][et_pb_text _builder_version=\u00bb4.9.2&#8243; text_font=\u00bb||||||||\u00bb header_font=\u00bb||||||||\u00bb header_text_color=\u00bb#1c5c74&#8243; header_line_height=\u00bb1.2em\u00bb background_color=\u00bb#edf1f0&#8243;]<\/p>\n<h1 style=\"text-align: center\">\u00a1La empresa BERNHARDT, en el coraz\u00f3n de Europa!<\/h1>\n<h4 style=\"text-align: center\">Una situaci\u00f3n geogr\u00e1fica id\u00f3nea con infraestructuras viales, ferroviarias y portuar\u00edas importantes<\/h4>\n<p>[\/et_pb_text][\/et_pb_column][\/et_pb_row][\/et_pb_section][et_pb_section fb_built=\u00bb1&#8243; fullwidth=\u00bbon\u00bb _builder_version=\u00bb3.22.3&#8243; custom_padding=\u00bb0px|0px|0px|0px\u00bb][et_pb_fullwidth_map address=\u00bb18 Route de la Tr\u00e9sorerie, 62126 Wimille, France\u00bb zoom_level=\u00bb7&#8243; address_lat=\u00bb50.7702305&#8243; address_lng=\u00bb1.6409105999999838&#8243; admin_label=\u00bbFullwidth Map\u00bb _builder_version=\u00bb4.9.2&#8243;][et_pb_map_pin title=\u00bbBERNHARDT \u00bb pin_address=\u00bb18 Route de la Tr\u00e9sorerie, 62126 Wimille, France\u00bb pin_address_lat=\u00bb50.7702305&#8243; pin_address_lng=\u00bb1.6409105999999838&#8243; _builder_version=\u00bb3.0.95&#8243;]PACKAGING &amp; PROCESS [\/et_pb_map_pin][\/et_pb_fullwidth_map][\/et_pb_section]<\/p>\n","protected":false},"excerpt":{"rendered":"<p>\u00a1Cont\u00e1ctennos!\u00bfTiene un proyecto? \u00bfQuiere m\u00e1s informaciones sobre nuestra empresa? \u00bfDesea recibir m\u00e1s documentaci\u00f3n sobre nuestros envases flexibles industriales y nuestras m\u00e1quinas de condicionamiento?\n<div class=\"wpcf7 no-js\" id=\"wpcf7-f12780-o2\" lang=\"fr-FR\" dir=\"ltr\" data-wpcf7-id=\"12780\">\n<div class=\"screen-reader-response\"><p role=\"status\" aria-live=\"polite\" aria-atomic=\"true\"><\/p> <ul><\/ul><\/div>\n<form action=\"\/es\/wp-json\/wp\/v2\/pages\/10742#wpcf7-f12780-o2\" method=\"post\" class=\"wpcf7-form init\" aria-label=\"Formulaire de contact\" novalidate=\"novalidate\" data-status=\"init\">\n<fieldset class=\"hidden-fields-container\"><input type=\"hidden\" name=\"_wpcf7\" value=\"12780\" \/><input type=\"hidden\" name=\"_wpcf7_version\" value=\"6.1.5\" \/><input type=\"hidden\" name=\"_wpcf7_locale\" value=\"fr_FR\" \/><input type=\"hidden\" name=\"_wpcf7_unit_tag\" value=\"wpcf7-f12780-o2\" \/><input type=\"hidden\" name=\"_wpcf7_container_post\" value=\"0\" \/><input type=\"hidden\" name=\"_wpcf7_posted_data_hash\" value=\"\" \/><input type=\"hidden\" name=\"_wpcf7dtx_version\" value=\"5.0.5\" \/><input type=\"hidden\" name=\"_wpcf7_recaptcha_response\" value=\"\" \/>\n<\/fieldset>\n<div class=\"et_pb_contact et_pb_contact_form_0 et_pb_contact_form et_pb_contact_form_container et_pb_module\">\n\t<h2 class=\"et_pb_contact_main_title\">Rellene este formulario, le contestaremos pronto.\n\t<\/h2>\n\t<p class=\"et_pb_contact_field et_pb_contact_field_0 et_pb_contact_field_half\"><span class=\"wpcf7-form-control-wrap\" data-name=\"nom\"><input size=\"40\" maxlength=\"400\" class=\"wpcf7-form-control wpcf7-text wpcf7-validates-as-required input f-name\" aria-required=\"true\" aria-invalid=\"false\" placeholder=\"Nombre y Apellido*\" value=\"\" type=\"text\" name=\"nom\" \/><\/span>\n\t<\/p>\n\t<p class=\"et_pb_contact_field et_pb_contact_field_0 et_pb_contact_field_half\"><span class=\"wpcf7-form-control-wrap\" data-name=\"entreprise\"><input size=\"40\" maxlength=\"400\" class=\"wpcf7-form-control wpcf7-text wpcf7-validates-as-required input f-entreprise\" aria-required=\"true\" aria-invalid=\"false\" placeholder=\"Empresa*\" value=\"\" type=\"text\" name=\"entreprise\" \/><\/span>\n\t<\/p>\n\t<p class=\"et_pb_contact_field et_pb_contact_field_0 et_pb_contact_field_half et_pb_contact_field_last\"\"><span class=\"wpcf7-form-control-wrap\" data-name=\"email\"><input size=\"40\" maxlength=\"400\" class=\"wpcf7-form-control wpcf7-email wpcf7-validates-as-required wpcf7-text wpcf7-validates-as-email input f-email\" aria-required=\"true\" aria-invalid=\"false\" placeholder=\"Correo electr\u00f3nico*\" value=\"\" type=\"email\" name=\"email\" \/><\/span>\n\t<\/p>\n\t<p class=\"et_pb_contact_field et_pb_contact_field_4 et_pb_contact_field_last\"><span class=\"wpcf7-form-control-wrap\" data-name=\"Message\"><textarea cols=\"40\" rows=\"10\" maxlength=\"2000\" class=\"wpcf7-form-control wpcf7-textarea wpcf7-validates-as-required input f-message\" aria-required=\"true\" aria-invalid=\"false\" placeholder=\"Mensaje*\" name=\"Message\"><\/textarea><\/span>\n\t<\/p>\n\t<div class=\"et_contact_bottom_container\">\n\t\t<p><input class=\"wpcf7-form-control wpcf7-submit has-spinner et_pb_contact_submit et_pb_button\" type=\"submit\" value=\"ENVIAR\" \/>\n\t\t<\/p>\n\t<\/div>\n<\/div><p style=\"display: none !important;\" class=\"akismet-fields-container\" data-prefix=\"_wpcf7_ak_\"><label>&#916;<textarea name=\"_wpcf7_ak_hp_textarea\" cols=\"45\" rows=\"8\" maxlength=\"100\"><\/textarea><\/label><input type=\"hidden\" id=\"ak_js_2\" name=\"_wpcf7_ak_js\" value=\"219\"\/><script>document.getElementById( \"ak_js_2\" ).setAttribute( \"value\", ( new Date() ).getTime() );<\/script><\/p><input type='hidden' class='wpcf7-pum' value='{\"closepopup\":false,\"closedelay\":0,\"openpopup\":false,\"openpopup_id\":0}' \/><div class=\"wpcf7-response-output\" aria-hidden=\"true\"><\/div>\n<\/form>\n<\/div>\n18 Z.I. de la Tr\u00e9sorerie 62126 Wimille FRANCE &nbsp; Recepci\u00f3n +33 (0)3 21 10 15 00 &nbsp; SERVICIO COMERCIAL +33 (0)3 21 10 15 08 bdt@bernhardt.fr &nbsp; SERVICIO [&hellip;]<\/p>\n","protected":false},"author":11,"featured_media":0,"parent":0,"menu_order":0,"comment_status":"closed","ping_status":"closed","template":"","meta":{"_acf_changed":false,"_et_pb_use_builder":"on","_et_pb_old_content":"","_et_gb_content_width":"","footnotes":""},"class_list":["post-10742","page","type-page","status-publish","hentry"],"acf":[],"yoast_head":"<!-- This site is optimized with the Yoast SEO plugin v27.2 - https:\/\/yoast.com\/product\/yoast-seo-wordpress\/ -->\n<title>CONTACTO - BERNHARDT Packaging &amp; Process<\/title>\n<meta name=\"robots\" content=\"index, follow, max-snippet:-1, max-image-preview:large, max-video-preview:-1\" \/>\n<link rel=\"canonical\" href=\"https:\/\/www.bernhardt.fr\/es\/contacto\/\" \/>\n<meta property=\"og:locale\" content=\"es_ES\" \/>\n<meta property=\"og:type\" content=\"article\" \/>\n<meta property=\"og:title\" content=\"CONTACTO - BERNHARDT Packaging &amp; Process\" \/>\n<meta property=\"og:description\" content=\"\u00a1Cont\u00e1ctennos!\u00bfTiene un proyecto? \u00bfQuiere m\u00e1s informaciones sobre nuestra empresa? \u00bfDesea recibir m\u00e1s documentaci\u00f3n sobre nuestros envases flexibles industriales y nuestras m\u00e1quinas de condicionamiento?18 Z.I. de la Tr\u00e9sorerie 62126 Wimille FRANCE &nbsp; Recepci\u00f3n +33 (0)3 21 10 15 00 &nbsp; SERVICIO COMERCIAL +33 (0)3 21 10 15 08 bdt@bernhardt.fr &nbsp; SERVICIO [&hellip;]\" \/>\n<meta property=\"og:url\" content=\"https:\/\/www.bernhardt.fr\/es\/contacto\/\" \/>\n<meta property=\"og:site_name\" content=\"BERNHARDT Packaging &amp; Process\" \/>\n<meta property=\"article:modified_time\" content=\"2021-07-09T08:27:35+00:00\" \/>\n<meta name=\"twitter:card\" content=\"summary_large_image\" \/>\n<meta name=\"twitter:site\" content=\"@BERNHARDTPack\" \/>\n<meta name=\"twitter:label1\" content=\"Tiempo de lectura\" \/>\n\t<meta name=\"twitter:data1\" content=\"3 minutos\" \/>\n<script type=\"application\/ld+json\" class=\"yoast-schema-graph\">{\"@context\":\"https:\/\/schema.org\",\"@graph\":[{\"@type\":\"WebPage\",\"@id\":\"https:\/\/www.bernhardt.fr\/es\/contacto\/\",\"url\":\"https:\/\/www.bernhardt.fr\/es\/contacto\/\",\"name\":\"CONTACTO - BERNHARDT Packaging &amp; Process\",\"isPartOf\":{\"@id\":\"https:\/\/www.bernhardt.fr\/#website\"},\"datePublished\":\"2021-04-29T10:11:01+00:00\",\"dateModified\":\"2021-07-09T08:27:35+00:00\",\"breadcrumb\":{\"@id\":\"https:\/\/www.bernhardt.fr\/es\/contacto\/#breadcrumb\"},\"inLanguage\":\"es\",\"potentialAction\":[{\"@type\":\"ReadAction\",\"target\":[\"https:\/\/www.bernhardt.fr\/es\/contacto\/\"]}]},{\"@type\":\"BreadcrumbList\",\"@id\":\"https:\/\/www.bernhardt.fr\/es\/contacto\/#breadcrumb\",\"itemListElement\":[{\"@type\":\"ListItem\",\"position\":1,\"name\":\"Accueil\",\"item\":\"https:\/\/www.bernhardt.fr\/\"},{\"@type\":\"ListItem\",\"position\":2,\"name\":\"CONTACTO\"}]},{\"@type\":\"WebSite\",\"@id\":\"https:\/\/www.bernhardt.fr\/#website\",\"url\":\"https:\/\/www.bernhardt.fr\/\",\"name\":\"BERNHARDT Packaging &amp; Process\",\"description\":\"fabricant fran\u00e7ais d\u2019emballages souples et de machines de conditionnement\",\"potentialAction\":[{\"@type\":\"SearchAction\",\"target\":{\"@type\":\"EntryPoint\",\"urlTemplate\":\"https:\/\/www.bernhardt.fr\/?s={search_term_string}\"},\"query-input\":{\"@type\":\"PropertyValueSpecification\",\"valueRequired\":true,\"valueName\":\"search_term_string\"}}],\"inLanguage\":\"es\"}]}<\/script>\n<!-- \/ Yoast SEO plugin. -->","yoast_head_json":{"title":"CONTACTO - BERNHARDT Packaging &amp; Process","robots":{"index":"index","follow":"follow","max-snippet":"max-snippet:-1","max-image-preview":"max-image-preview:large","max-video-preview":"max-video-preview:-1"},"canonical":"https:\/\/www.bernhardt.fr\/es\/contacto\/","og_locale":"es_ES","og_type":"article","og_title":"CONTACTO - BERNHARDT Packaging &amp; Process","og_description":"\u00a1Cont\u00e1ctennos!\u00bfTiene un proyecto? \u00bfQuiere m\u00e1s informaciones sobre nuestra empresa? \u00bfDesea recibir m\u00e1s documentaci\u00f3n sobre nuestros envases flexibles industriales y nuestras m\u00e1quinas de condicionamiento?18 Z.I. de la Tr\u00e9sorerie 62126 Wimille FRANCE &nbsp; Recepci\u00f3n +33 (0)3 21 10 15 00 &nbsp; SERVICIO COMERCIAL +33 (0)3 21 10 15 08 bdt@bernhardt.fr &nbsp; SERVICIO [&hellip;]","og_url":"https:\/\/www.bernhardt.fr\/es\/contacto\/","og_site_name":"BERNHARDT Packaging &amp; Process","article_modified_time":"2021-07-09T08:27:35+00:00","twitter_card":"summary_large_image","twitter_site":"@BERNHARDTPack","twitter_misc":{"Tiempo de lectura":"3 minutos"},"schema":{"@context":"https:\/\/schema.org","@graph":[{"@type":"WebPage","@id":"https:\/\/www.bernhardt.fr\/es\/contacto\/","url":"https:\/\/www.bernhardt.fr\/es\/contacto\/","name":"CONTACTO - BERNHARDT Packaging &amp; Process","isPartOf":{"@id":"https:\/\/www.bernhardt.fr\/#website"},"datePublished":"2021-04-29T10:11:01+00:00","dateModified":"2021-07-09T08:27:35+00:00","breadcrumb":{"@id":"https:\/\/www.bernhardt.fr\/es\/contacto\/#breadcrumb"},"inLanguage":"es","potentialAction":[{"@type":"ReadAction","target":["https:\/\/www.bernhardt.fr\/es\/contacto\/"]}]},{"@type":"BreadcrumbList","@id":"https:\/\/www.bernhardt.fr\/es\/contacto\/#breadcrumb","itemListElement":[{"@type":"ListItem","position":1,"name":"Accueil","item":"https:\/\/www.bernhardt.fr\/"},{"@type":"ListItem","position":2,"name":"CONTACTO"}]},{"@type":"WebSite","@id":"https:\/\/www.bernhardt.fr\/#website","url":"https:\/\/www.bernhardt.fr\/","name":"BERNHARDT Packaging &amp; Process","description":"fabricant fran\u00e7ais d\u2019emballages souples et de machines de conditionnement","potentialAction":[{"@type":"SearchAction","target":{"@type":"EntryPoint","urlTemplate":"https:\/\/www.bernhardt.fr\/?s={search_term_string}"},"query-input":{"@type":"PropertyValueSpecification","valueRequired":true,"valueName":"search_term_string"}}],"inLanguage":"es"}]}},"_links":{"self":[{"href":"https:\/\/www.bernhardt.fr\/es\/wp-json\/wp\/v2\/pages\/10742","targetHints":{"allow":["GET"]}}],"collection":[{"href":"https:\/\/www.bernhardt.fr\/es\/wp-json\/wp\/v2\/pages"}],"about":[{"href":"https:\/\/www.bernhardt.fr\/es\/wp-json\/wp\/v2\/types\/page"}],"author":[{"embeddable":true,"href":"https:\/\/www.bernhardt.fr\/es\/wp-json\/wp\/v2\/users\/11"}],"replies":[{"embeddable":true,"href":"https:\/\/www.bernhardt.fr\/es\/wp-json\/wp\/v2\/comments?post=10742"}],"version-history":[{"count":14,"href":"https:\/\/www.bernhardt.fr\/es\/wp-json\/wp\/v2\/pages\/10742\/revisions"}],"predecessor-version":[{"id":14895,"href":"https:\/\/www.bernhardt.fr\/es\/wp-json\/wp\/v2\/pages\/10742\/revisions\/14895"}],"wp:attachment":[{"href":"https:\/\/www.bernhardt.fr\/es\/wp-json\/wp\/v2\/media?parent=10742"}],"curies":[{"name":"wp","href":"https:\/\/api.w.org\/{rel}","templated":true}]}}