{"id":5154,"date":"2019-05-21T10:31:24","date_gmt":"2019-05-21T10:31:24","guid":{"rendered":"https:\/\/www.bernhardt.fr\/?page_id=5154"},"modified":"2020-02-21T10:55:54","modified_gmt":"2020-02-21T10:55:54","slug":"legal-notice-privacy-policy","status":"publish","type":"page","link":"https:\/\/www.bernhardt.fr\/en\/legal-notice-privacy-policy\/","title":{"rendered":"Legal Notice &amp; Privacy Policy"},"content":{"rendered":"<p>[et_pb_section fb_built=&#8221;1&#8243; admin_label=&#8221;section&#8221; _builder_version=&#8221;3.22.3&#8243; custom_padding=&#8221;30px|0px|15px|0px&#8221;][et_pb_row admin_label=&#8221;row&#8221; _builder_version=&#8221;3.25&#8243; background_size=&#8221;initial&#8221; background_position=&#8221;top_left&#8221; background_repeat=&#8221;repeat&#8221; custom_padding=&#8221;30px|0px|30px|0px&#8221;][et_pb_column type=&#8221;4_4&#8243; _builder_version=&#8221;3.25&#8243; custom_padding=&#8221;|||&#8221; custom_padding__hover=&#8221;|||&#8221;][et_pb_text admin_label=&#8221;Text&#8221; _builder_version=&#8221;3.27.4&#8243; header_font=&#8221;|||on|||||&#8221; header_text_color=&#8221;#1c5c74&#8243; header_2_font=&#8221;||||||||&#8221; header_2_text_color=&#8221;#31bcce&#8221; background_size=&#8221;initial&#8221; background_position=&#8221;top_left&#8221; background_repeat=&#8221;repeat&#8221; custom_margin=&#8221;|||&#8221; custom_margin_tablet=&#8221;&#8221; custom_margin_phone=&#8221;&#8221; custom_margin_last_edited=&#8221;on|desktop&#8221; custom_padding=&#8221;|||&#8221; custom_padding_tablet=&#8221;&#8221; custom_padding_phone=&#8221;&#8221; custom_padding_last_edited=&#8221;on|desktop&#8221;]<\/p>\n<h1>Legal Notice<\/h1>\n<p><strong>Navigation in this site is subject to these terms of use. By accessing the information provided in this site, you acknowledge and accept these terms of use.<\/strong><\/p>\n<h2>Website owner and administrator: www.bernhardt.fr<\/h2>\n<p><strong>Bernhardt S.A.S.<\/strong> : 18 Z.I. de la Tr\u00e9sorerie &#8211; 62126 Wimille &#8211; FRANCE<br \/>\nTel. (33) 03 21 10 15 00 &#8211; Fax. (33) 03 21 87 61 78<br \/>\nE-mail : <a href=\"mailto:bdt@bernhardt.fr\">bdt@bernhardt.fr<\/a><br \/>\nWebsite : <a href=\"www.bernhardt.fr\">www.bernhardt.fr<\/a><\/p>\n<p>Siret n\u00b0 615 620 333 00042<br \/>\nIntra-Community VAT N\u00b0: FR 23 615620333<br \/>\nS.A.S. with capital of 120 000\u20ac<\/p>\n<h2>Website designer:<\/h2>\n<p><strong>M\u00e9diam Communication SARL<\/strong> &#8211; 68 Rue de B\u00e9thune &#8211; 62200 Boulogne-sur-Mer<br \/>\nT\u00e9l. : (33) 06 77 13 08 84<br \/>\nE-mail: <a href=\"mailto:contact@mediam.fr\">contact@mediam.fr<\/a><br \/>\nWebsite:\u00a0<a href=\"http:\/\/www.mediam.fr\/\" target=\"_blank\" rel=\"noopener noreferrer\">www.mediam.fr<\/a><\/p>\n<h2>Website host:<\/h2>\n<p><strong>SAS OVH, <\/strong>2 rue Kellermann &#8211; BP 80157 &#8211; 59100 Roubaix<br \/>\nE-mail: <a href=\"mailto:support@ovh.com\">support@ovh.com<\/a><br \/>\nWebsite: <a href=\"https:\/\/www.ovh.com\/\" target=\"_blank\" rel=\"noopener noreferrer\">www.ovh.com<\/a>[\/et_pb_text][et_pb_toggle title=&#8221;Access to the site and its contents&#8221; open_toggle_background_color=&#8221;#edf1f0&#8243; closed_toggle_background_color=&#8221;#ffffff&#8221; _builder_version=&#8221;3.24&#8243; title_text_color=&#8221;#31bcce&#8221; title_font=&#8221;|600|||||||&#8221; title_font_size=&#8221;18px&#8221; custom_margin=&#8221;|3%||3%&#8221; custom_padding=&#8221;|||&#8221;]<\/p>\n<p style=\"text-align: justify;\">Access to the website at\u00a0<a href=\"www.bernhardt.fr\">www.bernhardt.fr<\/a> should be possible 24\/7 except in cases of force majeure or an event that is beyond the control of Bernhardt S.A.S. and subject to any technical issues or maintenance work necessary to ensure the site functions properly.<\/p>\n<p style=\"text-align: justify;\">Bernhardt cannot guarantee that the information provided on its website is up-to-date and comprehensive nor can it guarantee its accuracy or exactness. The company therefore declines all liability for any incorrect, inexact or incomplete information.<\/p>\n<p>[\/et_pb_toggle][et_pb_toggle title=&#8221;Intellectual property and copyright&#8221; open_toggle_background_color=&#8221;#edf1f0&#8243; closed_toggle_background_color=&#8221;#ffffff&#8221; _builder_version=&#8221;3.24&#8243; title_text_color=&#8221;#31bcce&#8221; title_font=&#8221;|600|||||||&#8221; title_font_size=&#8221;18px&#8221; custom_margin=&#8221;|3%||3%&#8221; custom_padding=&#8221;|||&#8221;]<\/p>\n<p style=\"text-align: justify;\">The content of this website is governed by French and international copyright and intellectual property laws. All rights are reserved with regard to its reproduction, including documents available for downloading, as well as all pictorial or photographic images.<\/p>\n<p style=\"text-align: justify;\">The intellectual property rights regarding the website https:\/\/www.bernhardt.fr belong to Bernhardt S.A.S. The use, reproduction, sale or modification of all or part of the site is prohibited without the prior permission of its owner and may result in legal action being taken in accordance with the intellectual property code and\/or the civil code. The lawful reproduction of documents from the website shall be for the exclusive purpose of information for personal and private use; any reproduction or use of copies for other purposes is expressly prohibited.<\/p>\n<p style=\"text-align: justify;\">Sharing of content via such media as Facebook, LinkedIn, Twitter and YouTube, integrated into the website, is allowed.<\/p>\n<p>[\/et_pb_toggle][et_pb_toggle title=&#8221;Cookies&#8221; open_toggle_background_color=&#8221;#edf1f0&#8243; closed_toggle_background_color=&#8221;#ffffff&#8221; _builder_version=&#8221;3.24&#8243; title_text_color=&#8221;#31bcce&#8221; title_font=&#8221;|600|||||||&#8221; title_font_size=&#8221;18px&#8221; custom_margin=&#8221;|3%||3%&#8221; custom_padding=&#8221;|||&#8221;]<\/p>\n<h4 style=\"text-align: justify;\"><strong>What is a cookie?<\/strong><\/h4>\n<p style=\"text-align: justify;\">A Cookie is a text file which is saved to your terminal (computer, tablet or smart phone) when you visit our site.<\/p>\n<h4 style=\"text-align: justify;\"><strong>What are Cookies for?<\/strong><\/h4>\n<p style=\"text-align: justify;\">The cookies used on this website serve to identify your browser as well as the screen size of your terminal in order to make your visit as agreeable as possible. We also use these cookies for gathering statistics on the number of visits to our website. These statistics are totally anonymous. Such information is useful for improving the user\u2019s experience and for offering relevant services and content. A cookie will remain valid for no more than one year. After this time, it will expire and be deleted from your terminal, until you once again validate the use of Cookies the next time you visit the website.<\/p>\n<h4 style=\"text-align: justify;\"><strong>Can I change the Cookies settings in my browser?<\/strong><\/h4>\n<p style=\"text-align: justify;\">Your browser will normally be set to accept Cookies, but you can easily change these settings. Note that if you choose to disable Cookies, you may not be able to enjoy all the functionalities of the website.<\/p>\n<p style=\"text-align: justify;\">You can find more information for changing the Cookie settings in the following links:<\/p>\n<ul>\n<li style=\"text-align: justify;\"><a href=\"http:\/\/windows.microsoft.com\/fr-FR\/windows-vista\/Block-or-allow-cookies\">Pour Internet Explorer\u2122<\/a><\/li>\n<li style=\"text-align: justify;\"><a href=\"http:\/\/support.apple.com\/kb\/ht1677?viewlocale=fr_FR\">Pour Safari\u2122<\/a><\/li>\n<li style=\"text-align: justify;\"><a href=\"https:\/\/support.google.com\/chrome\/answer\/95647?hl=fr\">Pour Chrome\u2122<\/a><\/li>\n<li style=\"text-align: justify;\"><a href=\"https:\/\/support.mozilla.org\/fr\/kb\/activer-desactiver-cookies\">Pour Firefox\u2122<\/a><\/li>\n<li style=\"text-align: justify;\"><a href=\"http:\/\/help.opera.com\/Windows\/10.20\/fr\/cookies.html\">Pour Opera\u2122<\/a><\/li>\n<\/ul>\n<p>[\/et_pb_toggle][\/et_pb_column][\/et_pb_row][\/et_pb_section][et_pb_section fb_built=&#8221;1&#8243; _builder_version=&#8221;3.22.3&#8243; custom_padding=&#8221;15px|0px|15px|0px&#8221;][et_pb_row admin_label=&#8221;row&#8221; _builder_version=&#8221;3.25&#8243; background_size=&#8221;initial&#8221; background_position=&#8221;top_left&#8221; background_repeat=&#8221;repeat&#8221; custom_padding=&#8221;30px|0px|30px|0px&#8221;][et_pb_column type=&#8221;4_4&#8243; _builder_version=&#8221;3.25&#8243; custom_padding=&#8221;|||&#8221; custom_padding__hover=&#8221;|||&#8221;][et_pb_text admin_label=&#8221;Text&#8221; _builder_version=&#8221;4.0.7&#8243; header_font=&#8221;|||on|||||&#8221; header_text_color=&#8221;#1c5c74&#8243; header_2_font=&#8221;||||||||&#8221; header_2_text_color=&#8221;#31bcce&#8221; background_size=&#8221;initial&#8221; background_position=&#8221;top_left&#8221; background_repeat=&#8221;repeat&#8221; custom_margin=&#8221;|20px||20px&#8221; custom_margin_tablet=&#8221;|15px||15px&#8221; custom_margin_phone=&#8221;|10px||10px&#8221; custom_margin_last_edited=&#8221;on|phone&#8221; custom_padding=&#8221;|||&#8221; hover_enabled=&#8221;0&#8243;]<\/p>\n<p><span style=\"color: #1c5c74; font-family: Raleway, Helvetica, Arial, Lucida, sans-serif; font-size: 30px; text-transform: uppercase;\">Privacy Policy<\/span><\/p>\n<p style=\"text-align: justify;\">Bernhardt undertakes to respect your privacy in the way it processes your personal data, in compliance with current regulations for the protection of personal data, in particular the French Data Protection Act or \u201cInformatique et Libert\u00e9s\u201d amended law no. 78-17 of 6 January 1978, and the European regulations on the protection of personal data which came into force on 25 May 2018.<\/p>\n<p style=\"text-align: justify;\">You have the right to request access to your personal data, to correct or delete this data or to restrict the processing of your data, refuse such processing or to transfer any data that concerns you. For this you must contact the DPF (Data Protection referent) via the website administrator.<\/p>\n<p>[\/et_pb_text][et_pb_toggle title=&#8221;DPR\u2019s name and contact details&#8221; open_toggle_background_color=&#8221;#edf1f0&#8243; closed_toggle_background_color=&#8221;#ffffff&#8221; _builder_version=&#8221;3.24&#8243; title_text_color=&#8221;#31bcce&#8221; title_font=&#8221;|600|||||||&#8221; title_font_size=&#8221;18px&#8221; custom_margin=&#8221;|3%||3%&#8221; custom_padding=&#8221;|||&#8221;]<\/p>\n<p>Data Protection referent : Mr Fabrice ROUTIER<\/p>\n<p>Email : <a href=\"mailto:fabriceroutier@bernhardt.fr\">fabriceroutier@bernhardt.fr<\/a><\/p>\n<p>Tel : 03 21 10 19 72<\/p>\n<p>Postal address :\u00a0Bernhardt, 18 Z.I. de la Tr\u00e9sorerie \u00a062126 Wimille &#8211; FRANCE<\/p>\n<p>[\/et_pb_toggle][et_pb_toggle title=&#8221;Why do we collect and process your personal data?&#8221; open_toggle_background_color=&#8221;#edf1f0&#8243; closed_toggle_background_color=&#8221;#ffffff&#8221; _builder_version=&#8221;3.24&#8243; title_text_color=&#8221;#31bcce&#8221; title_font=&#8221;|600|||||||&#8221; title_font_size=&#8221;18px&#8221; custom_margin=&#8221;|3%||3%&#8221; custom_padding=&#8221;|||&#8221;]With due consideration for your privacy, Bernhardt only collects data necessary for:<\/p>\n<ul>\n<li>Managing, monitoring and processing your packaging design or packing machine manufacturing projects<\/li>\n<li>Customer relations, invoicing and receipt of payment<\/li>\n<li>Managing deliveries and after-sales services<\/li>\n<li>Organizing commercial prospecting operations<\/li>\n<\/ul>\n<p>Your data is kept for the time necessary for accomplishing the above ends.[\/et_pb_toggle][et_pb_toggle title=&#8221;What sort of data is processed and for whom is it intended?&#8221; open_toggle_background_color=&#8221;#edf1f0&#8243; closed_toggle_background_color=&#8221;#ffffff&#8221; _builder_version=&#8221;3.24&#8243; title_text_color=&#8221;#31bcce&#8221; title_font=&#8221;|600|||||||&#8221; title_font_size=&#8221;18px&#8221; custom_margin=&#8221;|3%||3%&#8221; custom_padding=&#8221;|||&#8221;]<\/p>\n<p>The data collected is for the purposes set out above. It may be:<\/p>\n<ul>\n<li>Title, Surname and First name<\/li>\n<li>Professional position,<\/li>\n<li>Phone numbers,<\/li>\n<li>Professional e-mail address,<\/li>\n<li>Company name and its field of business,<\/li>\n<li>Company address,<\/li>\n<li>And any other information required for managing your project.<\/li>\n<\/ul>\n<p><strong>The data collected is intended for the exclusive use of the company Bernhardt, its sales department and operational departments. It may be transmitted to other service providers, in particular concerning:<\/p>\n<ul>\n<li>Delivery of your order<\/li>\n<\/ul>\n<p><strong>Your personal data will under no circumstances be transferred or sold to a third party.<\/strong><\/p>\n<p>[\/et_pb_toggle][et_pb_toggle title=&#8221;How long is my personal data kept for?&#8221; open_toggle_background_color=&#8221;#edf1f0&#8243; closed_toggle_background_color=&#8221;#ffffff&#8221; _builder_version=&#8221;3.24&#8243; title_text_color=&#8221;#31bcce&#8221; title_font=&#8221;|600|||||||&#8221; title_font_size=&#8221;18px&#8221; custom_margin=&#8221;|3%||3%&#8221; custom_padding=&#8221;|||&#8221;]Your data may be kept for a maximum of three years from the termination of our business relations.[\/et_pb_toggle][et_pb_toggle title=&#8221;How does Bernhardt ensure my personal data is safe?&#8221; open_toggle_background_color=&#8221;#edf1f0&#8243; closed_toggle_background_color=&#8221;#ffffff&#8221; _builder_version=&#8221;3.24&#8243; title_text_color=&#8221;#31bcce&#8221; title_font=&#8221;|600|||||||&#8221; title_font_size=&#8221;18px&#8221; custom_margin=&#8221;|3%||3%&#8221; custom_padding=&#8221;|||&#8221;]Bernhardt, who is liable for the processing of your personal data, undertakes to take all the necessary measures to ensure that all data provided is kept safe and confidential, in compliance with the current statutory provisions.[\/et_pb_toggle][et_pb_toggle title=&#8221;What are my rights and how can I exercise them?&#8221; open_toggle_background_color=&#8221;#edf1f0&#8243; closed_toggle_background_color=&#8221;#ffffff&#8221; _builder_version=&#8221;4.0.7&#8243; title_text_color=&#8221;#31bcce&#8221; title_font=&#8221;|600|||||||&#8221; title_font_size=&#8221;18px&#8221; custom_margin=&#8221;|3%||3%&#8221; custom_padding=&#8221;|||&#8221; hover_enabled=&#8221;0&#8243;]<\/p>\n<p>You have the right to access, oppose, correct, transfer or delete your personal data and to restrict the time during which it may be processed. You also have the right to withdraw at any time your consent for the collection and processing of your personal data.<\/p>\n<p><strong>You may exercise these rights by contacting the Data Protection referent.<\/strong><\/p>\n<p>Data Protection referent : Mr Fabrice ROUTIER<\/p>\n<p>Email : <a href=\"mailto:fabriceroutier@bernhardt.fr\">fabriceroutier@bernhardt.fr<\/a><\/p>\n<p>Tel : 03 21 10 19 72 &#8211; Postal address: Bernhardt, 18 Z.I. de la Tr\u00e9sorerie 62126 Wimille &#8211; FRANCE<\/p>\n<p>[\/et_pb_toggle][\/et_pb_column][\/et_pb_row][\/et_pb_section]<\/p>\n","protected":false},"excerpt":{"rendered":"<p>Legal Notice Navigation in this site is subject to these terms of use. By accessing the information provided in this site, you acknowledge and accept these terms of use. Website owner and administrator: www.bernhardt.fr Bernhardt S.A.S. : 18 Z.I. de la Tr\u00e9sorerie &#8211; 62126 Wimille &#8211; FRANCE Tel. (33) 03 21 10 15 00 &#8211; [&hellip;]<\/p>\n","protected":false},"author":2,"featured_media":0,"parent":0,"menu_order":0,"comment_status":"closed","ping_status":"closed","template":"","meta":{"_acf_changed":false,"_et_pb_use_builder":"on","_et_pb_old_content":"<h2>Propri\u00e9taire et \u00e9diteur du site\u00a0https:\/\/www.bernhardt.fr<\/h2>\r\nBernhardt S.A.S.\r\n18 Z.I. de la Tr\u00e9sorerie\r\n62126 Wimille - FRANCE\r\n\r\nTel. (33) 03 21 10 15 00\r\nFax. (33) 03 21 87 61 78\r\nE-mail: bdt@bernhardt.fr\r\nSite web: www.bernhardt.fr\r\n\r\nSiret n\u00b0 615 620 333 00042\r\nN\u00b0 de T.V.A. intracommunautaire : FR 23 615620333\r\nS.A.S. au capital de 120 000\u20ac\r\n<h2>Utilisation des donn\u00e9es personnelles collect\u00e9es<\/h2>\r\n<h3>Formulaires de contact<\/h3>\r\nR\u00e9dactionnel\r\n<h3>Cookies<\/h3>\r\nSi vous d\u00e9posez un commentaire sur notre site, il vous sera propos\u00e9 d\u2019enregistrer votre nom, adresse de messagerie et site web dans des cookies. C\u2019est uniquement pour votre confort afin de ne pas avoir \u00e0 saisir ces informations si vous d\u00e9posez un autre commentaire plus tard. Ces cookies expirent au bout d\u2019un an.\r\n\r\nSi vous avez un compte et que vous vous connectez sur ce site, un cookie temporaire sera cr\u00e9\u00e9 afin de d\u00e9terminer si votre navigateur accepte les cookies. Il ne contient pas de donn\u00e9es personnelles et sera supprim\u00e9 automatiquement \u00e0 la fermeture de votre navigateur.\r\n\r\nLorsque vous vous connecterez, nous mettrons en place un certain nombre de cookies pour enregistrer vos informations de connexion et vos pr\u00e9f\u00e9rences d\u2019\u00e9cran. La dur\u00e9e de vie d\u2019un cookie de connexion est de deux jours, celle d\u2019un cookie d\u2019option d\u2019\u00e9cran est d\u2019un an. Si vous cochez \u00ab\u00a0Se souvenir de moi\u00a0\u00bb, votre cookie de connexion sera conserv\u00e9 pendant deux semaines. Si vous vous d\u00e9connectez de votre compte, le cookie de connexion sera effac\u00e9.\r\n\r\nEn modifiant ou en publiant un article, un cookie suppl\u00e9mentaire sera enregistr\u00e9 dans votre navigateur. Ce cookie ne comprend aucune donn\u00e9e personnelle. Il indique simplement l\u2019identifiant de l\u2019article que vous venez de modifier. Il expire au bout d\u2019un jour.\r\n<h3>Contenu embarqu\u00e9 depuis d\u2019autres sites<\/h3>\r\nLes articles de ce site peuvent inclure des contenus int\u00e9gr\u00e9s (par exemple des vid\u00e9os, images, articles\u2026). Le contenu int\u00e9gr\u00e9 depuis d\u2019autres sites se comporte de la m\u00eame mani\u00e8re que si le visiteur se rendait sur cet autre site.\r\n\r\nCes sites web pourraient collecter des donn\u00e9es sur vous, utiliser des cookies, embarquer des outils de suivis tiers, suivre vos interactions avec ces contenus embarqu\u00e9s si vous disposez d\u2019un compte connect\u00e9 sur leur site web.\r\n<h3>Statistiques et mesures d\u2019audience<\/h3>\r\n<h2>Utilisation et transmission de vos donn\u00e9es personnelles<\/h2>\r\n<h2>Dur\u00e9es de stockage de vos donn\u00e9es<\/h2>\r\nSi vous laissez un commentaire, le commentaire et ses m\u00e9tadonn\u00e9es sont conserv\u00e9s ind\u00e9finiment. Cela permet de reconna\u00eetre et approuver automatiquement les commentaires suivants au lieu de les laisser dans la file de mod\u00e9ration.\r\n\r\nPour les utilisateurs et utilisatrices qui s\u2019enregistrent sur notre site (si cela est possible), nous stockons \u00e9galement les donn\u00e9es personnelles indiqu\u00e9es dans leur profil. Tous les utilisateurs et utilisatrices peuvent voir, modifier ou supprimer leurs informations personnelles \u00e0 tout moment (\u00e0 l\u2019exception de leur nom d\u2019utilisateur). Les gestionnaires du site peuvent aussi voir et modifier ces informations.\r\n<h2>Les droits que vous avez sur vos donn\u00e9es<\/h2>\r\nSi vous avez un compte ou si vous avez laiss\u00e9 des commentaires sur le site, vous pouvez demander \u00e0 recevoir un fichier contenant toutes les donn\u00e9es personnelles que nous poss\u00e9dons \u00e0 votre sujet, incluant celles que vous nous avez fournies. Vous pouvez \u00e9galement demander la suppression des donn\u00e9es personnelles vous concernant. Cela ne prend pas en compte les donn\u00e9es stock\u00e9es \u00e0 des fins administratives, l\u00e9gales ou pour des raisons de s\u00e9curit\u00e9.\r\n<h2>Transmission de vos donn\u00e9es personnelles<\/h2>\r\nLes commentaires des visiteurs peuvent \u00eatre v\u00e9rifi\u00e9s \u00e0 l\u2019aide d\u2019un service automatis\u00e9 de d\u00e9tection des commentaires ind\u00e9sirables.\r\n<h2>Informations de contact<\/h2>\r\n<h2>Informations suppl\u00e9mentaires<\/h2>\r\n<h3>Comment nous prot\u00e9geons vos donn\u00e9es<\/h3>\r\n<h3>Proc\u00e9dures mises en \u0153uvre en cas de fuite de donn\u00e9es<\/h3>\r\n<h3>Les services tiers qui nous transmettent des donn\u00e9es<\/h3>\r\n<h3>Op\u00e9rations de marketing automatis\u00e9 et\/ou de profilage r\u00e9alis\u00e9es \u00e0 l\u2019aide des donn\u00e9es personnelles<\/h3>\r\n<h3>Affichage des informations li\u00e9es aux secteurs soumis \u00e0 des r\u00e9gulations sp\u00e9cifiques<\/h3>","_et_gb_content_width":"","footnotes":""},"class_list":["post-5154","page","type-page","status-publish","hentry"],"acf":[],"yoast_head":"<!-- This site is optimized with the Yoast SEO plugin v27.5 - https:\/\/yoast.com\/product\/yoast-seo-wordpress\/ -->\n<title>Legal Notice &amp; Privacy Policy - BERNHARDT Packaging &amp; Process<\/title>\n<meta name=\"description\" content=\"Access to the legal notices to know our Terms and Uses Conditions.\" \/>\n<meta name=\"robots\" content=\"index, follow, max-snippet:-1, max-image-preview:large, max-video-preview:-1\" \/>\n<link rel=\"canonical\" href=\"https:\/\/www.bernhardt.fr\/en\/legal-notice-privacy-policy\/\" \/>\n<meta property=\"og:locale\" content=\"en_US\" \/>\n<meta property=\"og:type\" content=\"article\" \/>\n<meta property=\"og:title\" content=\"Legal Notice &amp; Privacy Policy - BERNHARDT Packaging &amp; Process\" \/>\n<meta property=\"og:description\" content=\"Access to the legal notices to know our Terms and Uses Conditions.\" \/>\n<meta property=\"og:url\" content=\"https:\/\/www.bernhardt.fr\/en\/legal-notice-privacy-policy\/\" \/>\n<meta property=\"og:site_name\" content=\"BERNHARDT Packaging &amp; Process\" \/>\n<meta property=\"article:modified_time\" content=\"2020-02-21T10:55:54+00:00\" \/>\n<meta name=\"twitter:card\" content=\"summary_large_image\" \/>\n<meta name=\"twitter:site\" content=\"@BERNHARDTPack\" \/>\n<meta name=\"twitter:label1\" content=\"Est. reading time\" \/>\n\t<meta name=\"twitter:data1\" content=\"8 minutes\" \/>\n<script type=\"application\/ld+json\" class=\"yoast-schema-graph\">{\"@context\":\"https:\\\/\\\/schema.org\",\"@graph\":[{\"@type\":\"WebPage\",\"@id\":\"https:\\\/\\\/www.bernhardt.fr\\\/en\\\/legal-notice-privacy-policy\\\/\",\"url\":\"https:\\\/\\\/www.bernhardt.fr\\\/en\\\/legal-notice-privacy-policy\\\/\",\"name\":\"Legal Notice &amp; Privacy Policy - BERNHARDT Packaging &amp; Process\",\"isPartOf\":{\"@id\":\"https:\\\/\\\/www.bernhardt.fr\\\/#website\"},\"datePublished\":\"2019-05-21T10:31:24+00:00\",\"dateModified\":\"2020-02-21T10:55:54+00:00\",\"description\":\"Access to the legal notices to know our Terms and Uses Conditions.\",\"breadcrumb\":{\"@id\":\"https:\\\/\\\/www.bernhardt.fr\\\/en\\\/legal-notice-privacy-policy\\\/#breadcrumb\"},\"inLanguage\":\"en-US\",\"potentialAction\":[{\"@type\":\"ReadAction\",\"target\":[\"https:\\\/\\\/www.bernhardt.fr\\\/en\\\/legal-notice-privacy-policy\\\/\"]}]},{\"@type\":\"BreadcrumbList\",\"@id\":\"https:\\\/\\\/www.bernhardt.fr\\\/en\\\/legal-notice-privacy-policy\\\/#breadcrumb\",\"itemListElement\":[{\"@type\":\"ListItem\",\"position\":1,\"name\":\"Accueil\",\"item\":\"https:\\\/\\\/www.bernhardt.fr\\\/en\\\/\"},{\"@type\":\"ListItem\",\"position\":2,\"name\":\"Legal Notice &amp; Privacy Policy\"}]},{\"@type\":\"WebSite\",\"@id\":\"https:\\\/\\\/www.bernhardt.fr\\\/#website\",\"url\":\"https:\\\/\\\/www.bernhardt.fr\\\/\",\"name\":\"BERNHARDT Packaging &amp; Process\",\"description\":\"fabricant fran\u00e7ais d\u2019emballages souples et de machines de conditionnement\",\"potentialAction\":[{\"@type\":\"SearchAction\",\"target\":{\"@type\":\"EntryPoint\",\"urlTemplate\":\"https:\\\/\\\/www.bernhardt.fr\\\/?s={search_term_string}\"},\"query-input\":{\"@type\":\"PropertyValueSpecification\",\"valueRequired\":true,\"valueName\":\"search_term_string\"}}],\"inLanguage\":\"en-US\"}]}<\/script>\n<!-- \/ Yoast SEO plugin. -->","yoast_head_json":{"title":"Legal Notice &amp; Privacy Policy - BERNHARDT Packaging &amp; Process","description":"Access to the legal notices to know our Terms and Uses Conditions.","robots":{"index":"index","follow":"follow","max-snippet":"max-snippet:-1","max-image-preview":"max-image-preview:large","max-video-preview":"max-video-preview:-1"},"canonical":"https:\/\/www.bernhardt.fr\/en\/legal-notice-privacy-policy\/","og_locale":"en_US","og_type":"article","og_title":"Legal Notice &amp; Privacy Policy - BERNHARDT Packaging &amp; Process","og_description":"Access to the legal notices to know our Terms and Uses Conditions.","og_url":"https:\/\/www.bernhardt.fr\/en\/legal-notice-privacy-policy\/","og_site_name":"BERNHARDT Packaging &amp; Process","article_modified_time":"2020-02-21T10:55:54+00:00","twitter_card":"summary_large_image","twitter_site":"@BERNHARDTPack","twitter_misc":{"Est. reading time":"8 minutes"},"schema":{"@context":"https:\/\/schema.org","@graph":[{"@type":"WebPage","@id":"https:\/\/www.bernhardt.fr\/en\/legal-notice-privacy-policy\/","url":"https:\/\/www.bernhardt.fr\/en\/legal-notice-privacy-policy\/","name":"Legal Notice &amp; Privacy Policy - BERNHARDT Packaging &amp; Process","isPartOf":{"@id":"https:\/\/www.bernhardt.fr\/#website"},"datePublished":"2019-05-21T10:31:24+00:00","dateModified":"2020-02-21T10:55:54+00:00","description":"Access to the legal notices to know our Terms and Uses Conditions.","breadcrumb":{"@id":"https:\/\/www.bernhardt.fr\/en\/legal-notice-privacy-policy\/#breadcrumb"},"inLanguage":"en-US","potentialAction":[{"@type":"ReadAction","target":["https:\/\/www.bernhardt.fr\/en\/legal-notice-privacy-policy\/"]}]},{"@type":"BreadcrumbList","@id":"https:\/\/www.bernhardt.fr\/en\/legal-notice-privacy-policy\/#breadcrumb","itemListElement":[{"@type":"ListItem","position":1,"name":"Accueil","item":"https:\/\/www.bernhardt.fr\/en\/"},{"@type":"ListItem","position":2,"name":"Legal Notice &amp; Privacy Policy"}]},{"@type":"WebSite","@id":"https:\/\/www.bernhardt.fr\/#website","url":"https:\/\/www.bernhardt.fr\/","name":"BERNHARDT Packaging &amp; Process","description":"fabricant fran\u00e7ais d\u2019emballages souples et de machines de conditionnement","potentialAction":[{"@type":"SearchAction","target":{"@type":"EntryPoint","urlTemplate":"https:\/\/www.bernhardt.fr\/?s={search_term_string}"},"query-input":{"@type":"PropertyValueSpecification","valueRequired":true,"valueName":"search_term_string"}}],"inLanguage":"en-US"}]}},"_links":{"self":[{"href":"https:\/\/www.bernhardt.fr\/en\/wp-json\/wp\/v2\/pages\/5154","targetHints":{"allow":["GET"]}}],"collection":[{"href":"https:\/\/www.bernhardt.fr\/en\/wp-json\/wp\/v2\/pages"}],"about":[{"href":"https:\/\/www.bernhardt.fr\/en\/wp-json\/wp\/v2\/types\/page"}],"author":[{"embeddable":true,"href":"https:\/\/www.bernhardt.fr\/en\/wp-json\/wp\/v2\/users\/2"}],"replies":[{"embeddable":true,"href":"https:\/\/www.bernhardt.fr\/en\/wp-json\/wp\/v2\/comments?post=5154"}],"version-history":[{"count":12,"href":"https:\/\/www.bernhardt.fr\/en\/wp-json\/wp\/v2\/pages\/5154\/revisions"}],"predecessor-version":[{"id":8234,"href":"https:\/\/www.bernhardt.fr\/en\/wp-json\/wp\/v2\/pages\/5154\/revisions\/8234"}],"wp:attachment":[{"href":"https:\/\/www.bernhardt.fr\/en\/wp-json\/wp\/v2\/media?parent=5154"}],"curies":[{"name":"wp","href":"https:\/\/api.w.org\/{rel}","templated":true}]}}