{"id":13047,"date":"2021-06-04T12:21:07","date_gmt":"2021-06-04T12:21:07","guid":{"rendered":"https:\/\/www.bernhardt.fr\/?page_id=13047"},"modified":"2022-03-01T08:02:29","modified_gmt":"2022-03-01T08:02:29","slug":"our-partners","status":"publish","type":"page","link":"https:\/\/www.bernhardt.fr\/en\/our-partners\/","title":{"rendered":"Our partner"},"content":{"rendered":"<p>[et_pb_section fb_built=&#8221;1&#8243; _builder_version=&#8221;3.22.3&#8243; use_background_color_gradient=&#8221;on&#8221; background_color_gradient_start=&#8221;#edf1f0&#8243; background_color_gradient_end=&#8221;#ffffff&#8221; custom_padding=&#8221;30px|0px|0px|0px&#8221; global_colors_info=&#8221;{}&#8221;][et_pb_row module_class=&#8221; et_pb_row_fullwidth&#8221; _builder_version=&#8221;3.25&#8243; background_size=&#8221;initial&#8221; background_position=&#8221;top_left&#8221; background_repeat=&#8221;repeat&#8221; width=&#8221;90%&#8221; width_tablet=&#8221;80%&#8221; width_phone=&#8221;&#8221; width_last_edited=&#8221;on|desktop&#8221; max_width_tablet=&#8221;80%&#8221; max_width_phone=&#8221;&#8221; max_width_last_edited=&#8221;on|desktop&#8221; module_alignment=&#8221;center&#8221; make_fullwidth=&#8221;on&#8221; global_colors_info=&#8221;{}&#8221;][et_pb_column type=&#8221;4_4&#8243; _builder_version=&#8221;3.25&#8243; custom_padding=&#8221;|||&#8221; global_colors_info=&#8221;{}&#8221; custom_padding__hover=&#8221;|||&#8221;][et_pb_text _builder_version=&#8221;4.9.2&#8243; header_text_color=&#8221;#1c5c74&#8243; global_colors_info=&#8221;{}&#8221;]<\/p>\n<h1 style=\"text-align: center\">Our Partner<\/h1>\n<p>[\/et_pb_text][et_pb_divider color=&#8221;#edf1f0&#8243; _builder_version=&#8221;3.24&#8243; height=&#8221;0px&#8221; custom_margin=&#8221;||25px|&#8221; global_colors_info=&#8221;{}&#8221;][\/et_pb_divider][\/et_pb_column][\/et_pb_row][\/et_pb_section][et_pb_section fb_built=&#8221;1&#8243; _builder_version=&#8221;3.22.3&#8243; custom_padding=&#8221;30px|0px|30px|0px|false|false&#8221; global_colors_info=&#8221;{}&#8221;][et_pb_row module_class=&#8221; et_pb_row_fullwidth&#8221; _builder_version=&#8221;4.9.2&#8243; width=&#8221;94%&#8221; width_tablet=&#8221;80%&#8221; width_phone=&#8221;&#8221; width_last_edited=&#8221;on|desktop&#8221; max_width=&#8221;94%&#8221; max_width_tablet=&#8221;80%&#8221; max_width_phone=&#8221;&#8221; max_width_last_edited=&#8221;on|desktop&#8221; module_alignment=&#8221;center&#8221; custom_padding=&#8221;0px|2%|30px|2%|false|false&#8221; global_colors_info=&#8221;{}&#8221;][et_pb_column type=&#8221;4_4&#8243; _builder_version=&#8221;3.25&#8243; custom_padding=&#8221;|||&#8221; global_colors_info=&#8221;{}&#8221; custom_padding__hover=&#8221;|||&#8221;][et_pb_image src=&#8221;https:\/\/www.bernhardt.fr\/wp-content\/uploads\/visviva.jpg&#8221; title_text=&#8221;visviva&#8221; url=&#8221;https:\/\/www.visviva.it\/&#8221; align=&#8221;center&#8221; _builder_version=&#8221;4.9.2&#8243; _module_preset=&#8221;default&#8221; global_colors_info=&#8221;{}&#8221;][\/et_pb_image][\/et_pb_column][\/et_pb_row][et_pb_row _builder_version=&#8221;4.9.2&#8243; _module_preset=&#8221;default&#8221; link_option_url=&#8221;LE CATALOGUE &#8211; TAMIA PACK\u00ae (tamia-pack.com)&#8221; global_colors_info=&#8221;{}&#8221;][et_pb_column type=&#8221;4_4&#8243; _builder_version=&#8221;4.9.2&#8243; _module_preset=&#8221;default&#8221; global_colors_info=&#8221;{}&#8221;][et_pb_text _builder_version=&#8221;4.9.2&#8243; text_text_color=&#8221;#000000&#8243; header_text_color=&#8221;#1c5c74&#8243; header_2_text_align=&#8221;center&#8221; header_2_text_color=&#8221;#31BCCE&#8221; header_2_line_height=&#8221;1.3em&#8221; text_orientation=&#8221;center&#8221; custom_margin=&#8221;||30px|||&#8221; global_colors_info=&#8221;{}&#8221;]<\/p>\n<h2><strong>Vis Viva<\/strong> is an Italian engineering company able to develop and offer technologically advanced systems and solutions. <\/h2>\n<p><strong>Vis Viva represents manufacturers of machinery, accessories and materials involved in the industrial processes: production, packaging, quality, serialization and traceability systems.<br \/>\n<\/strong>[\/et_pb_text][\/et_pb_column][\/et_pb_row][et_pb_row column_structure=&#8221;1_2,1_2&#8243; _builder_version=&#8221;4.9.2&#8243; _module_preset=&#8221;default&#8221; custom_margin=&#8221;|auto|43px|auto|false|false&#8221; link_option_url=&#8221;LE CATALOGUE &#8211; TAMIA PACK\u00ae (tamia-pack.com)&#8221; global_colors_info=&#8221;{}&#8221;][et_pb_column type=&#8221;1_2&#8243; _builder_version=&#8221;4.9.2&#8243; _module_preset=&#8221;default&#8221; custom_padding=&#8221;|||5%|false|false&#8221; custom_padding_tablet=&#8221;&#8221; custom_padding_phone=&#8221;|||0%|false|false&#8221; custom_padding_last_edited=&#8221;on|desktop&#8221; global_colors_info=&#8221;{}&#8221;][et_pb_text ul_position=&#8221;inside&#8221; _builder_version=&#8221;4.9.2&#8243; text_text_color=&#8221;#000000&#8243; header_text_color=&#8221;#1c5c74&#8243; header_2_text_align=&#8221;center&#8221; header_2_text_color=&#8221;#31BCCE&#8221; header_2_line_height=&#8221;1.3em&#8221; global_colors_info=&#8221;{}&#8221;]The company works in several fields:<\/p>\n<ul>\n<li>Pharmaceutical<\/li>\n<li>Industry<\/li>\n<li>Chemistry<\/li>\n<li>Cosmetic <\/li>\n<li>Food industry<\/li>\n<\/ul>\n<p>[\/et_pb_text][\/et_pb_column][et_pb_column type=&#8221;1_2&#8243; _builder_version=&#8221;4.9.2&#8243; _module_preset=&#8221;default&#8221; custom_padding=&#8221;|5%||5%|false|true&#8221; custom_padding_tablet=&#8221;&#8221; custom_padding_phone=&#8221;|0%||0%|false|true&#8221; custom_padding_last_edited=&#8221;on|phone&#8221; global_colors_info=&#8221;{}&#8221;][et_pb_text quote_border_color=&#8221;#31BCCE&#8221; _builder_version=&#8221;4.9.2&#8243; text_text_color=&#8221;#000000&#8243; quote_font_size=&#8221;16px&#8221; quote_line_height=&#8221;1.5em&#8221; header_text_color=&#8221;#1c5c74&#8243; header_2_text_align=&#8221;center&#8221; header_2_text_color=&#8221;#31BCCE&#8221; header_2_line_height=&#8221;1.3em&#8221; global_colors_info=&#8221;{}&#8221;]<\/p>\n<blockquote><p>The collaboration between Vis Viva and BERNHARDT is first of all the association of two companies experienced and dedicated to support the Customer in all stages of the project!\n<\/p><\/blockquote>\n<p>[\/et_pb_text][\/et_pb_column][\/et_pb_row][et_pb_row column_structure=&#8221;1_2,1_2&#8243; _builder_version=&#8221;4.9.2&#8243; _module_preset=&#8221;default&#8221; custom_margin=&#8221;|auto|39px|auto||&#8221; global_colors_info=&#8221;{}&#8221;][et_pb_column type=&#8221;1_2&#8243; _builder_version=&#8221;4.9.2&#8243; _module_preset=&#8221;default&#8221; global_colors_info=&#8221;{}&#8221;][et_pb_image src=&#8221;https:\/\/www.bernhardt.fr\/wp-content\/uploads\/visviva3.jpg&#8221; alt=&#8221;VisViva&#8221; title_text=&#8221;dav&#8221; align=&#8221;center&#8221; _builder_version=&#8221;4.9.2&#8243; _module_preset=&#8221;default&#8221; global_colors_info=&#8221;{}&#8221;][\/et_pb_image][\/et_pb_column][et_pb_column type=&#8221;1_2&#8243; _builder_version=&#8221;4.9.2&#8243; _module_preset=&#8221;default&#8221; global_colors_info=&#8221;{}&#8221;][et_pb_image src=&#8221;https:\/\/www.bernhardt.fr\/wp-content\/uploads\/vivviva2.jpg&#8221; title_text=&#8221;vivviva2&#8243; align=&#8221;center&#8221; _builder_version=&#8221;4.9.2&#8243; _module_preset=&#8221;default&#8221; global_colors_info=&#8221;{}&#8221;][\/et_pb_image][\/et_pb_column][\/et_pb_row][\/et_pb_section]<\/p>\n","protected":false},"excerpt":{"rendered":"<p>Our PartnerVis Viva is an Italian engineering company able to develop and offer technologically advanced systems and solutions. Vis Viva represents manufacturers of machinery, accessories and materials involved in the industrial processes: production, packaging, quality, serialization and traceability systems. The company works in several fields: Pharmaceutical Industry Chemistry Cosmetic Food industry The collaboration between Vis [&hellip;]<\/p>\n","protected":false},"author":2,"featured_media":0,"parent":0,"menu_order":3,"comment_status":"closed","ping_status":"closed","template":"","meta":{"_acf_changed":false,"_et_pb_use_builder":"on","_et_pb_old_content":"<p>[et_pb_section fb_built=\"1\" _builder_version=\"3.22.3\" use_background_color_gradient=\"on\" background_color_gradient_start=\"#edf1f0\" background_color_gradient_end=\"#ffffff\" custom_padding=\"30px|0px|0px|0px\"][et_pb_row module_class=\" et_pb_row_fullwidth\" _builder_version=\"3.25\" background_size=\"initial\" background_position=\"top_left\" background_repeat=\"repeat\" width=\"90%\" width_tablet=\"80%\" width_phone=\"\" width_last_edited=\"on|desktop\" max_width_tablet=\"80%\" max_width_phone=\"\" max_width_last_edited=\"on|desktop\" module_alignment=\"center\" make_fullwidth=\"on\"][et_pb_column type=\"4_4\" _builder_version=\"3.25\" custom_padding=\"|||\" custom_padding__hover=\"|||\"][et_pb_text _builder_version=\"4.9.2\" header_text_color=\"#1c5c74\"]<\/p><h1 style=\"text-align: center;\">Nos partenaires<\/h1><p>[\/et_pb_text][et_pb_divider color=\"#edf1f0\" _builder_version=\"3.24\" height=\"0px\" custom_margin=\"||25px|\"][\/et_pb_divider][\/et_pb_column][\/et_pb_row][\/et_pb_section][et_pb_section fb_built=\"1\" _builder_version=\"3.22.3\" custom_padding=\"30px|0px|30px|0px|false|false\"][et_pb_row module_class=\" et_pb_row_fullwidth\" _builder_version=\"4.9.2\" width=\"94%\" width_tablet=\"80%\" width_phone=\"\" width_last_edited=\"on|desktop\" max_width=\"94%\" max_width_tablet=\"80%\" max_width_phone=\"\" max_width_last_edited=\"on|desktop\" module_alignment=\"center\" custom_padding=\"0px|2%|30px|2%|false|false\"][et_pb_column type=\"4_4\" _builder_version=\"3.25\" custom_padding=\"|||\" custom_padding__hover=\"|||\"][et_pb_image src=\"https:\/\/www.bernhardt.fr\/wp-content\/uploads\/logo_tamia_pack.jpg\" title_text=\"logo_tamia_pack\" align=\"center\" _builder_version=\"4.9.2\" _module_preset=\"default\"][\/et_pb_image][et_pb_text _builder_version=\"4.9.2\" header_text_color=\"#1c5c74\" header_2_text_align=\"center\" header_2_text_color=\"#31BCCE\" header_2_line_height=\"1.3em\" text_orientation=\"center\"]<\/p><h2><strong>TAMIA PACK<\/strong>, est n\u00e9e d\u2019un v\u00e9cu et d\u2019une r\u00e9flexion. Son actionnaire principal <strong>ASUR PLANT BREEDING<\/strong> est un cr\u00e9ateur de vari\u00e9t\u00e9s de c\u00e9r\u00e9ales et producteur de semences bas\u00e9 dans l\u2019Oise.<\/h2><p><strong>C\u2019est pour r\u00e9pondre \u00e0 des questions de conservation des semences qu\u2019un programme est lanc\u00e9 en 2014.<\/strong> Pour r\u00e9ussir ce projet ASUR PLANT BREEDING s\u2019est associ\u00e9e avec BERNHARDT qui apporte son savoir-faire dans la technologie de mise sous vide et dans les emballages haute barri\u00e8re.<\/p><p>[\/et_pb_text][\/et_pb_column][\/et_pb_row][et_pb_row column_structure=\"1_3,1_3,1_3\" _builder_version=\"4.9.2\" _module_preset=\"default\" min_height=\"293.9px\" custom_padding=\"||0px|||\"][et_pb_column type=\"1_3\" _builder_version=\"4.9.2\" _module_preset=\"default\"][et_pb_image src=\"https:\/\/www.bernhardt.fr\/wp-content\/uploads\/tamia-flex-copie.jpg\" title_text=\"tamia-flex copie\" url=\"https:\/\/www.bernhardt.fr\/categorie\/machines\/mise-sous-vide-et-inertage\/\" align=\"center\" _builder_version=\"4.9.2\" _module_preset=\"default\" hover_enabled=\"0\" sticky_enabled=\"0\"][\/et_pb_image][\/et_pb_column][et_pb_column type=\"1_3\" _builder_version=\"4.9.2\" _module_preset=\"default\"][et_pb_image src=\"https:\/\/www.bernhardt.fr\/wp-content\/uploads\/Cloche-a-vide-verticale.jpg\" title_text=\"Cloche \u00e0 vide verticale\" url=\"https:\/\/www.bernhardt.fr\/produit\/cloche-a-vide-verticale\/\" align=\"center\" _builder_version=\"4.9.2\" _module_preset=\"default\"][\/et_pb_image][\/et_pb_column][et_pb_column type=\"1_3\" _builder_version=\"4.9.2\" _module_preset=\"default\"][et_pb_image src=\"https:\/\/www.bernhardt.fr\/wp-content\/uploads\/tableau-tamia-optimum-1.jpg\" title_text=\"tableau-tamia-optimum\" url=\"https:\/\/www.bernhardt.fr\/produit\/remplisseuse-big-bags\/\" align=\"center\" _builder_version=\"4.9.2\" _module_preset=\"default\"][\/et_pb_image][\/et_pb_column][\/et_pb_row][et_pb_row _builder_version=\"4.9.2\" _module_preset=\"default\"][et_pb_column type=\"4_4\" _builder_version=\"4.9.2\" _module_preset=\"default\"][et_pb_button button_url=\"https:\/\/www.tamia-pack.com\/nos-offres\/le-catalogue\/\" url_new_window=\"on\" button_text=\"Visitez le site de notre partenaire!\" button_alignment=\"center\" _builder_version=\"4.9.2\" custom_button=\"on\" button_text_size=\"18px\" button_bg_color=\"#1C5C74\" button_font=\"||||||||\" button_icon=\"%%3%%\" custom_margin=\"16px|||||\" button_bg_color__hover_enabled=\"on|hover\" button_bg_color__hover=\"#31BCCE\" button_text_color__hover_enabled=\"on|hover\" button_bg_enable_color__hover=\"on\" button_text_color__hover=\"#FFFFFF\"][\/et_pb_button][\/et_pb_column][\/et_pb_row][et_pb_row module_class=\" et_pb_row_fullwidth\" _builder_version=\"4.9.2\" background_size=\"initial\" background_position=\"top_left\" background_repeat=\"repeat\" width=\"90%\" width_tablet=\"80%\" width_phone=\"\" width_last_edited=\"on|desktop\" max_width_tablet=\"80%\" max_width_phone=\"\" max_width_last_edited=\"on|desktop\" module_alignment=\"center\" custom_margin=\"30px||||false|false\" make_fullwidth=\"on\"][et_pb_column type=\"4_4\" _builder_version=\"3.25\" custom_padding=\"|||\" custom_padding__hover=\"|||\"][et_pb_divider color=\"#edf1f0\" _builder_version=\"3.24\" height=\"0px\" custom_margin=\"||25px|\"][\/et_pb_divider][\/et_pb_column][\/et_pb_row][\/et_pb_section][et_pb_section fb_built=\"1\" _builder_version=\"3.22.3\" custom_padding=\"30px|0px|30px|0px|false|false\"][et_pb_row module_class=\" et_pb_row_fullwidth\" _builder_version=\"4.9.2\" width=\"94%\" width_tablet=\"80%\" width_phone=\"\" width_last_edited=\"on|desktop\" max_width=\"94%\" max_width_tablet=\"80%\" max_width_phone=\"\" max_width_last_edited=\"on|desktop\" module_alignment=\"center\" custom_padding=\"0px|2%|30px|2%|false|false\"][et_pb_column type=\"4_4\" _builder_version=\"3.25\" custom_padding=\"|||\" custom_padding__hover=\"|||\"][et_pb_image src=\"https:\/\/www.bernhardt.fr\/wp-content\/uploads\/visviva.jpg\" title_text=\"visviva\" url=\"https:\/\/www.visviva.it\/\" align=\"center\" _builder_version=\"4.9.2\" _module_preset=\"default\"][\/et_pb_image][\/et_pb_column][\/et_pb_row][et_pb_row _builder_version=\"4.9.2\" _module_preset=\"default\" link_option_url=\"LE CATALOGUE - TAMIA PACK\u00ae (tamia-pack.com)\"][et_pb_column type=\"4_4\" _builder_version=\"4.9.2\" _module_preset=\"default\"][et_pb_text _builder_version=\"4.9.2\" text_text_color=\"#000000\" header_text_color=\"#1c5c74\" header_2_text_align=\"center\" header_2_text_color=\"#31BCCE\" header_2_line_height=\"1.3em\" text_orientation=\"center\" custom_margin=\"||30px|||\"]<\/p><h2><strong>Vis Viva<\/strong>est une soci\u00e9t\u00e9 d'ing\u00e9nierie italienne, qui vous accompagne dans le d\u00e9veloppement de syst\u00e8mes et de solutions \u00e0 la pointe de la technologie.<\/h2><p><strong>Vis Viva repr\u00e9sente des fabricants de machines, d'accessoires et de mat\u00e9riaux qui interviennent au cours des diff\u00e9rents process industriels tels que la production, l\u2019emballage, le contr\u00f4le qualit\u00e9, la s\u00e9rialisation et les syst\u00e8mes de suivi.<br \/><\/strong>\u00a0<\/p><p>[\/et_pb_text][\/et_pb_column][\/et_pb_row][et_pb_row column_structure=\"1_2,1_2\" _builder_version=\"4.9.2\" _module_preset=\"default\" custom_margin=\"|auto|43px|auto|false|false\" link_option_url=\"LE CATALOGUE - TAMIA PACK\u00ae (tamia-pack.com)\"][et_pb_column type=\"1_2\" _builder_version=\"4.9.2\" _module_preset=\"default\" custom_padding=\"|||5%|false|false\" custom_padding_tablet=\"\" custom_padding_phone=\"|||0%|false|false\" custom_padding_last_edited=\"on|desktop\"][et_pb_text ul_position=\"inside\" _builder_version=\"4.9.2\" text_text_color=\"#000000\" header_text_color=\"#1c5c74\" header_2_text_align=\"center\" header_2_text_color=\"#31BCCE\" header_2_line_height=\"1.3em\"]<\/p><p>L\u2019entreprise intervient dans diff\u00e9rents domaines d\u2019application\u00a0:<\/p><ul><li>Pharmaceutique<\/li><li>Chimique<\/li><li>Cosm\u00e9tique<\/li><li>Alimentaire<\/li><\/ul><p>[\/et_pb_text][\/et_pb_column][et_pb_column type=\"1_2\" _builder_version=\"4.9.2\" _module_preset=\"default\" custom_padding=\"|5%||5%|false|true\" custom_padding_tablet=\"\" custom_padding_phone=\"|0%||0%|false|true\" custom_padding_last_edited=\"on|phone\"][et_pb_text quote_border_color=\"#31BCCE\" _builder_version=\"4.9.2\" text_text_color=\"#000000\" quote_font_size=\"16px\" quote_line_height=\"1.5em\" header_text_color=\"#1c5c74\" header_2_text_align=\"center\" header_2_text_color=\"#31BCCE\" header_2_line_height=\"1.3em\"]<\/p><blockquote><p>La collaboration entre Vis Viva et BERNHARDT c\u2019est avant tout l\u2019association de deux entreprises exp\u00e9riment\u00e9es et anim\u00e9es de la m\u00eame volont\u00e9 d\u2019accompagner le Client dans toutes les \u00e9tapes du projet\u00a0!<\/p><\/blockquote><p>[\/et_pb_text][\/et_pb_column][\/et_pb_row][et_pb_row column_structure=\"1_2,1_2\" _builder_version=\"4.9.2\" _module_preset=\"default\" custom_margin=\"|auto|39px|auto||\"][et_pb_column type=\"1_2\" _builder_version=\"4.9.2\" _module_preset=\"default\"][et_pb_image src=\"https:\/\/www.bernhardt.fr\/wp-content\/uploads\/visviva3.jpg\" alt=\"VisViva\" title_text=\"dav\" align=\"center\" _builder_version=\"4.9.2\" _module_preset=\"default\"][\/et_pb_image][\/et_pb_column][et_pb_column type=\"1_2\" _builder_version=\"4.9.2\" _module_preset=\"default\"][et_pb_image src=\"https:\/\/www.bernhardt.fr\/wp-content\/uploads\/vivviva2.jpg\" title_text=\"vivviva2\" align=\"center\" _builder_version=\"4.9.2\" _module_preset=\"default\"][\/et_pb_image][\/et_pb_column][\/et_pb_row][et_pb_row _builder_version=\"4.9.2\" _module_preset=\"default\"][et_pb_column type=\"4_4\" _builder_version=\"4.9.2\" _module_preset=\"default\"][et_pb_button button_url=\"https:\/\/www.visviva.it\/\" button_text=\"Visitez le site de notre partenaire!\" button_alignment=\"center\" _builder_version=\"4.9.2\" custom_button=\"on\" button_text_size=\"18px\" button_bg_color=\"#1C5C74\" button_font=\"||||||||\" button_icon=\"%%3%%\" button_bg_color__hover_enabled=\"on|hover\" button_bg_color__hover=\"#31BCCE\" button_text_color__hover_enabled=\"on|hover\" button_bg_enable_color__hover=\"on\" button_text_color__hover=\"#FFFFFF\"][\/et_pb_button][\/et_pb_column][\/et_pb_row][\/et_pb_section]<\/p>","_et_gb_content_width":"","footnotes":""},"class_list":["post-13047","page","type-page","status-publish","hentry"],"acf":[],"yoast_head":"<!-- This site is optimized with the Yoast SEO plugin v27.2 - https:\/\/yoast.com\/product\/yoast-seo-wordpress\/ -->\n<title>Our partner - BERNHARDT Packaging &amp; Process<\/title>\n<meta name=\"description\" content=\"Discover VisViva, an Italian engineering company able to develop and offer technologically advanced systems and solutions.\" \/>\n<meta name=\"robots\" content=\"index, follow, max-snippet:-1, max-image-preview:large, max-video-preview:-1\" \/>\n<link rel=\"canonical\" href=\"https:\/\/www.bernhardt.fr\/en\/our-partners\/\" \/>\n<meta property=\"og:locale\" content=\"en_US\" \/>\n<meta property=\"og:type\" content=\"article\" \/>\n<meta property=\"og:title\" content=\"Our partner - BERNHARDT Packaging &amp; Process\" \/>\n<meta property=\"og:description\" content=\"Discover VisViva, an Italian engineering company able to develop and offer technologically advanced systems and solutions.\" \/>\n<meta property=\"og:url\" content=\"https:\/\/www.bernhardt.fr\/en\/our-partners\/\" \/>\n<meta property=\"og:site_name\" content=\"BERNHARDT Packaging &amp; Process\" \/>\n<meta property=\"article:modified_time\" content=\"2022-03-01T08:02:29+00:00\" \/>\n<meta name=\"twitter:card\" content=\"summary_large_image\" \/>\n<meta name=\"twitter:site\" content=\"@BERNHARDTPack\" \/>\n<meta name=\"twitter:label1\" content=\"Est. reading time\" \/>\n\t<meta name=\"twitter:data1\" content=\"3 minutes\" \/>\n<script type=\"application\/ld+json\" class=\"yoast-schema-graph\">{\"@context\":\"https:\/\/schema.org\",\"@graph\":[{\"@type\":\"WebPage\",\"@id\":\"https:\/\/www.bernhardt.fr\/en\/our-partners\/\",\"url\":\"https:\/\/www.bernhardt.fr\/en\/our-partners\/\",\"name\":\"Our partner - BERNHARDT Packaging &amp; Process\",\"isPartOf\":{\"@id\":\"https:\/\/www.bernhardt.fr\/#website\"},\"datePublished\":\"2021-06-04T12:21:07+00:00\",\"dateModified\":\"2022-03-01T08:02:29+00:00\",\"description\":\"Discover VisViva, an Italian engineering company able to develop and offer technologically advanced systems and solutions.\",\"breadcrumb\":{\"@id\":\"https:\/\/www.bernhardt.fr\/en\/our-partners\/#breadcrumb\"},\"inLanguage\":\"en-US\",\"potentialAction\":[{\"@type\":\"ReadAction\",\"target\":[\"https:\/\/www.bernhardt.fr\/en\/our-partners\/\"]}]},{\"@type\":\"BreadcrumbList\",\"@id\":\"https:\/\/www.bernhardt.fr\/en\/our-partners\/#breadcrumb\",\"itemListElement\":[{\"@type\":\"ListItem\",\"position\":1,\"name\":\"Accueil\",\"item\":\"https:\/\/www.bernhardt.fr\/en\/\"},{\"@type\":\"ListItem\",\"position\":2,\"name\":\"Our partner\"}]},{\"@type\":\"WebSite\",\"@id\":\"https:\/\/www.bernhardt.fr\/#website\",\"url\":\"https:\/\/www.bernhardt.fr\/\",\"name\":\"BERNHARDT Packaging &amp; Process\",\"description\":\"fabricant fran\u00e7ais d\u2019emballages souples et de machines de conditionnement\",\"potentialAction\":[{\"@type\":\"SearchAction\",\"target\":{\"@type\":\"EntryPoint\",\"urlTemplate\":\"https:\/\/www.bernhardt.fr\/?s={search_term_string}\"},\"query-input\":{\"@type\":\"PropertyValueSpecification\",\"valueRequired\":true,\"valueName\":\"search_term_string\"}}],\"inLanguage\":\"en-US\"}]}<\/script>\n<!-- \/ Yoast SEO plugin. -->","yoast_head_json":{"title":"Our partner - BERNHARDT Packaging &amp; Process","description":"Discover VisViva, an Italian engineering company able to develop and offer technologically advanced systems and solutions.","robots":{"index":"index","follow":"follow","max-snippet":"max-snippet:-1","max-image-preview":"max-image-preview:large","max-video-preview":"max-video-preview:-1"},"canonical":"https:\/\/www.bernhardt.fr\/en\/our-partners\/","og_locale":"en_US","og_type":"article","og_title":"Our partner - BERNHARDT Packaging &amp; Process","og_description":"Discover VisViva, an Italian engineering company able to develop and offer technologically advanced systems and solutions.","og_url":"https:\/\/www.bernhardt.fr\/en\/our-partners\/","og_site_name":"BERNHARDT Packaging &amp; Process","article_modified_time":"2022-03-01T08:02:29+00:00","twitter_card":"summary_large_image","twitter_site":"@BERNHARDTPack","twitter_misc":{"Est. reading time":"3 minutes"},"schema":{"@context":"https:\/\/schema.org","@graph":[{"@type":"WebPage","@id":"https:\/\/www.bernhardt.fr\/en\/our-partners\/","url":"https:\/\/www.bernhardt.fr\/en\/our-partners\/","name":"Our partner - BERNHARDT Packaging &amp; Process","isPartOf":{"@id":"https:\/\/www.bernhardt.fr\/#website"},"datePublished":"2021-06-04T12:21:07+00:00","dateModified":"2022-03-01T08:02:29+00:00","description":"Discover VisViva, an Italian engineering company able to develop and offer technologically advanced systems and solutions.","breadcrumb":{"@id":"https:\/\/www.bernhardt.fr\/en\/our-partners\/#breadcrumb"},"inLanguage":"en-US","potentialAction":[{"@type":"ReadAction","target":["https:\/\/www.bernhardt.fr\/en\/our-partners\/"]}]},{"@type":"BreadcrumbList","@id":"https:\/\/www.bernhardt.fr\/en\/our-partners\/#breadcrumb","itemListElement":[{"@type":"ListItem","position":1,"name":"Accueil","item":"https:\/\/www.bernhardt.fr\/en\/"},{"@type":"ListItem","position":2,"name":"Our partner"}]},{"@type":"WebSite","@id":"https:\/\/www.bernhardt.fr\/#website","url":"https:\/\/www.bernhardt.fr\/","name":"BERNHARDT Packaging &amp; Process","description":"fabricant fran\u00e7ais d\u2019emballages souples et de machines de conditionnement","potentialAction":[{"@type":"SearchAction","target":{"@type":"EntryPoint","urlTemplate":"https:\/\/www.bernhardt.fr\/?s={search_term_string}"},"query-input":{"@type":"PropertyValueSpecification","valueRequired":true,"valueName":"search_term_string"}}],"inLanguage":"en-US"}]}},"_links":{"self":[{"href":"https:\/\/www.bernhardt.fr\/en\/wp-json\/wp\/v2\/pages\/13047","targetHints":{"allow":["GET"]}}],"collection":[{"href":"https:\/\/www.bernhardt.fr\/en\/wp-json\/wp\/v2\/pages"}],"about":[{"href":"https:\/\/www.bernhardt.fr\/en\/wp-json\/wp\/v2\/types\/page"}],"author":[{"embeddable":true,"href":"https:\/\/www.bernhardt.fr\/en\/wp-json\/wp\/v2\/users\/2"}],"replies":[{"embeddable":true,"href":"https:\/\/www.bernhardt.fr\/en\/wp-json\/wp\/v2\/comments?post=13047"}],"version-history":[{"count":9,"href":"https:\/\/www.bernhardt.fr\/en\/wp-json\/wp\/v2\/pages\/13047\/revisions"}],"predecessor-version":[{"id":13094,"href":"https:\/\/www.bernhardt.fr\/en\/wp-json\/wp\/v2\/pages\/13047\/revisions\/13094"}],"wp:attachment":[{"href":"https:\/\/www.bernhardt.fr\/en\/wp-json\/wp\/v2\/media?parent=13047"}],"curies":[{"name":"wp","href":"https:\/\/api.w.org\/{rel}","templated":true}]}}