{"id":14730,"date":"2018-05-16T14:18:43","date_gmt":"2018-05-16T14:18:43","guid":{"rendered":"https:\/\/www.bernhardt.fr\/produit\/poches-stand-up-soufflets-lateraux\/"},"modified":"2023-03-20T09:52:16","modified_gmt":"2023-03-20T09:52:16","slug":"stand-up-seitenbalg-beutel","status":"publish","type":"product","link":"https:\/\/www.bernhardt.fr\/de\/produit\/stand-up-seitenbalg-beutel\/","title":{"rendered":"Stand-up Seitenbalg Beutel"},"content":{"rendered":"<p>Die <em>Stand-Up<\/em> Seitenbalg Beutel ist ein Flexibler Beh\u00e4lter, perfekt stabil in stehender Position. Deklinierbar bei 1L und 10L, wir proposieren mit ein Frontplattespout oder ein Bottspout. Denn, wir verwenden Gro\u00dfe Spektrum und vertr\u00e4glich Pfropf mit Standardf\u00fcllmaschine. In einem anderen Zusammenhang, die Ausf\u00fcllung kann machen mit der Spout oder mit der Oberseite der Tasche.<br \/>\nDar\u00fcberhinaus, wir arbeiten von Gro\u00dfe Spektrum bei mehrschichtig inklusive bei Hochbarrierefolie.<\/p>\n<p style=\"color: #1c5c74;\"><strong>Bernahrdt beraten ihren f\u00fcr ihren Auswahl die Materialen und die Art Materialen adaptiert f\u00fcr ihren verpackung.<\/strong><\/p>\n","protected":false},"excerpt":{"rendered":"<p>BERNHARDT produzieren die Stand-up Seintenbalg Beutel von Einfachsperrschichtfolie bis hin zu Hochsperrschichtfolie.<br \/>\nAb 3L haben diese Beutel eine bessere Wiederstandsf\u00e4higkeit als Doypack, und sind eine richtige Alternativ zu starren Kanistern. In der Tat verleiht ihnen ihre Grundfl\u00e4che eine ausgezeichnete Stabilit\u00e4t.<br \/>\nSie k\u00f6nnen mit Spout und Verschluss an der Oberseite der Beutel (Bottspout) oder Frontplatte (Vollfl\u00e4che) ausgestattet werden.<\/p>\n<h2>Vorteile<\/h2>\n<ul>\n<li>Ausgezeichnete Wiederstandsf\u00e4higkeit.<\/li>\n<li>Handlichkeit dank der hohen und niedrigen Griffe (niedriger f\u00fcr die Bottspout).<\/li>\n<li>Kontinuierliches und pr\u00e4zises Leeren ohne Luftansaugung.<\/li>\n<li>Mehr als 90% platzsparend bevor Bef\u00fcllung im Verh\u00e4ltnis zu einem Beh\u00e4lter.<\/li>\n<li>Vorteilhaftes Facing, gute Kommunikationsunterst\u00fctzung.<\/li>\n<li>Verf\u00fcgbar in Hochsperrschichtfolie, f\u00fcr sensible Produkte.<\/li>\n<li>Passt sich auf Warmf\u00fcllmaschine an, f\u00fcr Selbstpasteurisierung, f\u00fcr Sterilisation.<\/li>\n<\/ul>\n<p><strong>Volumen : von 1L bis 10L.<\/strong><\/p>\n<p>&nbsp;<\/p>\n","protected":false},"featured_media":14560,"template":"","meta":{"_acf_changed":false,"_et_pb_use_builder":"","_et_pb_old_content":"","_et_gb_content_width":""},"product_brand":[],"product_cat":[328,330],"product_tag":[],"class_list":{"0":"post-14730","1":"product","2":"type-product","3":"status-publish","4":"has-post-thumbnail","6":"product_cat-verpackungen","7":"product_cat-fluessige-und-pasten-artige","8":"pa_quantite-min-10000-2-de","9":"pa_volume-liquide-von-500-ml-bis-5-liter","10":"pa_volume-liquide-von-5-bis-10-liter-de","12":"first","13":"instock","14":"shipping-taxable","15":"purchasable","16":"product-type-simple"},"acf":[],"yoast_head":"<!-- This site is optimized with the Yoast SEO plugin v27.4 - https:\/\/yoast.com\/product\/yoast-seo-wordpress\/ -->\n<title>Stand-up Seitenbalg Beutel - BERNHARDT<\/title>\n<meta name=\"description\" content=\"Die Seitenbalg Standbeutel ist ein flexibler Beh\u00e4lter, perfekt stabil im Stehen; erh\u00e4ltlich von 1L bis 10L; Bootspout\/ Vollgesicht.\" \/>\n<meta name=\"robots\" content=\"index, follow, max-snippet:-1, max-image-preview:large, max-video-preview:-1\" \/>\n<link rel=\"canonical\" href=\"https:\/\/www.bernhardt.fr\/de\/produit\/stand-up-seitenbalg-beutel\/\" \/>\n<meta property=\"og:locale\" content=\"de_DE\" \/>\n<meta property=\"og:type\" content=\"article\" \/>\n<meta property=\"og:title\" content=\"Stand-up Seitenbalg Beutel - BERNHARDT\" \/>\n<meta property=\"og:description\" content=\"Die Seitenbalg Standbeutel ist ein flexibler Beh\u00e4lter, perfekt stabil im Stehen; erh\u00e4ltlich von 1L bis 10L; Bootspout\/ Vollgesicht.\" \/>\n<meta property=\"og:url\" content=\"https:\/\/www.bernhardt.fr\/de\/produit\/stand-up-seitenbalg-beutel\/\" \/>\n<meta property=\"og:site_name\" content=\"BERNHARDT Packaging &amp; Process\" \/>\n<meta property=\"article:modified_time\" content=\"2023-03-20T09:52:16+00:00\" \/>\n<meta property=\"og:image\" content=\"https:\/\/www.bernhardt.fr\/wp-content\/uploads\/Seitenbalg_Beutel_1200x1200-1024x1024-1.jpg\" \/>\n\t<meta property=\"og:image:width\" content=\"1024\" \/>\n\t<meta property=\"og:image:height\" content=\"1024\" \/>\n\t<meta property=\"og:image:type\" content=\"image\/jpeg\" \/>\n<meta name=\"twitter:card\" content=\"summary_large_image\" \/>\n<meta name=\"twitter:site\" content=\"@BERNHARDTPack\" \/>\n<meta name=\"twitter:label1\" content=\"Gesch\u00e4tzte Lesezeit\" \/>\n\t<meta name=\"twitter:data1\" content=\"1\u00a0Minute\" \/>\n<script type=\"application\/ld+json\" class=\"yoast-schema-graph\">{\"@context\":\"https:\\\/\\\/schema.org\",\"@graph\":[{\"@type\":\"WebPage\",\"@id\":\"https:\\\/\\\/www.bernhardt.fr\\\/de\\\/produit\\\/stand-up-seitenbalg-beutel\\\/\",\"url\":\"https:\\\/\\\/www.bernhardt.fr\\\/de\\\/produit\\\/stand-up-seitenbalg-beutel\\\/\",\"name\":\"Stand-up Seitenbalg Beutel - BERNHARDT\",\"isPartOf\":{\"@id\":\"https:\\\/\\\/www.bernhardt.fr\\\/#website\"},\"primaryImageOfPage\":{\"@id\":\"https:\\\/\\\/www.bernhardt.fr\\\/de\\\/produit\\\/stand-up-seitenbalg-beutel\\\/#primaryimage\"},\"image\":{\"@id\":\"https:\\\/\\\/www.bernhardt.fr\\\/de\\\/produit\\\/stand-up-seitenbalg-beutel\\\/#primaryimage\"},\"thumbnailUrl\":\"https:\\\/\\\/www.bernhardt.fr\\\/wp-content\\\/uploads\\\/Seitenbalg_Beutel_1200x1200-1024x1024-1.jpg\",\"datePublished\":\"2018-05-16T14:18:43+00:00\",\"dateModified\":\"2023-03-20T09:52:16+00:00\",\"description\":\"Die Seitenbalg Standbeutel ist ein flexibler Beh\u00e4lter, perfekt stabil im Stehen; erh\u00e4ltlich von 1L bis 10L; Bootspout\\\/ Vollgesicht.\",\"breadcrumb\":{\"@id\":\"https:\\\/\\\/www.bernhardt.fr\\\/de\\\/produit\\\/stand-up-seitenbalg-beutel\\\/#breadcrumb\"},\"inLanguage\":\"de\",\"potentialAction\":[{\"@type\":\"ReadAction\",\"target\":[\"https:\\\/\\\/www.bernhardt.fr\\\/de\\\/produit\\\/stand-up-seitenbalg-beutel\\\/\"]}]},{\"@type\":\"ImageObject\",\"inLanguage\":\"de\",\"@id\":\"https:\\\/\\\/www.bernhardt.fr\\\/de\\\/produit\\\/stand-up-seitenbalg-beutel\\\/#primaryimage\",\"url\":\"https:\\\/\\\/www.bernhardt.fr\\\/wp-content\\\/uploads\\\/Seitenbalg_Beutel_1200x1200-1024x1024-1.jpg\",\"contentUrl\":\"https:\\\/\\\/www.bernhardt.fr\\\/wp-content\\\/uploads\\\/Seitenbalg_Beutel_1200x1200-1024x1024-1.jpg\",\"width\":1024,\"height\":1024},{\"@type\":\"BreadcrumbList\",\"@id\":\"https:\\\/\\\/www.bernhardt.fr\\\/de\\\/produit\\\/stand-up-seitenbalg-beutel\\\/#breadcrumb\",\"itemListElement\":[{\"@type\":\"ListItem\",\"position\":1,\"name\":\"Accueil\",\"item\":\"https:\\\/\\\/www.bernhardt.fr\\\/\"},{\"@type\":\"ListItem\",\"position\":2,\"name\":\"Produits\",\"item\":\"https:\\\/\\\/www.bernhardt.fr\\\/shop\\\/\"},{\"@type\":\"ListItem\",\"position\":3,\"name\":\"Stand-up Seitenbalg Beutel\"}]},{\"@type\":\"WebSite\",\"@id\":\"https:\\\/\\\/www.bernhardt.fr\\\/#website\",\"url\":\"https:\\\/\\\/www.bernhardt.fr\\\/\",\"name\":\"BERNHARDT Packaging &amp; Process\",\"description\":\"fabricant fran\u00e7ais d\u2019emballages souples et de machines de conditionnement\",\"potentialAction\":[{\"@type\":\"SearchAction\",\"target\":{\"@type\":\"EntryPoint\",\"urlTemplate\":\"https:\\\/\\\/www.bernhardt.fr\\\/?s={search_term_string}\"},\"query-input\":{\"@type\":\"PropertyValueSpecification\",\"valueRequired\":true,\"valueName\":\"search_term_string\"}}],\"inLanguage\":\"de\"}]}<\/script>\n<!-- \/ Yoast SEO plugin. -->","yoast_head_json":{"title":"Stand-up Seitenbalg Beutel - BERNHARDT","description":"Die Seitenbalg Standbeutel ist ein flexibler Beh\u00e4lter, perfekt stabil im Stehen; erh\u00e4ltlich von 1L bis 10L; Bootspout\/ Vollgesicht.","robots":{"index":"index","follow":"follow","max-snippet":"max-snippet:-1","max-image-preview":"max-image-preview:large","max-video-preview":"max-video-preview:-1"},"canonical":"https:\/\/www.bernhardt.fr\/de\/produit\/stand-up-seitenbalg-beutel\/","og_locale":"de_DE","og_type":"article","og_title":"Stand-up Seitenbalg Beutel - BERNHARDT","og_description":"Die Seitenbalg Standbeutel ist ein flexibler Beh\u00e4lter, perfekt stabil im Stehen; erh\u00e4ltlich von 1L bis 10L; Bootspout\/ Vollgesicht.","og_url":"https:\/\/www.bernhardt.fr\/de\/produit\/stand-up-seitenbalg-beutel\/","og_site_name":"BERNHARDT Packaging &amp; Process","article_modified_time":"2023-03-20T09:52:16+00:00","og_image":[{"width":1024,"height":1024,"url":"https:\/\/www.bernhardt.fr\/wp-content\/uploads\/Seitenbalg_Beutel_1200x1200-1024x1024-1.jpg","type":"image\/jpeg"}],"twitter_card":"summary_large_image","twitter_site":"@BERNHARDTPack","twitter_misc":{"Gesch\u00e4tzte Lesezeit":"1\u00a0Minute"},"schema":{"@context":"https:\/\/schema.org","@graph":[{"@type":"WebPage","@id":"https:\/\/www.bernhardt.fr\/de\/produit\/stand-up-seitenbalg-beutel\/","url":"https:\/\/www.bernhardt.fr\/de\/produit\/stand-up-seitenbalg-beutel\/","name":"Stand-up Seitenbalg Beutel - BERNHARDT","isPartOf":{"@id":"https:\/\/www.bernhardt.fr\/#website"},"primaryImageOfPage":{"@id":"https:\/\/www.bernhardt.fr\/de\/produit\/stand-up-seitenbalg-beutel\/#primaryimage"},"image":{"@id":"https:\/\/www.bernhardt.fr\/de\/produit\/stand-up-seitenbalg-beutel\/#primaryimage"},"thumbnailUrl":"https:\/\/www.bernhardt.fr\/wp-content\/uploads\/Seitenbalg_Beutel_1200x1200-1024x1024-1.jpg","datePublished":"2018-05-16T14:18:43+00:00","dateModified":"2023-03-20T09:52:16+00:00","description":"Die Seitenbalg Standbeutel ist ein flexibler Beh\u00e4lter, perfekt stabil im Stehen; erh\u00e4ltlich von 1L bis 10L; Bootspout\/ Vollgesicht.","breadcrumb":{"@id":"https:\/\/www.bernhardt.fr\/de\/produit\/stand-up-seitenbalg-beutel\/#breadcrumb"},"inLanguage":"de","potentialAction":[{"@type":"ReadAction","target":["https:\/\/www.bernhardt.fr\/de\/produit\/stand-up-seitenbalg-beutel\/"]}]},{"@type":"ImageObject","inLanguage":"de","@id":"https:\/\/www.bernhardt.fr\/de\/produit\/stand-up-seitenbalg-beutel\/#primaryimage","url":"https:\/\/www.bernhardt.fr\/wp-content\/uploads\/Seitenbalg_Beutel_1200x1200-1024x1024-1.jpg","contentUrl":"https:\/\/www.bernhardt.fr\/wp-content\/uploads\/Seitenbalg_Beutel_1200x1200-1024x1024-1.jpg","width":1024,"height":1024},{"@type":"BreadcrumbList","@id":"https:\/\/www.bernhardt.fr\/de\/produit\/stand-up-seitenbalg-beutel\/#breadcrumb","itemListElement":[{"@type":"ListItem","position":1,"name":"Accueil","item":"https:\/\/www.bernhardt.fr\/"},{"@type":"ListItem","position":2,"name":"Produits","item":"https:\/\/www.bernhardt.fr\/shop\/"},{"@type":"ListItem","position":3,"name":"Stand-up Seitenbalg Beutel"}]},{"@type":"WebSite","@id":"https:\/\/www.bernhardt.fr\/#website","url":"https:\/\/www.bernhardt.fr\/","name":"BERNHARDT Packaging &amp; Process","description":"fabricant fran\u00e7ais d\u2019emballages souples et de machines de conditionnement","potentialAction":[{"@type":"SearchAction","target":{"@type":"EntryPoint","urlTemplate":"https:\/\/www.bernhardt.fr\/?s={search_term_string}"},"query-input":{"@type":"PropertyValueSpecification","valueRequired":true,"valueName":"search_term_string"}}],"inLanguage":"de"}]}},"_links":{"self":[{"href":"https:\/\/www.bernhardt.fr\/de\/wp-json\/wp\/v2\/product\/14730","targetHints":{"allow":["GET"]}}],"collection":[{"href":"https:\/\/www.bernhardt.fr\/de\/wp-json\/wp\/v2\/product"}],"about":[{"href":"https:\/\/www.bernhardt.fr\/de\/wp-json\/wp\/v2\/types\/product"}],"wp:featuredmedia":[{"embeddable":true,"href":"https:\/\/www.bernhardt.fr\/de\/wp-json\/wp\/v2\/media\/14560"}],"wp:attachment":[{"href":"https:\/\/www.bernhardt.fr\/de\/wp-json\/wp\/v2\/media?parent=14730"}],"wp:term":[{"taxonomy":"product_brand","embeddable":true,"href":"https:\/\/www.bernhardt.fr\/de\/wp-json\/wp\/v2\/product_brand?post=14730"},{"taxonomy":"product_cat","embeddable":true,"href":"https:\/\/www.bernhardt.fr\/de\/wp-json\/wp\/v2\/product_cat?post=14730"},{"taxonomy":"product_tag","embeddable":true,"href":"https:\/\/www.bernhardt.fr\/de\/wp-json\/wp\/v2\/product_tag?post=14730"}],"curies":[{"name":"wp","href":"https:\/\/api.w.org\/{rel}","templated":true}]}}