{"id":14729,"date":"2018-06-26T10:20:43","date_gmt":"2018-06-26T10:20:43","guid":{"rendered":"https:\/\/www.bernhardt.fr\/produit\/liners-big-bags-octabins\/"},"modified":"2023-03-17T16:49:20","modified_gmt":"2023-03-17T16:49:20","slug":"big-bags-und-octabin-liner","status":"publish","type":"product","link":"https:\/\/www.bernhardt.fr\/de\/produit\/big-bags-und-octabin-liner\/","title":{"rendered":"Big bags und octabin liner"},"content":{"rendered":"<p>BERNHARDT fertigt ma\u00dfgeschneiderte Big-Bag- und Octabin-Liner. Ihre Abmessungen passen wir dem Medium an, in das sie eingebracht werden. So k\u00f6nnen unsere Kunden ihre bestehenden Big-Bag-Referenzen behalten und gleichzeitig ihre sensiblen Sch\u00fcttg\u00fcter erstklassig sch\u00fctzen.<\/p>\n<p style=\"color: #1c5c74;\"><strong>BERNHARDT ber\u00e4t Sie bei der Auswahl der Materialien und der Art der Barriere, die f\u00fcr Ihre Verpackung geeignet ist.<\/strong><\/p>\n","protected":false},"excerpt":{"rendered":"<p>BERNHARDT fertigt ma\u00dfgeschneiderte Big-Bag- und Octabin-Liner. Ihre Abmessungen passen wir dem Medium an, in das sie eingebracht werden. So k\u00f6nnen unsere Kunden ihre bestehenden Big-Bag-Referenzen behalten und gleichzeitig ihre sensiblen Sch\u00fcttg\u00fcter erstklassig sch\u00fctzen.<\/p>\n<h2>VORTEILE<\/h2>\n<ul>\n<li>Sehr hoher Schutz gegen Sauerstoff und Feuchtigkeit f\u00fcr Sch\u00fcttg\u00fcter.<\/li>\n<li>Bef\u00fcllen und Entleeren durch die Rutschen erleichtert.<\/li>\n<li>Geeignet f\u00fcr Vakuumverpackung (Verl\u00e4ngerung der Haltbarkeit, Qualit\u00e4tssicherung, gro\u00dfer Export).<\/li>\n<li>Dank des Vakuums k\u00f6nnen Sie Zusatzstoffe (Antioxidantien, Insektizide) entfernen.<\/li>\n<li>Aluminium- oder EVOH-Barriere.<\/li>\n<\/ul>\n<p><strong>Volumen: von 80L bis 2000L<\/strong><\/p>\n","protected":false},"featured_media":14741,"template":"","meta":{"_acf_changed":false,"_et_pb_use_builder":"","_et_pb_old_content":"","_et_gb_content_width":""},"product_brand":[],"product_cat":[328,337],"product_tag":[],"class_list":{"0":"post-14729","1":"product","2":"type-product","3":"status-publish","4":"has-post-thumbnail","6":"product_cat-verpackungen","7":"product_cat-trockene-und-feste-produkte","8":"pa_quantite-min-1000-2-de","10":"first","11":"instock","12":"shipping-taxable","13":"purchasable","14":"product-type-simple"},"acf":[],"yoast_head":"<!-- This site is optimized with the Yoast SEO plugin v27.5 - https:\/\/yoast.com\/product\/yoast-seo-wordpress\/ -->\n<title>Big bags und octabin liner - BERNHARDT<\/title>\n<meta name=\"description\" content=\"Octabins Big Bags: ma\u00dfgeschneiderte Verpackungen. Wir passen ihre Abmessungen so an, dass sie zu der Halterung passen, in die sie eingef\u00fchrt werden.\" \/>\n<meta name=\"robots\" content=\"index, follow, max-snippet:-1, max-image-preview:large, max-video-preview:-1\" \/>\n<link rel=\"canonical\" href=\"https:\/\/www.bernhardt.fr\/de\/produit\/big-bags-und-octabin-liner\/\" \/>\n<meta property=\"og:locale\" content=\"de_DE\" \/>\n<meta property=\"og:type\" content=\"article\" \/>\n<meta property=\"og:title\" content=\"Big bags und octabin liner - BERNHARDT\" \/>\n<meta property=\"og:description\" content=\"Octabins Big Bags: ma\u00dfgeschneiderte Verpackungen. Wir passen ihre Abmessungen so an, dass sie zu der Halterung passen, in die sie eingef\u00fchrt werden.\" \/>\n<meta property=\"og:url\" content=\"https:\/\/www.bernhardt.fr\/de\/produit\/big-bags-und-octabin-liner\/\" \/>\n<meta property=\"og:site_name\" content=\"BERNHARDT Packaging &amp; Process\" \/>\n<meta property=\"article:modified_time\" content=\"2023-03-17T16:49:20+00:00\" \/>\n<meta property=\"og:image\" content=\"https:\/\/www.bernhardt.fr\/wp-content\/uploads\/liners_bigbag_octabin-1-1024x1024-2.jpg\" \/>\n\t<meta property=\"og:image:width\" content=\"1024\" \/>\n\t<meta property=\"og:image:height\" content=\"1024\" \/>\n\t<meta property=\"og:image:type\" content=\"image\/jpeg\" \/>\n<meta name=\"twitter:card\" content=\"summary_large_image\" \/>\n<meta name=\"twitter:site\" content=\"@BERNHARDTPack\" \/>\n<meta name=\"twitter:label1\" content=\"Gesch\u00e4tzte Lesezeit\" \/>\n\t<meta name=\"twitter:data1\" content=\"1\u00a0Minute\" \/>\n<script type=\"application\/ld+json\" class=\"yoast-schema-graph\">{\"@context\":\"https:\\\/\\\/schema.org\",\"@graph\":[{\"@type\":\"WebPage\",\"@id\":\"https:\\\/\\\/www.bernhardt.fr\\\/de\\\/produit\\\/big-bags-und-octabin-liner\\\/\",\"url\":\"https:\\\/\\\/www.bernhardt.fr\\\/de\\\/produit\\\/big-bags-und-octabin-liner\\\/\",\"name\":\"Big bags und octabin liner - BERNHARDT\",\"isPartOf\":{\"@id\":\"https:\\\/\\\/www.bernhardt.fr\\\/#website\"},\"primaryImageOfPage\":{\"@id\":\"https:\\\/\\\/www.bernhardt.fr\\\/de\\\/produit\\\/big-bags-und-octabin-liner\\\/#primaryimage\"},\"image\":{\"@id\":\"https:\\\/\\\/www.bernhardt.fr\\\/de\\\/produit\\\/big-bags-und-octabin-liner\\\/#primaryimage\"},\"thumbnailUrl\":\"https:\\\/\\\/www.bernhardt.fr\\\/wp-content\\\/uploads\\\/liners_bigbag_octabin-1-1024x1024-2.jpg\",\"datePublished\":\"2018-06-26T10:20:43+00:00\",\"dateModified\":\"2023-03-17T16:49:20+00:00\",\"description\":\"Octabins Big Bags: ma\u00dfgeschneiderte Verpackungen. Wir passen ihre Abmessungen so an, dass sie zu der Halterung passen, in die sie eingef\u00fchrt werden.\",\"breadcrumb\":{\"@id\":\"https:\\\/\\\/www.bernhardt.fr\\\/de\\\/produit\\\/big-bags-und-octabin-liner\\\/#breadcrumb\"},\"inLanguage\":\"de\",\"potentialAction\":[{\"@type\":\"ReadAction\",\"target\":[\"https:\\\/\\\/www.bernhardt.fr\\\/de\\\/produit\\\/big-bags-und-octabin-liner\\\/\"]}]},{\"@type\":\"ImageObject\",\"inLanguage\":\"de\",\"@id\":\"https:\\\/\\\/www.bernhardt.fr\\\/de\\\/produit\\\/big-bags-und-octabin-liner\\\/#primaryimage\",\"url\":\"https:\\\/\\\/www.bernhardt.fr\\\/wp-content\\\/uploads\\\/liners_bigbag_octabin-1-1024x1024-2.jpg\",\"contentUrl\":\"https:\\\/\\\/www.bernhardt.fr\\\/wp-content\\\/uploads\\\/liners_bigbag_octabin-1-1024x1024-2.jpg\",\"width\":1024,\"height\":1024},{\"@type\":\"BreadcrumbList\",\"@id\":\"https:\\\/\\\/www.bernhardt.fr\\\/de\\\/produit\\\/big-bags-und-octabin-liner\\\/#breadcrumb\",\"itemListElement\":[{\"@type\":\"ListItem\",\"position\":1,\"name\":\"Accueil\",\"item\":\"https:\\\/\\\/www.bernhardt.fr\\\/\"},{\"@type\":\"ListItem\",\"position\":2,\"name\":\"Produits\",\"item\":\"https:\\\/\\\/www.bernhardt.fr\\\/shop\\\/\"},{\"@type\":\"ListItem\",\"position\":3,\"name\":\"Big bags und octabin liner\"}]},{\"@type\":\"WebSite\",\"@id\":\"https:\\\/\\\/www.bernhardt.fr\\\/#website\",\"url\":\"https:\\\/\\\/www.bernhardt.fr\\\/\",\"name\":\"BERNHARDT Packaging &amp; Process\",\"description\":\"fabricant fran\u00e7ais d\u2019emballages souples et de machines de conditionnement\",\"potentialAction\":[{\"@type\":\"SearchAction\",\"target\":{\"@type\":\"EntryPoint\",\"urlTemplate\":\"https:\\\/\\\/www.bernhardt.fr\\\/?s={search_term_string}\"},\"query-input\":{\"@type\":\"PropertyValueSpecification\",\"valueRequired\":true,\"valueName\":\"search_term_string\"}}],\"inLanguage\":\"de\"}]}<\/script>\n<!-- \/ Yoast SEO plugin. -->","yoast_head_json":{"title":"Big bags und octabin liner - BERNHARDT","description":"Octabins Big Bags: ma\u00dfgeschneiderte Verpackungen. Wir passen ihre Abmessungen so an, dass sie zu der Halterung passen, in die sie eingef\u00fchrt werden.","robots":{"index":"index","follow":"follow","max-snippet":"max-snippet:-1","max-image-preview":"max-image-preview:large","max-video-preview":"max-video-preview:-1"},"canonical":"https:\/\/www.bernhardt.fr\/de\/produit\/big-bags-und-octabin-liner\/","og_locale":"de_DE","og_type":"article","og_title":"Big bags und octabin liner - BERNHARDT","og_description":"Octabins Big Bags: ma\u00dfgeschneiderte Verpackungen. Wir passen ihre Abmessungen so an, dass sie zu der Halterung passen, in die sie eingef\u00fchrt werden.","og_url":"https:\/\/www.bernhardt.fr\/de\/produit\/big-bags-und-octabin-liner\/","og_site_name":"BERNHARDT Packaging &amp; Process","article_modified_time":"2023-03-17T16:49:20+00:00","og_image":[{"width":1024,"height":1024,"url":"https:\/\/www.bernhardt.fr\/wp-content\/uploads\/liners_bigbag_octabin-1-1024x1024-2.jpg","type":"image\/jpeg"}],"twitter_card":"summary_large_image","twitter_site":"@BERNHARDTPack","twitter_misc":{"Gesch\u00e4tzte Lesezeit":"1\u00a0Minute"},"schema":{"@context":"https:\/\/schema.org","@graph":[{"@type":"WebPage","@id":"https:\/\/www.bernhardt.fr\/de\/produit\/big-bags-und-octabin-liner\/","url":"https:\/\/www.bernhardt.fr\/de\/produit\/big-bags-und-octabin-liner\/","name":"Big bags und octabin liner - BERNHARDT","isPartOf":{"@id":"https:\/\/www.bernhardt.fr\/#website"},"primaryImageOfPage":{"@id":"https:\/\/www.bernhardt.fr\/de\/produit\/big-bags-und-octabin-liner\/#primaryimage"},"image":{"@id":"https:\/\/www.bernhardt.fr\/de\/produit\/big-bags-und-octabin-liner\/#primaryimage"},"thumbnailUrl":"https:\/\/www.bernhardt.fr\/wp-content\/uploads\/liners_bigbag_octabin-1-1024x1024-2.jpg","datePublished":"2018-06-26T10:20:43+00:00","dateModified":"2023-03-17T16:49:20+00:00","description":"Octabins Big Bags: ma\u00dfgeschneiderte Verpackungen. Wir passen ihre Abmessungen so an, dass sie zu der Halterung passen, in die sie eingef\u00fchrt werden.","breadcrumb":{"@id":"https:\/\/www.bernhardt.fr\/de\/produit\/big-bags-und-octabin-liner\/#breadcrumb"},"inLanguage":"de","potentialAction":[{"@type":"ReadAction","target":["https:\/\/www.bernhardt.fr\/de\/produit\/big-bags-und-octabin-liner\/"]}]},{"@type":"ImageObject","inLanguage":"de","@id":"https:\/\/www.bernhardt.fr\/de\/produit\/big-bags-und-octabin-liner\/#primaryimage","url":"https:\/\/www.bernhardt.fr\/wp-content\/uploads\/liners_bigbag_octabin-1-1024x1024-2.jpg","contentUrl":"https:\/\/www.bernhardt.fr\/wp-content\/uploads\/liners_bigbag_octabin-1-1024x1024-2.jpg","width":1024,"height":1024},{"@type":"BreadcrumbList","@id":"https:\/\/www.bernhardt.fr\/de\/produit\/big-bags-und-octabin-liner\/#breadcrumb","itemListElement":[{"@type":"ListItem","position":1,"name":"Accueil","item":"https:\/\/www.bernhardt.fr\/"},{"@type":"ListItem","position":2,"name":"Produits","item":"https:\/\/www.bernhardt.fr\/shop\/"},{"@type":"ListItem","position":3,"name":"Big bags und octabin liner"}]},{"@type":"WebSite","@id":"https:\/\/www.bernhardt.fr\/#website","url":"https:\/\/www.bernhardt.fr\/","name":"BERNHARDT Packaging &amp; Process","description":"fabricant fran\u00e7ais d\u2019emballages souples et de machines de conditionnement","potentialAction":[{"@type":"SearchAction","target":{"@type":"EntryPoint","urlTemplate":"https:\/\/www.bernhardt.fr\/?s={search_term_string}"},"query-input":{"@type":"PropertyValueSpecification","valueRequired":true,"valueName":"search_term_string"}}],"inLanguage":"de"}]}},"_links":{"self":[{"href":"https:\/\/www.bernhardt.fr\/de\/wp-json\/wp\/v2\/product\/14729","targetHints":{"allow":["GET"]}}],"collection":[{"href":"https:\/\/www.bernhardt.fr\/de\/wp-json\/wp\/v2\/product"}],"about":[{"href":"https:\/\/www.bernhardt.fr\/de\/wp-json\/wp\/v2\/types\/product"}],"wp:featuredmedia":[{"embeddable":true,"href":"https:\/\/www.bernhardt.fr\/de\/wp-json\/wp\/v2\/media\/14741"}],"wp:attachment":[{"href":"https:\/\/www.bernhardt.fr\/de\/wp-json\/wp\/v2\/media?parent=14729"}],"wp:term":[{"taxonomy":"product_brand","embeddable":true,"href":"https:\/\/www.bernhardt.fr\/de\/wp-json\/wp\/v2\/product_brand?post=14729"},{"taxonomy":"product_cat","embeddable":true,"href":"https:\/\/www.bernhardt.fr\/de\/wp-json\/wp\/v2\/product_cat?post=14729"},{"taxonomy":"product_tag","embeddable":true,"href":"https:\/\/www.bernhardt.fr\/de\/wp-json\/wp\/v2\/product_tag?post=14729"}],"curies":[{"name":"wp","href":"https:\/\/api.w.org\/{rel}","templated":true}]}}