{"id":13284,"date":"2018-06-15T13:01:23","date_gmt":"2018-06-15T13:01:23","guid":{"rendered":"https:\/\/www.bernhardt.fr\/produit\/soudeuse-manuelle\/"},"modified":"2023-03-17T16:48:54","modified_gmt":"2023-03-17T16:48:54","slug":"manuelle-schweissmaschine","status":"publish","type":"product","link":"https:\/\/www.bernhardt.fr\/de\/produit\/manuelle-schweissmaschine\/","title":{"rendered":"Manuelle Schwei\u00dfmaschine"},"content":{"rendered":"<p><span style=\"font-size: small;\">Doppelimpulsschwei\u00dfger\u00e4t f\u00fcr Polyethylenbeutel oder dicke Komplexe. Das handsiegelger\u00e4t ist f\u00fcr mittelgro\u00dfen und gro\u00dfen Beutel geeignet. Sie ist auch f\u00fcr den langsamen Einsatz geeignet.<\/span><\/p>\n","protected":false},"excerpt":{"rendered":"<p>F\u00fcr die Schwei\u00dfung von Beuteln, Taschen und S\u00e4cken aus Polyethylen oder Mehrschichtfolien. Maschine ist f\u00fcr die Schwei\u00dfung von mittelgro\u00dfen und gro\u00dfen Industriebeuteln geeignet.<\/p>\n<h2>VORTEILE<\/h2>\n<ul>\n<li>Manuelle Schlie\u00dfung und \u00d6ffnung die Schwei\u00dfst\u00e4be<\/li>\n<li>Einstellung der Schwei\u00dfparameter am Bildschirm\/Tastatur<\/li>\n<li>Automatische Wahl der Schwei\u00dfzeit entsprechend der zeit zwischen zwei aufeinander folgenden Schwei\u00dfungen verstrichenen<\/li>\n<li>Hygienisches Design<\/li>\n<li>INOX-Herstellung<\/li>\n<li>Benutzerfreundlichkeit<\/li>\n<\/ul>\n","protected":false},"featured_media":10302,"template":"","meta":{"_acf_changed":false,"_et_pb_use_builder":"on","_et_pb_old_content":"","_et_gb_content_width":""},"product_brand":[],"product_cat":[322,335],"product_tag":[],"class_list":{"0":"post-13284","1":"product","2":"type-product","3":"status-publish","4":"has-post-thumbnail","6":"product_cat-schweissmaschine","7":"product_cat-maschinen","8":"pa_type-de-soudeuse-schweissmaschine-taschen-beutel-de","9":"pa_type-de-soudeuse-schweissmaschine-manuelle-de","11":"first","12":"instock","13":"shipping-taxable","14":"purchasable","15":"product-type-simple"},"acf":[],"yoast_head":"<!-- This site is optimized with the Yoast SEO plugin v27.5 - https:\/\/yoast.com\/product\/yoast-seo-wordpress\/ -->\n<title>Manuelle Schwei\u00dfmaschine - BERNHARDT Packaging &amp; Process<\/title>\n<meta name=\"description\" content=\"Handschwei\u00dfger\u00e4t : Zum Verschlie\u00dfen von Beuteln, S\u00e4cken und T\u00fcten aus Polyethylen oder Mehrschichtfolien. F\u00fcr mittelgro\u00dfe und gro\u00dfe Industries\u00e4cke.\" \/>\n<meta name=\"robots\" content=\"index, follow, max-snippet:-1, max-image-preview:large, max-video-preview:-1\" \/>\n<link rel=\"canonical\" href=\"https:\/\/www.bernhardt.fr\/de\/produit\/manuelle-schweissmaschine\/\" \/>\n<meta property=\"og:locale\" content=\"de_DE\" \/>\n<meta property=\"og:type\" content=\"article\" \/>\n<meta property=\"og:title\" content=\"Manuelle Schwei\u00dfmaschine - BERNHARDT Packaging &amp; Process\" \/>\n<meta property=\"og:description\" content=\"Handschwei\u00dfger\u00e4t : Zum Verschlie\u00dfen von Beuteln, S\u00e4cken und T\u00fcten aus Polyethylen oder Mehrschichtfolien. F\u00fcr mittelgro\u00dfe und gro\u00dfe Industries\u00e4cke.\" \/>\n<meta property=\"og:url\" content=\"https:\/\/www.bernhardt.fr\/de\/produit\/manuelle-schweissmaschine\/\" \/>\n<meta property=\"og:site_name\" content=\"BERNHARDT Packaging &amp; Process\" \/>\n<meta property=\"article:modified_time\" content=\"2023-03-17T16:48:54+00:00\" \/>\n<meta property=\"og:image\" content=\"https:\/\/www.bernhardt.fr\/wp-content\/uploads\/MSB11M-2.png\" \/>\n\t<meta property=\"og:image:width\" content=\"1200\" \/>\n\t<meta property=\"og:image:height\" content=\"1200\" \/>\n\t<meta property=\"og:image:type\" content=\"image\/png\" \/>\n<meta name=\"twitter:card\" content=\"summary_large_image\" \/>\n<meta name=\"twitter:site\" content=\"@BERNHARDTPack\" \/>\n<meta name=\"twitter:label1\" content=\"Gesch\u00e4tzte Lesezeit\" \/>\n\t<meta name=\"twitter:data1\" content=\"1\u00a0Minute\" \/>\n<script type=\"application\/ld+json\" class=\"yoast-schema-graph\">{\"@context\":\"https:\\\/\\\/schema.org\",\"@graph\":[{\"@type\":\"WebPage\",\"@id\":\"https:\\\/\\\/www.bernhardt.fr\\\/de\\\/produit\\\/manuelle-schweissmaschine\\\/\",\"url\":\"https:\\\/\\\/www.bernhardt.fr\\\/de\\\/produit\\\/manuelle-schweissmaschine\\\/\",\"name\":\"Manuelle Schwei\u00dfmaschine - BERNHARDT Packaging &amp; Process\",\"isPartOf\":{\"@id\":\"https:\\\/\\\/www.bernhardt.fr\\\/#website\"},\"primaryImageOfPage\":{\"@id\":\"https:\\\/\\\/www.bernhardt.fr\\\/de\\\/produit\\\/manuelle-schweissmaschine\\\/#primaryimage\"},\"image\":{\"@id\":\"https:\\\/\\\/www.bernhardt.fr\\\/de\\\/produit\\\/manuelle-schweissmaschine\\\/#primaryimage\"},\"thumbnailUrl\":\"https:\\\/\\\/www.bernhardt.fr\\\/wp-content\\\/uploads\\\/MSB11M-2.png\",\"datePublished\":\"2018-06-15T13:01:23+00:00\",\"dateModified\":\"2023-03-17T16:48:54+00:00\",\"description\":\"Handschwei\u00dfger\u00e4t : Zum Verschlie\u00dfen von Beuteln, S\u00e4cken und T\u00fcten aus Polyethylen oder Mehrschichtfolien. F\u00fcr mittelgro\u00dfe und gro\u00dfe Industries\u00e4cke.\",\"breadcrumb\":{\"@id\":\"https:\\\/\\\/www.bernhardt.fr\\\/de\\\/produit\\\/manuelle-schweissmaschine\\\/#breadcrumb\"},\"inLanguage\":\"de\",\"potentialAction\":[{\"@type\":\"ReadAction\",\"target\":[\"https:\\\/\\\/www.bernhardt.fr\\\/de\\\/produit\\\/manuelle-schweissmaschine\\\/\"]}]},{\"@type\":\"ImageObject\",\"inLanguage\":\"de\",\"@id\":\"https:\\\/\\\/www.bernhardt.fr\\\/de\\\/produit\\\/manuelle-schweissmaschine\\\/#primaryimage\",\"url\":\"https:\\\/\\\/www.bernhardt.fr\\\/wp-content\\\/uploads\\\/MSB11M-2.png\",\"contentUrl\":\"https:\\\/\\\/www.bernhardt.fr\\\/wp-content\\\/uploads\\\/MSB11M-2.png\",\"width\":1200,\"height\":1200,\"caption\":\"BERNHARDT - Soudeuse Manuelle7\"},{\"@type\":\"BreadcrumbList\",\"@id\":\"https:\\\/\\\/www.bernhardt.fr\\\/de\\\/produit\\\/manuelle-schweissmaschine\\\/#breadcrumb\",\"itemListElement\":[{\"@type\":\"ListItem\",\"position\":1,\"name\":\"Accueil\",\"item\":\"https:\\\/\\\/www.bernhardt.fr\\\/\"},{\"@type\":\"ListItem\",\"position\":2,\"name\":\"Produits\",\"item\":\"https:\\\/\\\/www.bernhardt.fr\\\/shop\\\/\"},{\"@type\":\"ListItem\",\"position\":3,\"name\":\"Manuelle Schwei\u00dfmaschine\"}]},{\"@type\":\"WebSite\",\"@id\":\"https:\\\/\\\/www.bernhardt.fr\\\/#website\",\"url\":\"https:\\\/\\\/www.bernhardt.fr\\\/\",\"name\":\"BERNHARDT Packaging &amp; Process\",\"description\":\"fabricant fran\u00e7ais d\u2019emballages souples et de machines de conditionnement\",\"potentialAction\":[{\"@type\":\"SearchAction\",\"target\":{\"@type\":\"EntryPoint\",\"urlTemplate\":\"https:\\\/\\\/www.bernhardt.fr\\\/?s={search_term_string}\"},\"query-input\":{\"@type\":\"PropertyValueSpecification\",\"valueRequired\":true,\"valueName\":\"search_term_string\"}}],\"inLanguage\":\"de\"}]}<\/script>\n<!-- \/ Yoast SEO plugin. -->","yoast_head_json":{"title":"Manuelle Schwei\u00dfmaschine - BERNHARDT Packaging &amp; Process","description":"Handschwei\u00dfger\u00e4t : Zum Verschlie\u00dfen von Beuteln, S\u00e4cken und T\u00fcten aus Polyethylen oder Mehrschichtfolien. F\u00fcr mittelgro\u00dfe und gro\u00dfe Industries\u00e4cke.","robots":{"index":"index","follow":"follow","max-snippet":"max-snippet:-1","max-image-preview":"max-image-preview:large","max-video-preview":"max-video-preview:-1"},"canonical":"https:\/\/www.bernhardt.fr\/de\/produit\/manuelle-schweissmaschine\/","og_locale":"de_DE","og_type":"article","og_title":"Manuelle Schwei\u00dfmaschine - BERNHARDT Packaging &amp; Process","og_description":"Handschwei\u00dfger\u00e4t : Zum Verschlie\u00dfen von Beuteln, S\u00e4cken und T\u00fcten aus Polyethylen oder Mehrschichtfolien. F\u00fcr mittelgro\u00dfe und gro\u00dfe Industries\u00e4cke.","og_url":"https:\/\/www.bernhardt.fr\/de\/produit\/manuelle-schweissmaschine\/","og_site_name":"BERNHARDT Packaging &amp; Process","article_modified_time":"2023-03-17T16:48:54+00:00","og_image":[{"width":1200,"height":1200,"url":"https:\/\/www.bernhardt.fr\/wp-content\/uploads\/MSB11M-2.png","type":"image\/png"}],"twitter_card":"summary_large_image","twitter_site":"@BERNHARDTPack","twitter_misc":{"Gesch\u00e4tzte Lesezeit":"1\u00a0Minute"},"schema":{"@context":"https:\/\/schema.org","@graph":[{"@type":"WebPage","@id":"https:\/\/www.bernhardt.fr\/de\/produit\/manuelle-schweissmaschine\/","url":"https:\/\/www.bernhardt.fr\/de\/produit\/manuelle-schweissmaschine\/","name":"Manuelle Schwei\u00dfmaschine - BERNHARDT Packaging &amp; Process","isPartOf":{"@id":"https:\/\/www.bernhardt.fr\/#website"},"primaryImageOfPage":{"@id":"https:\/\/www.bernhardt.fr\/de\/produit\/manuelle-schweissmaschine\/#primaryimage"},"image":{"@id":"https:\/\/www.bernhardt.fr\/de\/produit\/manuelle-schweissmaschine\/#primaryimage"},"thumbnailUrl":"https:\/\/www.bernhardt.fr\/wp-content\/uploads\/MSB11M-2.png","datePublished":"2018-06-15T13:01:23+00:00","dateModified":"2023-03-17T16:48:54+00:00","description":"Handschwei\u00dfger\u00e4t : Zum Verschlie\u00dfen von Beuteln, S\u00e4cken und T\u00fcten aus Polyethylen oder Mehrschichtfolien. F\u00fcr mittelgro\u00dfe und gro\u00dfe Industries\u00e4cke.","breadcrumb":{"@id":"https:\/\/www.bernhardt.fr\/de\/produit\/manuelle-schweissmaschine\/#breadcrumb"},"inLanguage":"de","potentialAction":[{"@type":"ReadAction","target":["https:\/\/www.bernhardt.fr\/de\/produit\/manuelle-schweissmaschine\/"]}]},{"@type":"ImageObject","inLanguage":"de","@id":"https:\/\/www.bernhardt.fr\/de\/produit\/manuelle-schweissmaschine\/#primaryimage","url":"https:\/\/www.bernhardt.fr\/wp-content\/uploads\/MSB11M-2.png","contentUrl":"https:\/\/www.bernhardt.fr\/wp-content\/uploads\/MSB11M-2.png","width":1200,"height":1200,"caption":"BERNHARDT - Soudeuse Manuelle7"},{"@type":"BreadcrumbList","@id":"https:\/\/www.bernhardt.fr\/de\/produit\/manuelle-schweissmaschine\/#breadcrumb","itemListElement":[{"@type":"ListItem","position":1,"name":"Accueil","item":"https:\/\/www.bernhardt.fr\/"},{"@type":"ListItem","position":2,"name":"Produits","item":"https:\/\/www.bernhardt.fr\/shop\/"},{"@type":"ListItem","position":3,"name":"Manuelle Schwei\u00dfmaschine"}]},{"@type":"WebSite","@id":"https:\/\/www.bernhardt.fr\/#website","url":"https:\/\/www.bernhardt.fr\/","name":"BERNHARDT Packaging &amp; Process","description":"fabricant fran\u00e7ais d\u2019emballages souples et de machines de conditionnement","potentialAction":[{"@type":"SearchAction","target":{"@type":"EntryPoint","urlTemplate":"https:\/\/www.bernhardt.fr\/?s={search_term_string}"},"query-input":{"@type":"PropertyValueSpecification","valueRequired":true,"valueName":"search_term_string"}}],"inLanguage":"de"}]}},"_links":{"self":[{"href":"https:\/\/www.bernhardt.fr\/de\/wp-json\/wp\/v2\/product\/13284","targetHints":{"allow":["GET"]}}],"collection":[{"href":"https:\/\/www.bernhardt.fr\/de\/wp-json\/wp\/v2\/product"}],"about":[{"href":"https:\/\/www.bernhardt.fr\/de\/wp-json\/wp\/v2\/types\/product"}],"wp:featuredmedia":[{"embeddable":true,"href":"https:\/\/www.bernhardt.fr\/de\/wp-json\/wp\/v2\/media\/10302"}],"wp:attachment":[{"href":"https:\/\/www.bernhardt.fr\/de\/wp-json\/wp\/v2\/media?parent=13284"}],"wp:term":[{"taxonomy":"product_brand","embeddable":true,"href":"https:\/\/www.bernhardt.fr\/de\/wp-json\/wp\/v2\/product_brand?post=13284"},{"taxonomy":"product_cat","embeddable":true,"href":"https:\/\/www.bernhardt.fr\/de\/wp-json\/wp\/v2\/product_cat?post=13284"},{"taxonomy":"product_tag","embeddable":true,"href":"https:\/\/www.bernhardt.fr\/de\/wp-json\/wp\/v2\/product_tag?post=13284"}],"curies":[{"name":"wp","href":"https:\/\/api.w.org\/{rel}","templated":true}]}}