{"id":13280,"date":"2018-09-21T09:51:13","date_gmt":"2018-09-21T09:51:13","guid":{"rendered":"https:\/\/www.bernhardt.fr\/produit\/ligne-conditionnement-semi-automatique\/"},"modified":"2023-03-17T16:49:42","modified_gmt":"2023-03-17T16:49:42","slug":"halbautomatische-verpackungslinie","status":"publish","type":"product","link":"https:\/\/www.bernhardt.fr\/de\/produit\/halbautomatische-verpackungslinie\/","title":{"rendered":"Halbautomatische Verpackungslinie"},"content":{"rendered":"<p class=\"p1\">Unsere halbautomatische Verpackungslinie passt sich den Anforderungen anspruchsvoller Industrieller in der Lebensmittel-, Pharma- oder Chemieindustrie an.<\/p>\n","protected":false},"excerpt":{"rendered":"<p>F\u00fcr die Halbautomatische-F\u00fcllung von Pulver und Granulat in Beutel. Von 1Kg bis 50Kg.<\/p>\n<h2>VORTEILE<\/h2>\n<ul>\n<li>Design und Entwicklung durch unser eigenes Konstruktionsb\u00fcro<\/li>\n<li>Geeignet f\u00fcr alle Arten von flexiblen Verpackungen<\/li>\n<li>INOX-Herstellung<\/li>\n<li>Integration des BNERHARDT Knows-hows: Abf\u00fcllung \u2013 Vakuum \/ Gaseinspritzung &#8211; Beutelschwei\u00dfung<\/li>\n<li>Integration von Peripherieger\u00e4ten: Produkteversorgung \u2013 Erkennung von Metallpartikeln &#8211; F\u00f6rderb\u00e4nder<\/li>\n<li>Dosierpr\u00e4zision<\/li>\n<li>Reinigungf\u00e4higkeit<\/li>\n<li>Direkte Integration in den Prozess oder in eine Produktladestation<\/li>\n<li>R\u00fcckverfolgbarkeit &#8211; Datenaufzeichnung<\/li>\n<li>Optionen: ATEX, NEP, Probenahme, Spezialtrichter.<\/li>\n<\/ul>\n","protected":false},"featured_media":13840,"template":"","meta":{"_acf_changed":false,"_et_pb_use_builder":"","_et_pb_old_content":"","_et_gb_content_width":""},"product_brand":[],"product_cat":[335,347],"product_tag":[],"class_list":{"0":"post-13280","1":"product","2":"type-product","3":"status-publish","4":"has-post-thumbnail","6":"product_cat-maschinen","7":"product_cat-verpackungslinien","9":"first","10":"instock","11":"shipping-taxable","12":"purchasable","13":"product-type-simple"},"acf":[],"yoast_head":"<!-- This site is optimized with the Yoast SEO plugin v27.2 - https:\/\/yoast.com\/product\/yoast-seo-wordpress\/ -->\n<title>Halbautomatische Verpackungslinie - BERNHARDT<\/title>\n<meta name=\"description\" content=\"Halbautomatische Abf\u00fcllanlage : Zum halbautomatischen Abf\u00fcllen von Pulvern und Granulaten in S\u00e4cke. Von 1 kg bis 50 kg.\" \/>\n<meta name=\"robots\" content=\"index, follow, max-snippet:-1, max-image-preview:large, max-video-preview:-1\" \/>\n<link rel=\"canonical\" href=\"https:\/\/www.bernhardt.fr\/de\/produit\/halbautomatische-verpackungslinie\/\" \/>\n<meta property=\"og:locale\" content=\"de_DE\" \/>\n<meta property=\"og:type\" content=\"article\" \/>\n<meta property=\"og:title\" content=\"Halbautomatische Verpackungslinie - BERNHARDT\" \/>\n<meta property=\"og:description\" content=\"Halbautomatische Abf\u00fcllanlage : Zum halbautomatischen Abf\u00fcllen von Pulvern und Granulaten in S\u00e4cke. Von 1 kg bis 50 kg.\" \/>\n<meta property=\"og:url\" content=\"https:\/\/www.bernhardt.fr\/de\/produit\/halbautomatische-verpackungslinie\/\" \/>\n<meta property=\"og:site_name\" content=\"BERNHARDT Packaging &amp; Process\" \/>\n<meta property=\"article:modified_time\" content=\"2023-03-17T16:49:42+00:00\" \/>\n<meta property=\"og:image\" content=\"https:\/\/www.bernhardt.fr\/wp-content\/uploads\/Verpackungslinie_01.jpg\" \/>\n\t<meta property=\"og:image:width\" content=\"775\" \/>\n\t<meta property=\"og:image:height\" content=\"555\" \/>\n\t<meta property=\"og:image:type\" content=\"image\/jpeg\" \/>\n<meta name=\"twitter:card\" content=\"summary_large_image\" \/>\n<meta name=\"twitter:site\" content=\"@BERNHARDTPack\" \/>\n<meta name=\"twitter:label1\" content=\"Gesch\u00e4tzte Lesezeit\" \/>\n\t<meta name=\"twitter:data1\" content=\"1\u00a0Minute\" \/>\n<script type=\"application\/ld+json\" class=\"yoast-schema-graph\">{\"@context\":\"https:\/\/schema.org\",\"@graph\":[{\"@type\":\"WebPage\",\"@id\":\"https:\/\/www.bernhardt.fr\/de\/produit\/halbautomatische-verpackungslinie\/\",\"url\":\"https:\/\/www.bernhardt.fr\/de\/produit\/halbautomatische-verpackungslinie\/\",\"name\":\"Halbautomatische Verpackungslinie - BERNHARDT\",\"isPartOf\":{\"@id\":\"https:\/\/www.bernhardt.fr\/#website\"},\"primaryImageOfPage\":{\"@id\":\"https:\/\/www.bernhardt.fr\/de\/produit\/halbautomatische-verpackungslinie\/#primaryimage\"},\"image\":{\"@id\":\"https:\/\/www.bernhardt.fr\/de\/produit\/halbautomatische-verpackungslinie\/#primaryimage\"},\"thumbnailUrl\":\"https:\/\/www.bernhardt.fr\/wp-content\/uploads\/Verpackungslinie_01.jpg\",\"datePublished\":\"2018-09-21T09:51:13+00:00\",\"dateModified\":\"2023-03-17T16:49:42+00:00\",\"description\":\"Halbautomatische Abf\u00fcllanlage : Zum halbautomatischen Abf\u00fcllen von Pulvern und Granulaten in S\u00e4cke. Von 1 kg bis 50 kg.\",\"breadcrumb\":{\"@id\":\"https:\/\/www.bernhardt.fr\/de\/produit\/halbautomatische-verpackungslinie\/#breadcrumb\"},\"inLanguage\":\"de\",\"potentialAction\":[{\"@type\":\"ReadAction\",\"target\":[\"https:\/\/www.bernhardt.fr\/de\/produit\/halbautomatische-verpackungslinie\/\"]}]},{\"@type\":\"ImageObject\",\"inLanguage\":\"de\",\"@id\":\"https:\/\/www.bernhardt.fr\/de\/produit\/halbautomatische-verpackungslinie\/#primaryimage\",\"url\":\"https:\/\/www.bernhardt.fr\/wp-content\/uploads\/Verpackungslinie_01.jpg\",\"contentUrl\":\"https:\/\/www.bernhardt.fr\/wp-content\/uploads\/Verpackungslinie_01.jpg\",\"width\":775,\"height\":555},{\"@type\":\"BreadcrumbList\",\"@id\":\"https:\/\/www.bernhardt.fr\/de\/produit\/halbautomatische-verpackungslinie\/#breadcrumb\",\"itemListElement\":[{\"@type\":\"ListItem\",\"position\":1,\"name\":\"Accueil\",\"item\":\"https:\/\/www.bernhardt.fr\/\"},{\"@type\":\"ListItem\",\"position\":2,\"name\":\"Produits\",\"item\":\"https:\/\/www.bernhardt.fr\/shop\/\"},{\"@type\":\"ListItem\",\"position\":3,\"name\":\"Halbautomatische Verpackungslinie\"}]},{\"@type\":\"WebSite\",\"@id\":\"https:\/\/www.bernhardt.fr\/#website\",\"url\":\"https:\/\/www.bernhardt.fr\/\",\"name\":\"BERNHARDT Packaging &amp; Process\",\"description\":\"fabricant fran\u00e7ais d\u2019emballages souples et de machines de conditionnement\",\"potentialAction\":[{\"@type\":\"SearchAction\",\"target\":{\"@type\":\"EntryPoint\",\"urlTemplate\":\"https:\/\/www.bernhardt.fr\/?s={search_term_string}\"},\"query-input\":{\"@type\":\"PropertyValueSpecification\",\"valueRequired\":true,\"valueName\":\"search_term_string\"}}],\"inLanguage\":\"de\"}]}<\/script>\n<!-- \/ Yoast SEO plugin. -->","yoast_head_json":{"title":"Halbautomatische Verpackungslinie - BERNHARDT","description":"Halbautomatische Abf\u00fcllanlage : Zum halbautomatischen Abf\u00fcllen von Pulvern und Granulaten in S\u00e4cke. Von 1 kg bis 50 kg.","robots":{"index":"index","follow":"follow","max-snippet":"max-snippet:-1","max-image-preview":"max-image-preview:large","max-video-preview":"max-video-preview:-1"},"canonical":"https:\/\/www.bernhardt.fr\/de\/produit\/halbautomatische-verpackungslinie\/","og_locale":"de_DE","og_type":"article","og_title":"Halbautomatische Verpackungslinie - BERNHARDT","og_description":"Halbautomatische Abf\u00fcllanlage : Zum halbautomatischen Abf\u00fcllen von Pulvern und Granulaten in S\u00e4cke. Von 1 kg bis 50 kg.","og_url":"https:\/\/www.bernhardt.fr\/de\/produit\/halbautomatische-verpackungslinie\/","og_site_name":"BERNHARDT Packaging &amp; Process","article_modified_time":"2023-03-17T16:49:42+00:00","og_image":[{"width":775,"height":555,"url":"https:\/\/www.bernhardt.fr\/wp-content\/uploads\/Verpackungslinie_01.jpg","type":"image\/jpeg"}],"twitter_card":"summary_large_image","twitter_site":"@BERNHARDTPack","twitter_misc":{"Gesch\u00e4tzte Lesezeit":"1\u00a0Minute"},"schema":{"@context":"https:\/\/schema.org","@graph":[{"@type":"WebPage","@id":"https:\/\/www.bernhardt.fr\/de\/produit\/halbautomatische-verpackungslinie\/","url":"https:\/\/www.bernhardt.fr\/de\/produit\/halbautomatische-verpackungslinie\/","name":"Halbautomatische Verpackungslinie - BERNHARDT","isPartOf":{"@id":"https:\/\/www.bernhardt.fr\/#website"},"primaryImageOfPage":{"@id":"https:\/\/www.bernhardt.fr\/de\/produit\/halbautomatische-verpackungslinie\/#primaryimage"},"image":{"@id":"https:\/\/www.bernhardt.fr\/de\/produit\/halbautomatische-verpackungslinie\/#primaryimage"},"thumbnailUrl":"https:\/\/www.bernhardt.fr\/wp-content\/uploads\/Verpackungslinie_01.jpg","datePublished":"2018-09-21T09:51:13+00:00","dateModified":"2023-03-17T16:49:42+00:00","description":"Halbautomatische Abf\u00fcllanlage : Zum halbautomatischen Abf\u00fcllen von Pulvern und Granulaten in S\u00e4cke. Von 1 kg bis 50 kg.","breadcrumb":{"@id":"https:\/\/www.bernhardt.fr\/de\/produit\/halbautomatische-verpackungslinie\/#breadcrumb"},"inLanguage":"de","potentialAction":[{"@type":"ReadAction","target":["https:\/\/www.bernhardt.fr\/de\/produit\/halbautomatische-verpackungslinie\/"]}]},{"@type":"ImageObject","inLanguage":"de","@id":"https:\/\/www.bernhardt.fr\/de\/produit\/halbautomatische-verpackungslinie\/#primaryimage","url":"https:\/\/www.bernhardt.fr\/wp-content\/uploads\/Verpackungslinie_01.jpg","contentUrl":"https:\/\/www.bernhardt.fr\/wp-content\/uploads\/Verpackungslinie_01.jpg","width":775,"height":555},{"@type":"BreadcrumbList","@id":"https:\/\/www.bernhardt.fr\/de\/produit\/halbautomatische-verpackungslinie\/#breadcrumb","itemListElement":[{"@type":"ListItem","position":1,"name":"Accueil","item":"https:\/\/www.bernhardt.fr\/"},{"@type":"ListItem","position":2,"name":"Produits","item":"https:\/\/www.bernhardt.fr\/shop\/"},{"@type":"ListItem","position":3,"name":"Halbautomatische Verpackungslinie"}]},{"@type":"WebSite","@id":"https:\/\/www.bernhardt.fr\/#website","url":"https:\/\/www.bernhardt.fr\/","name":"BERNHARDT Packaging &amp; Process","description":"fabricant fran\u00e7ais d\u2019emballages souples et de machines de conditionnement","potentialAction":[{"@type":"SearchAction","target":{"@type":"EntryPoint","urlTemplate":"https:\/\/www.bernhardt.fr\/?s={search_term_string}"},"query-input":{"@type":"PropertyValueSpecification","valueRequired":true,"valueName":"search_term_string"}}],"inLanguage":"de"}]}},"_links":{"self":[{"href":"https:\/\/www.bernhardt.fr\/de\/wp-json\/wp\/v2\/product\/13280","targetHints":{"allow":["GET"]}}],"collection":[{"href":"https:\/\/www.bernhardt.fr\/de\/wp-json\/wp\/v2\/product"}],"about":[{"href":"https:\/\/www.bernhardt.fr\/de\/wp-json\/wp\/v2\/types\/product"}],"wp:featuredmedia":[{"embeddable":true,"href":"https:\/\/www.bernhardt.fr\/de\/wp-json\/wp\/v2\/media\/13840"}],"wp:attachment":[{"href":"https:\/\/www.bernhardt.fr\/de\/wp-json\/wp\/v2\/media?parent=13280"}],"wp:term":[{"taxonomy":"product_brand","embeddable":true,"href":"https:\/\/www.bernhardt.fr\/de\/wp-json\/wp\/v2\/product_brand?post=13280"},{"taxonomy":"product_cat","embeddable":true,"href":"https:\/\/www.bernhardt.fr\/de\/wp-json\/wp\/v2\/product_cat?post=13280"},{"taxonomy":"product_tag","embeddable":true,"href":"https:\/\/www.bernhardt.fr\/de\/wp-json\/wp\/v2\/product_tag?post=13280"}],"curies":[{"name":"wp","href":"https:\/\/api.w.org\/{rel}","templated":true}]}}