{"id":13256,"date":"2019-05-27T08:02:27","date_gmt":"2019-05-27T08:02:27","guid":{"rendered":"https:\/\/www.bernhardt.fr\/produit\/soudeuse-vide-horizontale-pharma\/"},"modified":"2023-03-17T16:48:49","modified_gmt":"2023-03-17T16:48:49","slug":"horizontaler-pharma-vakuum-und-gaseinspritzung-schweissmaschine","status":"publish","type":"product","link":"https:\/\/www.bernhardt.fr\/de\/produit\/horizontaler-pharma-vakuum-und-gaseinspritzung-schweissmaschine\/","title":{"rendered":"Horizontale Pharma Vakuum und Gaseinspritzung Schwei\u00dfmaschine"},"content":{"rendered":"<p class=\"p1\">Der Big-Bags F\u00fcller erm\u00f6glicht die Verpackung empfindlicher Produkte in hermetischen Verpackungen. Au\u00dferdem bleiben die Haltbarkeit der Produkte und ihre mechanischen und\/oder organoleptischen Eigenschaften erhalten.<\/p>\n","protected":false},"excerpt":{"rendered":"<p>F\u00fcr Vakuum und Gaseinspritzung von Beuteln, S\u00e4cken und Taschen von Sperrschichtfolien. Maschine ist geeignet f\u00fcr die Schwei\u00dfung von mittelgro\u00dfen und gro\u00dfen Industriebeutel.<\/p>\n<h2>VORTEILE<\/h2>\n<ul>\n<li>Pr\u00e4sentation der Beutel horizontal<\/li>\n<li>Entspricht den Bestimmungen von 21CFR Part 11<\/li>\n<li>Manuelle Schlie\u00dfung \/ \u00d6ffnung die Schwei\u00dfst\u00e4be<\/li>\n<li>Aufzeichnung verschiedener Schwei\u00dfprogramme<\/li>\n<li>Einstellung der Schwei\u00dfparameter<\/li>\n<li>LDie Regelung der Schwei\u00dftemperatur erlaubt zu bewahren die Verschlei\u00dfelemente<\/li>\n<li>Datenaufzeichnung und -abruf \u00fcber Ethernet<\/li>\n<li>10mm Schwei\u00dfbreit<\/li>\n<li>Hygienisches Design<\/li>\n<li>INOX 304 Herstellung<\/li>\n<li>Benutzerfreundlichkeit<\/li>\n<\/ul>\n","protected":false},"featured_media":13908,"template":"","meta":{"_acf_changed":false,"_et_pb_use_builder":"","_et_pb_old_content":"","_et_gb_content_width":""},"product_brand":[],"product_cat":[323,335],"product_tag":[],"class_list":{"0":"post-13256","1":"product","2":"type-product","3":"status-publish","4":"has-post-thumbnail","6":"product_cat-vakuumverpackung-inertisierung","7":"product_cat-maschinen","8":"pa_type-de-mise-sous-vide-vakuumverpackung-pharmazeutisch-de","10":"first","11":"instock","12":"shipping-taxable","13":"purchasable","14":"product-type-simple"},"acf":[],"yoast_head":"<!-- This site is optimized with the Yoast SEO plugin v27.5 - https:\/\/yoast.com\/product\/yoast-seo-wordpress\/ -->\n<title>HORIZONTALER PHARMA VAKUUM UND GASEINSPRITZUNG SCHWEI\u00dfMASCHINE<\/title>\n<meta name=\"description\" content=\"Vakuumsiegelger\u00e4t und horizontale Nacheinspritzung pharma :Zum Vakuumversiegeln von Beuteln, S\u00e4cken und Beuteln in Barrierefolien. Mittelgro\u00dfe und gro\u00dfe Taschen.\" \/>\n<meta name=\"robots\" content=\"index, follow, max-snippet:-1, max-image-preview:large, max-video-preview:-1\" \/>\n<link rel=\"canonical\" href=\"https:\/\/www.bernhardt.fr\/de\/produit\/horizontaler-pharma-vakuum-und-gaseinspritzung-schweissmaschine\/\" \/>\n<meta property=\"og:locale\" content=\"de_DE\" \/>\n<meta property=\"og:type\" content=\"article\" \/>\n<meta property=\"og:title\" content=\"HORIZONTALER PHARMA VAKUUM UND GASEINSPRITZUNG SCHWEI\u00dfMASCHINE\" \/>\n<meta property=\"og:description\" content=\"Vakuumsiegelger\u00e4t und horizontale Nacheinspritzung pharma :Zum Vakuumversiegeln von Beuteln, S\u00e4cken und Beuteln in Barrierefolien. Mittelgro\u00dfe und gro\u00dfe Taschen.\" \/>\n<meta property=\"og:url\" content=\"https:\/\/www.bernhardt.fr\/de\/produit\/horizontaler-pharma-vakuum-und-gaseinspritzung-schweissmaschine\/\" \/>\n<meta property=\"og:site_name\" content=\"BERNHARDT Packaging &amp; Process\" \/>\n<meta property=\"article:modified_time\" content=\"2023-03-17T16:48:49+00:00\" \/>\n<meta property=\"og:image\" content=\"https:\/\/www.bernhardt.fr\/wp-content\/uploads\/MSB11MVI-IDPHARMA-1-1-1024x1024-3.png\" \/>\n\t<meta property=\"og:image:width\" content=\"1024\" \/>\n\t<meta property=\"og:image:height\" content=\"1024\" \/>\n\t<meta property=\"og:image:type\" content=\"image\/png\" \/>\n<meta name=\"twitter:card\" content=\"summary_large_image\" \/>\n<meta name=\"twitter:site\" content=\"@BERNHARDTPack\" \/>\n<meta name=\"twitter:label1\" content=\"Gesch\u00e4tzte Lesezeit\" \/>\n\t<meta name=\"twitter:data1\" content=\"1\u00a0Minute\" \/>\n<script type=\"application\/ld+json\" class=\"yoast-schema-graph\">{\"@context\":\"https:\\\/\\\/schema.org\",\"@graph\":[{\"@type\":\"WebPage\",\"@id\":\"https:\\\/\\\/www.bernhardt.fr\\\/de\\\/produit\\\/horizontaler-pharma-vakuum-und-gaseinspritzung-schweissmaschine\\\/\",\"url\":\"https:\\\/\\\/www.bernhardt.fr\\\/de\\\/produit\\\/horizontaler-pharma-vakuum-und-gaseinspritzung-schweissmaschine\\\/\",\"name\":\"HORIZONTALER PHARMA VAKUUM UND GASEINSPRITZUNG SCHWEI\u00dfMASCHINE\",\"isPartOf\":{\"@id\":\"https:\\\/\\\/www.bernhardt.fr\\\/#website\"},\"primaryImageOfPage\":{\"@id\":\"https:\\\/\\\/www.bernhardt.fr\\\/de\\\/produit\\\/horizontaler-pharma-vakuum-und-gaseinspritzung-schweissmaschine\\\/#primaryimage\"},\"image\":{\"@id\":\"https:\\\/\\\/www.bernhardt.fr\\\/de\\\/produit\\\/horizontaler-pharma-vakuum-und-gaseinspritzung-schweissmaschine\\\/#primaryimage\"},\"thumbnailUrl\":\"https:\\\/\\\/www.bernhardt.fr\\\/wp-content\\\/uploads\\\/MSB11MVI-IDPHARMA-1-1-1024x1024-3.png\",\"datePublished\":\"2019-05-27T08:02:27+00:00\",\"dateModified\":\"2023-03-17T16:48:49+00:00\",\"description\":\"Vakuumsiegelger\u00e4t und horizontale Nacheinspritzung pharma :Zum Vakuumversiegeln von Beuteln, S\u00e4cken und Beuteln in Barrierefolien. Mittelgro\u00dfe und gro\u00dfe Taschen.\",\"breadcrumb\":{\"@id\":\"https:\\\/\\\/www.bernhardt.fr\\\/de\\\/produit\\\/horizontaler-pharma-vakuum-und-gaseinspritzung-schweissmaschine\\\/#breadcrumb\"},\"inLanguage\":\"de\",\"potentialAction\":[{\"@type\":\"ReadAction\",\"target\":[\"https:\\\/\\\/www.bernhardt.fr\\\/de\\\/produit\\\/horizontaler-pharma-vakuum-und-gaseinspritzung-schweissmaschine\\\/\"]}]},{\"@type\":\"ImageObject\",\"inLanguage\":\"de\",\"@id\":\"https:\\\/\\\/www.bernhardt.fr\\\/de\\\/produit\\\/horizontaler-pharma-vakuum-und-gaseinspritzung-schweissmaschine\\\/#primaryimage\",\"url\":\"https:\\\/\\\/www.bernhardt.fr\\\/wp-content\\\/uploads\\\/MSB11MVI-IDPHARMA-1-1-1024x1024-3.png\",\"contentUrl\":\"https:\\\/\\\/www.bernhardt.fr\\\/wp-content\\\/uploads\\\/MSB11MVI-IDPHARMA-1-1-1024x1024-3.png\",\"width\":1024,\"height\":1024},{\"@type\":\"BreadcrumbList\",\"@id\":\"https:\\\/\\\/www.bernhardt.fr\\\/de\\\/produit\\\/horizontaler-pharma-vakuum-und-gaseinspritzung-schweissmaschine\\\/#breadcrumb\",\"itemListElement\":[{\"@type\":\"ListItem\",\"position\":1,\"name\":\"Accueil\",\"item\":\"https:\\\/\\\/www.bernhardt.fr\\\/\"},{\"@type\":\"ListItem\",\"position\":2,\"name\":\"Produits\",\"item\":\"https:\\\/\\\/www.bernhardt.fr\\\/shop\\\/\"},{\"@type\":\"ListItem\",\"position\":3,\"name\":\"Horizontale Pharma Vakuum und Gaseinspritzung Schwei\u00dfmaschine\"}]},{\"@type\":\"WebSite\",\"@id\":\"https:\\\/\\\/www.bernhardt.fr\\\/#website\",\"url\":\"https:\\\/\\\/www.bernhardt.fr\\\/\",\"name\":\"BERNHARDT Packaging &amp; Process\",\"description\":\"fabricant fran\u00e7ais d\u2019emballages souples et de machines de conditionnement\",\"potentialAction\":[{\"@type\":\"SearchAction\",\"target\":{\"@type\":\"EntryPoint\",\"urlTemplate\":\"https:\\\/\\\/www.bernhardt.fr\\\/?s={search_term_string}\"},\"query-input\":{\"@type\":\"PropertyValueSpecification\",\"valueRequired\":true,\"valueName\":\"search_term_string\"}}],\"inLanguage\":\"de\"}]}<\/script>\n<!-- \/ Yoast SEO plugin. -->","yoast_head_json":{"title":"HORIZONTALER PHARMA VAKUUM UND GASEINSPRITZUNG SCHWEI\u00dfMASCHINE","description":"Vakuumsiegelger\u00e4t und horizontale Nacheinspritzung pharma :Zum Vakuumversiegeln von Beuteln, S\u00e4cken und Beuteln in Barrierefolien. Mittelgro\u00dfe und gro\u00dfe Taschen.","robots":{"index":"index","follow":"follow","max-snippet":"max-snippet:-1","max-image-preview":"max-image-preview:large","max-video-preview":"max-video-preview:-1"},"canonical":"https:\/\/www.bernhardt.fr\/de\/produit\/horizontaler-pharma-vakuum-und-gaseinspritzung-schweissmaschine\/","og_locale":"de_DE","og_type":"article","og_title":"HORIZONTALER PHARMA VAKUUM UND GASEINSPRITZUNG SCHWEI\u00dfMASCHINE","og_description":"Vakuumsiegelger\u00e4t und horizontale Nacheinspritzung pharma :Zum Vakuumversiegeln von Beuteln, S\u00e4cken und Beuteln in Barrierefolien. Mittelgro\u00dfe und gro\u00dfe Taschen.","og_url":"https:\/\/www.bernhardt.fr\/de\/produit\/horizontaler-pharma-vakuum-und-gaseinspritzung-schweissmaschine\/","og_site_name":"BERNHARDT Packaging &amp; Process","article_modified_time":"2023-03-17T16:48:49+00:00","og_image":[{"width":1024,"height":1024,"url":"https:\/\/www.bernhardt.fr\/wp-content\/uploads\/MSB11MVI-IDPHARMA-1-1-1024x1024-3.png","type":"image\/png"}],"twitter_card":"summary_large_image","twitter_site":"@BERNHARDTPack","twitter_misc":{"Gesch\u00e4tzte Lesezeit":"1\u00a0Minute"},"schema":{"@context":"https:\/\/schema.org","@graph":[{"@type":"WebPage","@id":"https:\/\/www.bernhardt.fr\/de\/produit\/horizontaler-pharma-vakuum-und-gaseinspritzung-schweissmaschine\/","url":"https:\/\/www.bernhardt.fr\/de\/produit\/horizontaler-pharma-vakuum-und-gaseinspritzung-schweissmaschine\/","name":"HORIZONTALER PHARMA VAKUUM UND GASEINSPRITZUNG SCHWEI\u00dfMASCHINE","isPartOf":{"@id":"https:\/\/www.bernhardt.fr\/#website"},"primaryImageOfPage":{"@id":"https:\/\/www.bernhardt.fr\/de\/produit\/horizontaler-pharma-vakuum-und-gaseinspritzung-schweissmaschine\/#primaryimage"},"image":{"@id":"https:\/\/www.bernhardt.fr\/de\/produit\/horizontaler-pharma-vakuum-und-gaseinspritzung-schweissmaschine\/#primaryimage"},"thumbnailUrl":"https:\/\/www.bernhardt.fr\/wp-content\/uploads\/MSB11MVI-IDPHARMA-1-1-1024x1024-3.png","datePublished":"2019-05-27T08:02:27+00:00","dateModified":"2023-03-17T16:48:49+00:00","description":"Vakuumsiegelger\u00e4t und horizontale Nacheinspritzung pharma :Zum Vakuumversiegeln von Beuteln, S\u00e4cken und Beuteln in Barrierefolien. Mittelgro\u00dfe und gro\u00dfe Taschen.","breadcrumb":{"@id":"https:\/\/www.bernhardt.fr\/de\/produit\/horizontaler-pharma-vakuum-und-gaseinspritzung-schweissmaschine\/#breadcrumb"},"inLanguage":"de","potentialAction":[{"@type":"ReadAction","target":["https:\/\/www.bernhardt.fr\/de\/produit\/horizontaler-pharma-vakuum-und-gaseinspritzung-schweissmaschine\/"]}]},{"@type":"ImageObject","inLanguage":"de","@id":"https:\/\/www.bernhardt.fr\/de\/produit\/horizontaler-pharma-vakuum-und-gaseinspritzung-schweissmaschine\/#primaryimage","url":"https:\/\/www.bernhardt.fr\/wp-content\/uploads\/MSB11MVI-IDPHARMA-1-1-1024x1024-3.png","contentUrl":"https:\/\/www.bernhardt.fr\/wp-content\/uploads\/MSB11MVI-IDPHARMA-1-1-1024x1024-3.png","width":1024,"height":1024},{"@type":"BreadcrumbList","@id":"https:\/\/www.bernhardt.fr\/de\/produit\/horizontaler-pharma-vakuum-und-gaseinspritzung-schweissmaschine\/#breadcrumb","itemListElement":[{"@type":"ListItem","position":1,"name":"Accueil","item":"https:\/\/www.bernhardt.fr\/"},{"@type":"ListItem","position":2,"name":"Produits","item":"https:\/\/www.bernhardt.fr\/shop\/"},{"@type":"ListItem","position":3,"name":"Horizontale Pharma Vakuum und Gaseinspritzung Schwei\u00dfmaschine"}]},{"@type":"WebSite","@id":"https:\/\/www.bernhardt.fr\/#website","url":"https:\/\/www.bernhardt.fr\/","name":"BERNHARDT Packaging &amp; Process","description":"fabricant fran\u00e7ais d\u2019emballages souples et de machines de conditionnement","potentialAction":[{"@type":"SearchAction","target":{"@type":"EntryPoint","urlTemplate":"https:\/\/www.bernhardt.fr\/?s={search_term_string}"},"query-input":{"@type":"PropertyValueSpecification","valueRequired":true,"valueName":"search_term_string"}}],"inLanguage":"de"}]}},"_links":{"self":[{"href":"https:\/\/www.bernhardt.fr\/de\/wp-json\/wp\/v2\/product\/13256","targetHints":{"allow":["GET"]}}],"collection":[{"href":"https:\/\/www.bernhardt.fr\/de\/wp-json\/wp\/v2\/product"}],"about":[{"href":"https:\/\/www.bernhardt.fr\/de\/wp-json\/wp\/v2\/types\/product"}],"wp:featuredmedia":[{"embeddable":true,"href":"https:\/\/www.bernhardt.fr\/de\/wp-json\/wp\/v2\/media\/13908"}],"wp:attachment":[{"href":"https:\/\/www.bernhardt.fr\/de\/wp-json\/wp\/v2\/media?parent=13256"}],"wp:term":[{"taxonomy":"product_brand","embeddable":true,"href":"https:\/\/www.bernhardt.fr\/de\/wp-json\/wp\/v2\/product_brand?post=13256"},{"taxonomy":"product_cat","embeddable":true,"href":"https:\/\/www.bernhardt.fr\/de\/wp-json\/wp\/v2\/product_cat?post=13256"},{"taxonomy":"product_tag","embeddable":true,"href":"https:\/\/www.bernhardt.fr\/de\/wp-json\/wp\/v2\/product_tag?post=13256"}],"curies":[{"name":"wp","href":"https:\/\/api.w.org\/{rel}","templated":true}]}}