{"id":13254,"date":"2019-05-27T11:00:27","date_gmt":"2019-05-27T11:00:27","guid":{"rendered":"https:\/\/www.bernhardt.fr\/produit\/soudeuse-a-vide\/"},"modified":"2023-03-17T16:48:32","modified_gmt":"2023-03-17T16:48:32","slug":"vakuumschweissmaschine","status":"publish","type":"product","link":"https:\/\/www.bernhardt.fr\/de\/produit\/vakuumschweissmaschine\/","title":{"rendered":"Vakuumschwei\u00dfmaschine"},"content":{"rendered":"<p>Schwei\u00dfmaschine f\u00fcr Polyethylen oder Mehrschichtfolien. Diese Schwei\u00dfmaschine ist f\u00fcr das Vakuum mittelgro\u00dfer und gro\u00dfer Beutel geeignet. Sie ist auch f\u00fcr den Einsatz bei niedriger Geschwindigkeit geeignet.<\/p>\n","protected":false},"excerpt":{"rendered":"<p>Zur Vakuumverpackung von Beuteln, S\u00e4cken und Taschen aus Sperrschichtfolien. Maschine f\u00fcr die Schwei\u00dfung von mittelgro\u00dfen und gro\u00dfen Industriebeuteln.<\/p>\n<h2>VORTEILE<\/h2>\n<ul>\n<li>Manuelle \u00d6ffnung und Schlie\u00dfung der Schwei\u00dfst\u00e4be<\/li>\n<li>Schwei\u00df- und Vakuumregelung auf Touchscreen<\/li>\n<li>Automatische Auswahl der Schwei\u00dfzeit basierend auf der Zeit, die zwischen zwei aufeinanderfolgenden Schwei\u00dfungen verstrichen ist<\/li>\n<li>Hygienisches Design<\/li>\n<li>INOX 304 Herstellung<\/li>\n<li>Benutzerfreundlichkeit<\/li>\n<\/ul>\n","protected":false},"featured_media":13764,"template":"","meta":{"_acf_changed":false,"_et_pb_use_builder":"off","_et_pb_old_content":"","_et_gb_content_width":""},"product_brand":[],"product_cat":[322,323,335],"product_tag":[],"class_list":{"0":"post-13254","1":"product","2":"type-product","3":"status-publish","4":"has-post-thumbnail","6":"product_cat-schweissmaschine","7":"product_cat-vakuumverpackung-inertisierung","8":"product_cat-maschinen","9":"pa_type-de-mise-sous-vide-beutel-und-kistenbeutel","10":"pa_type-de-soudeuse-schweissmaschine-taschen-beutel-de","12":"first","13":"instock","14":"shipping-taxable","15":"purchasable","16":"product-type-simple"},"acf":[],"yoast_head":"<!-- This site is optimized with the Yoast SEO plugin v27.5 - https:\/\/yoast.com\/product\/yoast-seo-wordpress\/ -->\n<title>Vakuumschwei\u00dfmaschine - BERNHARDT - Machines Soudeuse %<\/title>\n<meta name=\"description\" content=\"Vakuumversiegler: Zum Vakuumversiegeln von Beuteln, S\u00e4cken und Beuteln aus Barrierefolien und zum Versiegeln von mittleren und gro\u00dfen Industries\u00e4cken.\" \/>\n<meta name=\"robots\" content=\"index, follow, max-snippet:-1, max-image-preview:large, max-video-preview:-1\" \/>\n<link rel=\"canonical\" href=\"https:\/\/www.bernhardt.fr\/de\/produit\/vakuumschweissmaschine\/\" \/>\n<meta property=\"og:locale\" content=\"de_DE\" \/>\n<meta property=\"og:type\" content=\"article\" \/>\n<meta property=\"og:title\" content=\"Vakuumschwei\u00dfmaschine - BERNHARDT - Machines Soudeuse %\" \/>\n<meta property=\"og:description\" content=\"Vakuumversiegler: Zum Vakuumversiegeln von Beuteln, S\u00e4cken und Beuteln aus Barrierefolien und zum Versiegeln von mittleren und gro\u00dfen Industries\u00e4cken.\" \/>\n<meta property=\"og:url\" content=\"https:\/\/www.bernhardt.fr\/de\/produit\/vakuumschweissmaschine\/\" \/>\n<meta property=\"og:site_name\" content=\"BERNHARDT Packaging &amp; Process\" \/>\n<meta property=\"article:modified_time\" content=\"2023-03-17T16:48:32+00:00\" \/>\n<meta property=\"og:image\" content=\"https:\/\/www.bernhardt.fr\/wp-content\/uploads\/MSB-MV-2-1024x1024-2.png\" \/>\n\t<meta property=\"og:image:width\" content=\"1024\" \/>\n\t<meta property=\"og:image:height\" content=\"1024\" \/>\n\t<meta property=\"og:image:type\" content=\"image\/png\" \/>\n<meta name=\"twitter:card\" content=\"summary_large_image\" \/>\n<meta name=\"twitter:site\" content=\"@BERNHARDTPack\" \/>\n<meta name=\"twitter:label1\" content=\"Gesch\u00e4tzte Lesezeit\" \/>\n\t<meta name=\"twitter:data1\" content=\"1\u00a0Minute\" \/>\n<script type=\"application\/ld+json\" class=\"yoast-schema-graph\">{\"@context\":\"https:\\\/\\\/schema.org\",\"@graph\":[{\"@type\":\"WebPage\",\"@id\":\"https:\\\/\\\/www.bernhardt.fr\\\/de\\\/produit\\\/vakuumschweissmaschine\\\/\",\"url\":\"https:\\\/\\\/www.bernhardt.fr\\\/de\\\/produit\\\/vakuumschweissmaschine\\\/\",\"name\":\"Vakuumschwei\u00dfmaschine - BERNHARDT - Machines Soudeuse %\",\"isPartOf\":{\"@id\":\"https:\\\/\\\/www.bernhardt.fr\\\/#website\"},\"primaryImageOfPage\":{\"@id\":\"https:\\\/\\\/www.bernhardt.fr\\\/de\\\/produit\\\/vakuumschweissmaschine\\\/#primaryimage\"},\"image\":{\"@id\":\"https:\\\/\\\/www.bernhardt.fr\\\/de\\\/produit\\\/vakuumschweissmaschine\\\/#primaryimage\"},\"thumbnailUrl\":\"https:\\\/\\\/www.bernhardt.fr\\\/wp-content\\\/uploads\\\/MSB-MV-2-1024x1024-2.png\",\"datePublished\":\"2019-05-27T11:00:27+00:00\",\"dateModified\":\"2023-03-17T16:48:32+00:00\",\"description\":\"Vakuumversiegler: Zum Vakuumversiegeln von Beuteln, S\u00e4cken und Beuteln aus Barrierefolien und zum Versiegeln von mittleren und gro\u00dfen Industries\u00e4cken.\",\"breadcrumb\":{\"@id\":\"https:\\\/\\\/www.bernhardt.fr\\\/de\\\/produit\\\/vakuumschweissmaschine\\\/#breadcrumb\"},\"inLanguage\":\"de\",\"potentialAction\":[{\"@type\":\"ReadAction\",\"target\":[\"https:\\\/\\\/www.bernhardt.fr\\\/de\\\/produit\\\/vakuumschweissmaschine\\\/\"]}]},{\"@type\":\"ImageObject\",\"inLanguage\":\"de\",\"@id\":\"https:\\\/\\\/www.bernhardt.fr\\\/de\\\/produit\\\/vakuumschweissmaschine\\\/#primaryimage\",\"url\":\"https:\\\/\\\/www.bernhardt.fr\\\/wp-content\\\/uploads\\\/MSB-MV-2-1024x1024-2.png\",\"contentUrl\":\"https:\\\/\\\/www.bernhardt.fr\\\/wp-content\\\/uploads\\\/MSB-MV-2-1024x1024-2.png\",\"width\":1024,\"height\":1024},{\"@type\":\"BreadcrumbList\",\"@id\":\"https:\\\/\\\/www.bernhardt.fr\\\/de\\\/produit\\\/vakuumschweissmaschine\\\/#breadcrumb\",\"itemListElement\":[{\"@type\":\"ListItem\",\"position\":1,\"name\":\"Accueil\",\"item\":\"https:\\\/\\\/www.bernhardt.fr\\\/\"},{\"@type\":\"ListItem\",\"position\":2,\"name\":\"Produits\",\"item\":\"https:\\\/\\\/www.bernhardt.fr\\\/shop\\\/\"},{\"@type\":\"ListItem\",\"position\":3,\"name\":\"Vakuumschwei\u00dfmaschine\"}]},{\"@type\":\"WebSite\",\"@id\":\"https:\\\/\\\/www.bernhardt.fr\\\/#website\",\"url\":\"https:\\\/\\\/www.bernhardt.fr\\\/\",\"name\":\"BERNHARDT Packaging &amp; Process\",\"description\":\"fabricant fran\u00e7ais d\u2019emballages souples et de machines de conditionnement\",\"potentialAction\":[{\"@type\":\"SearchAction\",\"target\":{\"@type\":\"EntryPoint\",\"urlTemplate\":\"https:\\\/\\\/www.bernhardt.fr\\\/?s={search_term_string}\"},\"query-input\":{\"@type\":\"PropertyValueSpecification\",\"valueRequired\":true,\"valueName\":\"search_term_string\"}}],\"inLanguage\":\"de\"}]}<\/script>\n<!-- \/ Yoast SEO plugin. -->","yoast_head_json":{"title":"Vakuumschwei\u00dfmaschine - BERNHARDT - Machines Soudeuse %","description":"Vakuumversiegler: Zum Vakuumversiegeln von Beuteln, S\u00e4cken und Beuteln aus Barrierefolien und zum Versiegeln von mittleren und gro\u00dfen Industries\u00e4cken.","robots":{"index":"index","follow":"follow","max-snippet":"max-snippet:-1","max-image-preview":"max-image-preview:large","max-video-preview":"max-video-preview:-1"},"canonical":"https:\/\/www.bernhardt.fr\/de\/produit\/vakuumschweissmaschine\/","og_locale":"de_DE","og_type":"article","og_title":"Vakuumschwei\u00dfmaschine - BERNHARDT - Machines Soudeuse %","og_description":"Vakuumversiegler: Zum Vakuumversiegeln von Beuteln, S\u00e4cken und Beuteln aus Barrierefolien und zum Versiegeln von mittleren und gro\u00dfen Industries\u00e4cken.","og_url":"https:\/\/www.bernhardt.fr\/de\/produit\/vakuumschweissmaschine\/","og_site_name":"BERNHARDT Packaging &amp; Process","article_modified_time":"2023-03-17T16:48:32+00:00","og_image":[{"width":1024,"height":1024,"url":"https:\/\/www.bernhardt.fr\/wp-content\/uploads\/MSB-MV-2-1024x1024-2.png","type":"image\/png"}],"twitter_card":"summary_large_image","twitter_site":"@BERNHARDTPack","twitter_misc":{"Gesch\u00e4tzte Lesezeit":"1\u00a0Minute"},"schema":{"@context":"https:\/\/schema.org","@graph":[{"@type":"WebPage","@id":"https:\/\/www.bernhardt.fr\/de\/produit\/vakuumschweissmaschine\/","url":"https:\/\/www.bernhardt.fr\/de\/produit\/vakuumschweissmaschine\/","name":"Vakuumschwei\u00dfmaschine - BERNHARDT - Machines Soudeuse %","isPartOf":{"@id":"https:\/\/www.bernhardt.fr\/#website"},"primaryImageOfPage":{"@id":"https:\/\/www.bernhardt.fr\/de\/produit\/vakuumschweissmaschine\/#primaryimage"},"image":{"@id":"https:\/\/www.bernhardt.fr\/de\/produit\/vakuumschweissmaschine\/#primaryimage"},"thumbnailUrl":"https:\/\/www.bernhardt.fr\/wp-content\/uploads\/MSB-MV-2-1024x1024-2.png","datePublished":"2019-05-27T11:00:27+00:00","dateModified":"2023-03-17T16:48:32+00:00","description":"Vakuumversiegler: Zum Vakuumversiegeln von Beuteln, S\u00e4cken und Beuteln aus Barrierefolien und zum Versiegeln von mittleren und gro\u00dfen Industries\u00e4cken.","breadcrumb":{"@id":"https:\/\/www.bernhardt.fr\/de\/produit\/vakuumschweissmaschine\/#breadcrumb"},"inLanguage":"de","potentialAction":[{"@type":"ReadAction","target":["https:\/\/www.bernhardt.fr\/de\/produit\/vakuumschweissmaschine\/"]}]},{"@type":"ImageObject","inLanguage":"de","@id":"https:\/\/www.bernhardt.fr\/de\/produit\/vakuumschweissmaschine\/#primaryimage","url":"https:\/\/www.bernhardt.fr\/wp-content\/uploads\/MSB-MV-2-1024x1024-2.png","contentUrl":"https:\/\/www.bernhardt.fr\/wp-content\/uploads\/MSB-MV-2-1024x1024-2.png","width":1024,"height":1024},{"@type":"BreadcrumbList","@id":"https:\/\/www.bernhardt.fr\/de\/produit\/vakuumschweissmaschine\/#breadcrumb","itemListElement":[{"@type":"ListItem","position":1,"name":"Accueil","item":"https:\/\/www.bernhardt.fr\/"},{"@type":"ListItem","position":2,"name":"Produits","item":"https:\/\/www.bernhardt.fr\/shop\/"},{"@type":"ListItem","position":3,"name":"Vakuumschwei\u00dfmaschine"}]},{"@type":"WebSite","@id":"https:\/\/www.bernhardt.fr\/#website","url":"https:\/\/www.bernhardt.fr\/","name":"BERNHARDT Packaging &amp; Process","description":"fabricant fran\u00e7ais d\u2019emballages souples et de machines de conditionnement","potentialAction":[{"@type":"SearchAction","target":{"@type":"EntryPoint","urlTemplate":"https:\/\/www.bernhardt.fr\/?s={search_term_string}"},"query-input":{"@type":"PropertyValueSpecification","valueRequired":true,"valueName":"search_term_string"}}],"inLanguage":"de"}]}},"_links":{"self":[{"href":"https:\/\/www.bernhardt.fr\/de\/wp-json\/wp\/v2\/product\/13254","targetHints":{"allow":["GET"]}}],"collection":[{"href":"https:\/\/www.bernhardt.fr\/de\/wp-json\/wp\/v2\/product"}],"about":[{"href":"https:\/\/www.bernhardt.fr\/de\/wp-json\/wp\/v2\/types\/product"}],"wp:featuredmedia":[{"embeddable":true,"href":"https:\/\/www.bernhardt.fr\/de\/wp-json\/wp\/v2\/media\/13764"}],"wp:attachment":[{"href":"https:\/\/www.bernhardt.fr\/de\/wp-json\/wp\/v2\/media?parent=13254"}],"wp:term":[{"taxonomy":"product_brand","embeddable":true,"href":"https:\/\/www.bernhardt.fr\/de\/wp-json\/wp\/v2\/product_brand?post=13254"},{"taxonomy":"product_cat","embeddable":true,"href":"https:\/\/www.bernhardt.fr\/de\/wp-json\/wp\/v2\/product_cat?post=13254"},{"taxonomy":"product_tag","embeddable":true,"href":"https:\/\/www.bernhardt.fr\/de\/wp-json\/wp\/v2\/product_tag?post=13254"}],"curies":[{"name":"wp","href":"https:\/\/api.w.org\/{rel}","templated":true}]}}