{"id":12769,"date":"2021-05-06T06:38:00","date_gmt":"2021-05-06T06:38:00","guid":{"rendered":"https:\/\/www.bernhardt.fr\/?post_type=product&#038;p=12769"},"modified":"2023-03-17T16:48:45","modified_gmt":"2023-03-17T16:48:45","slug":"pharma-vakuum-und-modifizierte-atmopshaere-schweissmaschine","status":"publish","type":"product","link":"https:\/\/www.bernhardt.fr\/de\/produit\/pharma-vakuum-und-modifizierte-atmopshaere-schweissmaschine\/","title":{"rendered":"Pharma Vakuum und modifizierte Atmopsh\u00e4re Schwei\u00dfmaschine"},"content":{"rendered":"<p class=\"p1\">Diese Schwei\u00dfmaschine ist f\u00fcr die mittelgro\u00dfen und gro\u00dfen Beutel geeignet. Dar\u00fcber hinaus wird sie f\u00fcr Anwendungen verwendet, die hohe Kontrollen erfordern.<\/p>\n","protected":false},"excerpt":{"rendered":"<p>F\u00fcr Vakuum und Gaseinspritzung von Beuteln, S\u00e4cken und Taschen aus Sperrschichtfolien. Diese Maschine ist f\u00fcr die Schwei\u00dfung von mittelgro\u00dfen und gro\u00dfen Industriebeuteln geeignet.<\/p>\n<h2>VORTEILE<\/h2>\n<ul>\n<li>Entspricht den Bestimmungen von 21CFR Part 11<\/li>\n<li>Manuelle Schlie\u00dfung und \u00d6ffnung die Schwei\u00dfst\u00e4be<\/li>\n<li>Aufzeichnung verschiedener Schwei\u00dfprogramme<\/li>\n<li>Einstellung der Schwei\u00dfparameter am Touchscreen<\/li>\n<li>Die Regelung der Schwei\u00dftemperatur tr\u00e4gt zu Schonung der Verschlei\u00dfelemente der Schwei\u00dfst\u00e4be bei<\/li>\n<li>Datenaufzeichnung und-abruf \u00fcber Ethernet<\/li>\n<li>10mm Schwei\u00dfbreite<\/li>\n<li>Hygienisches Design<\/li>\n<li>INOX 340 Herstellung<\/li>\n<li>Benutzerfreundlichkeit<\/li>\n<\/ul>\n","protected":false},"featured_media":13728,"template":"","meta":{"_acf_changed":false,"_et_pb_use_builder":"","_et_pb_old_content":"","_et_gb_content_width":""},"product_brand":[],"product_cat":[323],"product_tag":[],"class_list":{"0":"post-12769","1":"product","2":"type-product","3":"status-publish","4":"has-post-thumbnail","6":"product_cat-vakuumverpackung-inertisierung","7":"pa_type-de-mise-sous-vide-beutel-und-kistenbeutel","9":"first","10":"instock","11":"shipping-taxable","12":"purchasable","13":"product-type-simple"},"acf":[],"yoast_head":"<!-- This site is optimized with the Yoast SEO plugin v27.4 - https:\/\/yoast.com\/product\/yoast-seo-wordpress\/ -->\n<title>Pharma Vakuum und modifizierte Atmopsh\u00e4re Schwei\u00dfmaschine - BERNHARDT Packaging &amp; Process<\/title>\n<meta name=\"description\" content=\"Vakuumversiegler und Pharma-Reinjektor: Zum Vakuum- und Schutzgasversiegeln von Beuteln, S\u00e4cken und Beuteln aus Barrierefolien.\" \/>\n<meta name=\"robots\" content=\"index, follow, max-snippet:-1, max-image-preview:large, max-video-preview:-1\" \/>\n<link rel=\"canonical\" href=\"https:\/\/www.bernhardt.fr\/de\/produit\/pharma-vakuum-und-modifizierte-atmopshaere-schweissmaschine\/\" \/>\n<meta property=\"og:locale\" content=\"de_DE\" \/>\n<meta property=\"og:type\" content=\"article\" \/>\n<meta property=\"og:title\" content=\"Pharma Vakuum und modifizierte Atmopsh\u00e4re Schwei\u00dfmaschine - BERNHARDT Packaging &amp; Process\" \/>\n<meta property=\"og:description\" content=\"Vakuumversiegler und Pharma-Reinjektor: Zum Vakuum- und Schutzgasversiegeln von Beuteln, S\u00e4cken und Beuteln aus Barrierefolien.\" \/>\n<meta property=\"og:url\" content=\"https:\/\/www.bernhardt.fr\/de\/produit\/pharma-vakuum-und-modifizierte-atmopshaere-schweissmaschine\/\" \/>\n<meta property=\"og:site_name\" content=\"BERNHARDT Packaging &amp; Process\" \/>\n<meta property=\"article:modified_time\" content=\"2023-03-17T16:48:45+00:00\" \/>\n<meta property=\"og:image\" content=\"https:\/\/www.bernhardt.fr\/wp-content\/uploads\/MSB11MVI-IDPHARMA-6-1024x1024-2.png\" \/>\n\t<meta property=\"og:image:width\" content=\"1024\" \/>\n\t<meta property=\"og:image:height\" content=\"1024\" \/>\n\t<meta property=\"og:image:type\" content=\"image\/png\" \/>\n<meta name=\"twitter:card\" content=\"summary_large_image\" \/>\n<meta name=\"twitter:site\" content=\"@BERNHARDTPack\" \/>\n<meta name=\"twitter:label1\" content=\"Gesch\u00e4tzte Lesezeit\" \/>\n\t<meta name=\"twitter:data1\" content=\"1\u00a0Minute\" \/>\n<script type=\"application\/ld+json\" class=\"yoast-schema-graph\">{\"@context\":\"https:\\\/\\\/schema.org\",\"@graph\":[{\"@type\":\"WebPage\",\"@id\":\"https:\\\/\\\/www.bernhardt.fr\\\/de\\\/produit\\\/pharma-vakuum-und-modifizierte-atmopshaere-schweissmaschine\\\/\",\"url\":\"https:\\\/\\\/www.bernhardt.fr\\\/de\\\/produit\\\/pharma-vakuum-und-modifizierte-atmopshaere-schweissmaschine\\\/\",\"name\":\"Pharma Vakuum und modifizierte Atmopsh\u00e4re Schwei\u00dfmaschine - BERNHARDT Packaging &amp; Process\",\"isPartOf\":{\"@id\":\"https:\\\/\\\/www.bernhardt.fr\\\/#website\"},\"primaryImageOfPage\":{\"@id\":\"https:\\\/\\\/www.bernhardt.fr\\\/de\\\/produit\\\/pharma-vakuum-und-modifizierte-atmopshaere-schweissmaschine\\\/#primaryimage\"},\"image\":{\"@id\":\"https:\\\/\\\/www.bernhardt.fr\\\/de\\\/produit\\\/pharma-vakuum-und-modifizierte-atmopshaere-schweissmaschine\\\/#primaryimage\"},\"thumbnailUrl\":\"https:\\\/\\\/www.bernhardt.fr\\\/wp-content\\\/uploads\\\/MSB11MVI-IDPHARMA-6-1024x1024-2.png\",\"datePublished\":\"2021-05-06T06:38:00+00:00\",\"dateModified\":\"2023-03-17T16:48:45+00:00\",\"description\":\"Vakuumversiegler und Pharma-Reinjektor: Zum Vakuum- und Schutzgasversiegeln von Beuteln, S\u00e4cken und Beuteln aus Barrierefolien.\",\"breadcrumb\":{\"@id\":\"https:\\\/\\\/www.bernhardt.fr\\\/de\\\/produit\\\/pharma-vakuum-und-modifizierte-atmopshaere-schweissmaschine\\\/#breadcrumb\"},\"inLanguage\":\"de\",\"potentialAction\":[{\"@type\":\"ReadAction\",\"target\":[\"https:\\\/\\\/www.bernhardt.fr\\\/de\\\/produit\\\/pharma-vakuum-und-modifizierte-atmopshaere-schweissmaschine\\\/\"]}]},{\"@type\":\"ImageObject\",\"inLanguage\":\"de\",\"@id\":\"https:\\\/\\\/www.bernhardt.fr\\\/de\\\/produit\\\/pharma-vakuum-und-modifizierte-atmopshaere-schweissmaschine\\\/#primaryimage\",\"url\":\"https:\\\/\\\/www.bernhardt.fr\\\/wp-content\\\/uploads\\\/MSB11MVI-IDPHARMA-6-1024x1024-2.png\",\"contentUrl\":\"https:\\\/\\\/www.bernhardt.fr\\\/wp-content\\\/uploads\\\/MSB11MVI-IDPHARMA-6-1024x1024-2.png\",\"width\":1024,\"height\":1024},{\"@type\":\"BreadcrumbList\",\"@id\":\"https:\\\/\\\/www.bernhardt.fr\\\/de\\\/produit\\\/pharma-vakuum-und-modifizierte-atmopshaere-schweissmaschine\\\/#breadcrumb\",\"itemListElement\":[{\"@type\":\"ListItem\",\"position\":1,\"name\":\"Accueil\",\"item\":\"https:\\\/\\\/www.bernhardt.fr\\\/\"},{\"@type\":\"ListItem\",\"position\":2,\"name\":\"Produits\",\"item\":\"https:\\\/\\\/www.bernhardt.fr\\\/shop\\\/\"},{\"@type\":\"ListItem\",\"position\":3,\"name\":\"Pharma Vakuum und modifizierte Atmopsh\u00e4re Schwei\u00dfmaschine\"}]},{\"@type\":\"WebSite\",\"@id\":\"https:\\\/\\\/www.bernhardt.fr\\\/#website\",\"url\":\"https:\\\/\\\/www.bernhardt.fr\\\/\",\"name\":\"BERNHARDT Packaging &amp; Process\",\"description\":\"fabricant fran\u00e7ais d\u2019emballages souples et de machines de conditionnement\",\"potentialAction\":[{\"@type\":\"SearchAction\",\"target\":{\"@type\":\"EntryPoint\",\"urlTemplate\":\"https:\\\/\\\/www.bernhardt.fr\\\/?s={search_term_string}\"},\"query-input\":{\"@type\":\"PropertyValueSpecification\",\"valueRequired\":true,\"valueName\":\"search_term_string\"}}],\"inLanguage\":\"de\"}]}<\/script>\n<!-- \/ Yoast SEO plugin. -->","yoast_head_json":{"title":"Pharma Vakuum und modifizierte Atmopsh\u00e4re Schwei\u00dfmaschine - BERNHARDT Packaging &amp; Process","description":"Vakuumversiegler und Pharma-Reinjektor: Zum Vakuum- und Schutzgasversiegeln von Beuteln, S\u00e4cken und Beuteln aus Barrierefolien.","robots":{"index":"index","follow":"follow","max-snippet":"max-snippet:-1","max-image-preview":"max-image-preview:large","max-video-preview":"max-video-preview:-1"},"canonical":"https:\/\/www.bernhardt.fr\/de\/produit\/pharma-vakuum-und-modifizierte-atmopshaere-schweissmaschine\/","og_locale":"de_DE","og_type":"article","og_title":"Pharma Vakuum und modifizierte Atmopsh\u00e4re Schwei\u00dfmaschine - BERNHARDT Packaging &amp; Process","og_description":"Vakuumversiegler und Pharma-Reinjektor: Zum Vakuum- und Schutzgasversiegeln von Beuteln, S\u00e4cken und Beuteln aus Barrierefolien.","og_url":"https:\/\/www.bernhardt.fr\/de\/produit\/pharma-vakuum-und-modifizierte-atmopshaere-schweissmaschine\/","og_site_name":"BERNHARDT Packaging &amp; Process","article_modified_time":"2023-03-17T16:48:45+00:00","og_image":[{"width":1024,"height":1024,"url":"https:\/\/www.bernhardt.fr\/wp-content\/uploads\/MSB11MVI-IDPHARMA-6-1024x1024-2.png","type":"image\/png"}],"twitter_card":"summary_large_image","twitter_site":"@BERNHARDTPack","twitter_misc":{"Gesch\u00e4tzte Lesezeit":"1\u00a0Minute"},"schema":{"@context":"https:\/\/schema.org","@graph":[{"@type":"WebPage","@id":"https:\/\/www.bernhardt.fr\/de\/produit\/pharma-vakuum-und-modifizierte-atmopshaere-schweissmaschine\/","url":"https:\/\/www.bernhardt.fr\/de\/produit\/pharma-vakuum-und-modifizierte-atmopshaere-schweissmaschine\/","name":"Pharma Vakuum und modifizierte Atmopsh\u00e4re Schwei\u00dfmaschine - BERNHARDT Packaging &amp; Process","isPartOf":{"@id":"https:\/\/www.bernhardt.fr\/#website"},"primaryImageOfPage":{"@id":"https:\/\/www.bernhardt.fr\/de\/produit\/pharma-vakuum-und-modifizierte-atmopshaere-schweissmaschine\/#primaryimage"},"image":{"@id":"https:\/\/www.bernhardt.fr\/de\/produit\/pharma-vakuum-und-modifizierte-atmopshaere-schweissmaschine\/#primaryimage"},"thumbnailUrl":"https:\/\/www.bernhardt.fr\/wp-content\/uploads\/MSB11MVI-IDPHARMA-6-1024x1024-2.png","datePublished":"2021-05-06T06:38:00+00:00","dateModified":"2023-03-17T16:48:45+00:00","description":"Vakuumversiegler und Pharma-Reinjektor: Zum Vakuum- und Schutzgasversiegeln von Beuteln, S\u00e4cken und Beuteln aus Barrierefolien.","breadcrumb":{"@id":"https:\/\/www.bernhardt.fr\/de\/produit\/pharma-vakuum-und-modifizierte-atmopshaere-schweissmaschine\/#breadcrumb"},"inLanguage":"de","potentialAction":[{"@type":"ReadAction","target":["https:\/\/www.bernhardt.fr\/de\/produit\/pharma-vakuum-und-modifizierte-atmopshaere-schweissmaschine\/"]}]},{"@type":"ImageObject","inLanguage":"de","@id":"https:\/\/www.bernhardt.fr\/de\/produit\/pharma-vakuum-und-modifizierte-atmopshaere-schweissmaschine\/#primaryimage","url":"https:\/\/www.bernhardt.fr\/wp-content\/uploads\/MSB11MVI-IDPHARMA-6-1024x1024-2.png","contentUrl":"https:\/\/www.bernhardt.fr\/wp-content\/uploads\/MSB11MVI-IDPHARMA-6-1024x1024-2.png","width":1024,"height":1024},{"@type":"BreadcrumbList","@id":"https:\/\/www.bernhardt.fr\/de\/produit\/pharma-vakuum-und-modifizierte-atmopshaere-schweissmaschine\/#breadcrumb","itemListElement":[{"@type":"ListItem","position":1,"name":"Accueil","item":"https:\/\/www.bernhardt.fr\/"},{"@type":"ListItem","position":2,"name":"Produits","item":"https:\/\/www.bernhardt.fr\/shop\/"},{"@type":"ListItem","position":3,"name":"Pharma Vakuum und modifizierte Atmopsh\u00e4re Schwei\u00dfmaschine"}]},{"@type":"WebSite","@id":"https:\/\/www.bernhardt.fr\/#website","url":"https:\/\/www.bernhardt.fr\/","name":"BERNHARDT Packaging &amp; Process","description":"fabricant fran\u00e7ais d\u2019emballages souples et de machines de conditionnement","potentialAction":[{"@type":"SearchAction","target":{"@type":"EntryPoint","urlTemplate":"https:\/\/www.bernhardt.fr\/?s={search_term_string}"},"query-input":{"@type":"PropertyValueSpecification","valueRequired":true,"valueName":"search_term_string"}}],"inLanguage":"de"}]}},"_links":{"self":[{"href":"https:\/\/www.bernhardt.fr\/de\/wp-json\/wp\/v2\/product\/12769","targetHints":{"allow":["GET"]}}],"collection":[{"href":"https:\/\/www.bernhardt.fr\/de\/wp-json\/wp\/v2\/product"}],"about":[{"href":"https:\/\/www.bernhardt.fr\/de\/wp-json\/wp\/v2\/types\/product"}],"wp:featuredmedia":[{"embeddable":true,"href":"https:\/\/www.bernhardt.fr\/de\/wp-json\/wp\/v2\/media\/13728"}],"wp:attachment":[{"href":"https:\/\/www.bernhardt.fr\/de\/wp-json\/wp\/v2\/media?parent=12769"}],"wp:term":[{"taxonomy":"product_brand","embeddable":true,"href":"https:\/\/www.bernhardt.fr\/de\/wp-json\/wp\/v2\/product_brand?post=12769"},{"taxonomy":"product_cat","embeddable":true,"href":"https:\/\/www.bernhardt.fr\/de\/wp-json\/wp\/v2\/product_cat?post=12769"},{"taxonomy":"product_tag","embeddable":true,"href":"https:\/\/www.bernhardt.fr\/de\/wp-json\/wp\/v2\/product_tag?post=12769"}],"curies":[{"name":"wp","href":"https:\/\/api.w.org\/{rel}","templated":true}]}}