{"id":14581,"date":"2018-05-04T13:24:06","date_gmt":"2018-05-04T13:24:06","guid":{"rendered":"https:\/\/www.bernhardt.fr\/service-apres-vente\/"},"modified":"2021-07-27T08:26:22","modified_gmt":"2021-07-27T08:26:22","slug":"kundendienst","status":"publish","type":"page","link":"https:\/\/www.bernhardt.fr\/de\/ausruestung-und-verpackungsmaschinen\/kundendienst\/","title":{"rendered":"KUNDENDIENST"},"content":{"rendered":"<p>[et_pb_section fb_built=&#8220;1&#8243; fullwidth=&#8220;on&#8220; _builder_version=&#8220;3.22.3&#8243; background_color=&#8220;#edf1f0&#8243; background_size=&#8220;contain&#8220; background_position=&#8220;top_center&#8220; custom_margin=&#8220;||&#8220; bottom_divider_color=&#8220;#ffffff&#8220; bottom_divider_height=&#8220;50px&#8220; bottom_divider_flip=&#8220;vertical&#8220;][et_pb_fullwidth_header title=&#8220;KUNDENDIENST&#8220; text_orientation=&#8220;center&#8220; background_overlay_color=&#8220;rgba(49,188,206,0)&#8220; content_max_width_tablet=&#8220;100%&#8220; content_max_width_phone=&#8220;100%&#8220; content_max_width_last_edited=&#8220;on|tablet&#8220; _builder_version=&#8220;4.9.2&#8243; title_font=&#8220;|700||on|||||&#8220; title_text_align=&#8220;center&#8220; title_font_size=&#8220;44px&#8220; content_font=&#8220;||||||||&#8220; content_font_size=&#8220;16px&#8220; subhead_font=&#8220;|700||on|||||&#8220; subhead_text_color=&#8220;#4c6467&#8243; subhead_font_size=&#8220;48px&#8220; subhead_line_height=&#8220;1.1em&#8220; background_color=&#8220;rgba(237,241,240,0)&#8220; use_background_color_gradient=&#8220;on&#8220; background_color_gradient_start=&#8220;rgba(28,92,116,0.25)&#8220; background_color_gradient_end=&#8220;rgba(49,188,206,0.2)&#8220; background_image=&#8220;https:\/\/www.bernhardt.fr\/wp-content\/uploads\/fond_machine_bernhardt_1920_480_3.jpg&#8220; background_blend=&#8220;overlay&#8220; custom_margin_tablet=&#8220;&#8220; custom_margin_phone=&#8220;|||&#8220; custom_margin_last_edited=&#8220;on|phone&#8220; custom_padding_tablet=&#8220;|||&#8220; custom_padding_phone=&#8220;|||&#8220; custom_padding_last_edited=&#8220;on|desktop&#8220; title_font_size_tablet=&#8220;38px&#8220; title_font_size_phone=&#8220;24px&#8220; title_font_size_last_edited=&#8220;on|desktop&#8220; subhead_font_size_tablet=&#8220;34px&#8220; subhead_font_size_phone=&#8220;26px&#8220; subhead_font_size_last_edited=&#8220;on|desktop&#8220; title_text_shadow_style=&#8220;preset3&#8243; button_one_text_size__hover_enabled=&#8220;off&#8220; button_two_text_size__hover_enabled=&#8220;off&#8220; button_one_text_color__hover_enabled=&#8220;off&#8220; button_two_text_color__hover_enabled=&#8220;off&#8220; button_one_border_width__hover_enabled=&#8220;off&#8220; button_two_border_width__hover_enabled=&#8220;off&#8220; button_one_border_color__hover_enabled=&#8220;off&#8220; button_two_border_color__hover_enabled=&#8220;off&#8220; button_one_border_radius__hover_enabled=&#8220;off&#8220; button_two_border_radius__hover_enabled=&#8220;off&#8220; button_one_letter_spacing__hover_enabled=&#8220;off&#8220; button_two_letter_spacing__hover_enabled=&#8220;off&#8220; button_one_bg_color__hover_enabled=&#8220;off&#8220; button_two_bg_color__hover_enabled=&#8220;off&#8220;][\/et_pb_fullwidth_header][\/et_pb_section][et_pb_section fb_built=&#8220;1&#8243; _builder_version=&#8220;3.22.3&#8243; custom_padding=&#8220;30px|0px|30px|0px|false|false&#8220;][et_pb_row module_class=&#8220; et_pb_row_fullwidth&#8220; _builder_version=&#8220;3.25&#8243; width=&#8220;94%&#8220; width_tablet=&#8220;80%&#8220; width_phone=&#8220;&#8220; width_last_edited=&#8220;on|desktop&#8220; max_width=&#8220;94%&#8220; max_width_tablet=&#8220;80%&#8220; max_width_phone=&#8220;&#8220; max_width_last_edited=&#8220;on|desktop&#8220; module_alignment=&#8220;center&#8220; custom_padding=&#8220;30px|0px|30px|0px|false|false&#8220; make_fullwidth=&#8220;on&#8220;][et_pb_column type=&#8220;4_4&#8243; _builder_version=&#8220;3.25&#8243; custom_padding=&#8220;|||&#8220; custom_padding__hover=&#8220;|||&#8220;][et_pb_text _builder_version=&#8220;4.9.2&#8243; custom_margin=&#8220;|||-29px||&#8220;]<\/p>\n<p><strong>Unser effizienter After-Sales-Service unterst\u00fctzt Sie bei jedem Anliegen:<\/strong><\/p>\n<p>[\/et_pb_text][et_pb_text _builder_version=&#8220;4.9.2&#8243; header_font=&#8220;||||||||&#8220; header_2_font=&#8220;||||||||&#8220; header_2_text_color=&#8220;#1c5c74&#8243; header_2_font_size=&#8220;24px&#8220; header_2_line_height=&#8220;1.3em&#8220;]<\/p>\n<h2 style=\"text-align: center\">BERNHARDT stellt Ihnen die F\u00e4higkeiten ihrer Techniker zur Verf\u00fcgung.<\/h2>\n<p>[\/et_pb_text][\/et_pb_column][\/et_pb_row][et_pb_row column_structure=&#8220;3_5,2_5&#8243; module_class=&#8220; et_pb_row_fullwidth&#8220; _builder_version=&#8220;3.25&#8243; width=&#8220;94%&#8220; width_tablet=&#8220;80%&#8220; width_phone=&#8220;&#8220; width_last_edited=&#8220;on|desktop&#8220; max_width=&#8220;94%&#8220; max_width_tablet=&#8220;80%&#8220; max_width_phone=&#8220;&#8220; max_width_last_edited=&#8220;on|desktop&#8220; module_alignment=&#8220;center&#8220; custom_padding=&#8220;0px|2%|30px|2%|false|false&#8220; make_fullwidth=&#8220;on&#8220;][et_pb_column type=&#8220;3_5&#8243; _builder_version=&#8220;3.25&#8243; custom_padding=&#8220;|||&#8220; custom_padding__hover=&#8220;|||&#8220;][et_pb_text _builder_version=&#8220;4.9.2&#8243; header_font=&#8220;||||||||&#8220; header_2_font=&#8220;||||||||&#8220; header_2_text_color=&#8220;#1c5c74&#8243; header_2_font_size=&#8220;24px&#8220; header_2_line_height=&#8220;1.3em&#8220; width=&#8220;100%&#8220; custom_margin=&#8220;|||-15px||&#8220; custom_padding=&#8220;|||6px||&#8220; hover_enabled=&#8220;0&#8243; sticky_enabled=&#8220;0&#8243;]<\/p>\n<p><strong>1. Technischer Kundendienst:<\/strong> Installation und Inbetriebnahme von Ger\u00e4ten auf Anfrage.<\/p>\n<p>[\/et_pb_text][et_pb_text _builder_version=&#8220;4.9.2&#8243; header_font=&#8220;||||||||&#8220; header_2_font=&#8220;||||||||&#8220; header_2_text_color=&#8220;#1c5c74&#8243; header_2_font_size=&#8220;24px&#8220; header_2_line_height=&#8220;1.3em&#8220; hover_enabled=&#8220;0&#8243; sticky_enabled=&#8220;0&#8243;]<\/p>\n<p><strong>2. Wartungvertrag:<\/strong> Unsere Techniker f\u00fchren alle vorbeugenden Wartungsarbeiten an Ihren Ger\u00e4ten durch. Sie k\u00fcmmern sich um Mechanik, Automatisierung, IT und Elektrik der Maschinen. Unsere Reaktionsteams reisen zu Ihren Produktionsstandorten, um Reparaturen oder Upgrades an Ihren Einrichtungen durchzuf\u00fchren.<\/p>\n<p>[\/et_pb_text][et_pb_text quote_border_color=&#8220;#31bcce&#8220; _builder_version=&#8220;4.9.2&#8243; text_font=&#8220;||||||||&#8220; quote_font=&#8220;|600|||||||&#8220; quote_text_color=&#8220;#1c5c74&#8243; header_font=&#8220;||||||||&#8220; header_2_font=&#8220;||||||||&#8220; header_2_text_color=&#8220;#1c5c74&#8243; header_2_font_size=&#8220;24px&#8220; header_2_line_height=&#8220;1.3em&#8220; header_3_font=&#8220;|700||on|||||&#8220; header_3_text_color=&#8220;#31bcce&#8220;]<\/p>\n<p><strong>3. Ersatzteilbestellung:<\/strong> Auf Wunsch senden wir Ihnen ein detailliertes Angebot und einen voraussichtlichen Liefertermin bei Ihnen vor Ort.<\/p>\n<p>&nbsp;<\/p>\n<h3>UNSER TEAM IST ERREICHBAR:<\/h3>\n<blockquote>\n<p>TELEFONISCH UNTER 03 21 10 15 05 VON MONTAG BIS DONNERSTAG VON 8 BIS 12 UHR UND VON 14 BIS 17 UHR UND FREITAG VON 8 BIS 15 UHR<\/p>\n<\/blockquote>\n<p>[\/et_pb_text][\/et_pb_column][et_pb_column type=&#8220;2_5&#8243; _builder_version=&#8220;3.25&#8243; custom_padding=&#8220;|||&#8220; custom_padding__hover=&#8220;|||&#8220;][et_pb_image src=&#8220;https:\/\/www.bernhardt.fr\/wp-content\/uploads\/SAV-BERNHARDT_1.jpg&#8220; align_tablet=&#8220;center&#8220; align_phone=&#8220;&#8220; align_last_edited=&#8220;on|desktop&#8220; _builder_version=&#8220;3.23&#8243; width=&#8220;100%&#8220; min_height=&#8220;212px&#8220;][\/et_pb_image][\/et_pb_column][\/et_pb_row][\/et_pb_section]<\/p>\n","protected":false},"excerpt":{"rendered":"<p>Unser effizienter After-Sales-Service unterst\u00fctzt Sie bei jedem Anliegen:BERNHARDT stellt Ihnen die F\u00e4higkeiten ihrer Techniker zur Verf\u00fcgung.1. Technischer Kundendienst: Installation und Inbetriebnahme von Ger\u00e4ten auf Anfrage.2. Wartungvertrag: Unsere Techniker f\u00fchren alle vorbeugenden Wartungsarbeiten an Ihren Ger\u00e4ten durch. Sie k\u00fcmmern sich um Mechanik, Automatisierung, IT und Elektrik der Maschinen. Unsere Reaktionsteams reisen zu Ihren Produktionsstandorten, um Reparaturen [&hellip;]<\/p>\n","protected":false},"author":2,"featured_media":0,"parent":9073,"menu_order":6,"comment_status":"closed","ping_status":"closed","template":"","meta":{"_acf_changed":false,"_et_pb_use_builder":"on","_et_pb_old_content":"","_et_gb_content_width":"","footnotes":""},"class_list":["post-14581","page","type-page","status-publish","hentry"],"acf":[],"yoast_head":"<!-- This site is optimized with the Yoast SEO plugin v27.5 - https:\/\/yoast.com\/product\/yoast-seo-wordpress\/ -->\n<title>BERNHARDT Packaging &amp; Process - KUNDENDIENST<\/title>\n<meta name=\"description\" content=\"Unser Kundendienst unterst\u00fctzt Sie w\u00e4hrend des gesamten Lebenszyklus Ihrer Maschine, ob bei Wartung oder Updates.\" \/>\n<meta name=\"robots\" content=\"index, follow, max-snippet:-1, max-image-preview:large, max-video-preview:-1\" \/>\n<link rel=\"canonical\" href=\"https:\/\/www.bernhardt.fr\/de\/ausruestung-und-verpackungsmaschinen\/kundendienst\/\" \/>\n<meta property=\"og:locale\" content=\"de_DE\" \/>\n<meta property=\"og:type\" content=\"article\" \/>\n<meta property=\"og:title\" content=\"BERNHARDT Packaging &amp; Process - KUNDENDIENST\" \/>\n<meta property=\"og:description\" content=\"Unser Kundendienst unterst\u00fctzt Sie w\u00e4hrend des gesamten Lebenszyklus Ihrer Maschine, ob bei Wartung oder Updates.\" \/>\n<meta property=\"og:url\" content=\"https:\/\/www.bernhardt.fr\/de\/ausruestung-und-verpackungsmaschinen\/kundendienst\/\" \/>\n<meta property=\"og:site_name\" content=\"BERNHARDT Packaging &amp; Process\" \/>\n<meta property=\"article:modified_time\" content=\"2021-07-27T08:26:22+00:00\" \/>\n<meta name=\"twitter:card\" content=\"summary_large_image\" \/>\n<meta name=\"twitter:site\" content=\"@BERNHARDTPack\" \/>\n<meta name=\"twitter:label1\" content=\"Gesch\u00e4tzte Lesezeit\" \/>\n\t<meta name=\"twitter:data1\" content=\"4\u00a0Minuten\" \/>\n<script type=\"application\/ld+json\" class=\"yoast-schema-graph\">{\"@context\":\"https:\\\/\\\/schema.org\",\"@graph\":[{\"@type\":\"WebPage\",\"@id\":\"https:\\\/\\\/www.bernhardt.fr\\\/de\\\/ausruestung-und-verpackungsmaschinen\\\/kundendienst\\\/\",\"url\":\"https:\\\/\\\/www.bernhardt.fr\\\/de\\\/ausruestung-und-verpackungsmaschinen\\\/kundendienst\\\/\",\"name\":\"BERNHARDT Packaging &amp; Process - KUNDENDIENST\",\"isPartOf\":{\"@id\":\"https:\\\/\\\/www.bernhardt.fr\\\/#website\"},\"datePublished\":\"2018-05-04T13:24:06+00:00\",\"dateModified\":\"2021-07-27T08:26:22+00:00\",\"description\":\"Unser Kundendienst unterst\u00fctzt Sie w\u00e4hrend des gesamten Lebenszyklus Ihrer Maschine, ob bei Wartung oder Updates.\",\"breadcrumb\":{\"@id\":\"https:\\\/\\\/www.bernhardt.fr\\\/de\\\/ausruestung-und-verpackungsmaschinen\\\/kundendienst\\\/#breadcrumb\"},\"inLanguage\":\"de\",\"potentialAction\":[{\"@type\":\"ReadAction\",\"target\":[\"https:\\\/\\\/www.bernhardt.fr\\\/de\\\/ausruestung-und-verpackungsmaschinen\\\/kundendienst\\\/\"]}]},{\"@type\":\"BreadcrumbList\",\"@id\":\"https:\\\/\\\/www.bernhardt.fr\\\/de\\\/ausruestung-und-verpackungsmaschinen\\\/kundendienst\\\/#breadcrumb\",\"itemListElement\":[{\"@type\":\"ListItem\",\"position\":1,\"name\":\"Accueil\",\"item\":\"https:\\\/\\\/www.bernhardt.fr\\\/\"},{\"@type\":\"ListItem\",\"position\":2,\"name\":\"AUSR\u00dcSTUNG UND VERPACKUNGSMASCHINEN\",\"item\":\"https:\\\/\\\/www.bernhardt.fr\\\/de\\\/ausruestung-und-verpackungsmaschinen\\\/\"},{\"@type\":\"ListItem\",\"position\":3,\"name\":\"KUNDENDIENST\"}]},{\"@type\":\"WebSite\",\"@id\":\"https:\\\/\\\/www.bernhardt.fr\\\/#website\",\"url\":\"https:\\\/\\\/www.bernhardt.fr\\\/\",\"name\":\"BERNHARDT Packaging &amp; Process\",\"description\":\"fabricant fran\u00e7ais d\u2019emballages souples et de machines de conditionnement\",\"potentialAction\":[{\"@type\":\"SearchAction\",\"target\":{\"@type\":\"EntryPoint\",\"urlTemplate\":\"https:\\\/\\\/www.bernhardt.fr\\\/?s={search_term_string}\"},\"query-input\":{\"@type\":\"PropertyValueSpecification\",\"valueRequired\":true,\"valueName\":\"search_term_string\"}}],\"inLanguage\":\"de\"}]}<\/script>\n<!-- \/ Yoast SEO plugin. -->","yoast_head_json":{"title":"BERNHARDT Packaging &amp; Process - KUNDENDIENST","description":"Unser Kundendienst unterst\u00fctzt Sie w\u00e4hrend des gesamten Lebenszyklus Ihrer Maschine, ob bei Wartung oder Updates.","robots":{"index":"index","follow":"follow","max-snippet":"max-snippet:-1","max-image-preview":"max-image-preview:large","max-video-preview":"max-video-preview:-1"},"canonical":"https:\/\/www.bernhardt.fr\/de\/ausruestung-und-verpackungsmaschinen\/kundendienst\/","og_locale":"de_DE","og_type":"article","og_title":"BERNHARDT Packaging &amp; Process - KUNDENDIENST","og_description":"Unser Kundendienst unterst\u00fctzt Sie w\u00e4hrend des gesamten Lebenszyklus Ihrer Maschine, ob bei Wartung oder Updates.","og_url":"https:\/\/www.bernhardt.fr\/de\/ausruestung-und-verpackungsmaschinen\/kundendienst\/","og_site_name":"BERNHARDT Packaging &amp; Process","article_modified_time":"2021-07-27T08:26:22+00:00","twitter_card":"summary_large_image","twitter_site":"@BERNHARDTPack","twitter_misc":{"Gesch\u00e4tzte Lesezeit":"4\u00a0Minuten"},"schema":{"@context":"https:\/\/schema.org","@graph":[{"@type":"WebPage","@id":"https:\/\/www.bernhardt.fr\/de\/ausruestung-und-verpackungsmaschinen\/kundendienst\/","url":"https:\/\/www.bernhardt.fr\/de\/ausruestung-und-verpackungsmaschinen\/kundendienst\/","name":"BERNHARDT Packaging &amp; Process - KUNDENDIENST","isPartOf":{"@id":"https:\/\/www.bernhardt.fr\/#website"},"datePublished":"2018-05-04T13:24:06+00:00","dateModified":"2021-07-27T08:26:22+00:00","description":"Unser Kundendienst unterst\u00fctzt Sie w\u00e4hrend des gesamten Lebenszyklus Ihrer Maschine, ob bei Wartung oder Updates.","breadcrumb":{"@id":"https:\/\/www.bernhardt.fr\/de\/ausruestung-und-verpackungsmaschinen\/kundendienst\/#breadcrumb"},"inLanguage":"de","potentialAction":[{"@type":"ReadAction","target":["https:\/\/www.bernhardt.fr\/de\/ausruestung-und-verpackungsmaschinen\/kundendienst\/"]}]},{"@type":"BreadcrumbList","@id":"https:\/\/www.bernhardt.fr\/de\/ausruestung-und-verpackungsmaschinen\/kundendienst\/#breadcrumb","itemListElement":[{"@type":"ListItem","position":1,"name":"Accueil","item":"https:\/\/www.bernhardt.fr\/"},{"@type":"ListItem","position":2,"name":"AUSR\u00dcSTUNG UND VERPACKUNGSMASCHINEN","item":"https:\/\/www.bernhardt.fr\/de\/ausruestung-und-verpackungsmaschinen\/"},{"@type":"ListItem","position":3,"name":"KUNDENDIENST"}]},{"@type":"WebSite","@id":"https:\/\/www.bernhardt.fr\/#website","url":"https:\/\/www.bernhardt.fr\/","name":"BERNHARDT Packaging &amp; Process","description":"fabricant fran\u00e7ais d\u2019emballages souples et de machines de conditionnement","potentialAction":[{"@type":"SearchAction","target":{"@type":"EntryPoint","urlTemplate":"https:\/\/www.bernhardt.fr\/?s={search_term_string}"},"query-input":{"@type":"PropertyValueSpecification","valueRequired":true,"valueName":"search_term_string"}}],"inLanguage":"de"}]}},"_links":{"self":[{"href":"https:\/\/www.bernhardt.fr\/de\/wp-json\/wp\/v2\/pages\/14581","targetHints":{"allow":["GET"]}}],"collection":[{"href":"https:\/\/www.bernhardt.fr\/de\/wp-json\/wp\/v2\/pages"}],"about":[{"href":"https:\/\/www.bernhardt.fr\/de\/wp-json\/wp\/v2\/types\/page"}],"author":[{"embeddable":true,"href":"https:\/\/www.bernhardt.fr\/de\/wp-json\/wp\/v2\/users\/2"}],"replies":[{"embeddable":true,"href":"https:\/\/www.bernhardt.fr\/de\/wp-json\/wp\/v2\/comments?post=14581"}],"version-history":[{"count":10,"href":"https:\/\/www.bernhardt.fr\/de\/wp-json\/wp\/v2\/pages\/14581\/revisions"}],"predecessor-version":[{"id":15822,"href":"https:\/\/www.bernhardt.fr\/de\/wp-json\/wp\/v2\/pages\/14581\/revisions\/15822"}],"up":[{"embeddable":true,"href":"https:\/\/www.bernhardt.fr\/de\/wp-json\/wp\/v2\/pages\/9073"}],"wp:attachment":[{"href":"https:\/\/www.bernhardt.fr\/de\/wp-json\/wp\/v2\/media?parent=14581"}],"curies":[{"name":"wp","href":"https:\/\/api.w.org\/{rel}","templated":true}]}}