{"id":14553,"date":"2018-05-04T12:37:27","date_gmt":"2018-05-04T12:37:27","guid":{"rendered":"https:\/\/www.bernhardt.fr\/elsatische-industrieverpackungen\/recherche-developpement\/"},"modified":"2022-09-13T10:39:09","modified_gmt":"2022-09-13T10:39:09","slug":"forschung-entwicklung","status":"publish","type":"page","link":"https:\/\/www.bernhardt.fr\/de\/elsatische-industrieverpackungen\/forschung-entwicklung\/","title":{"rendered":"FORSCHUNG &amp; ENTWICKLUNG"},"content":{"rendered":"<p>[et_pb_section fb_built=&#8220;1&#8243; fullwidth=&#8220;on&#8220; _builder_version=&#8220;3.22.3&#8243; background_color=&#8220;#edf1f0&#8243; background_size=&#8220;contain&#8220; background_position=&#8220;top_center&#8220; custom_margin=&#8220;||&#8220; bottom_divider_color=&#8220;#ffffff&#8220; bottom_divider_height=&#8220;50px&#8220; bottom_divider_flip=&#8220;vertical&#8220; global_colors_info=&#8220;{}&#8220;][et_pb_fullwidth_header title=&#8220;FORSCHUNG &#038; ENTWICKLUNG&#8220; content_max_width_tablet=&#8220;100%&#8220; content_max_width_phone=&#8220;100%&#8220; content_max_width_last_edited=&#8220;on|tablet&#8220; _builder_version=&#8220;4.9.2&#8243; title_font=&#8220;|700||on|||||&#8220; title_text_align=&#8220;center&#8220; title_text_color=&#8220;#ffffff&#8220; title_font_size=&#8220;44px&#8220; content_font=&#8220;||||||||&#8220; content_font_size=&#8220;16px&#8220; subhead_font=&#8220;|700||on|||||&#8220; subhead_text_color=&#8220;#4c6467&#8243; subhead_font_size=&#8220;48px&#8220; subhead_line_height=&#8220;1.1em&#8220; background_color=&#8220;rgba(237,241,240,0)&#8220; use_background_color_gradient=&#8220;on&#8220; background_color_gradient_start=&#8220;rgba(28,92,116,0.34)&#8220; background_color_gradient_end=&#8220;rgba(49,188,206,0.2)&#8220; background_image=&#8220;https:\/\/www.bernhardt.fr\/wp-content\/uploads\/haut_emballage.jpg&#8220; background_blend=&#8220;overlay&#8220; custom_margin_tablet=&#8220;&#8220; custom_margin_phone=&#8220;|||&#8220; custom_margin_last_edited=&#8220;on|phone&#8220; custom_padding_tablet=&#8220;|||&#8220; custom_padding_phone=&#8220;|||&#8220; custom_padding_last_edited=&#8220;on|desktop&#8220; title_font_size_tablet=&#8220;38px&#8220; title_font_size_phone=&#8220;28px&#8220; title_font_size_last_edited=&#8220;on|phone&#8220; subhead_font_size_tablet=&#8220;34px&#8220; subhead_font_size_phone=&#8220;26px&#8220; subhead_font_size_last_edited=&#8220;on|desktop&#8220; title_text_shadow_style=&#8220;preset3&#8243; global_colors_info=&#8220;{}&#8220; button_one_text_size__hover_enabled=&#8220;off&#8220; button_two_text_size__hover_enabled=&#8220;off&#8220; button_one_text_color__hover_enabled=&#8220;off&#8220; button_two_text_color__hover_enabled=&#8220;off&#8220; button_one_border_width__hover_enabled=&#8220;off&#8220; button_two_border_width__hover_enabled=&#8220;off&#8220; button_one_border_color__hover_enabled=&#8220;off&#8220; button_two_border_color__hover_enabled=&#8220;off&#8220; button_one_border_radius__hover_enabled=&#8220;off&#8220; button_two_border_radius__hover_enabled=&#8220;off&#8220; button_one_letter_spacing__hover_enabled=&#8220;off&#8220; button_two_letter_spacing__hover_enabled=&#8220;off&#8220; button_one_bg_color__hover_enabled=&#8220;off&#8220; button_two_bg_color__hover_enabled=&#8220;off&#8220;][\/et_pb_fullwidth_header][\/et_pb_section][et_pb_section fb_built=&#8220;1&#8243; _builder_version=&#8220;3.22.3&#8243; custom_padding=&#8220;30px|0px|30px|0px|false|false&#8220; global_colors_info=&#8220;{}&#8220;][et_pb_row column_structure=&#8220;3_5,2_5&#8243; use_custom_gutter=&#8220;on&#8220; gutter_width=&#8220;3&#8243; module_class=&#8220; et_pb_row_fullwidth&#8220; _builder_version=&#8220;3.25&#8243; width=&#8220;89%&#8220; width_tablet=&#8220;80%&#8220; width_phone=&#8220;&#8220; width_last_edited=&#8220;on|desktop&#8220; max_width=&#8220;89%&#8220; max_width_tablet=&#8220;80%&#8220; max_width_phone=&#8220;&#8220; max_width_last_edited=&#8220;on|desktop&#8220; module_alignment=&#8220;center&#8220; custom_padding=&#8220;22px|0px|0px|0px|false|false&#8220; make_fullwidth=&#8220;on&#8220; global_colors_info=&#8220;{}&#8220;][et_pb_column type=&#8220;3_5&#8243; _builder_version=&#8220;3.25&#8243; custom_padding=&#8220;|||&#8220; global_colors_info=&#8220;{}&#8220; custom_padding__hover=&#8220;|||&#8220;][et_pb_text ul_position=&#8220;inside&#8220; quote_border_color=&#8220;#1c5c74&#8243; _builder_version=&#8220;4.9.2&#8243; text_font=&#8220;||||||||&#8220; ul_font=&#8220;||||||||&#8220; ul_text_color=&#8220;#4c6467&#8243; ol_font=&#8220;||||||||&#8220; ol_text_color=&#8220;rgba(0,0,0,0)&#8220; quote_font=&#8220;|600|||||||&#8220; quote_text_color=&#8220;#31bcce&#8220; quote_font_size=&#8220;18px&#8220; header_font=&#8220;||||||||&#8220; header_text_color=&#8220;#1c5c74&#8243; header_font_size=&#8220;35px&#8220; header_line_height=&#8220;1.2em&#8220; header_2_font=&#8220;||||||||&#8220; header_2_text_align=&#8220;left&#8220; header_2_text_color=&#8220;#1c5c74&#8243; header_2_font_size=&#8220;32px&#8220; header_2_line_height=&#8220;1.2em&#8220; header_3_font=&#8220;||||||||&#8220; header_3_text_color=&#8220;#31bcce&#8220; header_3_font_size=&#8220;18px&#8220; header_3_line_height=&#8220;1.3em&#8220; custom_margin=&#8220;15px||&#8220; header_2_font_size_tablet=&#8220;30px&#8220; header_2_font_size_phone=&#8220;24px&#8220; header_2_font_size_last_edited=&#8220;on|phone&#8220; global_colors_info=&#8220;{}&#8220;]<\/p>\n<h2>BERNHARDT bietet dank ihrer Investitionen in Forschung und Entwicklung innovative ma\u00dfgeschneiderte L\u00f6sungen.<\/h2>\n<blockquote>\n<p>Seit 20 Jahren revolutionieren flexible Verpackungen M\u00e4rkte, die bisher starren Beh\u00e4ltern vorbehalten waren.<\/p>\n<\/blockquote>\n<p style=\"text-align: justify\">Mit unserem Know-how f\u00fcr gro\u00dfvolumige Produkte (von einem Liter bis zu einem Kubikmeter) arbeiten wir mit unseren Kunden von Beginn ihrer Projekte an an innovativen und industrialisierbaren L\u00f6sungen. Unser Produktionswerkzeug wurde im eigenen Haus entwickelt. Dies gibt uns eine gro\u00dfe Flexibilit\u00e4t und erm\u00f6glicht uns, dedizierte und ma\u00dfgeschneiderte Tools zu integrieren.<\/p>\n<p style=\"text-align: justify\">In den letzten Jahren haben wir innovative Konzepte entwickelt, um insbesondere fl\u00fcssige Produkte zu verpacken und zu sch\u00fctzen. Diese Konzepte wurden von unseren Kunden in verschiedenen Bereichen \u00fcbernommen, von Farbstoffen \u00fcber Bier, Waschmittel bis hin zur Tiergesundheit. Unsere Beutel k\u00f6nnen &#8222;stand-alone&#8220; verwendet oder in Produktverteilsysteme integriert werden.<\/p>\n<p>[\/et_pb_text][\/et_pb_column][et_pb_column type=&#8220;2_5&#8243; _builder_version=&#8220;3.25&#8243; custom_padding=&#8220;|||&#8220; global_colors_info=&#8220;{}&#8220; custom_padding__hover=&#8220;|||&#8220;][et_pb_text _builder_version=&#8220;4.9.2&#8243; text_font=&#8220;||||||||&#8220; header_font=&#8220;||||||||&#8220; header_3_font=&#8220;|700||on|||||&#8220; header_3_text_color=&#8220;#31bcce&#8220; header_3_font_size=&#8220;21px&#8220; background_color=&#8220;#1c5c74&#8243; background_layout=&#8220;dark&#8220; custom_margin=&#8220;20px||40px&#8220; custom_padding=&#8220;25px|25px|25px|25px&#8220; border_radii=&#8220;on|4px|4px|4px|4px&#8220; global_colors_info=&#8220;{}&#8220;]<\/p>\n<p style=\"text-align: justify\">BERNHARDT konzentriert sich auf ihr Handwerk als Verarbeiter und verl\u00e4sst sich auf das Know-how ihres umfangreichen Netzwerks europ\u00e4ischer Lieferanten, um neue Folien und neue Verbinder zu entwickeln, die auf die von den Anwendern gestellten Fragen eingehen. So arbeiten wir beispielsweise an der Verringerung der Verpackungsdicke zur Reduzierung des Abfallaufkommens und am Einsatz innovativer Sperrschichten als Alternative zu Aluminiumfolien.<\/p>\n<p>Dieser Innovationsprozess wird sowohl mit gro\u00dfen internationalen Konzernen als auch mit Start-ups durchgef\u00fchrt, deren Konzept wir mitentwickeln.<\/p>\n<p>&nbsp;<\/p>\n<h3 style=\"text-align: center\">SIE HABEN EIN INNOVATIVES PROJEKT?<\/h3>\n<h3 style=\"text-align: center\">SIE SIND AM RICHTIGEN ORT!<\/h3>\n<p>[\/et_pb_text][\/et_pb_column][\/et_pb_row][et_pb_row use_custom_gutter=&#8220;on&#8220; gutter_width=&#8220;3&#8243; module_class=&#8220; et_pb_row_fullwidth&#8220; _builder_version=&#8220;3.25&#8243; width=&#8220;89%&#8220; width_tablet=&#8220;80%&#8220; width_phone=&#8220;&#8220; width_last_edited=&#8220;on|desktop&#8220; max_width=&#8220;89%&#8220; max_width_tablet=&#8220;80%&#8220; max_width_phone=&#8220;&#8220; max_width_last_edited=&#8220;on|desktop&#8220; module_alignment=&#8220;center&#8220; custom_padding=&#8220;22px|0px|30px|0px|false|false&#8220; make_fullwidth=&#8220;on&#8220; global_colors_info=&#8220;{}&#8220;][et_pb_column type=&#8220;4_4&#8243; _builder_version=&#8220;3.25&#8243; custom_padding=&#8220;|||&#8220; global_colors_info=&#8220;{}&#8220; custom_padding__hover=&#8220;|||&#8220;][et_pb_text ul_position=&#8220;inside&#8220; quote_border_color=&#8220;#1c5c74&#8243; _builder_version=&#8220;4.9.2&#8243; text_font=&#8220;||||||||&#8220; ul_font=&#8220;||||||||&#8220; ul_text_color=&#8220;#4c6467&#8243; ol_font=&#8220;||||||||&#8220; ol_text_color=&#8220;rgba(0,0,0,0)&#8220; quote_font=&#8220;|600|||||||&#8220; quote_text_color=&#8220;#31bcce&#8220; quote_font_size=&#8220;18px&#8220; header_font=&#8220;|||on|||||&#8220; header_text_color=&#8220;#31bcce&#8220; header_font_size=&#8220;35px&#8220; header_line_height=&#8220;1.2em&#8220; header_2_font=&#8220;||||||||&#8220; header_2_text_align=&#8220;left&#8220; header_2_text_color=&#8220;#1c5c74&#8243; header_2_font_size=&#8220;32px&#8220; header_2_line_height=&#8220;1.2em&#8220; header_3_font=&#8220;||||||||&#8220; header_3_text_color=&#8220;#31bcce&#8220; header_3_font_size=&#8220;18px&#8220; header_3_line_height=&#8220;1.3em&#8220; custom_margin=&#8220;15px||&#8220; header_2_font_size_tablet=&#8220;30px&#8220; header_2_font_size_phone=&#8220;24px&#8220; header_2_font_size_last_edited=&#8220;on|phone&#8220; global_colors_info=&#8220;{}&#8220;]<\/p>\n<h1 style=\"text-align: center\">BEISPIEL F\u00dcR SONDERVERPACKUNGEN<\/h1>\n<p>[\/et_pb_text][\/et_pb_column][\/et_pb_row][et_pb_row column_structure=&#8220;1_2,1_2&#8243; module_class=&#8220; et_pb_row_fullwidth&#8220; _builder_version=&#8220;3.25&#8243; width=&#8220;94%&#8220; width_tablet=&#8220;80%&#8220; width_phone=&#8220;&#8220; width_last_edited=&#8220;on|desktop&#8220; max_width=&#8220;94%&#8220; max_width_tablet=&#8220;80%&#8220; max_width_phone=&#8220;&#8220; max_width_last_edited=&#8220;on|desktop&#8220; module_alignment=&#8220;center&#8220; custom_css_main_element=&#8220;width:100%;&#8220; make_fullwidth=&#8220;on&#8220; global_colors_info=&#8220;{}&#8220;][et_pb_column type=&#8220;1_2&#8243; _builder_version=&#8220;3.25&#8243; custom_padding=&#8220;|||&#8220; global_colors_info=&#8220;{}&#8220; custom_padding__hover=&#8220;|||&#8220;][et_pb_blurb title=&#8220;F\u00c4SSER UND BEUTEL VON 10 BIS 30 LITER&#8220; url=&#8220;https:\/\/www.bernhardt.fr\/de\/produit\/beutel-fuer-faesser-von-10-bis-30-liter\/&#8220; image=&#8220;https:\/\/www.bernhardt.fr\/wp-content\/uploads\/Fas_Beutel-1024&#215;1024-1.png&#8220; content_max_width_tablet=&#8220;100%&#8220; content_max_width_phone=&#8220;100%&#8220; content_max_width_last_edited=&#8220;off|desktop&#8220; admin_label=&#8220;Picto effet zoom&#8220; module_class=&#8220;zoom-effect two-columns&#8220; _builder_version=&#8220;4.13.0&#8243; header_level=&#8220;h5&#8243; header_font=&#8220;Raleway|600||on|||||&#8220; header_text_color=&#8220;#31bcce&#8220; header_font_size=&#8220;15px&#8220; header_line_height=&#8220;1.2em&#8220; body_font=&#8220;||||||||&#8220; text_orientation=&#8220;center&#8220; max_width_tablet=&#8220;&#8220; max_width_phone=&#8220;&#8220; max_width_last_edited=&#8220;on|desktop&#8220; module_alignment=&#8220;center&#8220; custom_padding=&#8220;|2%||2%&#8220; custom_padding_tablet=&#8220;&#8220; custom_padding_phone=&#8220;|4%|4%|4%&#8220; custom_padding_last_edited=&#8220;on|tablet&#8220; global_colors_info=&#8220;{}&#8220;]<\/p>\n<p><span>Wiederverwenbare flexible Beutel f\u00fcr Bierf\u00e4sser (patentierte L\u00f6sung)<br \/><\/span><\/p>\n<p>[\/et_pb_blurb][et_pb_blurb title=&#8220;LINERS BIG BAGS&#8220; url=&#8220;https:\/\/www.bernhardt.fr\/de\/produit\/big-bags-und-octabin-liner\/&#8220; image=&#8220;https:\/\/www.bernhardt.fr\/wp-content\/uploads\/Gros_Volumen_Beutel_big_bag-1024&#215;1024-2.jpg&#8220; content_max_width=&#8220;100%&#8220; content_max_width_tablet=&#8220;100%&#8220; content_max_width_phone=&#8220;100%&#8220; content_max_width_last_edited=&#8220;off|desktop&#8220; admin_label=&#8220;Picto effet zoom&#8220; module_class=&#8220;zoom-effect two-columns&#8220; _builder_version=&#8220;4.13.0&#8243; header_level=&#8220;h5&#8243; header_font=&#8220;Raleway|600||on|||||&#8220; header_text_color=&#8220;#31bcce&#8220; header_font_size=&#8220;15px&#8220; header_line_height=&#8220;1.2em&#8220; body_font=&#8220;||||||||&#8220; text_orientation=&#8220;center&#8220; max_width_tablet=&#8220;&#8220; max_width_phone=&#8220;&#8220; max_width_last_edited=&#8220;on|desktop&#8220; module_alignment=&#8220;center&#8220; custom_padding=&#8220;|2%||2%&#8220; custom_padding_tablet=&#8220;&#8220; custom_padding_phone=&#8220;|4%|4%|4%&#8220; custom_padding_last_edited=&#8220;on|desktop&#8220; global_colors_info=&#8220;{}&#8220;]<\/p>\n<p>F\u00fcr Vakuumverpackungen empfindlicher Sch\u00fcttprodukte.<\/p>\n<p>[\/et_pb_blurb][\/et_pb_column][et_pb_column type=&#8220;1_2&#8243; _builder_version=&#8220;3.25&#8243; custom_padding=&#8220;|||&#8220; global_colors_info=&#8220;{}&#8220; custom_padding__hover=&#8220;|||&#8220;][et_pb_blurb title=&#8220;STANDBEUTEL VON 1L BIS 5L&#8220; url=&#8220;https:\/\/www.bernhardt.fr\/de\/produit\/stand-up-seitenbalg-beutel\/&#8220; image=&#8220;https:\/\/www.bernhardt.fr\/wp-content\/uploads\/Seitenbalg_Beutel_1200x1200-1024&#215;1024-1.jpg&#8220; content_max_width=&#8220;100%&#8220; content_max_width_tablet=&#8220;100%&#8220; content_max_width_phone=&#8220;100%&#8220; content_max_width_last_edited=&#8220;off|desktop&#8220; admin_label=&#8220;Picto effet zoom&#8220; module_class=&#8220;zoom-effect two-columns&#8220; _builder_version=&#8220;4.13.0&#8243; header_level=&#8220;h5&#8243; header_font=&#8220;Raleway|600||on|||||&#8220; header_text_color=&#8220;#31bcce&#8220; header_font_size=&#8220;15px&#8220; header_line_height=&#8220;1.2em&#8220; body_font=&#8220;||||||||&#8220; text_orientation=&#8220;center&#8220; max_width_tablet=&#8220;&#8220; max_width_phone=&#8220;&#8220; max_width_last_edited=&#8220;on|desktop&#8220; module_alignment=&#8220;center&#8220; custom_padding=&#8220;|2%||2%&#8220; custom_padding_tablet=&#8220;&#8220; custom_padding_phone=&#8220;|4%|4%|4%&#8220; custom_padding_last_edited=&#8220;on|desktop&#8220; global_colors_info=&#8220;{}&#8220;]<\/p>\n<p>Die Alternative zum starren Beh\u00e4lter!<\/p>\n<p>[\/et_pb_blurb][et_pb_blurb title=&#8220;O2 KONTAKTLOSE DOSIERUNG&#8220; url=&#8220;https:\/\/www.bernhardt.fr\/de\/produit\/spezifische-elastische-beutel\/&#8220; image=&#8220;https:\/\/www.bernhardt.fr\/wp-content\/uploads\/Spezifische_Elastische_Beutel_1200x1200-1024&#215;1024-1.jpg&#8220; content_max_width=&#8220;100%&#8220; content_max_width_tablet=&#8220;100%&#8220; content_max_width_phone=&#8220;100%&#8220; content_max_width_last_edited=&#8220;off|desktop&#8220; admin_label=&#8220;Picto effet zoom&#8220; module_class=&#8220;zoom-effect two-columns&#8220; _builder_version=&#8220;4.13.0&#8243; header_level=&#8220;h5&#8243; header_font=&#8220;Raleway|600||on|||||&#8220; header_text_color=&#8220;#31bcce&#8220; header_font_size=&#8220;15px&#8220; header_line_height=&#8220;1.2em&#8220; body_font=&#8220;||||||||&#8220; text_orientation=&#8220;center&#8220; max_width_tablet=&#8220;&#8220; max_width_phone=&#8220;&#8220; max_width_last_edited=&#8220;on|desktop&#8220; module_alignment=&#8220;center&#8220; custom_padding=&#8220;|2%||2%&#8220; custom_padding_tablet=&#8220;&#8220; custom_padding_phone=&#8220;|4%|4%|4%&#8220; custom_padding_last_edited=&#8220;on|desktop&#8220; global_colors_info=&#8220;{}&#8220;]<\/p>\n<p>Hochsperrschichtbeutel geeignet f\u00fcr Schlauchpumpen und Dispenserpistolen.<\/p>\n<p>[\/et_pb_blurb][\/et_pb_column][\/et_pb_row][\/et_pb_section]<\/p>\n","protected":false},"excerpt":{"rendered":"<p>BERNHARDT bietet dank ihrer Investitionen in Forschung und Entwicklung innovative ma\u00dfgeschneiderte L\u00f6sungen. Seit 20 Jahren revolutionieren flexible Verpackungen M\u00e4rkte, die bisher starren Beh\u00e4ltern vorbehalten waren. Mit unserem Know-how f\u00fcr gro\u00dfvolumige Produkte (von einem Liter bis zu einem Kubikmeter) arbeiten wir mit unseren Kunden von Beginn ihrer Projekte an an innovativen und industrialisierbaren L\u00f6sungen. Unser Produktionswerkzeug [&hellip;]<\/p>\n","protected":false},"author":2,"featured_media":0,"parent":9051,"menu_order":3,"comment_status":"closed","ping_status":"closed","template":"","meta":{"_acf_changed":false,"_et_pb_use_builder":"on","_et_pb_old_content":"","_et_gb_content_width":"","footnotes":""},"class_list":["post-14553","page","type-page","status-publish","hentry"],"acf":[],"yoast_head":"<!-- This site is optimized with the Yoast SEO plugin v27.4 - https:\/\/yoast.com\/product\/yoast-seo-wordpress\/ -->\n<title>FORSCHUNG &amp; ENTWICKLUNG - BERNHARDT Packaging &amp; Process<\/title>\n<meta name=\"description\" content=\"Forschung und Entwicklung: Unsere Ingenieure und Techniker f\u00fcr flexible Verpackungen k\u00f6nnen Ihre individuelle Verpackungsl\u00f6sung entwerfen.\" \/>\n<meta name=\"robots\" content=\"index, follow, max-snippet:-1, max-image-preview:large, max-video-preview:-1\" \/>\n<link rel=\"canonical\" href=\"https:\/\/www.bernhardt.fr\/de\/elsatische-industrieverpackungen\/forschung-entwicklung\/\" \/>\n<meta property=\"og:locale\" content=\"de_DE\" \/>\n<meta property=\"og:type\" content=\"article\" \/>\n<meta property=\"og:title\" content=\"FORSCHUNG &amp; ENTWICKLUNG - BERNHARDT Packaging &amp; Process\" \/>\n<meta property=\"og:description\" content=\"Forschung und Entwicklung: Unsere Ingenieure und Techniker f\u00fcr flexible Verpackungen k\u00f6nnen Ihre individuelle Verpackungsl\u00f6sung entwerfen.\" \/>\n<meta property=\"og:url\" content=\"https:\/\/www.bernhardt.fr\/de\/elsatische-industrieverpackungen\/forschung-entwicklung\/\" \/>\n<meta property=\"og:site_name\" content=\"BERNHARDT Packaging &amp; Process\" \/>\n<meta property=\"article:modified_time\" content=\"2022-09-13T10:39:09+00:00\" \/>\n<meta name=\"twitter:card\" content=\"summary_large_image\" \/>\n<meta name=\"twitter:site\" content=\"@BERNHARDTPack\" \/>\n<meta name=\"twitter:label1\" content=\"Gesch\u00e4tzte Lesezeit\" \/>\n\t<meta name=\"twitter:data1\" content=\"8\u00a0Minuten\" \/>\n<script type=\"application\/ld+json\" class=\"yoast-schema-graph\">{\"@context\":\"https:\\\/\\\/schema.org\",\"@graph\":[{\"@type\":\"WebPage\",\"@id\":\"https:\\\/\\\/www.bernhardt.fr\\\/de\\\/elsatische-industrieverpackungen\\\/forschung-entwicklung\\\/\",\"url\":\"https:\\\/\\\/www.bernhardt.fr\\\/de\\\/elsatische-industrieverpackungen\\\/forschung-entwicklung\\\/\",\"name\":\"FORSCHUNG &amp; ENTWICKLUNG - BERNHARDT Packaging &amp; Process\",\"isPartOf\":{\"@id\":\"https:\\\/\\\/www.bernhardt.fr\\\/#website\"},\"datePublished\":\"2018-05-04T12:37:27+00:00\",\"dateModified\":\"2022-09-13T10:39:09+00:00\",\"description\":\"Forschung und Entwicklung: Unsere Ingenieure und Techniker f\u00fcr flexible Verpackungen k\u00f6nnen Ihre individuelle Verpackungsl\u00f6sung entwerfen.\",\"breadcrumb\":{\"@id\":\"https:\\\/\\\/www.bernhardt.fr\\\/de\\\/elsatische-industrieverpackungen\\\/forschung-entwicklung\\\/#breadcrumb\"},\"inLanguage\":\"de\",\"potentialAction\":[{\"@type\":\"ReadAction\",\"target\":[\"https:\\\/\\\/www.bernhardt.fr\\\/de\\\/elsatische-industrieverpackungen\\\/forschung-entwicklung\\\/\"]}]},{\"@type\":\"BreadcrumbList\",\"@id\":\"https:\\\/\\\/www.bernhardt.fr\\\/de\\\/elsatische-industrieverpackungen\\\/forschung-entwicklung\\\/#breadcrumb\",\"itemListElement\":[{\"@type\":\"ListItem\",\"position\":1,\"name\":\"Accueil\",\"item\":\"https:\\\/\\\/www.bernhardt.fr\\\/\"},{\"@type\":\"ListItem\",\"position\":2,\"name\":\"ELSATISCHE INDUSTRIEVERPACKUNGEN\",\"item\":\"https:\\\/\\\/www.bernhardt.fr\\\/de\\\/elsatische-industrieverpackungen\\\/\"},{\"@type\":\"ListItem\",\"position\":3,\"name\":\"FORSCHUNG &amp; ENTWICKLUNG\"}]},{\"@type\":\"WebSite\",\"@id\":\"https:\\\/\\\/www.bernhardt.fr\\\/#website\",\"url\":\"https:\\\/\\\/www.bernhardt.fr\\\/\",\"name\":\"BERNHARDT Packaging &amp; Process\",\"description\":\"fabricant fran\u00e7ais d\u2019emballages souples et de machines de conditionnement\",\"potentialAction\":[{\"@type\":\"SearchAction\",\"target\":{\"@type\":\"EntryPoint\",\"urlTemplate\":\"https:\\\/\\\/www.bernhardt.fr\\\/?s={search_term_string}\"},\"query-input\":{\"@type\":\"PropertyValueSpecification\",\"valueRequired\":true,\"valueName\":\"search_term_string\"}}],\"inLanguage\":\"de\"}]}<\/script>\n<!-- \/ Yoast SEO plugin. -->","yoast_head_json":{"title":"FORSCHUNG &amp; ENTWICKLUNG - BERNHARDT Packaging &amp; Process","description":"Forschung und Entwicklung: Unsere Ingenieure und Techniker f\u00fcr flexible Verpackungen k\u00f6nnen Ihre individuelle Verpackungsl\u00f6sung entwerfen.","robots":{"index":"index","follow":"follow","max-snippet":"max-snippet:-1","max-image-preview":"max-image-preview:large","max-video-preview":"max-video-preview:-1"},"canonical":"https:\/\/www.bernhardt.fr\/de\/elsatische-industrieverpackungen\/forschung-entwicklung\/","og_locale":"de_DE","og_type":"article","og_title":"FORSCHUNG &amp; ENTWICKLUNG - BERNHARDT Packaging &amp; Process","og_description":"Forschung und Entwicklung: Unsere Ingenieure und Techniker f\u00fcr flexible Verpackungen k\u00f6nnen Ihre individuelle Verpackungsl\u00f6sung entwerfen.","og_url":"https:\/\/www.bernhardt.fr\/de\/elsatische-industrieverpackungen\/forschung-entwicklung\/","og_site_name":"BERNHARDT Packaging &amp; Process","article_modified_time":"2022-09-13T10:39:09+00:00","twitter_card":"summary_large_image","twitter_site":"@BERNHARDTPack","twitter_misc":{"Gesch\u00e4tzte Lesezeit":"8\u00a0Minuten"},"schema":{"@context":"https:\/\/schema.org","@graph":[{"@type":"WebPage","@id":"https:\/\/www.bernhardt.fr\/de\/elsatische-industrieverpackungen\/forschung-entwicklung\/","url":"https:\/\/www.bernhardt.fr\/de\/elsatische-industrieverpackungen\/forschung-entwicklung\/","name":"FORSCHUNG &amp; ENTWICKLUNG - BERNHARDT Packaging &amp; Process","isPartOf":{"@id":"https:\/\/www.bernhardt.fr\/#website"},"datePublished":"2018-05-04T12:37:27+00:00","dateModified":"2022-09-13T10:39:09+00:00","description":"Forschung und Entwicklung: Unsere Ingenieure und Techniker f\u00fcr flexible Verpackungen k\u00f6nnen Ihre individuelle Verpackungsl\u00f6sung entwerfen.","breadcrumb":{"@id":"https:\/\/www.bernhardt.fr\/de\/elsatische-industrieverpackungen\/forschung-entwicklung\/#breadcrumb"},"inLanguage":"de","potentialAction":[{"@type":"ReadAction","target":["https:\/\/www.bernhardt.fr\/de\/elsatische-industrieverpackungen\/forschung-entwicklung\/"]}]},{"@type":"BreadcrumbList","@id":"https:\/\/www.bernhardt.fr\/de\/elsatische-industrieverpackungen\/forschung-entwicklung\/#breadcrumb","itemListElement":[{"@type":"ListItem","position":1,"name":"Accueil","item":"https:\/\/www.bernhardt.fr\/"},{"@type":"ListItem","position":2,"name":"ELSATISCHE INDUSTRIEVERPACKUNGEN","item":"https:\/\/www.bernhardt.fr\/de\/elsatische-industrieverpackungen\/"},{"@type":"ListItem","position":3,"name":"FORSCHUNG &amp; ENTWICKLUNG"}]},{"@type":"WebSite","@id":"https:\/\/www.bernhardt.fr\/#website","url":"https:\/\/www.bernhardt.fr\/","name":"BERNHARDT Packaging &amp; Process","description":"fabricant fran\u00e7ais d\u2019emballages souples et de machines de conditionnement","potentialAction":[{"@type":"SearchAction","target":{"@type":"EntryPoint","urlTemplate":"https:\/\/www.bernhardt.fr\/?s={search_term_string}"},"query-input":{"@type":"PropertyValueSpecification","valueRequired":true,"valueName":"search_term_string"}}],"inLanguage":"de"}]}},"_links":{"self":[{"href":"https:\/\/www.bernhardt.fr\/de\/wp-json\/wp\/v2\/pages\/14553","targetHints":{"allow":["GET"]}}],"collection":[{"href":"https:\/\/www.bernhardt.fr\/de\/wp-json\/wp\/v2\/pages"}],"about":[{"href":"https:\/\/www.bernhardt.fr\/de\/wp-json\/wp\/v2\/types\/page"}],"author":[{"embeddable":true,"href":"https:\/\/www.bernhardt.fr\/de\/wp-json\/wp\/v2\/users\/2"}],"replies":[{"embeddable":true,"href":"https:\/\/www.bernhardt.fr\/de\/wp-json\/wp\/v2\/comments?post=14553"}],"version-history":[{"count":13,"href":"https:\/\/www.bernhardt.fr\/de\/wp-json\/wp\/v2\/pages\/14553\/revisions"}],"predecessor-version":[{"id":16707,"href":"https:\/\/www.bernhardt.fr\/de\/wp-json\/wp\/v2\/pages\/14553\/revisions\/16707"}],"up":[{"embeddable":true,"href":"https:\/\/www.bernhardt.fr\/de\/wp-json\/wp\/v2\/pages\/9051"}],"wp:attachment":[{"href":"https:\/\/www.bernhardt.fr\/de\/wp-json\/wp\/v2\/media?parent=14553"}],"curies":[{"name":"wp","href":"https:\/\/api.w.org\/{rel}","templated":true}]}}