{"id":14545,"date":"2018-05-04T12:56:21","date_gmt":"2018-05-04T12:56:21","guid":{"rendered":"https:\/\/www.bernhardt.fr\/elsatische-industrieverpackungen\/engagement-qualite\/"},"modified":"2021-07-27T08:36:29","modified_gmt":"2021-07-27T08:36:29","slug":"qualitaetsverpflichtung","status":"publish","type":"page","link":"https:\/\/www.bernhardt.fr\/de\/elsatische-industrieverpackungen\/qualitaetsverpflichtung\/","title":{"rendered":"QUALIT\u00c4TSVERPFLICHTUNG"},"content":{"rendered":"<p>[et_pb_section fb_built=&#8220;1&#8243; fullwidth=&#8220;on&#8220; _builder_version=&#8220;3.22.3&#8243; background_color=&#8220;#edf1f0&#8243; background_size=&#8220;contain&#8220; background_position=&#8220;top_center&#8220; custom_margin=&#8220;||&#8220; bottom_divider_color=&#8220;#ffffff&#8220; bottom_divider_height=&#8220;50px&#8220; bottom_divider_flip=&#8220;vertical&#8220;][et_pb_fullwidth_header title=&#8220;QUALIT\u00c4TSVERPfLICHTUNG &#8220; subhead=&#8220;Die Qualit\u00e4t unserer Produkte und der Respekt f\u00fcr die Umwelt stehen f\u00fcr BERNHARDT an erster Stelle&#8220; text_orientation=&#8220;center&#8220; content_max_width_tablet=&#8220;100%&#8220; content_max_width_phone=&#8220;100%&#8220; content_max_width_last_edited=&#8220;on|tablet&#8220; _builder_version=&#8220;4.9.2&#8243; title_level=&#8220;h3&#8243; title_font=&#8220;|700||on|||||&#8220; title_text_align=&#8220;center&#8220; title_text_color=&#8220;#ffffff&#8220; title_font_size=&#8220;44px&#8220; content_font=&#8220;||||||||&#8220; content_font_size=&#8220;15px&#8220; subhead_font=&#8220;|600|||||||&#8220; subhead_font_size=&#8220;24px&#8220; subhead_line_height=&#8220;1.1em&#8220; background_color=&#8220;rgba(237,241,240,0)&#8220; use_background_color_gradient=&#8220;on&#8220; background_color_gradient_start=&#8220;#1c5c74&#8243; background_color_gradient_end=&#8220;rgba(49,188,206,0.2)&#8220; background_image=&#8220;https:\/\/www.bernhardt.fr\/wp-content\/uploads\/labo_controle_qualite.jpg&#8220; background_blend=&#8220;overlay&#8220; custom_margin_tablet=&#8220;&#8220; custom_margin_phone=&#8220;|||&#8220; custom_margin_last_edited=&#8220;on|phone&#8220; custom_padding_tablet=&#8220;|||&#8220; custom_padding_phone=&#8220;|||&#8220; custom_padding_last_edited=&#8220;on|desktop&#8220; title_font_size_tablet=&#8220;34px&#8220; title_font_size_phone=&#8220;28px&#8220; title_font_size_last_edited=&#8220;on|tablet&#8220; subhead_font_size_tablet=&#8220;24px&#8220; subhead_font_size_phone=&#8220;18px&#8220; subhead_font_size_last_edited=&#8220;on|desktop&#8220; title_text_shadow_style=&#8220;preset3&#8243; subhead_text_shadow_style=&#8220;preset3&#8243; text_shadow_style=&#8220;preset3&#8243; button_one_text_size__hover_enabled=&#8220;off&#8220; button_two_text_size__hover_enabled=&#8220;off&#8220; button_one_text_color__hover_enabled=&#8220;off&#8220; button_two_text_color__hover_enabled=&#8220;off&#8220; button_one_border_width__hover_enabled=&#8220;off&#8220; button_two_border_width__hover_enabled=&#8220;off&#8220; button_one_border_color__hover_enabled=&#8220;off&#8220; button_two_border_color__hover_enabled=&#8220;off&#8220; button_one_border_radius__hover_enabled=&#8220;off&#8220; button_two_border_radius__hover_enabled=&#8220;off&#8220; button_one_letter_spacing__hover_enabled=&#8220;off&#8220; button_two_letter_spacing__hover_enabled=&#8220;off&#8220; button_one_bg_color__hover_enabled=&#8220;off&#8220; button_two_bg_color__hover_enabled=&#8220;off&#8220;][\/et_pb_fullwidth_header][\/et_pb_section][et_pb_section fb_built=&#8220;1&#8243; _builder_version=&#8220;3.22.3&#8243; custom_padding=&#8220;30px|0px|0px|0px|false|false&#8220;][et_pb_row module_class=&#8220; et_pb_row_fullwidth&#8220; _builder_version=&#8220;3.25&#8243; width=&#8220;94%&#8220; width_tablet=&#8220;80%&#8220; width_phone=&#8220;&#8220; width_last_edited=&#8220;on|desktop&#8220; max_width=&#8220;94%&#8220; max_width_tablet=&#8220;80%&#8220; max_width_phone=&#8220;&#8220; max_width_last_edited=&#8220;on|desktop&#8220; module_alignment=&#8220;center&#8220; custom_padding=&#8220;21px|0px|0px|0px|false|false&#8220; make_fullwidth=&#8220;on&#8220;][et_pb_column type=&#8220;4_4&#8243; _builder_version=&#8220;3.25&#8243; custom_padding=&#8220;|||&#8220; custom_padding__hover=&#8220;|||&#8220;][et_pb_text ul_position=&#8220;inside&#8220; quote_border_color=&#8220;#1c5c74&#8243; _builder_version=&#8220;4.9.2&#8243; text_font=&#8220;||||||||&#8220; ul_font=&#8220;||||||||&#8220; ul_text_color=&#8220;#4c6467&#8243; ol_font=&#8220;||||||||&#8220; ol_text_color=&#8220;rgba(0,0,0,0)&#8220; quote_font=&#8220;||||||||&#8220; header_font=&#8220;||||||||&#8220; header_text_color=&#8220;#1c5c74&#8243; header_font_size=&#8220;35px&#8220; header_line_height=&#8220;1.2em&#8220; header_2_font=&#8220;||||||||&#8220; header_2_text_align=&#8220;left&#8220; header_2_text_color=&#8220;#1c5c74&#8243; header_2_font_size=&#8220;24px&#8220; header_2_line_height=&#8220;1.2em&#8220; header_3_font=&#8220;||||||||&#8220; header_3_text_color=&#8220;#31bcce&#8220; header_3_font_size=&#8220;18px&#8220; header_3_line_height=&#8220;1.3em&#8220; custom_margin=&#8220;|5%||5%&#8220; custom_padding=&#8220;|||&#8220; hover_enabled=&#8220;0&#8243; header_2_font_size_tablet=&#8220;21px&#8220; header_2_font_size_phone=&#8220;21px&#8220; header_2_font_size_last_edited=&#8220;on|phone&#8220; sticky_enabled=&#8220;0&#8243;]<\/p>\n<h2 style=\"text-align: center\">Um unsere Mission zu erf\u00fcllen und Verpackungsl\u00f6sungen zu entwickeln, die die Produkte unserer Kunden sch\u00fctzen und f\u00f6rdern, verpflichten wir uns zu jedem Schritt des Herstellungsprozess:<\/h2>\n<p style=\"text-align: center\">[\/et_pb_text][\/et_pb_column][\/et_pb_row][et_pb_row column_structure=&#8220;3_5,2_5&#8243; use_custom_gutter=&#8220;on&#8220; module_class=&#8220; et_pb_row_fullwidth&#8220; _builder_version=&#8220;3.25&#8243; width=&#8220;94%&#8220; width_tablet=&#8220;80%&#8220; width_phone=&#8220;&#8220; width_last_edited=&#8220;on|desktop&#8220; max_width=&#8220;94%&#8220; max_width_tablet=&#8220;80%&#8220; max_width_phone=&#8220;&#8220; max_width_last_edited=&#8220;on|desktop&#8220; module_alignment=&#8220;center&#8220; custom_padding=&#8220;21px|0px|0px|0px|false|false&#8220; make_fullwidth=&#8220;on&#8220;][et_pb_column type=&#8220;3_5&#8243; _builder_version=&#8220;3.25&#8243; custom_padding=&#8220;|||&#8220; custom_padding__hover=&#8220;|||&#8220;][et_pb_text ul_position=&#8220;inside&#8220; quote_border_color=&#8220;#1c5c74&#8243; _builder_version=&#8220;4.9.2&#8243; text_font=&#8220;||||||||&#8220; ul_font=&#8220;||||||||&#8220; ul_text_color=&#8220;#4c6467&#8243; ol_font=&#8220;||||||||&#8220; ol_text_color=&#8220;rgba(0,0,0,0)&#8220; quote_font=&#8220;||||||||&#8220; header_font=&#8220;||||||||&#8220; header_text_color=&#8220;#1c5c74&#8243; header_font_size=&#8220;35px&#8220; header_line_height=&#8220;1.2em&#8220; header_2_font=&#8220;|700||on|||||&#8220; header_2_text_align=&#8220;left&#8220; header_2_text_color=&#8220;#31bcce&#8220; header_2_line_height=&#8220;1.2em&#8220; header_3_font=&#8220;||||||||&#8220; header_3_text_color=&#8220;#31bcce&#8220; header_3_font_size=&#8220;18px&#8220; header_3_line_height=&#8220;1.3em&#8220; header_2_font_size_tablet=&#8220;30px&#8220; header_2_font_size_phone=&#8220;24px&#8220; header_2_font_size_last_edited=&#8220;on|phone&#8220;]<\/p>\n<h2>ROHMATERIAL :<\/h2>\n<ul>\n<li>Beachtung der geltenden Vorschriftten f\u00fcr die Pharmazeutische, Lebensmittel, Kosmetische und Chemische Industrie.<\/li>\n<li>Fokus auf Qualit\u00e4t und Leistung unserer Rohstoffe<\/li>\n<li>Aufbau einer starken, dauerhaften und vertrauensvollen Partnerschaft mit unseren Lieferanten.<\/li>\n<\/ul>\n<h2>DESIGN\u00a0:<\/h2>\n<ul>\n<li>Sicherung unserer Verpackungen durch Qualifizierungs- und Validierungstests<\/li>\n<li>Tests entsprechend der unterschiedlichen Anwendungsfelder entwickeln<\/li>\n<li>Unseren Kunden zuh\u00f6ren, um unsere Praktiken, unsere Arbeitsmethoden und unsere Leistung zu verbessern<\/li>\n<li>Erstellung von Produktionstools, um auf neue Projekte zu reagieren<\/li>\n<li>Entwicklung eines effektiven Prozesses zur Antizipation und Steuerung von Risiken.\n<p>&nbsp;<\/p>\n<\/li>\n<\/ul>\n<p>[\/et_pb_text][\/et_pb_column][et_pb_column type=&#8220;2_5&#8243; _builder_version=&#8220;3.25&#8243; custom_padding=&#8220;|||&#8220; custom_padding__hover=&#8220;|||&#8220;][et_pb_text ul_position=&#8220;inside&#8220; quote_border_color=&#8220;#1c5c74&#8243; _builder_version=&#8220;4.9.2&#8243; text_font=&#8220;||||||||&#8220; ul_font=&#8220;||||||||&#8220; ul_text_color=&#8220;#4c6467&#8243; ol_font=&#8220;||||||||&#8220; ol_text_color=&#8220;rgba(0,0,0,0)&#8220; quote_font=&#8220;||||||||&#8220; header_font=&#8220;||||||||&#8220; header_text_color=&#8220;#1c5c74&#8243; header_font_size=&#8220;35px&#8220; header_line_height=&#8220;1.2em&#8220; header_2_font=&#8220;|700||on|||||&#8220; header_2_text_align=&#8220;left&#8220; header_2_text_color=&#8220;#31bcce&#8220; header_2_line_height=&#8220;1.2em&#8220; header_3_font=&#8220;||||||||&#8220; header_3_text_color=&#8220;#31bcce&#8220; header_3_font_size=&#8220;18px&#8220; header_3_line_height=&#8220;1.3em&#8220; custom_margin=&#8220;|2%||2%&#8220; header_2_font_size_tablet=&#8220;30px&#8220; header_2_font_size_phone=&#8220;24px&#8220; header_2_font_size_last_edited=&#8220;on|phone&#8220;]<\/p>\n<h2>HERSTELLUNG\u00a0:<\/h2>\n<ul>\n<li>Verfolgung unserer Rohstoffe in jeder Phase unserer Verpackungsherstellung.<\/li>\n<li>Qualit\u00e4tstests der Produkte w\u00e4hrend des gesamten Produktionszeitraums<\/li>\n<li>\u00a0Teilung der Best Practices, um sie auf der Arbeitsstation zu \u00fcbernehmen und anzuwenden<\/li>\n<li>Regelm\u00e4\u00dfige Schulung unserer Mitarbeiter\u00a0 entsprechend unserer internen Bed\u00fcrfnissen und der Anforderungen unserer Kunden<\/li>\n<li>Einbeziehung unserer Mitarbeiter in interne Verbesserungsprojekte\u00a0<\/li>\n<li>Sensibilisierung aller Mitarbeiter f\u00fcr Qualit\u00e4ts-, Sicherheits- und Umweltfragen<\/li>\n<li>Entwurf, Herstellung und Qualifizierung unserer Produktionslinien<\/li>\n<\/ul>\n<p>[\/et_pb_text][\/et_pb_column][\/et_pb_row][\/et_pb_section][et_pb_section fb_built=&#8220;1&#8243; _builder_version=&#8220;3.22.3&#8243; max_width=&#8220;95%&#8220; module_alignment=&#8220;center&#8220; custom_padding=&#8220;19px|0px|5px|0px|false|false&#8220;][et_pb_row _builder_version=&#8220;3.25&#8243; width=&#8220;95%&#8220; max_width=&#8220;95%&#8220; module_alignment=&#8220;center&#8220; custom_padding=&#8220;10px|0px|0px|0px&#8220; use_custom_width=&#8220;on&#8220; width_unit=&#8220;off&#8220; custom_width_percent=&#8220;95%&#8220;][et_pb_column type=&#8220;4_4&#8243; _builder_version=&#8220;3.25&#8243; custom_padding=&#8220;|||&#8220; custom_padding__hover=&#8220;|||&#8220;][et_pb_divider color=&#8220;#edf1f0&#8243; _builder_version=&#8220;3.23.4&#8243; background_color=&#8220;#ffffff&#8220; height=&#8220;0px&#8220;]<br \/>\n[\/et_pb_divider][\/et_pb_column][\/et_pb_row][\/et_pb_section][et_pb_section fb_built=&#8220;1&#8243; _builder_version=&#8220;3.22.3&#8243; custom_padding=&#8220;8px|0px|30px|0px|false|false&#8220;][et_pb_row column_structure=&#8220;3_5,2_5&#8243; use_custom_gutter=&#8220;on&#8220; gutter_width=&#8220;3&#8243; module_class=&#8220; et_pb_row_fullwidth&#8220; _builder_version=&#8220;3.25&#8243; width=&#8220;89%&#8220; width_tablet=&#8220;80%&#8220; width_phone=&#8220;&#8220; width_last_edited=&#8220;on|desktop&#8220; max_width=&#8220;89%&#8220; max_width_tablet=&#8220;80%&#8220; max_width_phone=&#8220;&#8220; max_width_last_edited=&#8220;on|desktop&#8220; module_alignment=&#8220;center&#8220; custom_padding=&#8220;21px|1%|12px|1%|false|false&#8220; make_fullwidth=&#8220;on&#8220;][et_pb_column type=&#8220;3_5&#8243; _builder_version=&#8220;3.25&#8243; custom_padding=&#8220;|||&#8220; custom_padding__hover=&#8220;|||&#8220;][et_pb_text ul_position=&#8220;inside&#8220; quote_border_color=&#8220;#1c5c74&#8243; _builder_version=&#8220;4.9.2&#8243; text_font=&#8220;||||||||&#8220; ul_font=&#8220;||||||||&#8220; ul_text_color=&#8220;#4c6467&#8243; ol_font=&#8220;||||||||&#8220; ol_text_color=&#8220;rgba(0,0,0,0)&#8220; quote_font=&#8220;||||||||&#8220; header_font=&#8220;||||||||&#8220; header_text_color=&#8220;#1c5c74&#8243; header_font_size=&#8220;35px&#8220; header_line_height=&#8220;1.2em&#8220; header_2_font=&#8220;|700||on|||||&#8220; header_2_text_align=&#8220;left&#8220; header_2_text_color=&#8220;#31bcce&#8220; header_2_line_height=&#8220;1.2em&#8220; header_3_font=&#8220;||||||||&#8220; header_3_text_color=&#8220;#31bcce&#8220; header_3_font_size=&#8220;18px&#8220; header_3_line_height=&#8220;1.3em&#8220; header_2_font_size_tablet=&#8220;30px&#8220; header_2_font_size_phone=&#8220;24px&#8220; header_2_font_size_last_edited=&#8220;on|phone&#8220;]<\/p>\n<h2>UMWELT:<\/h2>\n<p>T\u00e4glich identifizieren, sortieren und beseitigen wir die verschiedenen Abfallarten gem\u00e4\u00df der lokalen und nationalen Vorschriften.<\/p>\n<p>Wir stellen uns neuen Herausforderungen:<\/p>\n<ul>\n<li>Entwicklung neuer Verpackungen mit umweltfreundlicheren Materialien<\/li>\n<li>Produktivit\u00e4tsmethoden implementieren, um die Entstehung von Produktionsabf\u00e4llen an der Quelle zu reduzieren,<\/li>\n<li>Reduzierung unserer Umweltbelastung durch Vermeidung von Umweltverschmutzung und Management der Risiken, die sich aus unserem Herstellungsprozess ergeben.<\/li>\n<\/ul>\n<p>[\/et_pb_text][\/et_pb_column][et_pb_column type=&#8220;2_5&#8243; _builder_version=&#8220;3.25&#8243; custom_padding=&#8220;|||&#8220; custom_padding__hover=&#8220;|||&#8220;][et_pb_blurb title=&#8220;SICHERHEIT:&#8220; use_icon=&#8220;on&#8220; font_icon=&#8220;%%287%%&#8220; icon_color=&#8220;#edf1f0&#8243; icon_placement=&#8220;left&#8220; use_icon_font_size=&#8220;on&#8220; icon_font_size=&#8220;80px&#8220; _builder_version=&#8220;4.9.2&#8243; header_font=&#8220;|600||on|||||&#8220; header_text_color=&#8220;#ffffff&#8220; header_font_size=&#8220;28px&#8220; background_color=&#8220;#31bcce&#8220; text_orientation=&#8220;center&#8220; background_layout=&#8220;dark&#8220; custom_margin=&#8220;||&#8220; custom_padding=&#8220;30px|30px|30px|30px&#8220; border_radii=&#8220;on|4px|4px|4px|4px&#8220;]<\/p>\n<p>Wir achten darauf, unsere Mitarbeiter zu sch\u00fctzen und ihre Arbeitsbedingungen zu verbessern.<\/p>\n<p>[\/et_pb_blurb][\/et_pb_column][\/et_pb_row][et_pb_row _builder_version=&#8220;4.0.7&#8243;][et_pb_column type=&#8220;4_4&#8243; _builder_version=&#8220;4.0.7&#8243;][et_pb_text _builder_version=&#8220;4.9.2&#8243; text_text_color=&#8220;#31bcce&#8220; text_orientation=&#8220;center&#8220;]<\/p>\n<p><strong>Dieses Qualit\u00e4tsversprechen garantiert die Zufriedenheit und Loyalit\u00e4t unserer Kunden weltweit.<\/strong><\/p>\n<p>[\/et_pb_text][\/et_pb_column][\/et_pb_row][\/et_pb_section]<\/p>\n","protected":false},"excerpt":{"rendered":"<p>Um unsere Mission zu erf\u00fcllen und Verpackungsl\u00f6sungen zu entwickeln, die die Produkte unserer Kunden sch\u00fctzen und f\u00f6rdern, verpflichten wir uns zu jedem Schritt des Herstellungsprozess: ROHMATERIAL : Beachtung der geltenden Vorschriftten f\u00fcr die Pharmazeutische, Lebensmittel, Kosmetische und Chemische Industrie. Fokus auf Qualit\u00e4t und Leistung unserer Rohstoffe Aufbau einer starken, dauerhaften und vertrauensvollen Partnerschaft mit unseren [&hellip;]<\/p>\n","protected":false},"author":2,"featured_media":0,"parent":9051,"menu_order":5,"comment_status":"closed","ping_status":"closed","template":"","meta":{"_acf_changed":false,"_et_pb_use_builder":"on","_et_pb_old_content":"","_et_gb_content_width":"","footnotes":""},"class_list":["post-14545","page","type-page","status-publish","hentry"],"acf":[],"yoast_head":"<!-- This site is optimized with the Yoast SEO plugin v27.5 - https:\/\/yoast.com\/product\/yoast-seo-wordpress\/ -->\n<title>QUALIT\u00c4TSVERPFLICHTUNG - BERNHARDT Packaging &amp; Process<\/title>\n<meta name=\"description\" content=\"Qualit\u00e4tsverpflichtung: Wir sind bestrebt, Verpackungsl\u00f6sungen zu entwickeln, die die Produkte unserer Kunden sch\u00fctzen und f\u00f6rdern.\" \/>\n<meta name=\"robots\" content=\"index, follow, max-snippet:-1, max-image-preview:large, max-video-preview:-1\" \/>\n<link rel=\"canonical\" href=\"https:\/\/www.bernhardt.fr\/de\/elsatische-industrieverpackungen\/qualitaetsverpflichtung\/\" \/>\n<meta property=\"og:locale\" content=\"de_DE\" \/>\n<meta property=\"og:type\" content=\"article\" \/>\n<meta property=\"og:title\" content=\"QUALIT\u00c4TSVERPFLICHTUNG - BERNHARDT Packaging &amp; Process\" \/>\n<meta property=\"og:description\" content=\"Qualit\u00e4tsverpflichtung: Wir sind bestrebt, Verpackungsl\u00f6sungen zu entwickeln, die die Produkte unserer Kunden sch\u00fctzen und f\u00f6rdern.\" \/>\n<meta property=\"og:url\" content=\"https:\/\/www.bernhardt.fr\/de\/elsatische-industrieverpackungen\/qualitaetsverpflichtung\/\" \/>\n<meta property=\"og:site_name\" content=\"BERNHARDT Packaging &amp; Process\" \/>\n<meta property=\"article:modified_time\" content=\"2021-07-27T08:36:29+00:00\" \/>\n<meta name=\"twitter:card\" content=\"summary_large_image\" \/>\n<meta name=\"twitter:site\" content=\"@BERNHARDTPack\" \/>\n<meta name=\"twitter:label1\" content=\"Gesch\u00e4tzte Lesezeit\" \/>\n\t<meta name=\"twitter:data1\" content=\"7\u00a0Minuten\" \/>\n<script type=\"application\/ld+json\" class=\"yoast-schema-graph\">{\"@context\":\"https:\\\/\\\/schema.org\",\"@graph\":[{\"@type\":\"WebPage\",\"@id\":\"https:\\\/\\\/www.bernhardt.fr\\\/de\\\/elsatische-industrieverpackungen\\\/qualitaetsverpflichtung\\\/\",\"url\":\"https:\\\/\\\/www.bernhardt.fr\\\/de\\\/elsatische-industrieverpackungen\\\/qualitaetsverpflichtung\\\/\",\"name\":\"QUALIT\u00c4TSVERPFLICHTUNG - BERNHARDT Packaging &amp; Process\",\"isPartOf\":{\"@id\":\"https:\\\/\\\/www.bernhardt.fr\\\/#website\"},\"datePublished\":\"2018-05-04T12:56:21+00:00\",\"dateModified\":\"2021-07-27T08:36:29+00:00\",\"description\":\"Qualit\u00e4tsverpflichtung: Wir sind bestrebt, Verpackungsl\u00f6sungen zu entwickeln, die die Produkte unserer Kunden sch\u00fctzen und f\u00f6rdern.\",\"breadcrumb\":{\"@id\":\"https:\\\/\\\/www.bernhardt.fr\\\/de\\\/elsatische-industrieverpackungen\\\/qualitaetsverpflichtung\\\/#breadcrumb\"},\"inLanguage\":\"de\",\"potentialAction\":[{\"@type\":\"ReadAction\",\"target\":[\"https:\\\/\\\/www.bernhardt.fr\\\/de\\\/elsatische-industrieverpackungen\\\/qualitaetsverpflichtung\\\/\"]}]},{\"@type\":\"BreadcrumbList\",\"@id\":\"https:\\\/\\\/www.bernhardt.fr\\\/de\\\/elsatische-industrieverpackungen\\\/qualitaetsverpflichtung\\\/#breadcrumb\",\"itemListElement\":[{\"@type\":\"ListItem\",\"position\":1,\"name\":\"Accueil\",\"item\":\"https:\\\/\\\/www.bernhardt.fr\\\/\"},{\"@type\":\"ListItem\",\"position\":2,\"name\":\"ELSATISCHE INDUSTRIEVERPACKUNGEN\",\"item\":\"https:\\\/\\\/www.bernhardt.fr\\\/de\\\/elsatische-industrieverpackungen\\\/\"},{\"@type\":\"ListItem\",\"position\":3,\"name\":\"QUALIT\u00c4TSVERPFLICHTUNG\"}]},{\"@type\":\"WebSite\",\"@id\":\"https:\\\/\\\/www.bernhardt.fr\\\/#website\",\"url\":\"https:\\\/\\\/www.bernhardt.fr\\\/\",\"name\":\"BERNHARDT Packaging &amp; Process\",\"description\":\"fabricant fran\u00e7ais d\u2019emballages souples et de machines de conditionnement\",\"potentialAction\":[{\"@type\":\"SearchAction\",\"target\":{\"@type\":\"EntryPoint\",\"urlTemplate\":\"https:\\\/\\\/www.bernhardt.fr\\\/?s={search_term_string}\"},\"query-input\":{\"@type\":\"PropertyValueSpecification\",\"valueRequired\":true,\"valueName\":\"search_term_string\"}}],\"inLanguage\":\"de\"}]}<\/script>\n<!-- \/ Yoast SEO plugin. -->","yoast_head_json":{"title":"QUALIT\u00c4TSVERPFLICHTUNG - BERNHARDT Packaging &amp; Process","description":"Qualit\u00e4tsverpflichtung: Wir sind bestrebt, Verpackungsl\u00f6sungen zu entwickeln, die die Produkte unserer Kunden sch\u00fctzen und f\u00f6rdern.","robots":{"index":"index","follow":"follow","max-snippet":"max-snippet:-1","max-image-preview":"max-image-preview:large","max-video-preview":"max-video-preview:-1"},"canonical":"https:\/\/www.bernhardt.fr\/de\/elsatische-industrieverpackungen\/qualitaetsverpflichtung\/","og_locale":"de_DE","og_type":"article","og_title":"QUALIT\u00c4TSVERPFLICHTUNG - BERNHARDT Packaging &amp; Process","og_description":"Qualit\u00e4tsverpflichtung: Wir sind bestrebt, Verpackungsl\u00f6sungen zu entwickeln, die die Produkte unserer Kunden sch\u00fctzen und f\u00f6rdern.","og_url":"https:\/\/www.bernhardt.fr\/de\/elsatische-industrieverpackungen\/qualitaetsverpflichtung\/","og_site_name":"BERNHARDT Packaging &amp; Process","article_modified_time":"2021-07-27T08:36:29+00:00","twitter_card":"summary_large_image","twitter_site":"@BERNHARDTPack","twitter_misc":{"Gesch\u00e4tzte Lesezeit":"7\u00a0Minuten"},"schema":{"@context":"https:\/\/schema.org","@graph":[{"@type":"WebPage","@id":"https:\/\/www.bernhardt.fr\/de\/elsatische-industrieverpackungen\/qualitaetsverpflichtung\/","url":"https:\/\/www.bernhardt.fr\/de\/elsatische-industrieverpackungen\/qualitaetsverpflichtung\/","name":"QUALIT\u00c4TSVERPFLICHTUNG - BERNHARDT Packaging &amp; Process","isPartOf":{"@id":"https:\/\/www.bernhardt.fr\/#website"},"datePublished":"2018-05-04T12:56:21+00:00","dateModified":"2021-07-27T08:36:29+00:00","description":"Qualit\u00e4tsverpflichtung: Wir sind bestrebt, Verpackungsl\u00f6sungen zu entwickeln, die die Produkte unserer Kunden sch\u00fctzen und f\u00f6rdern.","breadcrumb":{"@id":"https:\/\/www.bernhardt.fr\/de\/elsatische-industrieverpackungen\/qualitaetsverpflichtung\/#breadcrumb"},"inLanguage":"de","potentialAction":[{"@type":"ReadAction","target":["https:\/\/www.bernhardt.fr\/de\/elsatische-industrieverpackungen\/qualitaetsverpflichtung\/"]}]},{"@type":"BreadcrumbList","@id":"https:\/\/www.bernhardt.fr\/de\/elsatische-industrieverpackungen\/qualitaetsverpflichtung\/#breadcrumb","itemListElement":[{"@type":"ListItem","position":1,"name":"Accueil","item":"https:\/\/www.bernhardt.fr\/"},{"@type":"ListItem","position":2,"name":"ELSATISCHE INDUSTRIEVERPACKUNGEN","item":"https:\/\/www.bernhardt.fr\/de\/elsatische-industrieverpackungen\/"},{"@type":"ListItem","position":3,"name":"QUALIT\u00c4TSVERPFLICHTUNG"}]},{"@type":"WebSite","@id":"https:\/\/www.bernhardt.fr\/#website","url":"https:\/\/www.bernhardt.fr\/","name":"BERNHARDT Packaging &amp; Process","description":"fabricant fran\u00e7ais d\u2019emballages souples et de machines de conditionnement","potentialAction":[{"@type":"SearchAction","target":{"@type":"EntryPoint","urlTemplate":"https:\/\/www.bernhardt.fr\/?s={search_term_string}"},"query-input":{"@type":"PropertyValueSpecification","valueRequired":true,"valueName":"search_term_string"}}],"inLanguage":"de"}]}},"_links":{"self":[{"href":"https:\/\/www.bernhardt.fr\/de\/wp-json\/wp\/v2\/pages\/14545","targetHints":{"allow":["GET"]}}],"collection":[{"href":"https:\/\/www.bernhardt.fr\/de\/wp-json\/wp\/v2\/pages"}],"about":[{"href":"https:\/\/www.bernhardt.fr\/de\/wp-json\/wp\/v2\/types\/page"}],"author":[{"embeddable":true,"href":"https:\/\/www.bernhardt.fr\/de\/wp-json\/wp\/v2\/users\/2"}],"replies":[{"embeddable":true,"href":"https:\/\/www.bernhardt.fr\/de\/wp-json\/wp\/v2\/comments?post=14545"}],"version-history":[{"count":10,"href":"https:\/\/www.bernhardt.fr\/de\/wp-json\/wp\/v2\/pages\/14545\/revisions"}],"predecessor-version":[{"id":15831,"href":"https:\/\/www.bernhardt.fr\/de\/wp-json\/wp\/v2\/pages\/14545\/revisions\/15831"}],"up":[{"embeddable":true,"href":"https:\/\/www.bernhardt.fr\/de\/wp-json\/wp\/v2\/pages\/9051"}],"wp:attachment":[{"href":"https:\/\/www.bernhardt.fr\/de\/wp-json\/wp\/v2\/media?parent=14545"}],"curies":[{"name":"wp","href":"https:\/\/api.w.org\/{rel}","templated":true}]}}