{"id":14485,"date":"2018-03-30T12:40:20","date_gmt":"2018-03-30T12:40:20","guid":{"rendered":"https:\/\/www.bernhardt.fr\/valeurs-et-engagements\/"},"modified":"2021-07-27T08:55:35","modified_gmt":"2021-07-27T08:55:35","slug":"unsere-werte-und-verpflichtungen","status":"publish","type":"page","link":"https:\/\/www.bernhardt.fr\/de\/unsere-werte-und-verpflichtungen\/","title":{"rendered":"Unsere Werte und Verpflichtungen"},"content":{"rendered":"<p>[et_pb_section fb_built=&#8220;1&#8243; _builder_version=&#8220;3.22.3&#8243; use_background_color_gradient=&#8220;on&#8220; background_color_gradient_start=&#8220;#edf1f0&#8243; background_color_gradient_end=&#8220;#ffffff&#8220; custom_padding=&#8220;30px|0px|0px|0px&#8220;][et_pb_row module_class=&#8220; et_pb_row_fullwidth&#8220; _builder_version=&#8220;3.25&#8243; background_size=&#8220;initial&#8220; background_position=&#8220;top_left&#8220; background_repeat=&#8220;repeat&#8220; width=&#8220;90%&#8220; width_tablet=&#8220;80%&#8220; width_phone=&#8220;&#8220; width_last_edited=&#8220;on|desktop&#8220; max_width_tablet=&#8220;80%&#8220; max_width_phone=&#8220;&#8220; max_width_last_edited=&#8220;on|desktop&#8220; module_alignment=&#8220;center&#8220; make_fullwidth=&#8220;on&#8220;][et_pb_column type=&#8220;4_4&#8243; _builder_version=&#8220;3.25&#8243; custom_padding=&#8220;|||&#8220; custom_padding__hover=&#8220;|||&#8220;][et_pb_text _builder_version=&#8220;4.9.2&#8243; header_text_color=&#8220;#1c5c74&#8243;]<\/p>\n<h1 style=\"text-align: center\">Unsere Werte und Verpflichtungen<\/h1>\n<p>[\/et_pb_text][et_pb_divider color=&#8220;#edf1f0&#8243; _builder_version=&#8220;3.24&#8243; height=&#8220;0px&#8220; custom_margin=&#8220;||25px|&#8220;][\/et_pb_divider][\/et_pb_column][\/et_pb_row][\/et_pb_section][et_pb_section fb_built=&#8220;1&#8243; _builder_version=&#8220;3.24&#8243; module_alignment=&#8220;center&#8220;][et_pb_row _builder_version=&#8220;3.25&#8243; width=&#8220;90%&#8220; module_alignment=&#8220;center&#8220;][et_pb_column type=&#8220;4_4&#8243; _builder_version=&#8220;3.25&#8243; custom_padding=&#8220;|||&#8220; custom_padding__hover=&#8220;|||&#8220;][et_pb_blurb title=&#8220;%22Erfolg ist nur durch Teilen m\u00f6glich. Erfolg hat nur im Teilen einen Sinn.%22&#8243; use_icon=&#8220;on&#8220; font_icon=&#8220;%%90%%&#8220; icon_color=&#8220;#31bcce&#8220; icon_placement=&#8220;left&#8220; content_max_width=&#8220;65%&#8220; content_max_width_tablet=&#8220;75%&#8220; content_max_width_phone=&#8220;90%&#8220; content_max_width_last_edited=&#8220;on|phone&#8220; _builder_version=&#8220;4.9.2&#8243; header_font=&#8220;||on||||||&#8220; header_text_color=&#8220;#31bcce&#8220; header_font_size=&#8220;30px&#8220; header_line_height=&#8220;1.2em&#8220;][\/et_pb_blurb][et_pb_text _builder_version=&#8220;4.9.2&#8243; header_font=&#8220;||||||||&#8220; header_2_font=&#8220;||on||||||&#8220; header_2_text_align=&#8220;center&#8220; header_2_text_color=&#8220;#31bcce&#8220; header_2_line_height=&#8220;1.3em&#8220; hover_enabled=&#8220;0&#8243; sticky_enabled=&#8220;0&#8243;]<\/p>\n<p style=\"text-align: justify\">Bernhardt ist ein 1956 gegr\u00fcndetes Familienunternehmen. Seit mehr als 60 Jahren verpflichten wir uns gegen\u00fcber unseren Mitarbeitern, unseren Kunden und unseren Aktion\u00e4ren zu einem verantwortungsvollen Verhalten. Unsere Entwicklung zeichnet sich daher durch den Vorschlag innovativer L\u00f6sungen aus, die den Schutz der in unseren Verpackungen verpackten Produkte gew\u00e4hrleisten. Ebenso garantieren wir die Qualit\u00e4t und Effizienz unserer Maschinen und Verpackungslinien Unser Ziel ist es daher, diesen Weg fortzusetzen, indem wir die Exzellenz unserer Mitarbeiter f\u00f6rdern, das Vertrauen unserer Kunden respektieren und unsere Umweltbelastung minimieren.<\/p>\n<p style=\"text-align: justify\">[\/et_pb_text][\/et_pb_column][\/et_pb_row][\/et_pb_section][et_pb_section fb_built=&#8220;1&#8243; specialty=&#8220;on&#8220; _builder_version=&#8220;3.24&#8243; module_alignment=&#8220;center&#8220; inner_width=&#8220;90%&#8220; inner_module_alignment=&#8220;center&#8220; custom_padding=&#8220;||30px|||&#8220;][et_pb_column type=&#8220;1_2&#8243; _builder_version=&#8220;3.25&#8243; custom_padding=&#8220;|||&#8220; custom_padding__hover=&#8220;|||&#8220;][et_pb_text _builder_version=&#8220;4.9.2&#8243; header_font=&#8220;||||||||&#8220; header_text_color=&#8220;#31bcce&#8220; header_2_font=&#8220;||||||||&#8220; header_2_text_color=&#8220;#1c5c74&#8243; header_2_font_size=&#8220;24px&#8220; header_2_line_height=&#8220;1.3em&#8220; header_3_font=&#8220;|||on|||||&#8220; header_3_text_color=&#8220;#31bcce&#8220; header_3_line_height=&#8220;1.3em&#8220; custom_margin=&#8220;|||4%&#8220; hover_enabled=&#8220;0&#8243; sticky_enabled=&#8220;0&#8243;]<\/p>\n<h2>T\u00e4glich stellen wir folgende Werte und Verpflichtungen in den Mittelpunkt unseres Handelns:<\/h2>\n<p>&nbsp;<\/p>\n<h3>RESPEKT UND VERANTWORTUNG:<\/h3>\n<p style=\"text-align: justify\">BERNHARDT wird von einer langfristigen Vision angetrieben, die auf eine langfristige, nachhaltige und verantwortungsvolle Entwicklung ausgerichtet ist. All dies unter Respektierung unserer Mitarbeiter und unserer Umwelt.<\/p>\n<h3>KUNDENZUFRIEDENHEIT:<\/h3>\n<p style=\"text-align: justify\">Ein zufriedener Kunde ist ein Kunde, mit dem wir eine langfristige Beziehung aufbauen, die auf gegenseitigem Vertrauen basiert. Wir teilen mit unseren Kunden die F\u00e4higkeiten aus unserer sechzigj\u00e4hrigen Erfahrung. Selbstverst\u00e4ndlich passen wir uns auch ihren Fragestellungen an, indem wir ihnen so schnell wie m\u00f6glich innovative L\u00f6sungen anbieten.<\/p>\n<h3><strong>UNTERNEHMERSCHAFT: <\/strong><\/h3>\n<p style=\"text-align: justify\">Als Synonym f\u00fcr Eigenst\u00e4ndigkeit, Herausforderung und Abenteuer nimmt der Unternehmergeist bei BERNHARDT einen hohen Stellenwert ein. Er ist ein zentrales Element unserer Organisation, die vor allem auf dem Vertrauen in den Einzelnen und in die Talente des Anderen aufbaut.<\/p>\n<p>[\/et_pb_text][\/et_pb_column][et_pb_column type=&#8220;1_2&#8243; specialty_columns=&#8220;2&#8243; _builder_version=&#8220;3.25&#8243; custom_padding=&#8220;|||&#8220; custom_padding__hover=&#8220;|||&#8220;][et_pb_row_inner _builder_version=&#8220;3.25&#8243; custom_padding=&#8220;||15px|||&#8220;][et_pb_column_inner saved_specialty_column_type=&#8220;1_2&#8243; _builder_version=&#8220;3.25&#8243; custom_padding=&#8220;|||&#8220; custom_padding__hover=&#8220;|||&#8220;][et_pb_image src=&#8220;https:\/\/www.bernhardt.fr\/wp-content\/uploads\/Partage-BERNHARDT.jpg&#8220; align_tablet=&#8220;center&#8220; align_phone=&#8220;&#8220; align_last_edited=&#8220;on|desktop&#8220; _builder_version=&#8220;3.24&#8243; width_tablet=&#8220;&#8220; width_phone=&#8220;&#8220; width_last_edited=&#8220;on|desktop&#8220; max_width_tablet=&#8220;100%&#8220; max_width_phone=&#8220;&#8220; max_width_last_edited=&#8220;on|desktop&#8220; module_alignment=&#8220;center&#8220; custom_margin=&#8220;|5%||5%&#8220;][\/et_pb_image][\/et_pb_column_inner][\/et_pb_row_inner][et_pb_row_inner column_structure=&#8220;1_2,1_2&#8243; _builder_version=&#8220;3.25&#8243; custom_padding=&#8220;12px||16px|||&#8220;][et_pb_column_inner type=&#8220;1_2&#8243; saved_specialty_column_type=&#8220;1_2&#8243; _builder_version=&#8220;3.25&#8243; custom_padding=&#8220;|||&#8220; custom_padding__hover=&#8220;|||&#8220;][et_pb_image src=&#8220;https:\/\/www.bernhardt.fr\/wp-content\/uploads\/Logo-AFAQ_diaporama.png&#8220; align_tablet=&#8220;center&#8220; align_phone=&#8220;&#8220; align_last_edited=&#8220;on|desktop&#8220; _builder_version=&#8220;3.23&#8243; width=&#8220;99.8%&#8220; min_height=&#8220;247px&#8220; custom_padding=&#8220;||12px|0px||&#8220;][\/et_pb_image][\/et_pb_column_inner][et_pb_column_inner type=&#8220;1_2&#8243; saved_specialty_column_type=&#8220;1_2&#8243; _builder_version=&#8220;3.25&#8243; custom_padding=&#8220;|||&#8220; custom_padding__hover=&#8220;|||&#8220;][et_pb_image src=&#8220;https:\/\/www.bernhardt.fr\/wp-content\/uploads\/Afaq_14001-v2-1.png&#8220; align_tablet=&#8220;center&#8220; align_phone=&#8220;&#8220; align_last_edited=&#8220;on|desktop&#8220; _builder_version=&#8220;3.24&#8243; width=&#8220;84.4%&#8220; max_width=&#8220;100%&#8220; min_height=&#8220;240px&#8220; height=&#8220;100px&#8220; max_height=&#8220;604px&#8220; custom_margin=&#8220;1px||7px|||&#8220; custom_padding=&#8220;0px||5px|0px||&#8220;][\/et_pb_image][\/et_pb_column_inner][\/et_pb_row_inner][\/et_pb_column][\/et_pb_section]<\/p>\n","protected":false},"excerpt":{"rendered":"<p>Unsere Werte und VerpflichtungenBernhardt ist ein 1956 gegr\u00fcndetes Familienunternehmen. Seit mehr als 60 Jahren verpflichten wir uns gegen\u00fcber unseren Mitarbeitern, unseren Kunden und unseren Aktion\u00e4ren zu einem verantwortungsvollen Verhalten. Unsere Entwicklung zeichnet sich daher durch den Vorschlag innovativer L\u00f6sungen aus, die den Schutz der in unseren Verpackungen verpackten Produkte gew\u00e4hrleisten. Ebenso garantieren wir die Qualit\u00e4t [&hellip;]<\/p>\n","protected":false},"author":2,"featured_media":0,"parent":0,"menu_order":3,"comment_status":"closed","ping_status":"closed","template":"","meta":{"_acf_changed":false,"_et_pb_use_builder":"on","_et_pb_old_content":"","_et_gb_content_width":"","footnotes":""},"class_list":["post-14485","page","type-page","status-publish","hentry"],"acf":[],"yoast_head":"<!-- This site is optimized with the Yoast SEO plugin v27.5 - https:\/\/yoast.com\/product\/yoast-seo-wordpress\/ -->\n<title>BERNHARDT Packaging &amp; Process - Unsere Werte und Verpflichtungen<\/title>\n<meta name=\"description\" content=\"Valeurs et engagements : BERNHARDT est engag\u00e9 dans une d\u00e9marche Qualit\u00e9 S\u00e9curit\u00e9 Environnement afin d\u2019obtenir la certification ISO 9001 et IS 14001.\" \/>\n<meta name=\"robots\" content=\"index, follow, max-snippet:-1, max-image-preview:large, max-video-preview:-1\" \/>\n<link rel=\"canonical\" href=\"https:\/\/www.bernhardt.fr\/de\/unsere-werte-und-verpflichtungen\/\" \/>\n<meta property=\"og:locale\" content=\"de_DE\" \/>\n<meta property=\"og:type\" content=\"article\" \/>\n<meta property=\"og:title\" content=\"BERNHARDT Packaging &amp; Process - Unsere Werte und Verpflichtungen\" \/>\n<meta property=\"og:description\" content=\"Valeurs et engagements : BERNHARDT est engag\u00e9 dans une d\u00e9marche Qualit\u00e9 S\u00e9curit\u00e9 Environnement afin d\u2019obtenir la certification ISO 9001 et IS 14001.\" \/>\n<meta property=\"og:url\" content=\"https:\/\/www.bernhardt.fr\/de\/unsere-werte-und-verpflichtungen\/\" \/>\n<meta property=\"og:site_name\" content=\"BERNHARDT Packaging &amp; Process\" \/>\n<meta property=\"article:modified_time\" content=\"2021-07-27T08:55:35+00:00\" \/>\n<meta name=\"twitter:card\" content=\"summary_large_image\" \/>\n<meta name=\"twitter:site\" content=\"@BERNHARDTPack\" \/>\n<meta name=\"twitter:label1\" content=\"Gesch\u00e4tzte Lesezeit\" \/>\n\t<meta name=\"twitter:data1\" content=\"4\u00a0Minuten\" \/>\n<script type=\"application\/ld+json\" class=\"yoast-schema-graph\">{\"@context\":\"https:\\\/\\\/schema.org\",\"@graph\":[{\"@type\":\"WebPage\",\"@id\":\"https:\\\/\\\/www.bernhardt.fr\\\/de\\\/unsere-werte-und-verpflichtungen\\\/\",\"url\":\"https:\\\/\\\/www.bernhardt.fr\\\/de\\\/unsere-werte-und-verpflichtungen\\\/\",\"name\":\"BERNHARDT Packaging &amp; Process - Unsere Werte und Verpflichtungen\",\"isPartOf\":{\"@id\":\"https:\\\/\\\/www.bernhardt.fr\\\/#website\"},\"datePublished\":\"2018-03-30T12:40:20+00:00\",\"dateModified\":\"2021-07-27T08:55:35+00:00\",\"description\":\"Valeurs et engagements : BERNHARDT est engag\u00e9 dans une d\u00e9marche Qualit\u00e9 S\u00e9curit\u00e9 Environnement afin d\u2019obtenir la certification ISO 9001 et IS 14001.\",\"breadcrumb\":{\"@id\":\"https:\\\/\\\/www.bernhardt.fr\\\/de\\\/unsere-werte-und-verpflichtungen\\\/#breadcrumb\"},\"inLanguage\":\"de\",\"potentialAction\":[{\"@type\":\"ReadAction\",\"target\":[\"https:\\\/\\\/www.bernhardt.fr\\\/de\\\/unsere-werte-und-verpflichtungen\\\/\"]}]},{\"@type\":\"BreadcrumbList\",\"@id\":\"https:\\\/\\\/www.bernhardt.fr\\\/de\\\/unsere-werte-und-verpflichtungen\\\/#breadcrumb\",\"itemListElement\":[{\"@type\":\"ListItem\",\"position\":1,\"name\":\"Accueil\",\"item\":\"https:\\\/\\\/www.bernhardt.fr\\\/\"},{\"@type\":\"ListItem\",\"position\":2,\"name\":\"Unsere Werte und Verpflichtungen\"}]},{\"@type\":\"WebSite\",\"@id\":\"https:\\\/\\\/www.bernhardt.fr\\\/#website\",\"url\":\"https:\\\/\\\/www.bernhardt.fr\\\/\",\"name\":\"BERNHARDT Packaging &amp; Process\",\"description\":\"fabricant fran\u00e7ais d\u2019emballages souples et de machines de conditionnement\",\"potentialAction\":[{\"@type\":\"SearchAction\",\"target\":{\"@type\":\"EntryPoint\",\"urlTemplate\":\"https:\\\/\\\/www.bernhardt.fr\\\/?s={search_term_string}\"},\"query-input\":{\"@type\":\"PropertyValueSpecification\",\"valueRequired\":true,\"valueName\":\"search_term_string\"}}],\"inLanguage\":\"de\"}]}<\/script>\n<!-- \/ Yoast SEO plugin. -->","yoast_head_json":{"title":"BERNHARDT Packaging &amp; Process - Unsere Werte und Verpflichtungen","description":"Valeurs et engagements : BERNHARDT est engag\u00e9 dans une d\u00e9marche Qualit\u00e9 S\u00e9curit\u00e9 Environnement afin d\u2019obtenir la certification ISO 9001 et IS 14001.","robots":{"index":"index","follow":"follow","max-snippet":"max-snippet:-1","max-image-preview":"max-image-preview:large","max-video-preview":"max-video-preview:-1"},"canonical":"https:\/\/www.bernhardt.fr\/de\/unsere-werte-und-verpflichtungen\/","og_locale":"de_DE","og_type":"article","og_title":"BERNHARDT Packaging &amp; Process - Unsere Werte und Verpflichtungen","og_description":"Valeurs et engagements : BERNHARDT est engag\u00e9 dans une d\u00e9marche Qualit\u00e9 S\u00e9curit\u00e9 Environnement afin d\u2019obtenir la certification ISO 9001 et IS 14001.","og_url":"https:\/\/www.bernhardt.fr\/de\/unsere-werte-und-verpflichtungen\/","og_site_name":"BERNHARDT Packaging &amp; Process","article_modified_time":"2021-07-27T08:55:35+00:00","twitter_card":"summary_large_image","twitter_site":"@BERNHARDTPack","twitter_misc":{"Gesch\u00e4tzte Lesezeit":"4\u00a0Minuten"},"schema":{"@context":"https:\/\/schema.org","@graph":[{"@type":"WebPage","@id":"https:\/\/www.bernhardt.fr\/de\/unsere-werte-und-verpflichtungen\/","url":"https:\/\/www.bernhardt.fr\/de\/unsere-werte-und-verpflichtungen\/","name":"BERNHARDT Packaging &amp; Process - Unsere Werte und Verpflichtungen","isPartOf":{"@id":"https:\/\/www.bernhardt.fr\/#website"},"datePublished":"2018-03-30T12:40:20+00:00","dateModified":"2021-07-27T08:55:35+00:00","description":"Valeurs et engagements : BERNHARDT est engag\u00e9 dans une d\u00e9marche Qualit\u00e9 S\u00e9curit\u00e9 Environnement afin d\u2019obtenir la certification ISO 9001 et IS 14001.","breadcrumb":{"@id":"https:\/\/www.bernhardt.fr\/de\/unsere-werte-und-verpflichtungen\/#breadcrumb"},"inLanguage":"de","potentialAction":[{"@type":"ReadAction","target":["https:\/\/www.bernhardt.fr\/de\/unsere-werte-und-verpflichtungen\/"]}]},{"@type":"BreadcrumbList","@id":"https:\/\/www.bernhardt.fr\/de\/unsere-werte-und-verpflichtungen\/#breadcrumb","itemListElement":[{"@type":"ListItem","position":1,"name":"Accueil","item":"https:\/\/www.bernhardt.fr\/"},{"@type":"ListItem","position":2,"name":"Unsere Werte und Verpflichtungen"}]},{"@type":"WebSite","@id":"https:\/\/www.bernhardt.fr\/#website","url":"https:\/\/www.bernhardt.fr\/","name":"BERNHARDT Packaging &amp; Process","description":"fabricant fran\u00e7ais d\u2019emballages souples et de machines de conditionnement","potentialAction":[{"@type":"SearchAction","target":{"@type":"EntryPoint","urlTemplate":"https:\/\/www.bernhardt.fr\/?s={search_term_string}"},"query-input":{"@type":"PropertyValueSpecification","valueRequired":true,"valueName":"search_term_string"}}],"inLanguage":"de"}]}},"_links":{"self":[{"href":"https:\/\/www.bernhardt.fr\/de\/wp-json\/wp\/v2\/pages\/14485","targetHints":{"allow":["GET"]}}],"collection":[{"href":"https:\/\/www.bernhardt.fr\/de\/wp-json\/wp\/v2\/pages"}],"about":[{"href":"https:\/\/www.bernhardt.fr\/de\/wp-json\/wp\/v2\/types\/page"}],"author":[{"embeddable":true,"href":"https:\/\/www.bernhardt.fr\/de\/wp-json\/wp\/v2\/users\/2"}],"replies":[{"embeddable":true,"href":"https:\/\/www.bernhardt.fr\/de\/wp-json\/wp\/v2\/comments?post=14485"}],"version-history":[{"count":6,"href":"https:\/\/www.bernhardt.fr\/de\/wp-json\/wp\/v2\/pages\/14485\/revisions"}],"predecessor-version":[{"id":15838,"href":"https:\/\/www.bernhardt.fr\/de\/wp-json\/wp\/v2\/pages\/14485\/revisions\/15838"}],"wp:attachment":[{"href":"https:\/\/www.bernhardt.fr\/de\/wp-json\/wp\/v2\/media?parent=14485"}],"curies":[{"name":"wp","href":"https:\/\/api.w.org\/{rel}","templated":true}]}}